{"id":1239,"date":"2021-07-05T12:52:27","date_gmt":"2021-07-05T12:52:27","guid":{"rendered":"https:\/\/selariarosario.com.br\/atacado\/?page_id=1239"},"modified":"2021-07-05T12:58:56","modified_gmt":"2021-07-05T12:58:56","slug":"politicas-de-venda","status":"publish","type":"page","link":"https:\/\/selariarosario.com.br\/atacado\/politicas-de-venda\/","title":{"rendered":"Pol\u00edticas de Venda"},"content":{"rendered":"\n<p><strong><em>Para garantir a satisfa\u00e7\u00e3o de seus Clientes, a Selaria Ros\u00e1rio Ltda estabeleceu uma Pol\u00edtica de Troca e Devolu\u00e7\u00e3o que respeita integralmente todos os direitos do consumidor.<\/em><\/strong><\/p>\n\n\n\n<p><strong><em>Aqui voc\u00ea encontra todas as informa\u00e7\u00f5es necess\u00e1rias para a realiza\u00e7\u00e3o da troca ou devolu\u00e7\u00e3o de um produto. Abaixo est\u00e3o as situa\u00e7\u00f5es nas quais voc\u00ea pode utilizar a Pol\u00edtica de Troca e Devolu\u00e7\u00e3o:<\/em><\/strong><\/p>\n\n\n\n<p><strong><em>Observa\u00e7\u00f5es Gerais<\/em><\/strong><strong><em>:<\/em><\/strong><strong><em><\/em><\/strong><\/p>\n\n\n\n<p><strong><em>1. A<\/em><\/strong><strong><em> <strong>empresa <\/strong>&nbsp;deixa claro que esta Pol\u00edtica de Troca e Devolu\u00e7\u00e3o tem o objetivo e o compromisso de manter um relacionamento de satisfa\u00e7\u00e3o, conforto e seguran\u00e7a com os clientes.<\/em><\/strong><\/p>\n\n\n\n<p><strong><em>2. \u00c9 importante lembrar que, para realizar uma troca ou devolu\u00e7\u00e3o, o cliente deve, em primeiro lugar, entrar em contato com o SAC atrav\u00e9s do telefone (32) 3353-1306.<\/em><\/strong><\/p>\n\n\n\n<p><strong><em>Devolu\u00e7\u00f5es ou trocas por avarias:<\/em><\/strong><strong><em><\/em><\/strong><\/p>\n\n\n\n<p><strong><em>Se voc\u00ea verificar no ato da entrega que a mercadoria ou a embalagem foi avariada no transporte,recuse a entrega e imediatamente entre em contato conosco.<\/em><\/strong><\/p>\n\n\n\n<p><strong><em>Caso voc\u00ea verifique a avaria ap\u00f3s o recebimento,voc\u00ea ter\u00e1 24 horas para entrar em contato conosco.Fora deste prazo n\u00e3o ser\u00e3o aceitos nenhuma solicita\u00e7\u00e3o.<\/em><\/strong><\/p>\n\n\n\n<p><strong><em>A troca ser\u00e1 efetivada somente ap\u00f3s o recebimento e an\u00e1lise das condi\u00e7\u00f5es do(s) produto(s) devolvido(s).Se forem constatadas quaisquer diverg\u00eancias,como aus\u00eancia de avarias,ind\u00edcios de mau uso ou aus\u00eancia de manual e acess\u00f3rios,nossa empresa ficar\u00e1 isenta de aceitar a devolu\u00e7\u00e3o e fazer a troca,podendo reenviar \u00e0 mercadoria a voc\u00ea sem consulta pr\u00e9via.Para sua maior seguran\u00e7a,verifique se realmente houve avarias da mercadoria durante o transporte.<\/em><\/strong><\/p>\n\n\n\n<p><strong><em>A Selaria Ros\u00e1rio Ltda quem determina a forma de envio,com isso \u00e9 extremamente necess\u00e1rio que voc\u00ea entre em&nbsp; contato conosco antes de fazer a devolu\u00e7\u00e3o.O envio da mercadoria pode ser via Correios ou pode ser feita a retirada do produto pela mesma,sempre no mesmo endere\u00e7o onde foi realizada a entrega.<\/em><\/strong><\/p>\n\n\n\n<p><strong><em>Voc\u00ea envia a mercadoria,descrevendo o motivo da devolu\u00e7\u00e3o.<\/em><\/strong><\/p>\n\n\n\n<p><strong><em>A Selaria Ros\u00e1rio&nbsp; tem o prazo de 30(trinta) dias corridos,a contar da data do recebimento de sua mercadoria em nossa empresa,para resolver a ocorr\u00eancia comunicada por voc\u00ea a mesma.Ap\u00f3s esse prazo,voc\u00ea pode optar por:<\/em><\/strong><\/p>\n\n\n\n<p><strong><em>Troca por outra&nbsp; mercadoria similar,em perfeitas condi\u00e7\u00f5es de uso;<\/em><\/strong><\/p>\n\n\n\n<p><strong><em>Restitui\u00e7\u00e3o do valor pago;<\/em><\/strong><\/p>\n\n\n\n<p><strong><em>Abatimento proporcional ao valor pago na compra de outra mercadoria.<\/em><\/strong><\/p>\n\n\n\n<p><strong><em>Por defeito t\u00e9cnico ou fabrica\u00e7\u00e3o:<\/em><\/strong><\/p>\n\n\n\n<p><strong><em>Se voc\u00ea verificar algum defeito t\u00e9cnico ou de fabrica\u00e7\u00e3o durante o uso,\u00e9 importante lembr\u00e1-lo que antes de realizar a devolu\u00e7\u00e3o,\u00e9 fundamental entrar com o SAC da Selaria Ros\u00e1rio atrav\u00e9s do telefone (32)3353 1306,pois caso n\u00e3o o fa\u00e7a a devolu\u00e7\u00e3o n\u00e3o ser\u00e1 processada,ou seja, a mercadoria ser\u00e1 reenviada ao cliente.<\/em><\/strong><\/p>\n\n\n\n<p><strong><em>Por desacordo com o pedido:<\/em><\/strong><\/p>\n\n\n\n<p><strong><em>Caso receba uma mercadoria diferente do&nbsp; solicitado,voc\u00ea dever\u00e1 entrar em contato com a SAC da Selaria Ros\u00e1rio 32 3353 1306 e poder\u00e1 optar:<\/em><\/strong><\/p>\n\n\n\n<p><strong><em>-Troca da mercadoria(ser\u00e1 enviado o produto correto,conforme o descrito em sua compra).<\/em><\/strong><\/p>\n\n\n\n<p><strong><em>Condi\u00e7\u00f5es Gerais de Devolu\u00e7\u00f5es e Trocas por Desacordo com o pedido<\/em><\/strong><strong><em>:<\/em><\/strong><\/p>\n\n\n\n<p><strong><em>Se voc\u00ea verificar no ato da entrega que a mercadoria \u00e9 divergente do solicitado,recusa-a imediatamente e nos comunique no SAC da Selaria&nbsp; Ros\u00e1rio (32)3353 1306.<\/em><\/strong><\/p>\n\n\n\n<p><strong><em>Caso verifique a diverg\u00eancia ap\u00f3s o recebimento,voc\u00ea ter\u00e1 o prazo de 24 horas para entrar em contato com nosso SAC (32)3353 1306.Fora deste prazo n\u00e3o ser\u00e3o aceitos solicita\u00e7\u00f5es<\/em><\/strong><\/p>\n\n\n\n<p><strong><em>.A troca ou devolu\u00e7\u00e3o ser\u00e3o efetivadas&nbsp; somente ap\u00f3s o recebimento e an\u00e1lise das condi\u00e7\u00f5es do(s) produto(s) devolvido(s).Se forem constatadas quaisquer diverg\u00eancias,como aus\u00eancia de diverg\u00eancia entre produto adquirido e produto entregue,ind\u00edcios de mau uso ou aus\u00eancia de acess\u00f3rio,obrigat\u00f3rio,a Selaria Ros\u00e1rio fica isenta de aceitar a devolu\u00e7\u00e3o e fazer a troca,podendo reenviar a mercadoria a voc\u00ea sem consulta pr\u00e9via.Ent\u00e3o para sua maior seguran\u00e7a,certifique-se no ato da entrega se a mercadoria entregue \u00e9 igual ao produto adquirido.<\/em><\/strong><\/p>\n\n\n\n<p><strong><em>\u00c9 importante que entre em contato com o SAC 32 3353 1306 antes de efetuar a devolu\u00e7\u00e3o,pois somos n\u00f3s que determinaremos a forma de envio.O envio da mesma pode ser via correios ou via transportadora,lembrando que dever\u00e1 ser no mesmo endere\u00e7o onde foi realizada a entrega.<\/em><\/strong><\/p>\n\n\n\n<p><strong><em>Se voc\u00ea optar pela troca,ser\u00e1 enviado o produto correto,conforme descri\u00e7\u00e3o em sua compra.<\/em><\/strong><\/p>\n\n\n\n<p><strong><em>A Selaria Ros\u00e1rio Ltda ter\u00e1 o prazo de 30(trinta)dias corridos,a contar da data do recebimento do produto em nossa empresa, para resolver a ocorr\u00eancia comunicada por voc\u00ea ao nosso SAC(32)3353 1306.<\/em><\/strong><\/p>\n\n\n\n<p><strong><em>Ap\u00f3s esse prazo,voc\u00ea ter\u00e1 as alternativas que se seguem:<\/em><\/strong><\/p>\n\n\n\n<p><strong><em>-Trocar por outro produto similar,em perfeitas condi\u00e7\u00f5es de uso;<\/em><\/strong><\/p>\n\n\n\n<p><strong><em>-Restitui\u00e7\u00e3o do valor pago;<\/em><\/strong><\/p>\n\n\n\n<p><strong><em>-Abatimento proporcional ao valor pago na compra de outra mercadoria.<\/em><\/strong><\/p>\n","protected":false},"excerpt":{"rendered":"<p>Para garantir a satisfa\u00e7\u00e3o de seus Clientes, a Selaria Ros\u00e1rio Ltda estabeleceu uma Pol\u00edtica de Troca e Devolu\u00e7\u00e3o que respeita integralmente todos os direitos do consumidor. Aqui voc\u00ea encontra todas as informa\u00e7\u00f5es necess\u00e1rias para a realiza\u00e7\u00e3o da troca ou devolu\u00e7\u00e3o de um produto. Abaixo est\u00e3o as situa\u00e7\u00f5es nas quais voc\u00ea pode utilizar a Pol\u00edtica de [&hellip;]<\/p>\n","protected":false},"author":1,"featured_media":340,"parent":0,"menu_order":0,"comment_status":"closed","ping_status":"closed","template":"","meta":[],"yoast_head":"<!-- This site is optimized with the Yoast SEO plugin v16.7 - https:\/\/yoast.com\/wordpress\/plugins\/seo\/ -->\n<title>Pol\u00edticas de Venda - Selaria Rosario<\/title>\n<meta name=\"robots\" content=\"index, follow, max-snippet:-1, max-image-preview:large, max-video-preview:-1\" \/>\n<link rel=\"canonical\" href=\"https:\/\/selariarosario.com.br\/atacado\/politicas-de-venda\/\" \/>\n<meta property=\"og:locale\" content=\"pt_BR\" \/>\n<meta property=\"og:type\" content=\"article\" \/>\n<meta property=\"og:title\" content=\"Pol\u00edticas de Venda - Selaria Rosario\" \/>\n<meta property=\"og:description\" content=\"Para garantir a satisfa\u00e7\u00e3o de seus Clientes, a Selaria Ros\u00e1rio Ltda estabeleceu uma Pol\u00edtica de Troca e Devolu\u00e7\u00e3o que respeita integralmente todos os direitos do consumidor. Aqui voc\u00ea encontra todas as informa\u00e7\u00f5es necess\u00e1rias para a realiza\u00e7\u00e3o da troca ou devolu\u00e7\u00e3o de um produto. Abaixo est\u00e3o as situa\u00e7\u00f5es nas quais voc\u00ea pode utilizar a Pol\u00edtica de [&hellip;]\" \/>\n<meta property=\"og:url\" content=\"https:\/\/selariarosario.com.br\/atacado\/politicas-de-venda\/\" \/>\n<meta property=\"og:site_name\" content=\"Selaria Rosario\" \/>\n<meta property=\"article:modified_time\" content=\"2021-07-05T12:58:56+00:00\" \/>\n<meta property=\"og:image\" content=\"https:\/\/selariarosario.com.br\/atacado\/wp-content\/uploads\/2021\/02\/topo-pages-2.jpg\" \/>\n\t<meta property=\"og:image:width\" content=\"1920\" \/>\n\t<meta property=\"og:image:height\" content=\"550\" \/>\n<meta name=\"twitter:card\" content=\"summary_large_image\" \/>\n<meta name=\"twitter:label1\" content=\"Est. tempo de leitura\" \/>\n\t<meta name=\"twitter:data1\" content=\"4 minutos\" \/>\n<script type=\"application\/ld+json\" class=\"yoast-schema-graph\">{\"@context\":\"https:\/\/schema.org\",\"@graph\":[{\"@type\":\"WebSite\",\"@id\":\"https:\/\/selariarosario.com.br\/atacado\/#website\",\"url\":\"https:\/\/selariarosario.com.br\/atacado\/\",\"name\":\"Selaria Rosario\",\"description\":\"\",\"potentialAction\":[{\"@type\":\"SearchAction\",\"target\":{\"@type\":\"EntryPoint\",\"urlTemplate\":\"https:\/\/selariarosario.com.br\/atacado\/?s={search_term_string}\"},\"query-input\":\"required name=search_term_string\"}],\"inLanguage\":\"pt-BR\"},{\"@type\":\"ImageObject\",\"@id\":\"https:\/\/selariarosario.com.br\/atacado\/politicas-de-venda\/#primaryimage\",\"inLanguage\":\"pt-BR\",\"url\":\"https:\/\/selariarosario.com.br\/atacado\/wp-content\/uploads\/2021\/02\/topo-pages-2.jpg\",\"contentUrl\":\"https:\/\/selariarosario.com.br\/atacado\/wp-content\/uploads\/2021\/02\/topo-pages-2.jpg\",\"width\":1920,\"height\":550},{\"@type\":\"WebPage\",\"@id\":\"https:\/\/selariarosario.com.br\/atacado\/politicas-de-venda\/#webpage\",\"url\":\"https:\/\/selariarosario.com.br\/atacado\/politicas-de-venda\/\",\"name\":\"Pol\\u00edticas de Venda - Selaria Rosario\",\"isPartOf\":{\"@id\":\"https:\/\/selariarosario.com.br\/atacado\/#website\"},\"primaryImageOfPage\":{\"@id\":\"https:\/\/selariarosario.com.br\/atacado\/politicas-de-venda\/#primaryimage\"},\"datePublished\":\"2021-07-05T12:52:27+00:00\",\"dateModified\":\"2021-07-05T12:58:56+00:00\",\"breadcrumb\":{\"@id\":\"https:\/\/selariarosario.com.br\/atacado\/politicas-de-venda\/#breadcrumb\"},\"inLanguage\":\"pt-BR\",\"potentialAction\":[{\"@type\":\"ReadAction\",\"target\":[\"https:\/\/selariarosario.com.br\/atacado\/politicas-de-venda\/\"]}]},{\"@type\":\"BreadcrumbList\",\"@id\":\"https:\/\/selariarosario.com.br\/atacado\/politicas-de-venda\/#breadcrumb\",\"itemListElement\":[{\"@type\":\"ListItem\",\"position\":1,\"name\":\"In\\u00edcio\",\"item\":\"https:\/\/selariarosario.com.br\/atacado\/\"},{\"@type\":\"ListItem\",\"position\":2,\"name\":\"Pol\\u00edticas de Venda\"}]}]}<\/script>\n<!-- \/ Yoast SEO plugin. -->","yoast_head_json":{"title":"Pol\u00edticas de Venda - Selaria Rosario","robots":{"index":"index","follow":"follow","max-snippet":"max-snippet:-1","max-image-preview":"max-image-preview:large","max-video-preview":"max-video-preview:-1"},"canonical":"https:\/\/selariarosario.com.br\/atacado\/politicas-de-venda\/","og_locale":"pt_BR","og_type":"article","og_title":"Pol\u00edticas de Venda - Selaria Rosario","og_description":"Para garantir a satisfa\u00e7\u00e3o de seus Clientes, a Selaria Ros\u00e1rio Ltda estabeleceu uma Pol\u00edtica de Troca e Devolu\u00e7\u00e3o que respeita integralmente todos os direitos do consumidor. Aqui voc\u00ea encontra todas as informa\u00e7\u00f5es necess\u00e1rias para a realiza\u00e7\u00e3o da troca ou devolu\u00e7\u00e3o de um produto. Abaixo est\u00e3o as situa\u00e7\u00f5es nas quais voc\u00ea pode utilizar a Pol\u00edtica de [&hellip;]","og_url":"https:\/\/selariarosario.com.br\/atacado\/politicas-de-venda\/","og_site_name":"Selaria Rosario","article_modified_time":"2021-07-05T12:58:56+00:00","og_image":[{"width":1920,"height":550,"url":"https:\/\/selariarosario.com.br\/atacado\/wp-content\/uploads\/2021\/02\/topo-pages-2.jpg","path":"\/home\/rosariosvamp19\/public_html\/atacado\/wp-content\/uploads\/2021\/02\/topo-pages-2.jpg","size":"full","id":340,"alt":"","pixels":1056000,"type":"image\/jpeg"}],"twitter_card":"summary_large_image","twitter_misc":{"Est. tempo de leitura":"4 minutos"},"schema":{"@context":"https:\/\/schema.org","@graph":[{"@type":"WebSite","@id":"https:\/\/selariarosario.com.br\/atacado\/#website","url":"https:\/\/selariarosario.com.br\/atacado\/","name":"Selaria Rosario","description":"","potentialAction":[{"@type":"SearchAction","target":{"@type":"EntryPoint","urlTemplate":"https:\/\/selariarosario.com.br\/atacado\/?s={search_term_string}"},"query-input":"required name=search_term_string"}],"inLanguage":"pt-BR"},{"@type":"ImageObject","@id":"https:\/\/selariarosario.com.br\/atacado\/politicas-de-venda\/#primaryimage","inLanguage":"pt-BR","url":"https:\/\/selariarosario.com.br\/atacado\/wp-content\/uploads\/2021\/02\/topo-pages-2.jpg","contentUrl":"https:\/\/selariarosario.com.br\/atacado\/wp-content\/uploads\/2021\/02\/topo-pages-2.jpg","width":1920,"height":550},{"@type":"WebPage","@id":"https:\/\/selariarosario.com.br\/atacado\/politicas-de-venda\/#webpage","url":"https:\/\/selariarosario.com.br\/atacado\/politicas-de-venda\/","name":"Pol\u00edticas de Venda - Selaria Rosario","isPartOf":{"@id":"https:\/\/selariarosario.com.br\/atacado\/#website"},"primaryImageOfPage":{"@id":"https:\/\/selariarosario.com.br\/atacado\/politicas-de-venda\/#primaryimage"},"datePublished":"2021-07-05T12:52:27+00:00","dateModified":"2021-07-05T12:58:56+00:00","breadcrumb":{"@id":"https:\/\/selariarosario.com.br\/atacado\/politicas-de-venda\/#breadcrumb"},"inLanguage":"pt-BR","potentialAction":[{"@type":"ReadAction","target":["https:\/\/selariarosario.com.br\/atacado\/politicas-de-venda\/"]}]},{"@type":"BreadcrumbList","@id":"https:\/\/selariarosario.com.br\/atacado\/politicas-de-venda\/#breadcrumb","itemListElement":[{"@type":"ListItem","position":1,"name":"In\u00edcio","item":"https:\/\/selariarosario.com.br\/atacado\/"},{"@type":"ListItem","position":2,"name":"Pol\u00edticas de Venda"}]}]}},"_links":{"self":[{"href":"https:\/\/selariarosario.com.br\/atacado\/wp-json\/wp\/v2\/pages\/1239"}],"collection":[{"href":"https:\/\/selariarosario.com.br\/atacado\/wp-json\/wp\/v2\/pages"}],"about":[{"href":"https:\/\/selariarosario.com.br\/atacado\/wp-json\/wp\/v2\/types\/page"}],"author":[{"embeddable":true,"href":"https:\/\/selariarosario.com.br\/atacado\/wp-json\/wp\/v2\/users\/1"}],"replies":[{"embeddable":true,"href":"https:\/\/selariarosario.com.br\/atacado\/wp-json\/wp\/v2\/comments?post=1239"}],"version-history":[{"count":0,"href":"https:\/\/selariarosario.com.br\/atacado\/wp-json\/wp\/v2\/pages\/1239\/revisions"}],"wp:featuredmedia":[{"embeddable":true,"href":"https:\/\/selariarosario.com.br\/atacado\/wp-json\/wp\/v2\/media\/340"}],"wp:attachment":[{"href":"https:\/\/selariarosario.com.br\/atacado\/wp-json\/wp\/v2\/media?parent=1239"}],"curies":[{"name":"wp","href":"https:\/\/api.w.org\/{rel}","templated":true}]}}