{"id":24,"date":"2021-01-21T13:30:57","date_gmt":"2021-01-21T13:30:57","guid":{"rendered":"https:\/\/selariarosario.com.br\/atacado\/?page_id=24"},"modified":"2021-02-05T18:22:51","modified_gmt":"2021-02-05T18:22:51","slug":"localizacao","status":"publish","type":"page","link":"https:\/\/selariarosario.com.br\/atacado\/localizacao\/","title":{"rendered":"Localiza\u00e7\u00e3o"},"content":{"rendered":"\n<p>A Selaria Ros\u00e1rio est\u00e1 localizada no centro de nossa cidade, reconhecida nacionalmente pela excel\u00eancia, agilidade e qualidade na produ\u00e7\u00e3o de artigos para montaria. \u00c9 uma das empresas pioneiras na cidade, situada na Rua: Francisco Maximiniano da Silva ,212 ,Centro ,Dores de Campos-MG, Cep 36213-000<\/p>\n\n\n\n<iframe loading=\"lazy\" src=\"https:\/\/www.google.com\/maps\/embed?pb=!1m18!1m12!1m3!1d3722.070176965911!2d-44.02747908506615!3d-21.10976818595457!2m3!1f0!2f0!3f0!3m2!1i1024!2i768!4f13.1!3m3!1m2!1s0xa194737100174b%3A0xa0052beb66894823!2sR.%20Francisco%20Max%C3%ADmiano%20da%20Silva%2C%20212%2C%20Dores%20de%20Campos%20-%20MG%2C%2036213-000!5e0!3m2!1spt-BR!2sbr!4v1611235797668!5m2!1spt-BR!2sbr\" width=\"100%\" height=\"550\" frameborder=\"0\" style=\"border:0;\" allowfullscreen=\"\" aria-hidden=\"false\" tabindex=\"0\"><\/iframe>\n","protected":false},"excerpt":{"rendered":"<p>A Selaria Ros\u00e1rio est\u00e1 localizada no centro de nossa cidade, reconhecida nacionalmente pela excel\u00eancia, agilidade e qualidade na produ\u00e7\u00e3o de artigos para montaria. \u00c9 uma das empresas pioneiras na cidade, situada na Rua: Francisco Maximiniano da Silva ,212 ,Centro ,Dores de Campos-MG, Cep 36213-000<\/p>\n","protected":false},"author":1,"featured_media":340,"parent":0,"menu_order":0,"comment_status":"closed","ping_status":"closed","template":"","meta":[],"yoast_head":"<!-- This site is optimized with the Yoast SEO plugin v16.7 - https:\/\/yoast.com\/wordpress\/plugins\/seo\/ -->\n<title>Localiza\u00e7\u00e3o - Selaria Rosario<\/title>\n<meta name=\"robots\" content=\"index, follow, max-snippet:-1, max-image-preview:large, max-video-preview:-1\" \/>\n<link rel=\"canonical\" href=\"https:\/\/selariarosario.com.br\/atacado\/localizacao\/\" \/>\n<meta property=\"og:locale\" content=\"pt_BR\" \/>\n<meta property=\"og:type\" content=\"article\" \/>\n<meta property=\"og:title\" content=\"Localiza\u00e7\u00e3o - Selaria Rosario\" \/>\n<meta property=\"og:description\" content=\"A Selaria Ros\u00e1rio est\u00e1 localizada no centro de nossa cidade, reconhecida nacionalmente pela excel\u00eancia, agilidade e qualidade na produ\u00e7\u00e3o de artigos para montaria. \u00c9 uma das empresas pioneiras na cidade, situada na Rua: Francisco Maximiniano da Silva ,212 ,Centro ,Dores de Campos-MG, Cep 36213-000\" \/>\n<meta property=\"og:url\" content=\"https:\/\/selariarosario.com.br\/atacado\/localizacao\/\" \/>\n<meta property=\"og:site_name\" content=\"Selaria Rosario\" \/>\n<meta property=\"article:modified_time\" content=\"2021-02-05T18:22:51+00:00\" \/>\n<meta name=\"twitter:card\" content=\"summary_large_image\" \/>\n<meta name=\"twitter:label1\" content=\"Est. tempo de leitura\" \/>\n\t<meta name=\"twitter:data1\" content=\"1 minuto\" \/>\n<script type=\"application\/ld+json\" class=\"yoast-schema-graph\">{\"@context\":\"https:\/\/schema.org\",\"@graph\":[{\"@type\":\"WebSite\",\"@id\":\"https:\/\/selariarosario.com.br\/atacado\/#website\",\"url\":\"https:\/\/selariarosario.com.br\/atacado\/\",\"name\":\"Selaria Rosario\",\"description\":\"\",\"potentialAction\":[{\"@type\":\"SearchAction\",\"target\":{\"@type\":\"EntryPoint\",\"urlTemplate\":\"https:\/\/selariarosario.com.br\/atacado\/?s={search_term_string}\"},\"query-input\":\"required name=search_term_string\"}],\"inLanguage\":\"pt-BR\"},{\"@type\":\"ImageObject\",\"@id\":\"https:\/\/selariarosario.com.br\/atacado\/localizacao\/#primaryimage\",\"inLanguage\":\"pt-BR\",\"url\":\"https:\/\/selariarosario.com.br\/atacado\/wp-content\/uploads\/2021\/02\/topo-pages-2.jpg\",\"contentUrl\":\"https:\/\/selariarosario.com.br\/atacado\/wp-content\/uploads\/2021\/02\/topo-pages-2.jpg\",\"width\":1920,\"height\":550},{\"@type\":\"WebPage\",\"@id\":\"https:\/\/selariarosario.com.br\/atacado\/localizacao\/#webpage\",\"url\":\"https:\/\/selariarosario.com.br\/atacado\/localizacao\/\",\"name\":\"Localiza\\u00e7\\u00e3o - Selaria Rosario\",\"isPartOf\":{\"@id\":\"https:\/\/selariarosario.com.br\/atacado\/#website\"},\"primaryImageOfPage\":{\"@id\":\"https:\/\/selariarosario.com.br\/atacado\/localizacao\/#primaryimage\"},\"datePublished\":\"2021-01-21T13:30:57+00:00\",\"dateModified\":\"2021-02-05T18:22:51+00:00\",\"breadcrumb\":{\"@id\":\"https:\/\/selariarosario.com.br\/atacado\/localizacao\/#breadcrumb\"},\"inLanguage\":\"pt-BR\",\"potentialAction\":[{\"@type\":\"ReadAction\",\"target\":[\"https:\/\/selariarosario.com.br\/atacado\/localizacao\/\"]}]},{\"@type\":\"BreadcrumbList\",\"@id\":\"https:\/\/selariarosario.com.br\/atacado\/localizacao\/#breadcrumb\",\"itemListElement\":[{\"@type\":\"ListItem\",\"position\":1,\"name\":\"In\\u00edcio\",\"item\":\"https:\/\/selariarosario.com.br\/atacado\/\"},{\"@type\":\"ListItem\",\"position\":2,\"name\":\"Localiza\\u00e7\\u00e3o\"}]}]}<\/script>\n<!-- \/ Yoast SEO plugin. -->","yoast_head_json":{"title":"Localiza\u00e7\u00e3o - Selaria Rosario","robots":{"index":"index","follow":"follow","max-snippet":"max-snippet:-1","max-image-preview":"max-image-preview:large","max-video-preview":"max-video-preview:-1"},"canonical":"https:\/\/selariarosario.com.br\/atacado\/localizacao\/","og_locale":"pt_BR","og_type":"article","og_title":"Localiza\u00e7\u00e3o - Selaria Rosario","og_description":"A Selaria Ros\u00e1rio est\u00e1 localizada no centro de nossa cidade, reconhecida nacionalmente pela excel\u00eancia, agilidade e qualidade na produ\u00e7\u00e3o de artigos para montaria. \u00c9 uma das empresas pioneiras na cidade, situada na Rua: Francisco Maximiniano da Silva ,212 ,Centro ,Dores de Campos-MG, Cep 36213-000","og_url":"https:\/\/selariarosario.com.br\/atacado\/localizacao\/","og_site_name":"Selaria Rosario","article_modified_time":"2021-02-05T18:22:51+00:00","twitter_card":"summary_large_image","twitter_misc":{"Est. tempo de leitura":"1 minuto"},"schema":{"@context":"https:\/\/schema.org","@graph":[{"@type":"WebSite","@id":"https:\/\/selariarosario.com.br\/atacado\/#website","url":"https:\/\/selariarosario.com.br\/atacado\/","name":"Selaria Rosario","description":"","potentialAction":[{"@type":"SearchAction","target":{"@type":"EntryPoint","urlTemplate":"https:\/\/selariarosario.com.br\/atacado\/?s={search_term_string}"},"query-input":"required name=search_term_string"}],"inLanguage":"pt-BR"},{"@type":"ImageObject","@id":"https:\/\/selariarosario.com.br\/atacado\/localizacao\/#primaryimage","inLanguage":"pt-BR","url":"https:\/\/selariarosario.com.br\/atacado\/wp-content\/uploads\/2021\/02\/topo-pages-2.jpg","contentUrl":"https:\/\/selariarosario.com.br\/atacado\/wp-content\/uploads\/2021\/02\/topo-pages-2.jpg","width":1920,"height":550},{"@type":"WebPage","@id":"https:\/\/selariarosario.com.br\/atacado\/localizacao\/#webpage","url":"https:\/\/selariarosario.com.br\/atacado\/localizacao\/","name":"Localiza\u00e7\u00e3o - Selaria Rosario","isPartOf":{"@id":"https:\/\/selariarosario.com.br\/atacado\/#website"},"primaryImageOfPage":{"@id":"https:\/\/selariarosario.com.br\/atacado\/localizacao\/#primaryimage"},"datePublished":"2021-01-21T13:30:57+00:00","dateModified":"2021-02-05T18:22:51+00:00","breadcrumb":{"@id":"https:\/\/selariarosario.com.br\/atacado\/localizacao\/#breadcrumb"},"inLanguage":"pt-BR","potentialAction":[{"@type":"ReadAction","target":["https:\/\/selariarosario.com.br\/atacado\/localizacao\/"]}]},{"@type":"BreadcrumbList","@id":"https:\/\/selariarosario.com.br\/atacado\/localizacao\/#breadcrumb","itemListElement":[{"@type":"ListItem","position":1,"name":"In\u00edcio","item":"https:\/\/selariarosario.com.br\/atacado\/"},{"@type":"ListItem","position":2,"name":"Localiza\u00e7\u00e3o"}]}]}},"_links":{"self":[{"href":"https:\/\/selariarosario.com.br\/atacado\/wp-json\/wp\/v2\/pages\/24"}],"collection":[{"href":"https:\/\/selariarosario.com.br\/atacado\/wp-json\/wp\/v2\/pages"}],"about":[{"href":"https:\/\/selariarosario.com.br\/atacado\/wp-json\/wp\/v2\/types\/page"}],"author":[{"embeddable":true,"href":"https:\/\/selariarosario.com.br\/atacado\/wp-json\/wp\/v2\/users\/1"}],"replies":[{"embeddable":true,"href":"https:\/\/selariarosario.com.br\/atacado\/wp-json\/wp\/v2\/comments?post=24"}],"version-history":[{"count":0,"href":"https:\/\/selariarosario.com.br\/atacado\/wp-json\/wp\/v2\/pages\/24\/revisions"}],"wp:featuredmedia":[{"embeddable":true,"href":"https:\/\/selariarosario.com.br\/atacado\/wp-json\/wp\/v2\/media\/340"}],"wp:attachment":[{"href":"https:\/\/selariarosario.com.br\/atacado\/wp-json\/wp\/v2\/media?parent=24"}],"curies":[{"name":"wp","href":"https:\/\/api.w.org\/{rel}","templated":true}]}}