{"id":1874,"date":"2024-01-18T12:04:35","date_gmt":"2024-01-18T15:04:35","guid":{"rendered":"https:\/\/selariarosario.com.br\/atacado\/?post_type=product&#038;p=1874"},"modified":"2024-01-18T12:04:39","modified_gmt":"2024-01-18T15:04:39","slug":"cabecada-2-medalhas-na-testeira-n064-sr-2","status":"publish","type":"product","link":"https:\/\/selariarosario.com.br\/atacado\/produto\/cabecada-2-medalhas-na-testeira-n064-sr-2\/","title":{"rendered":"Cabe\u00e7ada 2 medalhas na testeira N064 SR"},"content":{"rendered":"<div class=\"line\">\n<p class=\"title big\"><strong>Cabe\u00e7ada 2 medalhas N-SR<\/strong><\/p>\n<div class=\"line\">\n<div>\n<div class=\"paddingbox\">\n<div><strong>Cabe\u00e7ada 2 medalhas N-SR confeccionada em leg\u00edtimo couro de b\u00fafalo tratado, proporcionando maior resist\u00eancia do couro e aumento da vida \u00fatil do produto. Com\u00a0 fivelas zamac de alta qualidade. Testeira com apliques duas medalhas ca\u00eddas na testeira. Possui uma regulagem lateral. Afogador com regulagem. Biqueiras em couro. Produto com fino acabamento, pr\u00e1tico, resistente, bonito e de f\u00e1cil fixa\u00e7\u00e3o no animal, podendo ser utilizado em quase todas as ra\u00e7as, pois possui regulagem.<\/strong><\/div>\n<\/div>\n<div class=\"line\">\n<div>\n<div class=\"line\">\n<div><\/div>\n<div>\n<div>\n<div class=\"line\">\n<div>\n<p>Quando voc\u00ea comprar uma nova cabe\u00e7ada o melhor \u00e9 ter sempre alguns furos extras para ser capaz de ajustar .<\/p>\n<div>\n<div class=\"dnXCYb\" tabindex=\"0\" role=\"button\" aria-controls=\"_OzYTZbDFKo_J1sQP1_qhCA_50\" aria-expanded=\"true\" data-hveid=\"CDwQAQ\">\n<div class=\"JlqpRe\">\n<p><span class=\"JCzEY ZwRhJd\"><span class=\"CSkcDe\">Qual a fun\u00e7\u00e3o da cabe\u00e7ada\u00a0 no cavalo?<\/span><\/span><\/p>\n<p><span style=\"font-size: 16px;\">As cabe\u00e7adas <\/span><b style=\"font-size: 16px;\">s\u00e3o os suportes colocados nos cavalos e controlam a embocadura e s\u00e3o essenciais durante a montaria para ter controle sobre o animal<\/b><span style=\"font-size: 16px;\">. Juntamente com as embocaduras formam um conjunto seguro sem dano para o animal.<\/span><\/p>\n<\/div>\n<div data-ved=\"2ahUKEwjwzqGyhsmBAxWPpJUCHVd9CAEQuk56BAg8EAI\">\u00c9 importante ressaltar que o uso adequado da cabe\u00e7ada \u00e9 fundamental para garantir o bem-estar do cavalo. \u00c9 necess\u00e1rio ajust\u00e1-la corretamente para evitar desconforto, les\u00f5es ou machucados. Al\u00e9m disso, a cabe\u00e7ada n\u00e3o deve ser uma como forma de puni\u00e7\u00e3o, mas como um instrumento de comunica\u00e7\u00e3o e controle suave e respeitoso. Em resumo, a cabe\u00e7ada para cavalo \u00e9 um equipamento fundamental no manejo e treinamento de cavalos, proporcionando controle e seguran\u00e7a durante as atividades equestres. \u00c9 essencial escolher o modelo ideal para cada finalidade, sempre considerando o bem-estar e conforto do animal.<\/div>\n<div data-ved=\"2ahUKEwjwzqGyhsmBAxWPpJUCHVd9CAEQuk56BAg8EAI\"><strong>Op\u00e7\u00f5es de cores conforme abaixo:<\/strong><\/div>\n<\/div>\n<\/div>\n<\/div>\n<div><strong>preta, marrom, caf\u00e9 e havana e natural<\/strong><\/div>\n<\/div>\n<\/div>\n<\/div>\n<\/div>\n<\/div>\n<div>\n<div>\n<div class=\"line\">\n<div>\n<div>\n<div class=\"dnXCYb\" tabindex=\"0\" role=\"button\" aria-controls=\"_OzYTZbDFKo_J1sQP1_qhCA_50\" aria-expanded=\"true\" data-hveid=\"CDwQAQ\">\n<div class=\"JlqpRe\"><\/div>\n<\/div>\n<\/div>\n<\/div>\n<\/div>\n<\/div>\n<\/div>\n<\/div>\n<\/div>\n<\/div>\n<\/div>\n<div class=\"paddingbox\"><\/div>\n<div><\/div>\n","protected":false},"excerpt":{"rendered":"<div class=\"line\">\n<h3 class=\"title big\"><strong>DESCRI\u00c7\u00c3O<\/strong><\/h3>\n<\/div>\n<div class=\"paddingbox\">\n<div><strong>Cabe\u00e7ada Selaria Ros\u00e1rio, confeccionada em leg\u00edtimo couro de b\u00fafalo tratado, proporcionando maior resist\u00eancia do couro e aumento da vida \u00fatil do produto. Com\u00a0 fivelas zamac de alta qualidade. Testeira com apliques duas medalhas ca\u00eddas na testeira. Possui uma regulagem lateral. Afogador com regulagem. Biqueiras em couro. Produto com fino acabamento, pr\u00e1tico, resistente, bonito e de f\u00e1cil fixa\u00e7\u00e3o no animal, podendo ser utilizado em quase todas as ra\u00e7as, pois possui regulagem.<\/strong><\/div>\n<\/div>\n<div><\/div>\n<div><\/div>\n<div><strong>Op\u00e7\u00f5es de cores:preta,marrom,caf\u00e9 e havana<\/strong><\/div>\n","protected":false},"featured_media":1481,"template":"","meta":[],"product_cat":[35,53,51],"product_tag":[],"yoast_head":"<!-- This site is optimized with the Yoast SEO plugin v16.7 - https:\/\/yoast.com\/wordpress\/plugins\/seo\/ -->\n<title>Cabe\u00e7ada 2 medalhas N-SR<\/title>\n<meta name=\"description\" content=\"Cabe\u00e7ada 2 medalhas N-SR \u00e9 o suporte colocado no cavalo e controla a embocadura e \u00e9 essencial durante a montaria para ter controle sobre o animal.\" \/>\n<meta name=\"robots\" content=\"index, follow, max-snippet:-1, max-image-preview:large, max-video-preview:-1\" \/>\n<link rel=\"canonical\" href=\"https:\/\/selariarosario.com.br\/atacado\/produto\/cabecada-2-medalhas-na-testeira-n064-sr-2\/\" \/>\n<meta property=\"og:locale\" content=\"pt_BR\" \/>\n<meta property=\"og:type\" content=\"article\" \/>\n<meta property=\"og:title\" content=\"Cabe\u00e7ada 2 medalhas N-SR\" \/>\n<meta property=\"og:description\" content=\"Cabe\u00e7ada 2 medalhas N-SR \u00e9 o suporte colocado no cavalo e controla a embocadura e \u00e9 essencial durante a montaria para ter controle sobre o animal.\" \/>\n<meta property=\"og:url\" content=\"https:\/\/selariarosario.com.br\/atacado\/produto\/cabecada-2-medalhas-na-testeira-n064-sr-2\/\" \/>\n<meta property=\"og:site_name\" content=\"Selaria Rosario\" \/>\n<meta property=\"article:modified_time\" content=\"2024-01-18T15:04:39+00:00\" \/>\n<meta name=\"twitter:card\" content=\"summary_large_image\" \/>\n<meta name=\"twitter:label1\" content=\"Est. tempo de leitura\" \/>\n\t<meta name=\"twitter:data1\" content=\"2 minutos\" \/>\n<script type=\"application\/ld+json\" class=\"yoast-schema-graph\">{\"@context\":\"https:\/\/schema.org\",\"@graph\":[{\"@type\":\"WebSite\",\"@id\":\"https:\/\/selariarosario.com.br\/atacado\/#website\",\"url\":\"https:\/\/selariarosario.com.br\/atacado\/\",\"name\":\"Selaria Rosario\",\"description\":\"\",\"potentialAction\":[{\"@type\":\"SearchAction\",\"target\":{\"@type\":\"EntryPoint\",\"urlTemplate\":\"https:\/\/selariarosario.com.br\/atacado\/?s={search_term_string}\"},\"query-input\":\"required name=search_term_string\"}],\"inLanguage\":\"pt-BR\"},{\"@type\":\"ImageObject\",\"@id\":\"https:\/\/selariarosario.com.br\/atacado\/produto\/cabecada-2-medalhas-na-testeira-n064-sr-2\/#primaryimage\",\"inLanguage\":\"pt-BR\",\"url\":\"https:\/\/selariarosario.com.br\/atacado\/wp-content\/uploads\/2024\/01\/CABECADA-064-N.jpg\",\"contentUrl\":\"https:\/\/selariarosario.com.br\/atacado\/wp-content\/uploads\/2024\/01\/CABECADA-064-N.jpg\",\"width\":1200,\"height\":1200},{\"@type\":\"WebPage\",\"@id\":\"https:\/\/selariarosario.com.br\/atacado\/produto\/cabecada-2-medalhas-na-testeira-n064-sr-2\/#webpage\",\"url\":\"https:\/\/selariarosario.com.br\/atacado\/produto\/cabecada-2-medalhas-na-testeira-n064-sr-2\/\",\"name\":\"Cabe\\u00e7ada 2 medalhas N-SR\",\"isPartOf\":{\"@id\":\"https:\/\/selariarosario.com.br\/atacado\/#website\"},\"primaryImageOfPage\":{\"@id\":\"https:\/\/selariarosario.com.br\/atacado\/produto\/cabecada-2-medalhas-na-testeira-n064-sr-2\/#primaryimage\"},\"datePublished\":\"2024-01-18T15:04:35+00:00\",\"dateModified\":\"2024-01-18T15:04:39+00:00\",\"description\":\"Cabe\\u00e7ada 2 medalhas N-SR \\u00e9 o suporte colocado no cavalo e controla a embocadura e \\u00e9 essencial durante a montaria para ter controle sobre o animal.\",\"breadcrumb\":{\"@id\":\"https:\/\/selariarosario.com.br\/atacado\/produto\/cabecada-2-medalhas-na-testeira-n064-sr-2\/#breadcrumb\"},\"inLanguage\":\"pt-BR\",\"potentialAction\":[{\"@type\":\"ReadAction\",\"target\":[\"https:\/\/selariarosario.com.br\/atacado\/produto\/cabecada-2-medalhas-na-testeira-n064-sr-2\/\"]}]},{\"@type\":\"BreadcrumbList\",\"@id\":\"https:\/\/selariarosario.com.br\/atacado\/produto\/cabecada-2-medalhas-na-testeira-n064-sr-2\/#breadcrumb\",\"itemListElement\":[{\"@type\":\"ListItem\",\"position\":1,\"name\":\"In\\u00edcio\",\"item\":\"https:\/\/selariarosario.com.br\/atacado\/\"},{\"@type\":\"ListItem\",\"position\":2,\"name\":\"Produtos\",\"item\":\"https:\/\/selariarosario.com.br\/atacado\/produtos\/\"},{\"@type\":\"ListItem\",\"position\":3,\"name\":\"Cabe\\u00e7ada 2 medalhas na testeira N064 SR\"}]}]}<\/script>\n<!-- \/ Yoast SEO plugin. -->","yoast_head_json":{"title":"Cabe\u00e7ada 2 medalhas N-SR","description":"Cabe\u00e7ada 2 medalhas N-SR \u00e9 o suporte colocado no cavalo e controla a embocadura e \u00e9 essencial durante a montaria para ter controle sobre o animal.","robots":{"index":"index","follow":"follow","max-snippet":"max-snippet:-1","max-image-preview":"max-image-preview:large","max-video-preview":"max-video-preview:-1"},"canonical":"https:\/\/selariarosario.com.br\/atacado\/produto\/cabecada-2-medalhas-na-testeira-n064-sr-2\/","og_locale":"pt_BR","og_type":"article","og_title":"Cabe\u00e7ada 2 medalhas N-SR","og_description":"Cabe\u00e7ada 2 medalhas N-SR \u00e9 o suporte colocado no cavalo e controla a embocadura e \u00e9 essencial durante a montaria para ter controle sobre o animal.","og_url":"https:\/\/selariarosario.com.br\/atacado\/produto\/cabecada-2-medalhas-na-testeira-n064-sr-2\/","og_site_name":"Selaria Rosario","article_modified_time":"2024-01-18T15:04:39+00:00","twitter_card":"summary_large_image","twitter_misc":{"Est. tempo de leitura":"2 minutos"},"schema":{"@context":"https:\/\/schema.org","@graph":[{"@type":"WebSite","@id":"https:\/\/selariarosario.com.br\/atacado\/#website","url":"https:\/\/selariarosario.com.br\/atacado\/","name":"Selaria Rosario","description":"","potentialAction":[{"@type":"SearchAction","target":{"@type":"EntryPoint","urlTemplate":"https:\/\/selariarosario.com.br\/atacado\/?s={search_term_string}"},"query-input":"required name=search_term_string"}],"inLanguage":"pt-BR"},{"@type":"ImageObject","@id":"https:\/\/selariarosario.com.br\/atacado\/produto\/cabecada-2-medalhas-na-testeira-n064-sr-2\/#primaryimage","inLanguage":"pt-BR","url":"https:\/\/selariarosario.com.br\/atacado\/wp-content\/uploads\/2024\/01\/CABECADA-064-N.jpg","contentUrl":"https:\/\/selariarosario.com.br\/atacado\/wp-content\/uploads\/2024\/01\/CABECADA-064-N.jpg","width":1200,"height":1200},{"@type":"WebPage","@id":"https:\/\/selariarosario.com.br\/atacado\/produto\/cabecada-2-medalhas-na-testeira-n064-sr-2\/#webpage","url":"https:\/\/selariarosario.com.br\/atacado\/produto\/cabecada-2-medalhas-na-testeira-n064-sr-2\/","name":"Cabe\u00e7ada 2 medalhas N-SR","isPartOf":{"@id":"https:\/\/selariarosario.com.br\/atacado\/#website"},"primaryImageOfPage":{"@id":"https:\/\/selariarosario.com.br\/atacado\/produto\/cabecada-2-medalhas-na-testeira-n064-sr-2\/#primaryimage"},"datePublished":"2024-01-18T15:04:35+00:00","dateModified":"2024-01-18T15:04:39+00:00","description":"Cabe\u00e7ada 2 medalhas N-SR \u00e9 o suporte colocado no cavalo e controla a embocadura e \u00e9 essencial durante a montaria para ter controle sobre o animal.","breadcrumb":{"@id":"https:\/\/selariarosario.com.br\/atacado\/produto\/cabecada-2-medalhas-na-testeira-n064-sr-2\/#breadcrumb"},"inLanguage":"pt-BR","potentialAction":[{"@type":"ReadAction","target":["https:\/\/selariarosario.com.br\/atacado\/produto\/cabecada-2-medalhas-na-testeira-n064-sr-2\/"]}]},{"@type":"BreadcrumbList","@id":"https:\/\/selariarosario.com.br\/atacado\/produto\/cabecada-2-medalhas-na-testeira-n064-sr-2\/#breadcrumb","itemListElement":[{"@type":"ListItem","position":1,"name":"In\u00edcio","item":"https:\/\/selariarosario.com.br\/atacado\/"},{"@type":"ListItem","position":2,"name":"Produtos","item":"https:\/\/selariarosario.com.br\/atacado\/produtos\/"},{"@type":"ListItem","position":3,"name":"Cabe\u00e7ada 2 medalhas na testeira N064 SR"}]}]}},"_links":{"self":[{"href":"https:\/\/selariarosario.com.br\/atacado\/wp-json\/wp\/v2\/product\/1874"}],"collection":[{"href":"https:\/\/selariarosario.com.br\/atacado\/wp-json\/wp\/v2\/product"}],"about":[{"href":"https:\/\/selariarosario.com.br\/atacado\/wp-json\/wp\/v2\/types\/product"}],"wp:featuredmedia":[{"embeddable":true,"href":"https:\/\/selariarosario.com.br\/atacado\/wp-json\/wp\/v2\/media\/1481"}],"wp:attachment":[{"href":"https:\/\/selariarosario.com.br\/atacado\/wp-json\/wp\/v2\/media?parent=1874"}],"wp:term":[{"taxonomy":"product_cat","embeddable":true,"href":"https:\/\/selariarosario.com.br\/atacado\/wp-json\/wp\/v2\/product_cat?post=1874"},{"taxonomy":"product_tag","embeddable":true,"href":"https:\/\/selariarosario.com.br\/atacado\/wp-json\/wp\/v2\/product_tag?post=1874"}],"curies":[{"name":"wp","href":"https:\/\/api.w.org\/{rel}","templated":true}]}}