{"id":1878,"date":"2024-01-18T12:04:36","date_gmt":"2024-01-18T15:04:36","guid":{"rendered":"https:\/\/selariarosario.com.br\/atacado\/?post_type=product&#038;p=1878"},"modified":"2024-01-18T12:04:40","modified_gmt":"2024-01-18T15:04:40","slug":"cabecada-couro-de-bode-sr-2","status":"publish","type":"product","link":"https:\/\/selariarosario.com.br\/atacado\/produto\/cabecada-couro-de-bode-sr-2\/","title":{"rendered":"Cabe\u00e7ada Couro de bode SR"},"content":{"rendered":"<p><strong>Cabe\u00e7ada de couro bode<\/strong><\/p>\n<div>\n<div class=\"line\">\n<div class=\"paddingbox\"><strong>Cabe\u00e7ada de couro bode \u00a0confeccionada em leg\u00edtimo couro de bode tran\u00e7ado tratado com \u00f3leo de mocot\u00f3, proporcionando maior resist\u00eancia do couro e aumento da vida \u00fatil do produto. Com argolas e fivelas de metal branco de alta qualidade. Possui duas regulagens laterais. Biqueiras em couro. Produto com fino acabamento, pr\u00e1tico, resistente, bonito e de f\u00e1cil fixa\u00e7\u00e3o no animal, podendo ser utilizado em quase todas as ra\u00e7as, pois possui regulagem.<\/strong><\/div>\n<div><\/div>\n<div><\/div>\n<\/div>\n<div>\n<div class=\"line\">\n<h3 class=\"title big\"><b style=\"font-size: 16px;\">\u00a0A <strong>Cabe\u00e7ada <\/strong>serve para o funcionamento de trabalho de press\u00e3o e tamb\u00e9m al\u00edvio ,pois toda<\/b><span style=\"font-size: 16px;\">\u00a0vez que o cavalo faz o que voc\u00ea quer, voc\u00ea alivia a press\u00e3o exercida nele.<\/span><\/h3>\n<\/div>\n<div>\n<p>As cabe\u00e7adas para cavalos <b>servem para segurar a embocadura\u00a0 e tamb\u00e9m as r\u00e9deas do cavalo,\u00a0 para ajudar o cavaleiro a control\u00e1-lo<\/b>. Esta \u00e9 uma cabe\u00e7ada feita de material muito resistente a fim de aguentar a for\u00e7a do animal sem ceder.<\/p>\n<p>Quando voc\u00ea comprar uma nova cabe\u00e7ada o melhor \u00e9 ter sempre alguns furos extras para ser capaz de ajustar .<\/p>\n<div>\n<div class=\"dnXCYb\" tabindex=\"0\" role=\"button\" aria-controls=\"_OzYTZbDFKo_J1sQP1_qhCA_50\" aria-expanded=\"true\" data-hveid=\"CDwQAQ\">\n<div class=\"JlqpRe\"><span class=\"JCzEY ZwRhJd\"><span class=\"CSkcDe\">Qual a fun\u00e7\u00e3o da cabe\u00e7ada no cavalo?<\/span><\/span><\/div>\n<div class=\"L3Ezfd\" data-ved=\"2ahUKEwjwzqGyhsmBAxWPpJUCHVd9CAEQuk56BAg8EAI\">As cabe\u00e7adas <b>s\u00e3o os suportes colocados nos cavalos e controlam a embocadura e s\u00e3o essenciais durante a montaria para ter controle sobre o animal<\/b>. Juntamente com as embocaduras formam um conjunto seguro sem dano para o animal.<\/div>\n<div data-ved=\"2ahUKEwjwzqGyhsmBAxWPpJUCHVd9CAEQuk56BAg8EAI\">\n<p>\u00c9 importante ressaltar que o uso adequado da cabe\u00e7ada \u00e9 fundamental para garantir o bem-estar do cavalo. \u00c9 necess\u00e1rio ajust\u00e1-la corretamente para evitar desconforto, les\u00f5es ou machucados. Al\u00e9m disso, a cabe\u00e7ada n\u00e3o deve ser uma como forma de puni\u00e7\u00e3o, mas como um instrumento de comunica\u00e7\u00e3o e controle suave e respeitoso.<\/p>\n<p>Em resumo, a cabe\u00e7ada para cavalo \u00e9 um equipamento fundamental no manejo e treinamento de cavalos, proporcionando controle e seguran\u00e7a durante as atividades equestres. \u00c9 essencial escolher o modelo adequado para cada finalidade, sempre considerando o bem-estar e conforto do animal.<\/p>\n<\/div>\n<div data-ved=\"2ahUKEwjwzqGyhsmBAxWPpJUCHVd9CAEQuk56BAg8EAI\">OP\u00c7\u00c3O CORES CONFORME ABAIXO:<\/div>\n<div data-ved=\"2ahUKEwjwzqGyhsmBAxWPpJUCHVd9CAEQuk56BAg8EAI\">PRETO, MARROM<\/div>\n<\/div>\n<\/div>\n<\/div>\n<\/div>\n<div><\/div>\n<\/div>\n<div><\/div>\n<div><\/div>\n","protected":false},"excerpt":{"rendered":"<p>Cabe\u00e7ada de couro bode Cabe\u00e7ada de couro bode \u00a0confeccionada em leg\u00edtimo couro de bode tran\u00e7ado tratado com \u00f3leo de mocot\u00f3, proporcionando maior resist\u00eancia do couro e aumento da vida \u00fatil do produto. Com argolas e fivelas de metal branco de alta qualidade. Possui duas regulagens laterais. Biqueiras em couro. Produto com fino acabamento, pr\u00e1tico, resistente, [&hellip;]<\/p>\n","protected":false},"featured_media":1485,"template":"","meta":[],"product_cat":[35,53,51],"product_tag":[],"yoast_head":"<!-- This site is optimized with the Yoast SEO plugin v16.7 - https:\/\/yoast.com\/wordpress\/plugins\/seo\/ -->\n<title>Cabe\u00e7ada de couro bode<\/title>\n<meta name=\"description\" content=\"Cabe\u00e7ada de couro bode serve para segurar a embocadura\u00a0 e tamb\u00e9m as r\u00e9deas do cavalo,\u00a0 para ajudar o cavaleiro a control\u00e1-lo.\" \/>\n<meta name=\"robots\" content=\"index, follow, max-snippet:-1, max-image-preview:large, max-video-preview:-1\" \/>\n<link rel=\"canonical\" href=\"https:\/\/selariarosario.com.br\/atacado\/produto\/cabecada-couro-de-bode-sr-2\/\" \/>\n<meta property=\"og:locale\" content=\"pt_BR\" \/>\n<meta property=\"og:type\" content=\"article\" \/>\n<meta property=\"og:title\" content=\"Cabe\u00e7ada de couro bode\" \/>\n<meta property=\"og:description\" content=\"Cabe\u00e7ada de couro bode serve para segurar a embocadura\u00a0 e tamb\u00e9m as r\u00e9deas do cavalo,\u00a0 para ajudar o cavaleiro a control\u00e1-lo.\" \/>\n<meta property=\"og:url\" content=\"https:\/\/selariarosario.com.br\/atacado\/produto\/cabecada-couro-de-bode-sr-2\/\" \/>\n<meta property=\"og:site_name\" content=\"Selaria Rosario\" \/>\n<meta property=\"article:modified_time\" content=\"2024-01-18T15:04:40+00:00\" \/>\n<meta name=\"twitter:card\" content=\"summary_large_image\" \/>\n<meta name=\"twitter:label1\" content=\"Est. tempo de leitura\" \/>\n\t<meta name=\"twitter:data1\" content=\"2 minutos\" \/>\n<script type=\"application\/ld+json\" class=\"yoast-schema-graph\">{\"@context\":\"https:\/\/schema.org\",\"@graph\":[{\"@type\":\"WebSite\",\"@id\":\"https:\/\/selariarosario.com.br\/atacado\/#website\",\"url\":\"https:\/\/selariarosario.com.br\/atacado\/\",\"name\":\"Selaria Rosario\",\"description\":\"\",\"potentialAction\":[{\"@type\":\"SearchAction\",\"target\":{\"@type\":\"EntryPoint\",\"urlTemplate\":\"https:\/\/selariarosario.com.br\/atacado\/?s={search_term_string}\"},\"query-input\":\"required name=search_term_string\"}],\"inLanguage\":\"pt-BR\"},{\"@type\":\"ImageObject\",\"@id\":\"https:\/\/selariarosario.com.br\/atacado\/produto\/cabecada-couro-de-bode-sr-2\/#primaryimage\",\"inLanguage\":\"pt-BR\",\"url\":\"https:\/\/selariarosario.com.br\/atacado\/wp-content\/uploads\/2024\/01\/CABECADA-DE-COURO-DE-BODE.jpg\",\"contentUrl\":\"https:\/\/selariarosario.com.br\/atacado\/wp-content\/uploads\/2024\/01\/CABECADA-DE-COURO-DE-BODE.jpg\",\"width\":1200,\"height\":1200},{\"@type\":\"WebPage\",\"@id\":\"https:\/\/selariarosario.com.br\/atacado\/produto\/cabecada-couro-de-bode-sr-2\/#webpage\",\"url\":\"https:\/\/selariarosario.com.br\/atacado\/produto\/cabecada-couro-de-bode-sr-2\/\",\"name\":\"Cabe\\u00e7ada de couro bode\",\"isPartOf\":{\"@id\":\"https:\/\/selariarosario.com.br\/atacado\/#website\"},\"primaryImageOfPage\":{\"@id\":\"https:\/\/selariarosario.com.br\/atacado\/produto\/cabecada-couro-de-bode-sr-2\/#primaryimage\"},\"datePublished\":\"2024-01-18T15:04:36+00:00\",\"dateModified\":\"2024-01-18T15:04:40+00:00\",\"description\":\"Cabe\\u00e7ada de couro bode serve para segurar a embocadura\\u00a0 e tamb\\u00e9m as r\\u00e9deas do cavalo,\\u00a0 para ajudar o cavaleiro a control\\u00e1-lo.\",\"breadcrumb\":{\"@id\":\"https:\/\/selariarosario.com.br\/atacado\/produto\/cabecada-couro-de-bode-sr-2\/#breadcrumb\"},\"inLanguage\":\"pt-BR\",\"potentialAction\":[{\"@type\":\"ReadAction\",\"target\":[\"https:\/\/selariarosario.com.br\/atacado\/produto\/cabecada-couro-de-bode-sr-2\/\"]}]},{\"@type\":\"BreadcrumbList\",\"@id\":\"https:\/\/selariarosario.com.br\/atacado\/produto\/cabecada-couro-de-bode-sr-2\/#breadcrumb\",\"itemListElement\":[{\"@type\":\"ListItem\",\"position\":1,\"name\":\"In\\u00edcio\",\"item\":\"https:\/\/selariarosario.com.br\/atacado\/\"},{\"@type\":\"ListItem\",\"position\":2,\"name\":\"Produtos\",\"item\":\"https:\/\/selariarosario.com.br\/atacado\/produtos\/\"},{\"@type\":\"ListItem\",\"position\":3,\"name\":\"Cabe\\u00e7ada Couro de bode SR\"}]}]}<\/script>\n<!-- \/ Yoast SEO plugin. -->","yoast_head_json":{"title":"Cabe\u00e7ada de couro bode","description":"Cabe\u00e7ada de couro bode serve para segurar a embocadura\u00a0 e tamb\u00e9m as r\u00e9deas do cavalo,\u00a0 para ajudar o cavaleiro a control\u00e1-lo.","robots":{"index":"index","follow":"follow","max-snippet":"max-snippet:-1","max-image-preview":"max-image-preview:large","max-video-preview":"max-video-preview:-1"},"canonical":"https:\/\/selariarosario.com.br\/atacado\/produto\/cabecada-couro-de-bode-sr-2\/","og_locale":"pt_BR","og_type":"article","og_title":"Cabe\u00e7ada de couro bode","og_description":"Cabe\u00e7ada de couro bode serve para segurar a embocadura\u00a0 e tamb\u00e9m as r\u00e9deas do cavalo,\u00a0 para ajudar o cavaleiro a control\u00e1-lo.","og_url":"https:\/\/selariarosario.com.br\/atacado\/produto\/cabecada-couro-de-bode-sr-2\/","og_site_name":"Selaria Rosario","article_modified_time":"2024-01-18T15:04:40+00:00","twitter_card":"summary_large_image","twitter_misc":{"Est. tempo de leitura":"2 minutos"},"schema":{"@context":"https:\/\/schema.org","@graph":[{"@type":"WebSite","@id":"https:\/\/selariarosario.com.br\/atacado\/#website","url":"https:\/\/selariarosario.com.br\/atacado\/","name":"Selaria Rosario","description":"","potentialAction":[{"@type":"SearchAction","target":{"@type":"EntryPoint","urlTemplate":"https:\/\/selariarosario.com.br\/atacado\/?s={search_term_string}"},"query-input":"required name=search_term_string"}],"inLanguage":"pt-BR"},{"@type":"ImageObject","@id":"https:\/\/selariarosario.com.br\/atacado\/produto\/cabecada-couro-de-bode-sr-2\/#primaryimage","inLanguage":"pt-BR","url":"https:\/\/selariarosario.com.br\/atacado\/wp-content\/uploads\/2024\/01\/CABECADA-DE-COURO-DE-BODE.jpg","contentUrl":"https:\/\/selariarosario.com.br\/atacado\/wp-content\/uploads\/2024\/01\/CABECADA-DE-COURO-DE-BODE.jpg","width":1200,"height":1200},{"@type":"WebPage","@id":"https:\/\/selariarosario.com.br\/atacado\/produto\/cabecada-couro-de-bode-sr-2\/#webpage","url":"https:\/\/selariarosario.com.br\/atacado\/produto\/cabecada-couro-de-bode-sr-2\/","name":"Cabe\u00e7ada de couro bode","isPartOf":{"@id":"https:\/\/selariarosario.com.br\/atacado\/#website"},"primaryImageOfPage":{"@id":"https:\/\/selariarosario.com.br\/atacado\/produto\/cabecada-couro-de-bode-sr-2\/#primaryimage"},"datePublished":"2024-01-18T15:04:36+00:00","dateModified":"2024-01-18T15:04:40+00:00","description":"Cabe\u00e7ada de couro bode serve para segurar a embocadura\u00a0 e tamb\u00e9m as r\u00e9deas do cavalo,\u00a0 para ajudar o cavaleiro a control\u00e1-lo.","breadcrumb":{"@id":"https:\/\/selariarosario.com.br\/atacado\/produto\/cabecada-couro-de-bode-sr-2\/#breadcrumb"},"inLanguage":"pt-BR","potentialAction":[{"@type":"ReadAction","target":["https:\/\/selariarosario.com.br\/atacado\/produto\/cabecada-couro-de-bode-sr-2\/"]}]},{"@type":"BreadcrumbList","@id":"https:\/\/selariarosario.com.br\/atacado\/produto\/cabecada-couro-de-bode-sr-2\/#breadcrumb","itemListElement":[{"@type":"ListItem","position":1,"name":"In\u00edcio","item":"https:\/\/selariarosario.com.br\/atacado\/"},{"@type":"ListItem","position":2,"name":"Produtos","item":"https:\/\/selariarosario.com.br\/atacado\/produtos\/"},{"@type":"ListItem","position":3,"name":"Cabe\u00e7ada Couro de bode SR"}]}]}},"_links":{"self":[{"href":"https:\/\/selariarosario.com.br\/atacado\/wp-json\/wp\/v2\/product\/1878"}],"collection":[{"href":"https:\/\/selariarosario.com.br\/atacado\/wp-json\/wp\/v2\/product"}],"about":[{"href":"https:\/\/selariarosario.com.br\/atacado\/wp-json\/wp\/v2\/types\/product"}],"wp:featuredmedia":[{"embeddable":true,"href":"https:\/\/selariarosario.com.br\/atacado\/wp-json\/wp\/v2\/media\/1485"}],"wp:attachment":[{"href":"https:\/\/selariarosario.com.br\/atacado\/wp-json\/wp\/v2\/media?parent=1878"}],"wp:term":[{"taxonomy":"product_cat","embeddable":true,"href":"https:\/\/selariarosario.com.br\/atacado\/wp-json\/wp\/v2\/product_cat?post=1878"},{"taxonomy":"product_tag","embeddable":true,"href":"https:\/\/selariarosario.com.br\/atacado\/wp-json\/wp\/v2\/product_tag?post=1878"}],"curies":[{"name":"wp","href":"https:\/\/api.w.org\/{rel}","templated":true}]}}