{"id":1883,"date":"2024-01-18T12:04:36","date_gmt":"2024-01-18T15:04:36","guid":{"rendered":"https:\/\/selariarosario.com.br\/atacado\/?post_type=product&#038;p=1883"},"modified":"2024-01-18T12:04:41","modified_gmt":"2024-01-18T15:04:41","slug":"barrigueira-de-la-baliza-sr-2","status":"publish","type":"product","link":"https:\/\/selariarosario.com.br\/atacado\/produto\/barrigueira-de-la-baliza-sr-2\/","title":{"rendered":"Barrigueira de l\u00e3 Baliza SR"},"content":{"rendered":"<div><strong>Barrigueira Baliza l\u00e3 vermelha\u00a0 <\/strong><\/div>\n<div><\/div>\n<div class=\"paddingbox\"><strong>Barrigueira Baliza l\u00e3 vermelha\u00a0, fabricada artesanalmente em L\u00e3 com argolas de a\u00e7o Inox de alta qualidade que n\u00e3o enferrujam.\u00a0<\/strong><\/div>\n<div><\/div>\n<div>Qual a import\u00e2ncia da barrigueira e da cilha na montaria?<\/div>\n<div><\/div>\n<div>\n<p>A barrigueira e a cilha s\u00e3o partes do equipamento que se usa nas montarias em cavalos, como sela ou arreios. A barrigueira \u00e9 uma correia de couro ou nylon que se prende \u00e0 sela e envolve a barriga do cavalo. Sua principal fun\u00e7\u00e3o \u00e9 garantir que a sela ou arreios permane\u00e7am firmes no corpo do animal durante a montaria, evitando que escorreguem para tr\u00e1s. Al\u00e9m disso, a barrigueira tamb\u00e9m pode ajudar a distribuir melhor o peso do cavaleiro sobre o dorso do cavalo, proporcionando maior conforto para o animal.<\/p>\n<p>J\u00e1 a cilha \u00e9 uma correia que se prende na sela ou arreios e envolve o corpo do cavalo, logo atr\u00e1s dos anteriores. Ela passa por debaixo da barriga do cavalo e se fixa do lado oposto, podendo ser ajustada conforme o tamanho e forma do animal. A cilha tamb\u00e9m tem a fun\u00e7\u00e3o de evitar que a sela ou arreios escorreguem para tr\u00e1s, por\u00e9m, ela tamb\u00e9m auxilia no equil\u00edbrio da sela, ajudando a distribuir o peso do cavaleiro de forma mais equilibrada.<\/p>\n<p>Em resumo, tanto a barrigueira quanto a cilha t\u00eam a fun\u00e7\u00e3o de garantir a seguran\u00e7a do cavaleiro durante a montaria, evitando que a sela ou arreios escorreguem ou se movam de forma inadequada, al\u00e9m de proporcionar maior conforto para o cavalo.<\/p>\n<\/div>\n<div><\/div>\n<div><strong>Cores variadas: preta, marrom, vermelha, bege<\/strong><\/div>\n","protected":false},"excerpt":{"rendered":"<p><strong>Descri\u00e7\u00e3o:<\/strong><\/p>\n<p><strong>Barrigueira para baliza SR.Fabricada artesanalmente em l\u00e3 com meias argolas de a\u00e7o inox de alta qualidade que n\u00e3o enferrujam.<\/strong><\/p>\n<p><strong>Op\u00e7\u00f5es de cores:preta,marrom,caf\u00e9,bege<\/strong><\/p>\n<p>&nbsp;<\/p>\n<p>&nbsp;<\/p>\n","protected":false},"featured_media":1490,"template":"","meta":[],"product_cat":[35,62,65],"product_tag":[],"yoast_head":"<!-- This site is optimized with the Yoast SEO plugin v16.7 - https:\/\/yoast.com\/wordpress\/plugins\/seo\/ -->\n<title>Barrigueira Baliza l\u00e3 vermelha\u00a0<\/title>\n<meta name=\"description\" content=\"Barrigueira Baliza l\u00e3 vermelha\u00a0\u00e9 uma faixa que envolve os cavalos e \u00e9 presa ao selim, com o objetivo de estabilizar a sela e evitar que ela escorregue.\" \/>\n<meta name=\"robots\" content=\"index, follow, max-snippet:-1, max-image-preview:large, max-video-preview:-1\" \/>\n<link rel=\"canonical\" href=\"https:\/\/selariarosario.com.br\/atacado\/produto\/barrigueira-de-la-baliza-sr-2\/\" \/>\n<meta property=\"og:locale\" content=\"pt_BR\" \/>\n<meta property=\"og:type\" content=\"article\" \/>\n<meta property=\"og:title\" content=\"Barrigueira Baliza l\u00e3 vermelha\u00a0\" \/>\n<meta property=\"og:description\" content=\"Barrigueira Baliza l\u00e3 vermelha\u00a0\u00e9 uma faixa que envolve os cavalos e \u00e9 presa ao selim, com o objetivo de estabilizar a sela e evitar que ela escorregue.\" \/>\n<meta property=\"og:url\" content=\"https:\/\/selariarosario.com.br\/atacado\/produto\/barrigueira-de-la-baliza-sr-2\/\" \/>\n<meta property=\"og:site_name\" content=\"Selaria Rosario\" \/>\n<meta property=\"article:modified_time\" content=\"2024-01-18T15:04:41+00:00\" \/>\n<meta name=\"twitter:card\" content=\"summary_large_image\" \/>\n<meta name=\"twitter:label1\" content=\"Est. tempo de leitura\" \/>\n\t<meta name=\"twitter:data1\" content=\"2 minutos\" \/>\n<script type=\"application\/ld+json\" class=\"yoast-schema-graph\">{\"@context\":\"https:\/\/schema.org\",\"@graph\":[{\"@type\":\"WebSite\",\"@id\":\"https:\/\/selariarosario.com.br\/atacado\/#website\",\"url\":\"https:\/\/selariarosario.com.br\/atacado\/\",\"name\":\"Selaria Rosario\",\"description\":\"\",\"potentialAction\":[{\"@type\":\"SearchAction\",\"target\":{\"@type\":\"EntryPoint\",\"urlTemplate\":\"https:\/\/selariarosario.com.br\/atacado\/?s={search_term_string}\"},\"query-input\":\"required name=search_term_string\"}],\"inLanguage\":\"pt-BR\"},{\"@type\":\"ImageObject\",\"@id\":\"https:\/\/selariarosario.com.br\/atacado\/produto\/barrigueira-de-la-baliza-sr-2\/#primaryimage\",\"inLanguage\":\"pt-BR\",\"url\":\"https:\/\/selariarosario.com.br\/atacado\/wp-content\/uploads\/2024\/01\/barrg.la-p-baliza.jpg\",\"contentUrl\":\"https:\/\/selariarosario.com.br\/atacado\/wp-content\/uploads\/2024\/01\/barrg.la-p-baliza.jpg\",\"width\":1200,\"height\":1200},{\"@type\":\"WebPage\",\"@id\":\"https:\/\/selariarosario.com.br\/atacado\/produto\/barrigueira-de-la-baliza-sr-2\/#webpage\",\"url\":\"https:\/\/selariarosario.com.br\/atacado\/produto\/barrigueira-de-la-baliza-sr-2\/\",\"name\":\"Barrigueira Baliza l\\u00e3 vermelha\\u00a0\",\"isPartOf\":{\"@id\":\"https:\/\/selariarosario.com.br\/atacado\/#website\"},\"primaryImageOfPage\":{\"@id\":\"https:\/\/selariarosario.com.br\/atacado\/produto\/barrigueira-de-la-baliza-sr-2\/#primaryimage\"},\"datePublished\":\"2024-01-18T15:04:36+00:00\",\"dateModified\":\"2024-01-18T15:04:41+00:00\",\"description\":\"Barrigueira Baliza l\\u00e3 vermelha\\u00a0\\u00e9 uma faixa que envolve os cavalos e \\u00e9 presa ao selim, com o objetivo de estabilizar a sela e evitar que ela escorregue.\",\"breadcrumb\":{\"@id\":\"https:\/\/selariarosario.com.br\/atacado\/produto\/barrigueira-de-la-baliza-sr-2\/#breadcrumb\"},\"inLanguage\":\"pt-BR\",\"potentialAction\":[{\"@type\":\"ReadAction\",\"target\":[\"https:\/\/selariarosario.com.br\/atacado\/produto\/barrigueira-de-la-baliza-sr-2\/\"]}]},{\"@type\":\"BreadcrumbList\",\"@id\":\"https:\/\/selariarosario.com.br\/atacado\/produto\/barrigueira-de-la-baliza-sr-2\/#breadcrumb\",\"itemListElement\":[{\"@type\":\"ListItem\",\"position\":1,\"name\":\"In\\u00edcio\",\"item\":\"https:\/\/selariarosario.com.br\/atacado\/\"},{\"@type\":\"ListItem\",\"position\":2,\"name\":\"Produtos\",\"item\":\"https:\/\/selariarosario.com.br\/atacado\/produtos\/\"},{\"@type\":\"ListItem\",\"position\":3,\"name\":\"Barrigueira de l\\u00e3 Baliza SR\"}]}]}<\/script>\n<!-- \/ Yoast SEO plugin. -->","yoast_head_json":{"title":"Barrigueira Baliza l\u00e3 vermelha\u00a0","description":"Barrigueira Baliza l\u00e3 vermelha\u00a0\u00e9 uma faixa que envolve os cavalos e \u00e9 presa ao selim, com o objetivo de estabilizar a sela e evitar que ela escorregue.","robots":{"index":"index","follow":"follow","max-snippet":"max-snippet:-1","max-image-preview":"max-image-preview:large","max-video-preview":"max-video-preview:-1"},"canonical":"https:\/\/selariarosario.com.br\/atacado\/produto\/barrigueira-de-la-baliza-sr-2\/","og_locale":"pt_BR","og_type":"article","og_title":"Barrigueira Baliza l\u00e3 vermelha\u00a0","og_description":"Barrigueira Baliza l\u00e3 vermelha\u00a0\u00e9 uma faixa que envolve os cavalos e \u00e9 presa ao selim, com o objetivo de estabilizar a sela e evitar que ela escorregue.","og_url":"https:\/\/selariarosario.com.br\/atacado\/produto\/barrigueira-de-la-baliza-sr-2\/","og_site_name":"Selaria Rosario","article_modified_time":"2024-01-18T15:04:41+00:00","twitter_card":"summary_large_image","twitter_misc":{"Est. tempo de leitura":"2 minutos"},"schema":{"@context":"https:\/\/schema.org","@graph":[{"@type":"WebSite","@id":"https:\/\/selariarosario.com.br\/atacado\/#website","url":"https:\/\/selariarosario.com.br\/atacado\/","name":"Selaria Rosario","description":"","potentialAction":[{"@type":"SearchAction","target":{"@type":"EntryPoint","urlTemplate":"https:\/\/selariarosario.com.br\/atacado\/?s={search_term_string}"},"query-input":"required name=search_term_string"}],"inLanguage":"pt-BR"},{"@type":"ImageObject","@id":"https:\/\/selariarosario.com.br\/atacado\/produto\/barrigueira-de-la-baliza-sr-2\/#primaryimage","inLanguage":"pt-BR","url":"https:\/\/selariarosario.com.br\/atacado\/wp-content\/uploads\/2024\/01\/barrg.la-p-baliza.jpg","contentUrl":"https:\/\/selariarosario.com.br\/atacado\/wp-content\/uploads\/2024\/01\/barrg.la-p-baliza.jpg","width":1200,"height":1200},{"@type":"WebPage","@id":"https:\/\/selariarosario.com.br\/atacado\/produto\/barrigueira-de-la-baliza-sr-2\/#webpage","url":"https:\/\/selariarosario.com.br\/atacado\/produto\/barrigueira-de-la-baliza-sr-2\/","name":"Barrigueira Baliza l\u00e3 vermelha\u00a0","isPartOf":{"@id":"https:\/\/selariarosario.com.br\/atacado\/#website"},"primaryImageOfPage":{"@id":"https:\/\/selariarosario.com.br\/atacado\/produto\/barrigueira-de-la-baliza-sr-2\/#primaryimage"},"datePublished":"2024-01-18T15:04:36+00:00","dateModified":"2024-01-18T15:04:41+00:00","description":"Barrigueira Baliza l\u00e3 vermelha\u00a0\u00e9 uma faixa que envolve os cavalos e \u00e9 presa ao selim, com o objetivo de estabilizar a sela e evitar que ela escorregue.","breadcrumb":{"@id":"https:\/\/selariarosario.com.br\/atacado\/produto\/barrigueira-de-la-baliza-sr-2\/#breadcrumb"},"inLanguage":"pt-BR","potentialAction":[{"@type":"ReadAction","target":["https:\/\/selariarosario.com.br\/atacado\/produto\/barrigueira-de-la-baliza-sr-2\/"]}]},{"@type":"BreadcrumbList","@id":"https:\/\/selariarosario.com.br\/atacado\/produto\/barrigueira-de-la-baliza-sr-2\/#breadcrumb","itemListElement":[{"@type":"ListItem","position":1,"name":"In\u00edcio","item":"https:\/\/selariarosario.com.br\/atacado\/"},{"@type":"ListItem","position":2,"name":"Produtos","item":"https:\/\/selariarosario.com.br\/atacado\/produtos\/"},{"@type":"ListItem","position":3,"name":"Barrigueira de l\u00e3 Baliza SR"}]}]}},"_links":{"self":[{"href":"https:\/\/selariarosario.com.br\/atacado\/wp-json\/wp\/v2\/product\/1883"}],"collection":[{"href":"https:\/\/selariarosario.com.br\/atacado\/wp-json\/wp\/v2\/product"}],"about":[{"href":"https:\/\/selariarosario.com.br\/atacado\/wp-json\/wp\/v2\/types\/product"}],"wp:featuredmedia":[{"embeddable":true,"href":"https:\/\/selariarosario.com.br\/atacado\/wp-json\/wp\/v2\/media\/1490"}],"wp:attachment":[{"href":"https:\/\/selariarosario.com.br\/atacado\/wp-json\/wp\/v2\/media?parent=1883"}],"wp:term":[{"taxonomy":"product_cat","embeddable":true,"href":"https:\/\/selariarosario.com.br\/atacado\/wp-json\/wp\/v2\/product_cat?post=1883"},{"taxonomy":"product_tag","embeddable":true,"href":"https:\/\/selariarosario.com.br\/atacado\/wp-json\/wp\/v2\/product_tag?post=1883"}],"curies":[{"name":"wp","href":"https:\/\/api.w.org\/{rel}","templated":true}]}}