{"id":1886,"date":"2024-01-18T12:04:37","date_gmt":"2024-01-18T15:04:37","guid":{"rendered":"https:\/\/selariarosario.com.br\/atacado\/?post_type=product&#038;p=1886"},"modified":"2024-01-18T12:04:41","modified_gmt":"2024-01-18T15:04:41","slug":"barrigueira-e-cilha-de-poli-sr-2","status":"publish","type":"product","link":"https:\/\/selariarosario.com.br\/atacado\/produto\/barrigueira-e-cilha-de-poli-sr-2\/","title":{"rendered":"Barrigueira e cilha de poli SR"},"content":{"rendered":"<div class=\"line\">\n<p><strong style=\"font-size: 16px;\">Barrigueira e cilha poli SR<\/strong><\/p>\n<p class=\"title big\"><strong style=\"font-size: 16px;\">Barrigueira e cilha poli SR\u00a0 fabricada artesanalmente em corda de polipropileno. Com argolas em a\u00e7o inox de alta qualidade, livre de ferrugem.\u00a0<\/strong><\/p>\n<\/div>\n<div>\n<div class=\"fbits-produto-informacoes-extras\">\n<div data-componente-fbits-id=\"56\" data-componente-fbits-config=\"\">\n<div class=\"infoProd\">\n<div>\n<div>Qual a import\u00e2ncia da barrigueira e da cilha na montaria?<\/div>\n<div><\/div>\n<div>\n<p>A barrigueira e a cilha s\u00e3o partes do equipamento que se usa nas montarias em cavalos, como sela ou arreios. A barrigueira \u00e9 uma correia de couro ou nylon que se prende \u00e0 sela e envolve a barriga do cavalo. Sua principal fun\u00e7\u00e3o \u00e9 garantir que a sela ou arreios permane\u00e7am firmes no corpo do animal durante a montaria, evitando que escorreguem para tr\u00e1s. Al\u00e9m disso, a barrigueira tamb\u00e9m pode ajudar a distribuir melhor o peso do cavaleiro sobre o dorso do cavalo, proporcionando maior conforto para o animal.<\/p>\n<p>J\u00e1 a cilha \u00e9 uma correia que se prende na sela ou arreios e envolve o corpo do cavalo, logo atr\u00e1s dos anteriores. Ela passa por debaixo da barriga do cavalo e se fixa do lado oposto, podendo ser ajustada conforme o tamanho e forma do animal. A cilha tamb\u00e9m tem a fun\u00e7\u00e3o de evitar que a sela ou arreios escorreguem para tr\u00e1s, por\u00e9m, ela tamb\u00e9m auxilia no equil\u00edbrio da sela, ajudando a distribuir o peso do cavaleiro de forma mais equilibrada.<\/p>\n<p>Em resumo, tanto a barrigueira quanto a cilha t\u00eam a fun\u00e7\u00e3o de garantir a seguran\u00e7a do cavaleiro durante a montaria, evitando que a sela ou arreios escorreguem ou se movam de forma inadequada, al\u00e9m de proporcionar maior conforto para o cavalo.<\/p>\n<\/div>\n<div><\/div>\n<div><strong>Cores variadas: preta, marrom, azul e vermelha<\/strong><\/div>\n<\/div>\n<\/div>\n<\/div>\n<\/div>\n<\/div>\n<div><\/div>\n<div>\n<div class=\"fbits-produto-informacoes-extras\">\n<div data-componente-fbits-id=\"56\" data-componente-fbits-config=\"\">\n<div class=\"clear\"><\/div>\n<\/div>\n<\/div>\n<\/div>\n<div class=\"fbits-produto-produtosrecomendados\" style=\"margin: 0px 0px 40px; padding: 0px; border-width: 0px 0px 1px; border-image: initial; outline: none; list-style: none; width: 1030px; color: #250e00; font-family: Gotham, Domine, serif; font-size: 12px; font-style: normal; font-variant-ligatures: normal; font-variant-caps: normal; font-weight: 200; letter-spacing: normal; orphans: 2; text-align: start; text-indent: 0px; text-transform: none; white-space: normal; widows: 2; word-spacing: 0px; -webkit-text-stroke-width: 0px; text-decoration-thickness: initial; text-decoration-style: initial; text-decoration-color: initial; border-color: initial initial #6f6157 initial; border-style: initial initial solid initial;\" data-componente-fbits-id=\"11\" data-componente-fbits-config=\"tipo: similar&lt;br \/&gt;titulo: COMPRE TAMB\u00c9M\">\n<div class=\"carousel\">\n<div class=\"line\"><\/div>\n<\/div>\n<\/div>\n","protected":false},"excerpt":{"rendered":"<p><strong>Jogo de Barrigueira e Cilha SR\u00a0 fabricada artesanalmente em corda de polipropileno. Com argolas em a\u00e7o inox de alta qualidade, livre de ferrugem.\u00a0<\/strong><\/p>\n<p><strong>CORES VARIADAS<\/strong><\/p>\n","protected":false},"featured_media":1493,"template":"","meta":[],"product_cat":[62,65],"product_tag":[],"yoast_head":"<!-- This site is optimized with the Yoast SEO plugin v16.7 - https:\/\/yoast.com\/wordpress\/plugins\/seo\/ -->\n<title>Barrigueira e cilha poli SR<\/title>\n<meta name=\"description\" content=\"Barrigueira e cilha poli SR\" \/>\n<meta name=\"robots\" content=\"index, follow, max-snippet:-1, max-image-preview:large, max-video-preview:-1\" \/>\n<link rel=\"canonical\" href=\"https:\/\/selariarosario.com.br\/atacado\/produto\/barrigueira-e-cilha-de-poli-sr-2\/\" \/>\n<meta property=\"og:locale\" content=\"pt_BR\" \/>\n<meta property=\"og:type\" content=\"article\" \/>\n<meta property=\"og:title\" content=\"Barrigueira e cilha poli SR\" \/>\n<meta property=\"og:description\" content=\"Barrigueira e cilha poli SR\" \/>\n<meta property=\"og:url\" content=\"https:\/\/selariarosario.com.br\/atacado\/produto\/barrigueira-e-cilha-de-poli-sr-2\/\" \/>\n<meta property=\"og:site_name\" content=\"Selaria Rosario\" \/>\n<meta property=\"article:modified_time\" content=\"2024-01-18T15:04:41+00:00\" \/>\n<meta name=\"twitter:card\" content=\"summary_large_image\" \/>\n<meta name=\"twitter:label1\" content=\"Est. tempo de leitura\" \/>\n\t<meta name=\"twitter:data1\" content=\"2 minutos\" \/>\n<script type=\"application\/ld+json\" class=\"yoast-schema-graph\">{\"@context\":\"https:\/\/schema.org\",\"@graph\":[{\"@type\":\"WebSite\",\"@id\":\"https:\/\/selariarosario.com.br\/atacado\/#website\",\"url\":\"https:\/\/selariarosario.com.br\/atacado\/\",\"name\":\"Selaria Rosario\",\"description\":\"\",\"potentialAction\":[{\"@type\":\"SearchAction\",\"target\":{\"@type\":\"EntryPoint\",\"urlTemplate\":\"https:\/\/selariarosario.com.br\/atacado\/?s={search_term_string}\"},\"query-input\":\"required name=search_term_string\"}],\"inLanguage\":\"pt-BR\"},{\"@type\":\"ImageObject\",\"@id\":\"https:\/\/selariarosario.com.br\/atacado\/produto\/barrigueira-e-cilha-de-poli-sr-2\/#primaryimage\",\"inLanguage\":\"pt-BR\",\"url\":\"https:\/\/selariarosario.com.br\/atacado\/wp-content\/uploads\/2024\/01\/JG-BARRIGUEIRA-E-CILHA-DE-POLI.jpg\",\"contentUrl\":\"https:\/\/selariarosario.com.br\/atacado\/wp-content\/uploads\/2024\/01\/JG-BARRIGUEIRA-E-CILHA-DE-POLI.jpg\",\"width\":1200,\"height\":1200},{\"@type\":\"WebPage\",\"@id\":\"https:\/\/selariarosario.com.br\/atacado\/produto\/barrigueira-e-cilha-de-poli-sr-2\/#webpage\",\"url\":\"https:\/\/selariarosario.com.br\/atacado\/produto\/barrigueira-e-cilha-de-poli-sr-2\/\",\"name\":\"Barrigueira e cilha poli SR\",\"isPartOf\":{\"@id\":\"https:\/\/selariarosario.com.br\/atacado\/#website\"},\"primaryImageOfPage\":{\"@id\":\"https:\/\/selariarosario.com.br\/atacado\/produto\/barrigueira-e-cilha-de-poli-sr-2\/#primaryimage\"},\"datePublished\":\"2024-01-18T15:04:37+00:00\",\"dateModified\":\"2024-01-18T15:04:41+00:00\",\"description\":\"Barrigueira e cilha poli SR\",\"breadcrumb\":{\"@id\":\"https:\/\/selariarosario.com.br\/atacado\/produto\/barrigueira-e-cilha-de-poli-sr-2\/#breadcrumb\"},\"inLanguage\":\"pt-BR\",\"potentialAction\":[{\"@type\":\"ReadAction\",\"target\":[\"https:\/\/selariarosario.com.br\/atacado\/produto\/barrigueira-e-cilha-de-poli-sr-2\/\"]}]},{\"@type\":\"BreadcrumbList\",\"@id\":\"https:\/\/selariarosario.com.br\/atacado\/produto\/barrigueira-e-cilha-de-poli-sr-2\/#breadcrumb\",\"itemListElement\":[{\"@type\":\"ListItem\",\"position\":1,\"name\":\"In\\u00edcio\",\"item\":\"https:\/\/selariarosario.com.br\/atacado\/\"},{\"@type\":\"ListItem\",\"position\":2,\"name\":\"Produtos\",\"item\":\"https:\/\/selariarosario.com.br\/atacado\/produtos\/\"},{\"@type\":\"ListItem\",\"position\":3,\"name\":\"Barrigueira e cilha de poli SR\"}]}]}<\/script>\n<!-- \/ Yoast SEO plugin. -->","yoast_head_json":{"title":"Barrigueira e cilha poli SR","description":"Barrigueira e cilha poli SR","robots":{"index":"index","follow":"follow","max-snippet":"max-snippet:-1","max-image-preview":"max-image-preview:large","max-video-preview":"max-video-preview:-1"},"canonical":"https:\/\/selariarosario.com.br\/atacado\/produto\/barrigueira-e-cilha-de-poli-sr-2\/","og_locale":"pt_BR","og_type":"article","og_title":"Barrigueira e cilha poli SR","og_description":"Barrigueira e cilha poli SR","og_url":"https:\/\/selariarosario.com.br\/atacado\/produto\/barrigueira-e-cilha-de-poli-sr-2\/","og_site_name":"Selaria Rosario","article_modified_time":"2024-01-18T15:04:41+00:00","twitter_card":"summary_large_image","twitter_misc":{"Est. tempo de leitura":"2 minutos"},"schema":{"@context":"https:\/\/schema.org","@graph":[{"@type":"WebSite","@id":"https:\/\/selariarosario.com.br\/atacado\/#website","url":"https:\/\/selariarosario.com.br\/atacado\/","name":"Selaria Rosario","description":"","potentialAction":[{"@type":"SearchAction","target":{"@type":"EntryPoint","urlTemplate":"https:\/\/selariarosario.com.br\/atacado\/?s={search_term_string}"},"query-input":"required name=search_term_string"}],"inLanguage":"pt-BR"},{"@type":"ImageObject","@id":"https:\/\/selariarosario.com.br\/atacado\/produto\/barrigueira-e-cilha-de-poli-sr-2\/#primaryimage","inLanguage":"pt-BR","url":"https:\/\/selariarosario.com.br\/atacado\/wp-content\/uploads\/2024\/01\/JG-BARRIGUEIRA-E-CILHA-DE-POLI.jpg","contentUrl":"https:\/\/selariarosario.com.br\/atacado\/wp-content\/uploads\/2024\/01\/JG-BARRIGUEIRA-E-CILHA-DE-POLI.jpg","width":1200,"height":1200},{"@type":"WebPage","@id":"https:\/\/selariarosario.com.br\/atacado\/produto\/barrigueira-e-cilha-de-poli-sr-2\/#webpage","url":"https:\/\/selariarosario.com.br\/atacado\/produto\/barrigueira-e-cilha-de-poli-sr-2\/","name":"Barrigueira e cilha poli SR","isPartOf":{"@id":"https:\/\/selariarosario.com.br\/atacado\/#website"},"primaryImageOfPage":{"@id":"https:\/\/selariarosario.com.br\/atacado\/produto\/barrigueira-e-cilha-de-poli-sr-2\/#primaryimage"},"datePublished":"2024-01-18T15:04:37+00:00","dateModified":"2024-01-18T15:04:41+00:00","description":"Barrigueira e cilha poli SR","breadcrumb":{"@id":"https:\/\/selariarosario.com.br\/atacado\/produto\/barrigueira-e-cilha-de-poli-sr-2\/#breadcrumb"},"inLanguage":"pt-BR","potentialAction":[{"@type":"ReadAction","target":["https:\/\/selariarosario.com.br\/atacado\/produto\/barrigueira-e-cilha-de-poli-sr-2\/"]}]},{"@type":"BreadcrumbList","@id":"https:\/\/selariarosario.com.br\/atacado\/produto\/barrigueira-e-cilha-de-poli-sr-2\/#breadcrumb","itemListElement":[{"@type":"ListItem","position":1,"name":"In\u00edcio","item":"https:\/\/selariarosario.com.br\/atacado\/"},{"@type":"ListItem","position":2,"name":"Produtos","item":"https:\/\/selariarosario.com.br\/atacado\/produtos\/"},{"@type":"ListItem","position":3,"name":"Barrigueira e cilha de poli SR"}]}]}},"_links":{"self":[{"href":"https:\/\/selariarosario.com.br\/atacado\/wp-json\/wp\/v2\/product\/1886"}],"collection":[{"href":"https:\/\/selariarosario.com.br\/atacado\/wp-json\/wp\/v2\/product"}],"about":[{"href":"https:\/\/selariarosario.com.br\/atacado\/wp-json\/wp\/v2\/types\/product"}],"wp:featuredmedia":[{"embeddable":true,"href":"https:\/\/selariarosario.com.br\/atacado\/wp-json\/wp\/v2\/media\/1493"}],"wp:attachment":[{"href":"https:\/\/selariarosario.com.br\/atacado\/wp-json\/wp\/v2\/media?parent=1886"}],"wp:term":[{"taxonomy":"product_cat","embeddable":true,"href":"https:\/\/selariarosario.com.br\/atacado\/wp-json\/wp\/v2\/product_cat?post=1886"},{"taxonomy":"product_tag","embeddable":true,"href":"https:\/\/selariarosario.com.br\/atacado\/wp-json\/wp\/v2\/product_tag?post=1886"}],"curies":[{"name":"wp","href":"https:\/\/api.w.org\/{rel}","templated":true}]}}