{"id":1890,"date":"2024-01-18T12:04:37","date_gmt":"2024-01-18T15:04:37","guid":{"rendered":"https:\/\/selariarosario.com.br\/atacado\/?post_type=product&#038;p=1890"},"modified":"2024-01-18T12:04:42","modified_gmt":"2024-01-18T15:04:42","slug":"laco-ouro-sr","status":"publish","type":"product","link":"https:\/\/selariarosario.com.br\/atacado\/produto\/laco-ouro-sr\/","title":{"rendered":"La\u00e7o Ouro SR"},"content":{"rendered":"<p><strong>\u00a0LA\u00c7O OURO SR 10 metros confeccionado em corda de alt\u00edssima qualidade e muito resistente. Argola em metal branco<\/strong><\/p>\n<h1 class=\"mvp-post-title left entry-title\">Voc\u00ea conhece todas as modalidades de La\u00e7o?<\/h1>\n<p>As provas de la\u00e7o nada mais s\u00e3o do que a representa\u00e7\u00e3o da rotina di\u00e1ria dos criat\u00f3rios de gado espalhados pelo mundo. Cada modalidade \u00e9 utilizado na lida di\u00e1ria do manejo com gado, adapta \u00e0 realidade e ao relevo da regi\u00e3o.<\/p>\n<p>No Brasil existem tr\u00eas modalidades de la\u00e7o conforme abaixo:<\/p>\n<p>La\u00e7o em Dupla, tamb\u00e9m chamado de Team Ropping; La\u00e7o Individual, o Tie Down Ropping; <strong>e o La\u00e7o Comprido, modalidade exclusiva do Brasil<\/strong>.<\/p>\n<p>Na modalidade. \u201c<strong>O La\u00e7o Individual<\/strong>, por exemplo, simula quando nasce um bezerro no campo.Por isso o pe\u00e3o precisa la\u00e7ar o animal para ele fique contido para fazer o curativo do umbigo, identifica\u00e7\u00e3o, entre outras atividades cotidianas\u201d, Enquanto que na modalidade <strong>o La\u00e7o em Dupla<\/strong>, afirma o juiz, \u00e9 a simula\u00e7\u00e3o de quando um animal que est\u00e1 a campo e precisa parar para um tratamento m\u00e9dico, por exemplo, sem a necessidade de lev\u00e1-lo para o curral.<\/p>\n<p>\u201cSem o la\u00e7o, portanto o pe\u00e3o precisaria tocar todo o rebanho at\u00e9 o curral, um estresse muito maior do que simplesmente la\u00e7ar o animal que precisa de tratamento\u201d, exemplifica.<\/p>\n<p>J\u00e1 o La\u00e7o Comprido, pontua, como nasceu no Mato Grosso do Sul, devido ao bioma da regi\u00e3o, por essa raz\u00e3o os campos s\u00e3o muito extensos, e o boiadeiro precisa de um la\u00e7o mais comprido para la\u00e7ar o animal. \u201cNa Vaquejada \u00e9 a mesma l\u00f3gica. \u00c9 uma regi\u00e3o com muita caatinga, e como o vaqueiro iria la\u00e7ar o animal? Por isso se usa a t\u00e9cnica de pegar o animal pelo rabo para fazer a conten\u00e7\u00e3o\u201d.<\/p>\n<p>La\u00e7o\u00a0 Ouro de 10 metros 10 mm com argola de ferro e pressilha zincada<br \/>\nComposi\u00e7\u00e3o: 100% CORDA polipropileno com 11mm de espessura; RESISTENTE<\/p>\n<p>&nbsp;<\/p>\n<p>Peso: 1.200<\/p>\n<p>Marca: Selaria Ros\u00e1rio<\/p>\n","protected":false},"excerpt":{"rendered":"<p><strong>La\u00e7o SR 10 metros confeccionado em corda de alt\u00edssima qualidade e muito resistente. Argola em metal branco.\u00a0<\/strong><\/p>\n","protected":false},"featured_media":1497,"template":"","meta":[],"product_cat":[35,48],"product_tag":[],"yoast_head":"<!-- This site is optimized with the Yoast SEO plugin v16.7 - https:\/\/yoast.com\/wordpress\/plugins\/seo\/ -->\n<title>LA\u00c7O OURO SR<\/title>\n<meta name=\"description\" content=\"La\u00e7o Ouro SR \u00e9 resistente e de alt\u00edssima qualidade sendo ideal para la\u00e7ar cavalo ou boi na lida no campo com muita seguran\u00e7a.\" \/>\n<meta name=\"robots\" content=\"index, follow, max-snippet:-1, max-image-preview:large, max-video-preview:-1\" \/>\n<link rel=\"canonical\" href=\"https:\/\/selariarosario.com.br\/atacado\/produto\/laco-ouro-sr\/\" \/>\n<meta property=\"og:locale\" content=\"pt_BR\" \/>\n<meta property=\"og:type\" content=\"article\" \/>\n<meta property=\"og:title\" content=\"LA\u00c7O OURO SR\" \/>\n<meta property=\"og:description\" content=\"La\u00e7o Ouro SR \u00e9 resistente e de alt\u00edssima qualidade sendo ideal para la\u00e7ar cavalo ou boi na lida no campo com muita seguran\u00e7a.\" \/>\n<meta property=\"og:url\" content=\"https:\/\/selariarosario.com.br\/atacado\/produto\/laco-ouro-sr\/\" \/>\n<meta property=\"og:site_name\" content=\"Selaria Rosario\" \/>\n<meta property=\"article:modified_time\" content=\"2024-01-18T15:04:42+00:00\" \/>\n<meta name=\"twitter:card\" content=\"summary_large_image\" \/>\n<meta name=\"twitter:label1\" content=\"Est. tempo de leitura\" \/>\n\t<meta name=\"twitter:data1\" content=\"2 minutos\" \/>\n<script type=\"application\/ld+json\" class=\"yoast-schema-graph\">{\"@context\":\"https:\/\/schema.org\",\"@graph\":[{\"@type\":\"WebSite\",\"@id\":\"https:\/\/selariarosario.com.br\/atacado\/#website\",\"url\":\"https:\/\/selariarosario.com.br\/atacado\/\",\"name\":\"Selaria Rosario\",\"description\":\"\",\"potentialAction\":[{\"@type\":\"SearchAction\",\"target\":{\"@type\":\"EntryPoint\",\"urlTemplate\":\"https:\/\/selariarosario.com.br\/atacado\/?s={search_term_string}\"},\"query-input\":\"required name=search_term_string\"}],\"inLanguage\":\"pt-BR\"},{\"@type\":\"ImageObject\",\"@id\":\"https:\/\/selariarosario.com.br\/atacado\/produto\/laco-ouro-sr\/#primaryimage\",\"inLanguage\":\"pt-BR\",\"url\":\"https:\/\/selariarosario.com.br\/atacado\/wp-content\/uploads\/2024\/01\/laco-de.jpg\",\"contentUrl\":\"https:\/\/selariarosario.com.br\/atacado\/wp-content\/uploads\/2024\/01\/laco-de.jpg\",\"width\":1200,\"height\":1200},{\"@type\":\"WebPage\",\"@id\":\"https:\/\/selariarosario.com.br\/atacado\/produto\/laco-ouro-sr\/#webpage\",\"url\":\"https:\/\/selariarosario.com.br\/atacado\/produto\/laco-ouro-sr\/\",\"name\":\"LA\\u00c7O OURO SR\",\"isPartOf\":{\"@id\":\"https:\/\/selariarosario.com.br\/atacado\/#website\"},\"primaryImageOfPage\":{\"@id\":\"https:\/\/selariarosario.com.br\/atacado\/produto\/laco-ouro-sr\/#primaryimage\"},\"datePublished\":\"2024-01-18T15:04:37+00:00\",\"dateModified\":\"2024-01-18T15:04:42+00:00\",\"description\":\"La\\u00e7o Ouro SR \\u00e9 resistente e de alt\\u00edssima qualidade sendo ideal para la\\u00e7ar cavalo ou boi na lida no campo com muita seguran\\u00e7a.\",\"breadcrumb\":{\"@id\":\"https:\/\/selariarosario.com.br\/atacado\/produto\/laco-ouro-sr\/#breadcrumb\"},\"inLanguage\":\"pt-BR\",\"potentialAction\":[{\"@type\":\"ReadAction\",\"target\":[\"https:\/\/selariarosario.com.br\/atacado\/produto\/laco-ouro-sr\/\"]}]},{\"@type\":\"BreadcrumbList\",\"@id\":\"https:\/\/selariarosario.com.br\/atacado\/produto\/laco-ouro-sr\/#breadcrumb\",\"itemListElement\":[{\"@type\":\"ListItem\",\"position\":1,\"name\":\"In\\u00edcio\",\"item\":\"https:\/\/selariarosario.com.br\/atacado\/\"},{\"@type\":\"ListItem\",\"position\":2,\"name\":\"Produtos\",\"item\":\"https:\/\/selariarosario.com.br\/atacado\/produtos\/\"},{\"@type\":\"ListItem\",\"position\":3,\"name\":\"La\\u00e7o Ouro SR\"}]}]}<\/script>\n<!-- \/ Yoast SEO plugin. -->","yoast_head_json":{"title":"LA\u00c7O OURO SR","description":"La\u00e7o Ouro SR \u00e9 resistente e de alt\u00edssima qualidade sendo ideal para la\u00e7ar cavalo ou boi na lida no campo com muita seguran\u00e7a.","robots":{"index":"index","follow":"follow","max-snippet":"max-snippet:-1","max-image-preview":"max-image-preview:large","max-video-preview":"max-video-preview:-1"},"canonical":"https:\/\/selariarosario.com.br\/atacado\/produto\/laco-ouro-sr\/","og_locale":"pt_BR","og_type":"article","og_title":"LA\u00c7O OURO SR","og_description":"La\u00e7o Ouro SR \u00e9 resistente e de alt\u00edssima qualidade sendo ideal para la\u00e7ar cavalo ou boi na lida no campo com muita seguran\u00e7a.","og_url":"https:\/\/selariarosario.com.br\/atacado\/produto\/laco-ouro-sr\/","og_site_name":"Selaria Rosario","article_modified_time":"2024-01-18T15:04:42+00:00","twitter_card":"summary_large_image","twitter_misc":{"Est. tempo de leitura":"2 minutos"},"schema":{"@context":"https:\/\/schema.org","@graph":[{"@type":"WebSite","@id":"https:\/\/selariarosario.com.br\/atacado\/#website","url":"https:\/\/selariarosario.com.br\/atacado\/","name":"Selaria Rosario","description":"","potentialAction":[{"@type":"SearchAction","target":{"@type":"EntryPoint","urlTemplate":"https:\/\/selariarosario.com.br\/atacado\/?s={search_term_string}"},"query-input":"required name=search_term_string"}],"inLanguage":"pt-BR"},{"@type":"ImageObject","@id":"https:\/\/selariarosario.com.br\/atacado\/produto\/laco-ouro-sr\/#primaryimage","inLanguage":"pt-BR","url":"https:\/\/selariarosario.com.br\/atacado\/wp-content\/uploads\/2024\/01\/laco-de.jpg","contentUrl":"https:\/\/selariarosario.com.br\/atacado\/wp-content\/uploads\/2024\/01\/laco-de.jpg","width":1200,"height":1200},{"@type":"WebPage","@id":"https:\/\/selariarosario.com.br\/atacado\/produto\/laco-ouro-sr\/#webpage","url":"https:\/\/selariarosario.com.br\/atacado\/produto\/laco-ouro-sr\/","name":"LA\u00c7O OURO SR","isPartOf":{"@id":"https:\/\/selariarosario.com.br\/atacado\/#website"},"primaryImageOfPage":{"@id":"https:\/\/selariarosario.com.br\/atacado\/produto\/laco-ouro-sr\/#primaryimage"},"datePublished":"2024-01-18T15:04:37+00:00","dateModified":"2024-01-18T15:04:42+00:00","description":"La\u00e7o Ouro SR \u00e9 resistente e de alt\u00edssima qualidade sendo ideal para la\u00e7ar cavalo ou boi na lida no campo com muita seguran\u00e7a.","breadcrumb":{"@id":"https:\/\/selariarosario.com.br\/atacado\/produto\/laco-ouro-sr\/#breadcrumb"},"inLanguage":"pt-BR","potentialAction":[{"@type":"ReadAction","target":["https:\/\/selariarosario.com.br\/atacado\/produto\/laco-ouro-sr\/"]}]},{"@type":"BreadcrumbList","@id":"https:\/\/selariarosario.com.br\/atacado\/produto\/laco-ouro-sr\/#breadcrumb","itemListElement":[{"@type":"ListItem","position":1,"name":"In\u00edcio","item":"https:\/\/selariarosario.com.br\/atacado\/"},{"@type":"ListItem","position":2,"name":"Produtos","item":"https:\/\/selariarosario.com.br\/atacado\/produtos\/"},{"@type":"ListItem","position":3,"name":"La\u00e7o Ouro SR"}]}]}},"_links":{"self":[{"href":"https:\/\/selariarosario.com.br\/atacado\/wp-json\/wp\/v2\/product\/1890"}],"collection":[{"href":"https:\/\/selariarosario.com.br\/atacado\/wp-json\/wp\/v2\/product"}],"about":[{"href":"https:\/\/selariarosario.com.br\/atacado\/wp-json\/wp\/v2\/types\/product"}],"wp:featuredmedia":[{"embeddable":true,"href":"https:\/\/selariarosario.com.br\/atacado\/wp-json\/wp\/v2\/media\/1497"}],"wp:attachment":[{"href":"https:\/\/selariarosario.com.br\/atacado\/wp-json\/wp\/v2\/media?parent=1890"}],"wp:term":[{"taxonomy":"product_cat","embeddable":true,"href":"https:\/\/selariarosario.com.br\/atacado\/wp-json\/wp\/v2\/product_cat?post=1890"},{"taxonomy":"product_tag","embeddable":true,"href":"https:\/\/selariarosario.com.br\/atacado\/wp-json\/wp\/v2\/product_tag?post=1890"}],"curies":[{"name":"wp","href":"https:\/\/api.w.org\/{rel}","templated":true}]}}