{"id":1892,"date":"2024-01-18T12:04:37","date_gmt":"2024-01-18T15:04:37","guid":{"rendered":"https:\/\/selariarosario.com.br\/atacado\/?post_type=product&#038;p=1892"},"modified":"2024-01-18T12:04:42","modified_gmt":"2024-01-18T15:04:42","slug":"pelego-natural-penteado-sr-2","status":"publish","type":"product","link":"https:\/\/selariarosario.com.br\/atacado\/produto\/pelego-natural-penteado-sr-2\/","title":{"rendered":"Pelego Natural Penteado SR"},"content":{"rendered":"<p><strong>pelego borrego branco rosario Selaria Ros\u00e1rio, confeccionada em pelego natural penteado, com aproximadamente 5 cm de p\u00ealo,indo cheiro, produto diferenciado, com fino acabamento.<\/strong><\/p>\n<p><strong>O pelego \u00e9 \u00a0uma pe\u00e7a t\u00edpica dos <a title=\"Arreio\" href=\"https:\/\/pt.wikipedia.org\/wiki\/Arreio\">arreios<\/a>\u00a0<a title=\"Ga\u00facho\" href=\"https:\/\/pt.wikipedia.org\/wiki\/Ga%C3%BAcho\">ga\u00fachos<\/a>\u00a0usados no Sul do\u00a0<a title=\"Brasil\" href=\"https:\/\/pt.wikipedia.org\/wiki\/Brasil\">Brasil<\/a>\u00a0e na\u00a0<a title=\"Argentina\" href=\"https:\/\/pt.wikipedia.org\/wiki\/Argentina\">Argentina<\/a>. <sup id=\"cite_ref-1\" class=\"reference\"><a href=\"https:\/\/pt.wikipedia.org\/wiki\/Pelego#cite_note-1\">]<\/a><\/sup>constituido-se do couro de carneiro ou ovelha, com sua\u00a0<a title=\"L\u00e3\" href=\"https:\/\/pt.wikipedia.org\/wiki\/L%C3%A3\">l\u00e3<\/a>, natural ou tingida, colocada sobre a\u00a0<a title=\"Sela\" href=\"https:\/\/pt.wikipedia.org\/wiki\/Sela\">sela<\/a>, para permitir ao cavaleiro uma\u00a0<a title=\"Cavalgada\" href=\"https:\/\/pt.wikipedia.org\/wiki\/Cavalgada\">cavalgada<\/a>\u00a0mais confort\u00e1vel.<\/strong><\/p>\n<p><strong>Dimens\u00f5es aproximadas:<\/strong><\/p>\n<p><strong>Comprimento: 90cm;<\/strong><br \/>\n<strong>\u00a0Largura: 67cm.<\/strong><\/p>\n<p><strong>OP\u00c7\u00d5ES DE CORES: PRETO,CAF\u00c9,LARANJA,VERMELHO,NATURAL E CHAMUSCADO<\/strong><\/p>\n","protected":false},"excerpt":{"rendered":"<p><strong>Manta pelego Selaria Ros\u00e1rio, confeccionada em pelego natural penteado, com aproximadamente 5 cm de p\u00ealo, podendo ser usado em selas, arreios, cutianos, bananas, para passeio e lida, e tamb\u00e9m como tapete decorativo em resid\u00eancias, lojas, sobre m\u00f3veis, pois o mesmo \u00e9 extremamente macio, n\u00e3o possuindo cheiro, produto diferenciado, com fino acabamento.<\/strong><\/p>\n<p><strong>Dimens\u00f5es aproximadas:<\/strong><\/p>\n<p><strong>Comprimento: 90cm;<\/strong><br \/>\n<strong>\u00a0Largura: 67cm.<\/strong><\/p>\n<p><strong>OP\u00c7\u00d5ES DE CORES: PRETO,CAF\u00c9,LARANJA,VERMELHO,NATURAL E CHAMUSCADO<\/strong><\/p>\n","protected":false},"featured_media":1501,"template":"","meta":[],"product_cat":[36,41],"product_tag":[],"yoast_head":"<!-- This site is optimized with the Yoast SEO plugin v16.7 - https:\/\/yoast.com\/wordpress\/plugins\/seo\/ -->\n<title>pelego borrego branco rosario<\/title>\n<meta name=\"description\" content=\"O pelego borrego branco rosario pode ser usado em selas, arreios, cutianos, bananas, para passeio e lida e tamb\u00e9m como pe\u00e7a decorativa,pois \u00e9 macio.\" \/>\n<meta name=\"robots\" content=\"index, follow, max-snippet:-1, max-image-preview:large, max-video-preview:-1\" \/>\n<link rel=\"canonical\" href=\"https:\/\/selariarosario.com.br\/atacado\/produto\/pelego-natural-penteado-sr-2\/\" \/>\n<meta property=\"og:locale\" content=\"pt_BR\" \/>\n<meta property=\"og:type\" content=\"article\" \/>\n<meta property=\"og:title\" content=\"pelego borrego branco rosario\" \/>\n<meta property=\"og:description\" content=\"O pelego borrego branco rosario pode ser usado em selas, arreios, cutianos, bananas, para passeio e lida e tamb\u00e9m como pe\u00e7a decorativa,pois \u00e9 macio.\" \/>\n<meta property=\"og:url\" content=\"https:\/\/selariarosario.com.br\/atacado\/produto\/pelego-natural-penteado-sr-2\/\" \/>\n<meta property=\"og:site_name\" content=\"Selaria Rosario\" \/>\n<meta property=\"article:modified_time\" content=\"2024-01-18T15:04:42+00:00\" \/>\n<meta name=\"twitter:card\" content=\"summary_large_image\" \/>\n<meta name=\"twitter:label1\" content=\"Est. tempo de leitura\" \/>\n\t<meta name=\"twitter:data1\" content=\"1 minuto\" \/>\n<script type=\"application\/ld+json\" class=\"yoast-schema-graph\">{\"@context\":\"https:\/\/schema.org\",\"@graph\":[{\"@type\":\"WebSite\",\"@id\":\"https:\/\/selariarosario.com.br\/atacado\/#website\",\"url\":\"https:\/\/selariarosario.com.br\/atacado\/\",\"name\":\"Selaria Rosario\",\"description\":\"\",\"potentialAction\":[{\"@type\":\"SearchAction\",\"target\":{\"@type\":\"EntryPoint\",\"urlTemplate\":\"https:\/\/selariarosario.com.br\/atacado\/?s={search_term_string}\"},\"query-input\":\"required name=search_term_string\"}],\"inLanguage\":\"pt-BR\"},{\"@type\":\"ImageObject\",\"@id\":\"https:\/\/selariarosario.com.br\/atacado\/produto\/pelego-natural-penteado-sr-2\/#primaryimage\",\"inLanguage\":\"pt-BR\",\"url\":\"https:\/\/selariarosario.com.br\/atacado\/wp-content\/uploads\/2024\/01\/PELEGO-BRANCO.jpg\",\"contentUrl\":\"https:\/\/selariarosario.com.br\/atacado\/wp-content\/uploads\/2024\/01\/PELEGO-BRANCO.jpg\",\"width\":2152,\"height\":1680},{\"@type\":\"WebPage\",\"@id\":\"https:\/\/selariarosario.com.br\/atacado\/produto\/pelego-natural-penteado-sr-2\/#webpage\",\"url\":\"https:\/\/selariarosario.com.br\/atacado\/produto\/pelego-natural-penteado-sr-2\/\",\"name\":\"pelego borrego branco rosario\",\"isPartOf\":{\"@id\":\"https:\/\/selariarosario.com.br\/atacado\/#website\"},\"primaryImageOfPage\":{\"@id\":\"https:\/\/selariarosario.com.br\/atacado\/produto\/pelego-natural-penteado-sr-2\/#primaryimage\"},\"datePublished\":\"2024-01-18T15:04:37+00:00\",\"dateModified\":\"2024-01-18T15:04:42+00:00\",\"description\":\"O pelego borrego branco rosario pode ser usado em selas, arreios, cutianos, bananas, para passeio e lida e tamb\\u00e9m como pe\\u00e7a decorativa,pois \\u00e9 macio.\",\"breadcrumb\":{\"@id\":\"https:\/\/selariarosario.com.br\/atacado\/produto\/pelego-natural-penteado-sr-2\/#breadcrumb\"},\"inLanguage\":\"pt-BR\",\"potentialAction\":[{\"@type\":\"ReadAction\",\"target\":[\"https:\/\/selariarosario.com.br\/atacado\/produto\/pelego-natural-penteado-sr-2\/\"]}]},{\"@type\":\"BreadcrumbList\",\"@id\":\"https:\/\/selariarosario.com.br\/atacado\/produto\/pelego-natural-penteado-sr-2\/#breadcrumb\",\"itemListElement\":[{\"@type\":\"ListItem\",\"position\":1,\"name\":\"In\\u00edcio\",\"item\":\"https:\/\/selariarosario.com.br\/atacado\/\"},{\"@type\":\"ListItem\",\"position\":2,\"name\":\"Produtos\",\"item\":\"https:\/\/selariarosario.com.br\/atacado\/produtos\/\"},{\"@type\":\"ListItem\",\"position\":3,\"name\":\"Pelego Natural Penteado SR\"}]}]}<\/script>\n<!-- \/ Yoast SEO plugin. -->","yoast_head_json":{"title":"pelego borrego branco rosario","description":"O pelego borrego branco rosario pode ser usado em selas, arreios, cutianos, bananas, para passeio e lida e tamb\u00e9m como pe\u00e7a decorativa,pois \u00e9 macio.","robots":{"index":"index","follow":"follow","max-snippet":"max-snippet:-1","max-image-preview":"max-image-preview:large","max-video-preview":"max-video-preview:-1"},"canonical":"https:\/\/selariarosario.com.br\/atacado\/produto\/pelego-natural-penteado-sr-2\/","og_locale":"pt_BR","og_type":"article","og_title":"pelego borrego branco rosario","og_description":"O pelego borrego branco rosario pode ser usado em selas, arreios, cutianos, bananas, para passeio e lida e tamb\u00e9m como pe\u00e7a decorativa,pois \u00e9 macio.","og_url":"https:\/\/selariarosario.com.br\/atacado\/produto\/pelego-natural-penteado-sr-2\/","og_site_name":"Selaria Rosario","article_modified_time":"2024-01-18T15:04:42+00:00","twitter_card":"summary_large_image","twitter_misc":{"Est. tempo de leitura":"1 minuto"},"schema":{"@context":"https:\/\/schema.org","@graph":[{"@type":"WebSite","@id":"https:\/\/selariarosario.com.br\/atacado\/#website","url":"https:\/\/selariarosario.com.br\/atacado\/","name":"Selaria Rosario","description":"","potentialAction":[{"@type":"SearchAction","target":{"@type":"EntryPoint","urlTemplate":"https:\/\/selariarosario.com.br\/atacado\/?s={search_term_string}"},"query-input":"required name=search_term_string"}],"inLanguage":"pt-BR"},{"@type":"ImageObject","@id":"https:\/\/selariarosario.com.br\/atacado\/produto\/pelego-natural-penteado-sr-2\/#primaryimage","inLanguage":"pt-BR","url":"https:\/\/selariarosario.com.br\/atacado\/wp-content\/uploads\/2024\/01\/PELEGO-BRANCO.jpg","contentUrl":"https:\/\/selariarosario.com.br\/atacado\/wp-content\/uploads\/2024\/01\/PELEGO-BRANCO.jpg","width":2152,"height":1680},{"@type":"WebPage","@id":"https:\/\/selariarosario.com.br\/atacado\/produto\/pelego-natural-penteado-sr-2\/#webpage","url":"https:\/\/selariarosario.com.br\/atacado\/produto\/pelego-natural-penteado-sr-2\/","name":"pelego borrego branco rosario","isPartOf":{"@id":"https:\/\/selariarosario.com.br\/atacado\/#website"},"primaryImageOfPage":{"@id":"https:\/\/selariarosario.com.br\/atacado\/produto\/pelego-natural-penteado-sr-2\/#primaryimage"},"datePublished":"2024-01-18T15:04:37+00:00","dateModified":"2024-01-18T15:04:42+00:00","description":"O pelego borrego branco rosario pode ser usado em selas, arreios, cutianos, bananas, para passeio e lida e tamb\u00e9m como pe\u00e7a decorativa,pois \u00e9 macio.","breadcrumb":{"@id":"https:\/\/selariarosario.com.br\/atacado\/produto\/pelego-natural-penteado-sr-2\/#breadcrumb"},"inLanguage":"pt-BR","potentialAction":[{"@type":"ReadAction","target":["https:\/\/selariarosario.com.br\/atacado\/produto\/pelego-natural-penteado-sr-2\/"]}]},{"@type":"BreadcrumbList","@id":"https:\/\/selariarosario.com.br\/atacado\/produto\/pelego-natural-penteado-sr-2\/#breadcrumb","itemListElement":[{"@type":"ListItem","position":1,"name":"In\u00edcio","item":"https:\/\/selariarosario.com.br\/atacado\/"},{"@type":"ListItem","position":2,"name":"Produtos","item":"https:\/\/selariarosario.com.br\/atacado\/produtos\/"},{"@type":"ListItem","position":3,"name":"Pelego Natural Penteado SR"}]}]}},"_links":{"self":[{"href":"https:\/\/selariarosario.com.br\/atacado\/wp-json\/wp\/v2\/product\/1892"}],"collection":[{"href":"https:\/\/selariarosario.com.br\/atacado\/wp-json\/wp\/v2\/product"}],"about":[{"href":"https:\/\/selariarosario.com.br\/atacado\/wp-json\/wp\/v2\/types\/product"}],"wp:featuredmedia":[{"embeddable":true,"href":"https:\/\/selariarosario.com.br\/atacado\/wp-json\/wp\/v2\/media\/1501"}],"wp:attachment":[{"href":"https:\/\/selariarosario.com.br\/atacado\/wp-json\/wp\/v2\/media?parent=1892"}],"wp:term":[{"taxonomy":"product_cat","embeddable":true,"href":"https:\/\/selariarosario.com.br\/atacado\/wp-json\/wp\/v2\/product_cat?post=1892"},{"taxonomy":"product_tag","embeddable":true,"href":"https:\/\/selariarosario.com.br\/atacado\/wp-json\/wp\/v2\/product_tag?post=1892"}],"curies":[{"name":"wp","href":"https:\/\/api.w.org\/{rel}","templated":true}]}}