{"id":1893,"date":"2024-01-18T12:04:38","date_gmt":"2024-01-18T15:04:38","guid":{"rendered":"https:\/\/selariarosario.com.br\/atacado\/?post_type=product&#038;p=1893"},"modified":"2024-01-18T12:04:42","modified_gmt":"2024-01-18T15:04:42","slug":"bainhas-para-facao-sr-2","status":"publish","type":"product","link":"https:\/\/selariarosario.com.br\/atacado\/produto\/bainhas-para-facao-sr-2\/","title":{"rendered":"Bainhas para fac\u00e3o SR"},"content":{"rendered":"<p>Bainhas para fac\u00e3o SR<\/p>\n<p>Bainhas para fac\u00e3o SR s\u00e3o fabricadas em couro leg\u00edtimo. Possui suporte para ser colocar no cinto. Produto ideal para trabalho no campo.<br \/>\n<strong>Importante:<\/strong> As medidas s\u00e3o <strong>em polegadas\u00a0<\/strong>respeitando o comprimento da l\u00e2mina, &#8220;sem o cabo&#8221;.<\/p>\n<p><label class=\"control-label option_title63\"><b>Tamanho em Polegadas conforme abaixo:<\/b><\/label><\/p>\n<ul class=\"list-inline product_options_list\" data-option-id=\"63\" data-option-name=\"Tamanho em Polegadas\" data-product-option-id=\"3443\" data-principal=\"1\" data-option-required=\"1\">\n<li class=\"sizes size-6363 \" title=\"10 Polegadas \" data-toggle=\"popover\" data-content=\"mor|0\" data-product-option-id=\"3443\" data-product-option-value-id=\"6363\" data-option-id=\"63\" data-option-value-id=\"17508\" data-option-stock-type=\"warn_me\" data-option-package=\"0\">10 Polegadas<\/li>\n<li class=\"sizes size-6364 \" title=\"12 Polegadas \" data-toggle=\"popover\" data-content=\"mor|2.00\" data-product-option-id=\"3443\" data-product-option-value-id=\"6364\" data-option-id=\"63\" data-option-value-id=\"17509\" data-option-stock-type=\"warn_me\" data-option-package=\"0\">12 Polegadas<\/li>\n<li class=\"sizes size-6365 \" title=\"14 Polegadas \" data-toggle=\"popover\" data-content=\"mor|4.00\" data-product-option-id=\"3443\" data-product-option-value-id=\"6365\" data-option-id=\"63\" data-option-value-id=\"17510\" data-option-stock-type=\"warn_me\" data-option-package=\"0\">14 Polegadas<\/li>\n<li class=\"sizes size-6366 \" title=\"16 Polegadas \" data-toggle=\"popover\" data-content=\"mor|6.00\" data-product-option-id=\"3443\" data-product-option-value-id=\"6366\" data-option-id=\"63\" data-option-value-id=\"17511\" data-option-stock-type=\"warn_me\" data-option-package=\"0\">16 Polegadas<\/li>\n<li class=\"sizes size-6367 \" title=\"18 Polegadas \" data-toggle=\"popover\" data-content=\"mor|8.00\" data-product-option-id=\"3443\" data-product-option-value-id=\"6367\" data-option-id=\"63\" data-option-value-id=\"17512\" data-option-stock-type=\"warn_me\" data-option-package=\"0\">18 Polegadas<\/li>\n<li class=\"sizes size-6368 \" title=\"20 Polegadas \" data-toggle=\"popover\" data-content=\"mor|10.00\" data-product-option-id=\"3443\" data-product-option-value-id=\"6368\" data-option-id=\"63\" data-option-value-id=\"17513\" data-option-stock-type=\"warn_me\" data-option-package=\"0\">20 Polegadas<\/li>\n<\/ul>\n<p>Afinal, o que \u00e9 a bainha da faca? Como mencionamos,\u00a0<b>a bainha tem a fun\u00e7\u00e3o de conservar o corte da faca, proteger e ajudar a conservar a l\u00e2mina contra as a\u00e7\u00f5es do tempo, al\u00e9m de facilitar o transporte com seguran\u00e7a desses objetos<\/b>.<\/p>\n<div data-hveid=\"CB4QAQ\">\n<div class=\"dnXCYb\" tabindex=\"0\" role=\"button\" aria-controls=\"_qpI6ZdulD-K-5OUPs4-7yA8_63\" aria-expanded=\"true\">\n<div class=\"JlqpRe\"><span class=\"JCzEY ZwRhJd\"><span class=\"CSkcDe\">Para que serve uma bainha?<\/span><\/span><\/div>\n<div class=\"aj35ze\"><\/div>\n<div class=\"L3Ezfd\" data-ved=\"2ahUKEwjbormDkJSCAxViH7kGHbPHDvkQuk56BAgeEAI\"><\/div>\n<\/div>\n<\/div>\n<div id=\"_qpI6ZdulD-K-5OUPs4-7yA8_63\" class=\"bCOlv\" data-ved=\"2ahUKEwjbormDkJSCAxViH7kGHbPHDvkQ7NUEegQIHhAE\">\n<div class=\"IZE3Td\">\n<div class=\"t0bRye r2fjmd\" data-hveid=\"CB4QBQ\" data-ved=\"2ahUKEwjbormDkJSCAxViH7kGHbPHDvkQu04oAHoECB4QBQ\">\n<div id=\"qpI6ZdulD-K-5OUPs4-7yA8__33\">\n<div class=\"wDYxhc\" data-md=\"61\">\n<div class=\"LGOjhe\" role=\"heading\" data-attrid=\"wa:\/description\" aria-level=\"3\" data-hveid=\"CCAQAA\"><span class=\"ILfuVd\" lang=\"pt\"><span class=\"hgKElc\">Uma bainha (no contexto de armas brancas)\u00a0<b>\u00e9 um estojo para segurar ou proteger uma espada, faca ou outra grande l\u00e2mina<\/b>. Bainhas foram feitas de muitos materiais ao longo dos mil\u00eanios, tais como couro, madeira, e metais, tais como lat\u00e3o ou a\u00e7o.<\/span><\/span><\/div>\n<div role=\"heading\" data-attrid=\"wa:\/description\" aria-level=\"3\" data-hveid=\"CCAQAA\">\n<p>As Bainhas s\u00e3o conhecidas por serem uma esp\u00e9cie de estojo utilizado para armazenar as ferramentas de corte. Apesar de parecerem ser apenas um acess\u00f3rio ou adorno, as Bainhas al\u00e9m de protegerem e conservarem as l\u00e2minas contra as a\u00e7\u00f5es do tempo, elas garantem maior durabilidade aos equipamentos e seguran\u00e7a em seu transporte.<\/p>\n<p>Conforme lista segue alguns motivos para utilizar bainhas em suas ferramentas de corte:<\/p>\n<ul>\n<li><strong>Conserva\u00e7\u00e3o:<\/strong> As bainhas s\u00e3o importantes para a conserva\u00e7\u00e3o dos equipamentos de corte al\u00e9m de ajudar a preservar o corte e proteger a l\u00e2mina contra a a\u00e7\u00e3o do tempo.<\/li>\n<li><strong>Seguran\u00e7a:\u00a0<\/strong>As bainhas s\u00e3o para oferecer um desempenho perfeito para que voc\u00ea possa carregar suas ferramentas de corte em seguran\u00e7a e para proteger seu corpo da l\u00e2mina, afinal, n\u00e3o \u00e9 aconselh\u00e1vel carregar uma ferramenta de corte sem prote\u00e7\u00e3o.<\/li>\n<li><strong>Versatilidade:<\/strong> Ao usar a bainha voc\u00ea ter\u00e1 seu equipamento acess\u00edvel e pr\u00f3ximo de voc\u00ea quando voc\u00ea precisar dele.<\/li>\n<\/ul>\n<p>&nbsp;<\/p>\n<\/div>\n<\/div>\n<\/div>\n<\/div>\n<\/div>\n<\/div>\n","protected":false},"excerpt":{"rendered":"<p>Bainhas para fac\u00e3o SR Bainhas para fac\u00e3o SR s\u00e3o fabricadas em couro leg\u00edtimo. Possui suporte para ser colocar no cinto. Produto ideal para trabalho no campo. Importante: As medidas s\u00e3o em polegadas\u00a0respeitando o comprimento da l\u00e2mina, &#8220;sem o cabo&#8221;. Tamanho em Polegadas conforme abaixo: 10 Polegadas 12 Polegadas 14 Polegadas 16 Polegadas 18 Polegadas 20 [&hellip;]<\/p>\n","protected":false},"featured_media":1504,"template":"","meta":[],"product_cat":[35,43,44],"product_tag":[],"yoast_head":"<!-- This site is optimized with the Yoast SEO plugin v16.7 - https:\/\/yoast.com\/wordpress\/plugins\/seo\/ -->\n<title>Bainhas para fac\u00e3o SR<\/title>\n<meta name=\"description\" content=\"Bainhas para fac\u00e3o SR t\u00eam a fun\u00e7\u00e3o de conservar o corte da faca, proteger e ajudar a conservar a l\u00e2mina contra as a\u00e7\u00f5es do tempo.\" \/>\n<meta name=\"robots\" content=\"index, follow, max-snippet:-1, max-image-preview:large, max-video-preview:-1\" \/>\n<link rel=\"canonical\" href=\"https:\/\/selariarosario.com.br\/atacado\/produto\/bainhas-para-facao-sr-2\/\" \/>\n<meta property=\"og:locale\" content=\"pt_BR\" \/>\n<meta property=\"og:type\" content=\"article\" \/>\n<meta property=\"og:title\" content=\"Bainhas para fac\u00e3o SR\" \/>\n<meta property=\"og:description\" content=\"Bainhas para fac\u00e3o SR t\u00eam a fun\u00e7\u00e3o de conservar o corte da faca, proteger e ajudar a conservar a l\u00e2mina contra as a\u00e7\u00f5es do tempo.\" \/>\n<meta property=\"og:url\" content=\"https:\/\/selariarosario.com.br\/atacado\/produto\/bainhas-para-facao-sr-2\/\" \/>\n<meta property=\"og:site_name\" content=\"Selaria Rosario\" \/>\n<meta property=\"article:modified_time\" content=\"2024-01-18T15:04:42+00:00\" \/>\n<meta name=\"twitter:card\" content=\"summary_large_image\" \/>\n<meta name=\"twitter:label1\" content=\"Est. tempo de leitura\" \/>\n\t<meta name=\"twitter:data1\" content=\"2 minutos\" \/>\n<script type=\"application\/ld+json\" class=\"yoast-schema-graph\">{\"@context\":\"https:\/\/schema.org\",\"@graph\":[{\"@type\":\"WebSite\",\"@id\":\"https:\/\/selariarosario.com.br\/atacado\/#website\",\"url\":\"https:\/\/selariarosario.com.br\/atacado\/\",\"name\":\"Selaria Rosario\",\"description\":\"\",\"potentialAction\":[{\"@type\":\"SearchAction\",\"target\":{\"@type\":\"EntryPoint\",\"urlTemplate\":\"https:\/\/selariarosario.com.br\/atacado\/?s={search_term_string}\"},\"query-input\":\"required name=search_term_string\"}],\"inLanguage\":\"pt-BR\"},{\"@type\":\"ImageObject\",\"@id\":\"https:\/\/selariarosario.com.br\/atacado\/produto\/bainhas-para-facao-sr-2\/#primaryimage\",\"inLanguage\":\"pt-BR\",\"url\":\"https:\/\/selariarosario.com.br\/atacado\/wp-content\/uploads\/2024\/01\/BAINHAS-PARA-FACAO.jpg\",\"contentUrl\":\"https:\/\/selariarosario.com.br\/atacado\/wp-content\/uploads\/2024\/01\/BAINHAS-PARA-FACAO.jpg\",\"width\":1200,\"height\":1200},{\"@type\":\"WebPage\",\"@id\":\"https:\/\/selariarosario.com.br\/atacado\/produto\/bainhas-para-facao-sr-2\/#webpage\",\"url\":\"https:\/\/selariarosario.com.br\/atacado\/produto\/bainhas-para-facao-sr-2\/\",\"name\":\"Bainhas para fac\\u00e3o SR\",\"isPartOf\":{\"@id\":\"https:\/\/selariarosario.com.br\/atacado\/#website\"},\"primaryImageOfPage\":{\"@id\":\"https:\/\/selariarosario.com.br\/atacado\/produto\/bainhas-para-facao-sr-2\/#primaryimage\"},\"datePublished\":\"2024-01-18T15:04:38+00:00\",\"dateModified\":\"2024-01-18T15:04:42+00:00\",\"description\":\"Bainhas para fac\\u00e3o SR t\\u00eam a fun\\u00e7\\u00e3o de conservar o corte da faca, proteger e ajudar a conservar a l\\u00e2mina contra as a\\u00e7\\u00f5es do tempo.\",\"breadcrumb\":{\"@id\":\"https:\/\/selariarosario.com.br\/atacado\/produto\/bainhas-para-facao-sr-2\/#breadcrumb\"},\"inLanguage\":\"pt-BR\",\"potentialAction\":[{\"@type\":\"ReadAction\",\"target\":[\"https:\/\/selariarosario.com.br\/atacado\/produto\/bainhas-para-facao-sr-2\/\"]}]},{\"@type\":\"BreadcrumbList\",\"@id\":\"https:\/\/selariarosario.com.br\/atacado\/produto\/bainhas-para-facao-sr-2\/#breadcrumb\",\"itemListElement\":[{\"@type\":\"ListItem\",\"position\":1,\"name\":\"In\\u00edcio\",\"item\":\"https:\/\/selariarosario.com.br\/atacado\/\"},{\"@type\":\"ListItem\",\"position\":2,\"name\":\"Produtos\",\"item\":\"https:\/\/selariarosario.com.br\/atacado\/produtos\/\"},{\"@type\":\"ListItem\",\"position\":3,\"name\":\"Bainhas para fac\\u00e3o SR\"}]}]}<\/script>\n<!-- \/ Yoast SEO plugin. -->","yoast_head_json":{"title":"Bainhas para fac\u00e3o SR","description":"Bainhas para fac\u00e3o SR t\u00eam a fun\u00e7\u00e3o de conservar o corte da faca, proteger e ajudar a conservar a l\u00e2mina contra as a\u00e7\u00f5es do tempo.","robots":{"index":"index","follow":"follow","max-snippet":"max-snippet:-1","max-image-preview":"max-image-preview:large","max-video-preview":"max-video-preview:-1"},"canonical":"https:\/\/selariarosario.com.br\/atacado\/produto\/bainhas-para-facao-sr-2\/","og_locale":"pt_BR","og_type":"article","og_title":"Bainhas para fac\u00e3o SR","og_description":"Bainhas para fac\u00e3o SR t\u00eam a fun\u00e7\u00e3o de conservar o corte da faca, proteger e ajudar a conservar a l\u00e2mina contra as a\u00e7\u00f5es do tempo.","og_url":"https:\/\/selariarosario.com.br\/atacado\/produto\/bainhas-para-facao-sr-2\/","og_site_name":"Selaria Rosario","article_modified_time":"2024-01-18T15:04:42+00:00","twitter_card":"summary_large_image","twitter_misc":{"Est. tempo de leitura":"2 minutos"},"schema":{"@context":"https:\/\/schema.org","@graph":[{"@type":"WebSite","@id":"https:\/\/selariarosario.com.br\/atacado\/#website","url":"https:\/\/selariarosario.com.br\/atacado\/","name":"Selaria Rosario","description":"","potentialAction":[{"@type":"SearchAction","target":{"@type":"EntryPoint","urlTemplate":"https:\/\/selariarosario.com.br\/atacado\/?s={search_term_string}"},"query-input":"required name=search_term_string"}],"inLanguage":"pt-BR"},{"@type":"ImageObject","@id":"https:\/\/selariarosario.com.br\/atacado\/produto\/bainhas-para-facao-sr-2\/#primaryimage","inLanguage":"pt-BR","url":"https:\/\/selariarosario.com.br\/atacado\/wp-content\/uploads\/2024\/01\/BAINHAS-PARA-FACAO.jpg","contentUrl":"https:\/\/selariarosario.com.br\/atacado\/wp-content\/uploads\/2024\/01\/BAINHAS-PARA-FACAO.jpg","width":1200,"height":1200},{"@type":"WebPage","@id":"https:\/\/selariarosario.com.br\/atacado\/produto\/bainhas-para-facao-sr-2\/#webpage","url":"https:\/\/selariarosario.com.br\/atacado\/produto\/bainhas-para-facao-sr-2\/","name":"Bainhas para fac\u00e3o SR","isPartOf":{"@id":"https:\/\/selariarosario.com.br\/atacado\/#website"},"primaryImageOfPage":{"@id":"https:\/\/selariarosario.com.br\/atacado\/produto\/bainhas-para-facao-sr-2\/#primaryimage"},"datePublished":"2024-01-18T15:04:38+00:00","dateModified":"2024-01-18T15:04:42+00:00","description":"Bainhas para fac\u00e3o SR t\u00eam a fun\u00e7\u00e3o de conservar o corte da faca, proteger e ajudar a conservar a l\u00e2mina contra as a\u00e7\u00f5es do tempo.","breadcrumb":{"@id":"https:\/\/selariarosario.com.br\/atacado\/produto\/bainhas-para-facao-sr-2\/#breadcrumb"},"inLanguage":"pt-BR","potentialAction":[{"@type":"ReadAction","target":["https:\/\/selariarosario.com.br\/atacado\/produto\/bainhas-para-facao-sr-2\/"]}]},{"@type":"BreadcrumbList","@id":"https:\/\/selariarosario.com.br\/atacado\/produto\/bainhas-para-facao-sr-2\/#breadcrumb","itemListElement":[{"@type":"ListItem","position":1,"name":"In\u00edcio","item":"https:\/\/selariarosario.com.br\/atacado\/"},{"@type":"ListItem","position":2,"name":"Produtos","item":"https:\/\/selariarosario.com.br\/atacado\/produtos\/"},{"@type":"ListItem","position":3,"name":"Bainhas para fac\u00e3o SR"}]}]}},"_links":{"self":[{"href":"https:\/\/selariarosario.com.br\/atacado\/wp-json\/wp\/v2\/product\/1893"}],"collection":[{"href":"https:\/\/selariarosario.com.br\/atacado\/wp-json\/wp\/v2\/product"}],"about":[{"href":"https:\/\/selariarosario.com.br\/atacado\/wp-json\/wp\/v2\/types\/product"}],"wp:featuredmedia":[{"embeddable":true,"href":"https:\/\/selariarosario.com.br\/atacado\/wp-json\/wp\/v2\/media\/1504"}],"wp:attachment":[{"href":"https:\/\/selariarosario.com.br\/atacado\/wp-json\/wp\/v2\/media?parent=1893"}],"wp:term":[{"taxonomy":"product_cat","embeddable":true,"href":"https:\/\/selariarosario.com.br\/atacado\/wp-json\/wp\/v2\/product_cat?post=1893"},{"taxonomy":"product_tag","embeddable":true,"href":"https:\/\/selariarosario.com.br\/atacado\/wp-json\/wp\/v2\/product_tag?post=1893"}],"curies":[{"name":"wp","href":"https:\/\/api.w.org\/{rel}","templated":true}]}}