{"id":1895,"date":"2024-01-18T12:04:43","date_gmt":"2024-01-18T15:04:43","guid":{"rendered":"https:\/\/selariarosario.com.br\/atacado\/?post_type=product&#038;p=1895"},"modified":"2024-01-18T12:04:47","modified_gmt":"2024-01-18T15:04:47","slug":"couro-de-bode-sr","status":"publish","type":"product","link":"https:\/\/selariarosario.com.br\/atacado\/produto\/couro-de-bode-sr\/","title":{"rendered":"Couro de bode SR"},"content":{"rendered":"<div class=\"line\">\n<p>Couro de bode SR\u00a0 Tamanho: 90 cm de comprimento x 60 cm . Como se trata de uma pele natural poder\u00e1 haver varia\u00e7\u00f5es na cor do produto.<br \/>\nCouro de bode, tratado natural, utilizado para montaria. Produto altamente resistente, confort\u00e1vel e bonito, pode us\u00e1-lo como objeto de decora\u00e7\u00e3o.<\/p>\n<p class=\"title big\"><strong>Medidas Aproximadas:\u00a0<\/strong><\/p>\n<\/div>\n<div class=\"paddingbox\">\n<div><strong>Comprimento: 65\u00a0cm;<\/strong><br \/>\n<strong>Largura:\u00a055 cm;<\/strong><\/div>\n<div><span class=\"ILfuVd\" lang=\"pt\"><span class=\"hgKElc\">Obs: Por se tratar de um produto natural, existem varia\u00e7\u00f5es de tamanho e cor.<\/span><\/span><\/div>\n<div>\n<div class=\"fbits-produto-informacoes-extras\">\n<div data-componente-fbits-id=\"56\" data-componente-fbits-config=\"\">\n<div class=\"infoProd\"><\/div>\n<\/div>\n<\/div>\n<div id=\"avaliacao-Produto\" class=\"avaliacao-Produto\" data-componente-fbits-id=\"23\" data-componente-fbits-config=\"titulo: Opini\u00f5es sobre o produto\">\n<div class=\"divOpinioes\">\n<div data-hveid=\"CA4QAQ\">\n<div class=\"dnXCYb\" tabindex=\"0\" role=\"button\" aria-controls=\"_vmI5ZdCfJYLJ1sQPvL2zqA4_40\" aria-expanded=\"true\">\n<div class=\"JlqpRe\"><span class=\"JCzEY ZwRhJd\"><span class=\"CSkcDe\">Para que serve ?<\/span><\/span><\/div>\n<div class=\"L3Ezfd\" data-ved=\"2ahUKEwjQ9uOX7pGCAxWCpJUCHbzeDOUQuk56BAgOEAI\">\u00a0 I<b>ndicado para montaria!<\/b>\u00a0<b>Utilizado para evitar danos ao animal, e tamb\u00e9m para que o suor do mesmo n\u00e3o passe para a sela ou baixeiro.<\/b><\/div>\n<\/div>\n<\/div>\n<div id=\"_vmI5ZdCfJYLJ1sQPvL2zqA4_40\" class=\"bCOlv\" data-ved=\"2ahUKEwjQ9uOX7pGCAxWCpJUCHbzeDOUQ7NUEegQIDhAE\">\n<div class=\"IZE3Td\">\n<div class=\"t0bRye r2fjmd\" data-hveid=\"CA4QBQ\" data-ved=\"2ahUKEwjQ9uOX7pGCAxWCpJUCHbzeDOUQu04oAHoECA4QBQ\">\n<div id=\"vmI5ZdCfJYLJ1sQPvL2zqA4__9\">\n<div class=\"wDYxhc\" data-md=\"61\">\n<div class=\"LGOjhe\" role=\"heading\" data-attrid=\"wa:\/description\" aria-level=\"3\" data-hveid=\"CBMQAA\"><\/div>\n<div role=\"heading\" data-attrid=\"wa:\/description\" aria-level=\"3\" data-hveid=\"CBMQAA\">\n<p>ELE\u00a0 possui caracter\u00edsticas \u00fanicas, como um aspecto r\u00fastico e um pouco mais grosso que outros tipos de couro. Ele tamb\u00e9m \u00e9 geralmente mais flex\u00edvel e male\u00e1vel, o que facilita seu manuseio e confec\u00e7\u00e3o de produtos.<\/p>\n<p>Al\u00e9m disso, o couro de bode tende a ter uma textura mais \u00e1spera e porosa, o que pode conferir um visual diferenciado \u00e0s pe\u00e7as de couro feitas com esse material.<\/p>\n<p>O couro de bode tamb\u00e9m tem grande valor por seu apelo sustent\u00e1vel, j\u00e1 que \u00e9 obtido a partir da cria\u00e7\u00e3o de animais principalmente para a produ\u00e7\u00e3o de carne, leite e l\u00e3. Utilizar seu couro ajuda a aproveitar ao m\u00e1ximo todas as partes do animal, evitando desperd\u00edcios.<\/p>\n<\/div>\n<\/div>\n<\/div>\n<\/div>\n<\/div>\n<\/div>\n<div class=\"paddingbox\">\n<div class=\"paddingbox\">\n<div>\n<p>Marca: Selaria Ros\u00e1rio<\/p>\n<\/div>\n<\/div>\n<\/div>\n<\/div>\n<\/div>\n<\/div>\n<\/div>\n","protected":false},"excerpt":{"rendered":"<div class=\"line\">\n<h3 class=\"title big\"><strong><span style=\"font-size: 16px;\">Manta Couro de bode curtida e tratado natural, utilizado na montaria. Produto muito utilizado como objeto decorativo. Como todo produto artesanal, pode ter varia\u00e7\u00f5es nas cores e no tamanho.<\/span><\/strong><\/h3>\n<\/div>\n<div class=\"paddingbox\">\n<div><strong>Medidas Aproximadas:\u00a0<\/strong><br \/>\n<strong>Comprimento: 65\u00a0cm;<\/strong><br \/>\n<strong>Largura:\u00a055 cm;<\/strong><\/div>\n<\/div>\n","protected":false},"featured_media":1507,"template":"","meta":[],"product_cat":[36,42],"product_tag":[],"yoast_head":"<!-- This site is optimized with the Yoast SEO plugin v16.7 - https:\/\/yoast.com\/wordpress\/plugins\/seo\/ -->\n<title>Couro de bode SR<\/title>\n<meta name=\"description\" content=\"Couro de bode SR possui caracter\u00edsticas \u00fanicas, como um aspecto r\u00fastico e um pouco mais grosso que outros tipos de couro.\" \/>\n<meta name=\"robots\" content=\"index, follow, max-snippet:-1, max-image-preview:large, max-video-preview:-1\" \/>\n<link rel=\"canonical\" href=\"https:\/\/selariarosario.com.br\/atacado\/produto\/couro-de-bode-sr\/\" \/>\n<meta property=\"og:locale\" content=\"pt_BR\" \/>\n<meta property=\"og:type\" content=\"article\" \/>\n<meta property=\"og:title\" content=\"Couro de bode SR\" \/>\n<meta property=\"og:description\" content=\"Couro de bode SR possui caracter\u00edsticas \u00fanicas, como um aspecto r\u00fastico e um pouco mais grosso que outros tipos de couro.\" \/>\n<meta property=\"og:url\" content=\"https:\/\/selariarosario.com.br\/atacado\/produto\/couro-de-bode-sr\/\" \/>\n<meta property=\"og:site_name\" content=\"Selaria Rosario\" \/>\n<meta property=\"article:modified_time\" content=\"2024-01-18T15:04:47+00:00\" \/>\n<meta name=\"twitter:card\" content=\"summary_large_image\" \/>\n<meta name=\"twitter:label1\" content=\"Est. tempo de leitura\" \/>\n\t<meta name=\"twitter:data1\" content=\"2 minutos\" \/>\n<script type=\"application\/ld+json\" class=\"yoast-schema-graph\">{\"@context\":\"https:\/\/schema.org\",\"@graph\":[{\"@type\":\"WebSite\",\"@id\":\"https:\/\/selariarosario.com.br\/atacado\/#website\",\"url\":\"https:\/\/selariarosario.com.br\/atacado\/\",\"name\":\"Selaria Rosario\",\"description\":\"\",\"potentialAction\":[{\"@type\":\"SearchAction\",\"target\":{\"@type\":\"EntryPoint\",\"urlTemplate\":\"https:\/\/selariarosario.com.br\/atacado\/?s={search_term_string}\"},\"query-input\":\"required name=search_term_string\"}],\"inLanguage\":\"pt-BR\"},{\"@type\":\"ImageObject\",\"@id\":\"https:\/\/selariarosario.com.br\/atacado\/produto\/couro-de-bode-sr\/#primaryimage\",\"inLanguage\":\"pt-BR\",\"url\":\"https:\/\/selariarosario.com.br\/atacado\/wp-content\/uploads\/2024\/01\/COURO-DE-BODE-1.jpg\",\"contentUrl\":\"https:\/\/selariarosario.com.br\/atacado\/wp-content\/uploads\/2024\/01\/COURO-DE-BODE-1.jpg\",\"width\":1840,\"height\":1536},{\"@type\":\"WebPage\",\"@id\":\"https:\/\/selariarosario.com.br\/atacado\/produto\/couro-de-bode-sr\/#webpage\",\"url\":\"https:\/\/selariarosario.com.br\/atacado\/produto\/couro-de-bode-sr\/\",\"name\":\"Couro de bode SR\",\"isPartOf\":{\"@id\":\"https:\/\/selariarosario.com.br\/atacado\/#website\"},\"primaryImageOfPage\":{\"@id\":\"https:\/\/selariarosario.com.br\/atacado\/produto\/couro-de-bode-sr\/#primaryimage\"},\"datePublished\":\"2024-01-18T15:04:43+00:00\",\"dateModified\":\"2024-01-18T15:04:47+00:00\",\"description\":\"Couro de bode SR possui caracter\\u00edsticas \\u00fanicas, como um aspecto r\\u00fastico e um pouco mais grosso que outros tipos de couro.\",\"breadcrumb\":{\"@id\":\"https:\/\/selariarosario.com.br\/atacado\/produto\/couro-de-bode-sr\/#breadcrumb\"},\"inLanguage\":\"pt-BR\",\"potentialAction\":[{\"@type\":\"ReadAction\",\"target\":[\"https:\/\/selariarosario.com.br\/atacado\/produto\/couro-de-bode-sr\/\"]}]},{\"@type\":\"BreadcrumbList\",\"@id\":\"https:\/\/selariarosario.com.br\/atacado\/produto\/couro-de-bode-sr\/#breadcrumb\",\"itemListElement\":[{\"@type\":\"ListItem\",\"position\":1,\"name\":\"In\\u00edcio\",\"item\":\"https:\/\/selariarosario.com.br\/atacado\/\"},{\"@type\":\"ListItem\",\"position\":2,\"name\":\"Produtos\",\"item\":\"https:\/\/selariarosario.com.br\/atacado\/produtos\/\"},{\"@type\":\"ListItem\",\"position\":3,\"name\":\"Couro de bode SR\"}]}]}<\/script>\n<!-- \/ Yoast SEO plugin. -->","yoast_head_json":{"title":"Couro de bode SR","description":"Couro de bode SR possui caracter\u00edsticas \u00fanicas, como um aspecto r\u00fastico e um pouco mais grosso que outros tipos de couro.","robots":{"index":"index","follow":"follow","max-snippet":"max-snippet:-1","max-image-preview":"max-image-preview:large","max-video-preview":"max-video-preview:-1"},"canonical":"https:\/\/selariarosario.com.br\/atacado\/produto\/couro-de-bode-sr\/","og_locale":"pt_BR","og_type":"article","og_title":"Couro de bode SR","og_description":"Couro de bode SR possui caracter\u00edsticas \u00fanicas, como um aspecto r\u00fastico e um pouco mais grosso que outros tipos de couro.","og_url":"https:\/\/selariarosario.com.br\/atacado\/produto\/couro-de-bode-sr\/","og_site_name":"Selaria Rosario","article_modified_time":"2024-01-18T15:04:47+00:00","twitter_card":"summary_large_image","twitter_misc":{"Est. tempo de leitura":"2 minutos"},"schema":{"@context":"https:\/\/schema.org","@graph":[{"@type":"WebSite","@id":"https:\/\/selariarosario.com.br\/atacado\/#website","url":"https:\/\/selariarosario.com.br\/atacado\/","name":"Selaria Rosario","description":"","potentialAction":[{"@type":"SearchAction","target":{"@type":"EntryPoint","urlTemplate":"https:\/\/selariarosario.com.br\/atacado\/?s={search_term_string}"},"query-input":"required name=search_term_string"}],"inLanguage":"pt-BR"},{"@type":"ImageObject","@id":"https:\/\/selariarosario.com.br\/atacado\/produto\/couro-de-bode-sr\/#primaryimage","inLanguage":"pt-BR","url":"https:\/\/selariarosario.com.br\/atacado\/wp-content\/uploads\/2024\/01\/COURO-DE-BODE-1.jpg","contentUrl":"https:\/\/selariarosario.com.br\/atacado\/wp-content\/uploads\/2024\/01\/COURO-DE-BODE-1.jpg","width":1840,"height":1536},{"@type":"WebPage","@id":"https:\/\/selariarosario.com.br\/atacado\/produto\/couro-de-bode-sr\/#webpage","url":"https:\/\/selariarosario.com.br\/atacado\/produto\/couro-de-bode-sr\/","name":"Couro de bode SR","isPartOf":{"@id":"https:\/\/selariarosario.com.br\/atacado\/#website"},"primaryImageOfPage":{"@id":"https:\/\/selariarosario.com.br\/atacado\/produto\/couro-de-bode-sr\/#primaryimage"},"datePublished":"2024-01-18T15:04:43+00:00","dateModified":"2024-01-18T15:04:47+00:00","description":"Couro de bode SR possui caracter\u00edsticas \u00fanicas, como um aspecto r\u00fastico e um pouco mais grosso que outros tipos de couro.","breadcrumb":{"@id":"https:\/\/selariarosario.com.br\/atacado\/produto\/couro-de-bode-sr\/#breadcrumb"},"inLanguage":"pt-BR","potentialAction":[{"@type":"ReadAction","target":["https:\/\/selariarosario.com.br\/atacado\/produto\/couro-de-bode-sr\/"]}]},{"@type":"BreadcrumbList","@id":"https:\/\/selariarosario.com.br\/atacado\/produto\/couro-de-bode-sr\/#breadcrumb","itemListElement":[{"@type":"ListItem","position":1,"name":"In\u00edcio","item":"https:\/\/selariarosario.com.br\/atacado\/"},{"@type":"ListItem","position":2,"name":"Produtos","item":"https:\/\/selariarosario.com.br\/atacado\/produtos\/"},{"@type":"ListItem","position":3,"name":"Couro de bode SR"}]}]}},"_links":{"self":[{"href":"https:\/\/selariarosario.com.br\/atacado\/wp-json\/wp\/v2\/product\/1895"}],"collection":[{"href":"https:\/\/selariarosario.com.br\/atacado\/wp-json\/wp\/v2\/product"}],"about":[{"href":"https:\/\/selariarosario.com.br\/atacado\/wp-json\/wp\/v2\/types\/product"}],"wp:featuredmedia":[{"embeddable":true,"href":"https:\/\/selariarosario.com.br\/atacado\/wp-json\/wp\/v2\/media\/1507"}],"wp:attachment":[{"href":"https:\/\/selariarosario.com.br\/atacado\/wp-json\/wp\/v2\/media?parent=1895"}],"wp:term":[{"taxonomy":"product_cat","embeddable":true,"href":"https:\/\/selariarosario.com.br\/atacado\/wp-json\/wp\/v2\/product_cat?post=1895"},{"taxonomy":"product_tag","embeddable":true,"href":"https:\/\/selariarosario.com.br\/atacado\/wp-json\/wp\/v2\/product_tag?post=1895"}],"curies":[{"name":"wp","href":"https:\/\/api.w.org\/{rel}","templated":true}]}}