{"id":1898,"date":"2024-01-18T12:04:44","date_gmt":"2024-01-18T15:04:44","guid":{"rendered":"https:\/\/selariarosario.com.br\/atacado\/?post_type=product&#038;p=1898"},"modified":"2024-01-18T12:04:47","modified_gmt":"2024-01-18T15:04:47","slug":"manta-neoprene-vermelho-sr","status":"publish","type":"product","link":"https:\/\/selariarosario.com.br\/atacado\/produto\/manta-neoprene-vermelho-sr\/","title":{"rendered":"Manta Neoprene vermelho SR"},"content":{"rendered":"<div class=\"fbits-produto-informacoes-extras\">\n<div data-componente-fbits-id=\"56\" data-componente-fbits-config=\"\">\n<div class=\"infoProd\">\n<div class=\"paddingbox\">\n<div class=\"fbits-produto-informacoes-extras\">\n<div data-componente-fbits-id=\"56\" data-componente-fbits-config=\"\">\n<div class=\"infoProd\">\n<div class=\"line\">\n<p class=\"title big\">Manta Neoprene vermelho SR<\/p>\n<\/div>\n<div class=\"paddingbox\"><strong>Manta Neoprene vermelho SR\u00a0 feita em neoprene de alt\u00edssima qualidade na cor vermelha , modelo quadrado com espessura 1,5cm, indicada para selas de pista para alta performance. Possui 3 perfura\u00e7\u00f5es para passagem de ar que auxiliam o animal a transpirar de forma tranquila sem que aumente sua temperatura . Produto de alt\u00edssima qualidade e altamente confort\u00e1vel. Medidas Aproximadas(Aberta): Comprimento: 69cm; Largura: 67cm.<\/strong><\/div>\n<\/div>\n<div class=\"clear\"><\/div>\n<\/div>\n<\/div>\n<div id=\"avaliacao-Produto\" class=\"avaliacao-Produto\" data-componente-fbits-id=\"23\" data-componente-fbits-config=\"titulo: Opini\u00f5es sobre o produto\">\n<div class=\"divOpinioes\">\n<p id=\"fbits-lista-avaliacoes-titulo\" class=\"titleOpinioes\"><strong>Op\u00e7\u00f5es de cores conforme abaixo:<\/strong><\/p>\n<p class=\"titleOpinioes\"><strong>preto, marrom e vermelho<\/strong><\/p>\n<div class=\"paddingbox\">\n<div class=\"paddingbox\">\n<div>A manta em suas diferentes finalidades e mat\u00e9rias primas, serve como <b>prote\u00e7\u00e3o, amortecimento, conforto e suporte para uma sela<\/b>. Ainda tem outros benef\u00edcios, como absor\u00e7\u00e3o de impacto no dorso do animal, melhor desempenho,\u00a0 al\u00e9m de demonstrar resultados ortop\u00e9dicos quando necess\u00e1rios, entre outros. Portanto o\u00a0 objetivo era oferecer mais conforto para o cavaleiro. Por\u00e9m\u00a0 com o passar do tempo e mudan\u00e7a de mat\u00e9rias-primas na fabrica\u00e7\u00e3o, tornou-se um item aliado ao cavalo.<\/div>\n<div>Por isso ele deixa o cavalo mais bonito al\u00e9m de ser um est\u00edmulo para o cavaleiro.<\/div>\n<div>\u00c9 importante ressaltar que o uso da manta em cavalos deve se adequar e\u00a0 fazer com supervis\u00e3o de um profissional capacitado, levando em considera\u00e7\u00e3o as condi\u00e7\u00f5es e necessidades individuais de cada animal.<\/div>\n<div>\n<p>A fun\u00e7\u00e3o principal da\u00a0<strong>manta para cavalo\u00a0<\/strong>\u00e9 de prote\u00e7\u00e3o do animal, pois evita que a sela fa\u00e7a press\u00e3o demasiada em seu dorso e se mova, tornando-se desconfort\u00e1vel.\u00a0 Na d\u00e9cada de 70, a manta come\u00e7ou a us\u00e1-la como \u00fanico item de sela de equinos, era presa por uma corda ou cinto no animal.<\/p>\n<p>Marca: Selaria Ros\u00e1rio<\/p>\n<\/div>\n<\/div>\n<\/div>\n<\/div>\n<\/div>\n<\/div>\n<\/div>\n<\/div>\n<\/div>\n","protected":false},"excerpt":{"rendered":"<div class=\"fbits-produto-informacoes-extras\">\n<div data-componente-fbits-id=\"56\" data-componente-fbits-config=\"\">\n<div class=\"infoProd\">\n<div class=\"paddingbox\"><strong>Manta de Neoprene Original Mangalarga Marchador na cor vermelha de alt\u00edssima qualidade, modelo quadrado com espessura 1,5cm, indicada para selas de pista para alta performance. Possui 3 perfura\u00e7\u00f5es para passagem de ar que auxiliam o animal a transpirar de forma tranq\u00fcila sem que aumente sua temperatura e conseq\u00fcentemente diminua sua performance. Produto de alt\u00edssima qualidade e altamente confort\u00e1vel. Medidas Aproximadas(Aberta): Comprimento: 69cm; Largura: 67cm.<\/strong><\/div>\n<\/div>\n<div class=\"clear\"><\/div>\n<\/div>\n<\/div>\n<div id=\"avaliacao-Produto\" class=\"avaliacao-Produto\" data-componente-fbits-id=\"23\" data-componente-fbits-config=\"titulo: Opini\u00f5es sobre o produto\">\n<div class=\"divOpinioes\">\n<p id=\"fbits-lista-avaliacoes-titulo\" class=\"titleOpinioes\"><strong>Op\u00e7\u00f5es de cores:preto,marrom,vermelho<\/strong><\/p>\n<\/div>\n<\/div>\n","protected":false},"featured_media":1510,"template":"","meta":[],"product_cat":[35,38,36],"product_tag":[],"yoast_head":"<!-- This site is optimized with the Yoast SEO plugin v16.7 - https:\/\/yoast.com\/wordpress\/plugins\/seo\/ -->\n<title>Manta Neoprene vermelho SR<\/title>\n<meta name=\"description\" content=\"\u00a0Manta Neoprene vermelho SR serve como prote\u00e7\u00e3o, amortecimento, conforto e suporte para uma sela. Ainda tem outros benef\u00edcios, como absor\u00e7\u00e3o de impacto.\" \/>\n<meta name=\"robots\" content=\"index, follow, max-snippet:-1, max-image-preview:large, max-video-preview:-1\" \/>\n<link rel=\"canonical\" href=\"https:\/\/selariarosario.com.br\/atacado\/produto\/manta-neoprene-vermelho-sr\/\" \/>\n<meta property=\"og:locale\" content=\"pt_BR\" \/>\n<meta property=\"og:type\" content=\"article\" \/>\n<meta property=\"og:title\" content=\"Manta Neoprene vermelho SR\" \/>\n<meta property=\"og:description\" content=\"\u00a0Manta Neoprene vermelho SR serve como prote\u00e7\u00e3o, amortecimento, conforto e suporte para uma sela. Ainda tem outros benef\u00edcios, como absor\u00e7\u00e3o de impacto.\" \/>\n<meta property=\"og:url\" content=\"https:\/\/selariarosario.com.br\/atacado\/produto\/manta-neoprene-vermelho-sr\/\" \/>\n<meta property=\"og:site_name\" content=\"Selaria Rosario\" \/>\n<meta property=\"article:modified_time\" content=\"2024-01-18T15:04:47+00:00\" \/>\n<meta name=\"twitter:card\" content=\"summary_large_image\" \/>\n<meta name=\"twitter:label1\" content=\"Est. tempo de leitura\" \/>\n\t<meta name=\"twitter:data1\" content=\"2 minutos\" \/>\n<script type=\"application\/ld+json\" class=\"yoast-schema-graph\">{\"@context\":\"https:\/\/schema.org\",\"@graph\":[{\"@type\":\"WebSite\",\"@id\":\"https:\/\/selariarosario.com.br\/atacado\/#website\",\"url\":\"https:\/\/selariarosario.com.br\/atacado\/\",\"name\":\"Selaria Rosario\",\"description\":\"\",\"potentialAction\":[{\"@type\":\"SearchAction\",\"target\":{\"@type\":\"EntryPoint\",\"urlTemplate\":\"https:\/\/selariarosario.com.br\/atacado\/?s={search_term_string}\"},\"query-input\":\"required name=search_term_string\"}],\"inLanguage\":\"pt-BR\"},{\"@type\":\"ImageObject\",\"@id\":\"https:\/\/selariarosario.com.br\/atacado\/produto\/manta-neoprene-vermelho-sr\/#primaryimage\",\"inLanguage\":\"pt-BR\",\"url\":\"https:\/\/selariarosario.com.br\/atacado\/wp-content\/uploads\/2024\/01\/IMG_5243-1.jpg\",\"contentUrl\":\"https:\/\/selariarosario.com.br\/atacado\/wp-content\/uploads\/2024\/01\/IMG_5243-1.jpg\",\"width\":1200,\"height\":1200},{\"@type\":\"WebPage\",\"@id\":\"https:\/\/selariarosario.com.br\/atacado\/produto\/manta-neoprene-vermelho-sr\/#webpage\",\"url\":\"https:\/\/selariarosario.com.br\/atacado\/produto\/manta-neoprene-vermelho-sr\/\",\"name\":\"Manta Neoprene vermelho SR\",\"isPartOf\":{\"@id\":\"https:\/\/selariarosario.com.br\/atacado\/#website\"},\"primaryImageOfPage\":{\"@id\":\"https:\/\/selariarosario.com.br\/atacado\/produto\/manta-neoprene-vermelho-sr\/#primaryimage\"},\"datePublished\":\"2024-01-18T15:04:44+00:00\",\"dateModified\":\"2024-01-18T15:04:47+00:00\",\"description\":\"\\u00a0Manta Neoprene vermelho SR serve como prote\\u00e7\\u00e3o, amortecimento, conforto e suporte para uma sela. Ainda tem outros benef\\u00edcios, como absor\\u00e7\\u00e3o de impacto.\",\"breadcrumb\":{\"@id\":\"https:\/\/selariarosario.com.br\/atacado\/produto\/manta-neoprene-vermelho-sr\/#breadcrumb\"},\"inLanguage\":\"pt-BR\",\"potentialAction\":[{\"@type\":\"ReadAction\",\"target\":[\"https:\/\/selariarosario.com.br\/atacado\/produto\/manta-neoprene-vermelho-sr\/\"]}]},{\"@type\":\"BreadcrumbList\",\"@id\":\"https:\/\/selariarosario.com.br\/atacado\/produto\/manta-neoprene-vermelho-sr\/#breadcrumb\",\"itemListElement\":[{\"@type\":\"ListItem\",\"position\":1,\"name\":\"In\\u00edcio\",\"item\":\"https:\/\/selariarosario.com.br\/atacado\/\"},{\"@type\":\"ListItem\",\"position\":2,\"name\":\"Produtos\",\"item\":\"https:\/\/selariarosario.com.br\/atacado\/produtos\/\"},{\"@type\":\"ListItem\",\"position\":3,\"name\":\"Manta Neoprene vermelho SR\"}]}]}<\/script>\n<!-- \/ Yoast SEO plugin. -->","yoast_head_json":{"title":"Manta Neoprene vermelho SR","description":"\u00a0Manta Neoprene vermelho SR serve como prote\u00e7\u00e3o, amortecimento, conforto e suporte para uma sela. Ainda tem outros benef\u00edcios, como absor\u00e7\u00e3o de impacto.","robots":{"index":"index","follow":"follow","max-snippet":"max-snippet:-1","max-image-preview":"max-image-preview:large","max-video-preview":"max-video-preview:-1"},"canonical":"https:\/\/selariarosario.com.br\/atacado\/produto\/manta-neoprene-vermelho-sr\/","og_locale":"pt_BR","og_type":"article","og_title":"Manta Neoprene vermelho SR","og_description":"\u00a0Manta Neoprene vermelho SR serve como prote\u00e7\u00e3o, amortecimento, conforto e suporte para uma sela. Ainda tem outros benef\u00edcios, como absor\u00e7\u00e3o de impacto.","og_url":"https:\/\/selariarosario.com.br\/atacado\/produto\/manta-neoprene-vermelho-sr\/","og_site_name":"Selaria Rosario","article_modified_time":"2024-01-18T15:04:47+00:00","twitter_card":"summary_large_image","twitter_misc":{"Est. tempo de leitura":"2 minutos"},"schema":{"@context":"https:\/\/schema.org","@graph":[{"@type":"WebSite","@id":"https:\/\/selariarosario.com.br\/atacado\/#website","url":"https:\/\/selariarosario.com.br\/atacado\/","name":"Selaria Rosario","description":"","potentialAction":[{"@type":"SearchAction","target":{"@type":"EntryPoint","urlTemplate":"https:\/\/selariarosario.com.br\/atacado\/?s={search_term_string}"},"query-input":"required name=search_term_string"}],"inLanguage":"pt-BR"},{"@type":"ImageObject","@id":"https:\/\/selariarosario.com.br\/atacado\/produto\/manta-neoprene-vermelho-sr\/#primaryimage","inLanguage":"pt-BR","url":"https:\/\/selariarosario.com.br\/atacado\/wp-content\/uploads\/2024\/01\/IMG_5243-1.jpg","contentUrl":"https:\/\/selariarosario.com.br\/atacado\/wp-content\/uploads\/2024\/01\/IMG_5243-1.jpg","width":1200,"height":1200},{"@type":"WebPage","@id":"https:\/\/selariarosario.com.br\/atacado\/produto\/manta-neoprene-vermelho-sr\/#webpage","url":"https:\/\/selariarosario.com.br\/atacado\/produto\/manta-neoprene-vermelho-sr\/","name":"Manta Neoprene vermelho SR","isPartOf":{"@id":"https:\/\/selariarosario.com.br\/atacado\/#website"},"primaryImageOfPage":{"@id":"https:\/\/selariarosario.com.br\/atacado\/produto\/manta-neoprene-vermelho-sr\/#primaryimage"},"datePublished":"2024-01-18T15:04:44+00:00","dateModified":"2024-01-18T15:04:47+00:00","description":"\u00a0Manta Neoprene vermelho SR serve como prote\u00e7\u00e3o, amortecimento, conforto e suporte para uma sela. Ainda tem outros benef\u00edcios, como absor\u00e7\u00e3o de impacto.","breadcrumb":{"@id":"https:\/\/selariarosario.com.br\/atacado\/produto\/manta-neoprene-vermelho-sr\/#breadcrumb"},"inLanguage":"pt-BR","potentialAction":[{"@type":"ReadAction","target":["https:\/\/selariarosario.com.br\/atacado\/produto\/manta-neoprene-vermelho-sr\/"]}]},{"@type":"BreadcrumbList","@id":"https:\/\/selariarosario.com.br\/atacado\/produto\/manta-neoprene-vermelho-sr\/#breadcrumb","itemListElement":[{"@type":"ListItem","position":1,"name":"In\u00edcio","item":"https:\/\/selariarosario.com.br\/atacado\/"},{"@type":"ListItem","position":2,"name":"Produtos","item":"https:\/\/selariarosario.com.br\/atacado\/produtos\/"},{"@type":"ListItem","position":3,"name":"Manta Neoprene vermelho SR"}]}]}},"_links":{"self":[{"href":"https:\/\/selariarosario.com.br\/atacado\/wp-json\/wp\/v2\/product\/1898"}],"collection":[{"href":"https:\/\/selariarosario.com.br\/atacado\/wp-json\/wp\/v2\/product"}],"about":[{"href":"https:\/\/selariarosario.com.br\/atacado\/wp-json\/wp\/v2\/types\/product"}],"wp:featuredmedia":[{"embeddable":true,"href":"https:\/\/selariarosario.com.br\/atacado\/wp-json\/wp\/v2\/media\/1510"}],"wp:attachment":[{"href":"https:\/\/selariarosario.com.br\/atacado\/wp-json\/wp\/v2\/media?parent=1898"}],"wp:term":[{"taxonomy":"product_cat","embeddable":true,"href":"https:\/\/selariarosario.com.br\/atacado\/wp-json\/wp\/v2\/product_cat?post=1898"},{"taxonomy":"product_tag","embeddable":true,"href":"https:\/\/selariarosario.com.br\/atacado\/wp-json\/wp\/v2\/product_tag?post=1898"}],"curies":[{"name":"wp","href":"https:\/\/api.w.org\/{rel}","templated":true}]}}