{"id":1901,"date":"2024-01-18T12:04:44","date_gmt":"2024-01-18T15:04:44","guid":{"rendered":"https:\/\/selariarosario.com.br\/atacado\/?post_type=product&#038;p=1901"},"modified":"2024-01-18T12:04:48","modified_gmt":"2024-01-18T15:04:48","slug":"manta-ecoterapia-sr-2","status":"publish","type":"product","link":"https:\/\/selariarosario.com.br\/atacado\/produto\/manta-ecoterapia-sr-2\/","title":{"rendered":"Manta Ecoterapia SR"},"content":{"rendered":"<p>Manta Ecoterapia fabricada em brim, revestimento interno com feltro e espuma de alta densidade, pegadeiras central e de ambos os lados que auxiliam a montaria. Enfim Produto bonito, pr\u00e1tico e de alt\u00edssima qualidade.<\/p>\n<p>A manta em suas diferentes finalidades e mat\u00e9rias primas, serve como\u00a0<b>prote\u00e7\u00e3o, amortecimento, conforto e suporte para uma sela<\/b>. Ainda tem outros benef\u00edcios, como absor\u00e7\u00e3o de impacto no dorso do animal, melhor desempenho,\u00a0 al\u00e9m de demonstrar resultados ortop\u00e9dicos quando necess\u00e1rios, entre outros. O objetivo era oferecer mais conforto para o cavaleiro, por\u00e9m, com o passar do tempo e mudan\u00e7a de mat\u00e9rias-primas na fabrica\u00e7\u00e3o,tornou-se um item aliado ao cavalo. Por isso\u00a0 a manta deixa o cavalo mais bonito ,\u00a0 al\u00e9m de ser um est\u00edmulo para o praticante realizar as atividades e\u00a0 tamb\u00e9m proporcionar uma infinidade de possibilidades.<\/p>\n<p>Produto pr\u00e1tico e resistente, confeccionado em brim Tilbury;<br \/>\nRevestimento interno de espuma e feltro;<br \/>\nProduto com 5 cent\u00edmetros de espessura;<br \/>\nAconselhada para pequenos passeios;<\/p>\n<p>Itens inclusos na manta ECOTERAPIA conforme abaixo:<\/p>\n<p>1 par de estribos em alum\u00ednio;<br \/>\nbarrigueira de feltro, forrada com pel\u00facia;<br \/>\num par de loros em fita de nylon;<br \/>\n1 l\u00e1tego (apertadeira) em fita de nylon;<br \/>\n1 contra-l\u00e1tego em fita de nylon.<\/p>\n<p>Tamanho: 75 cm de comprimento x 70 cm de largura.<br \/>\nObs.: Os tamanhos s\u00e3o aproximados, podendo haver varia\u00e7\u00e3o<\/p>\n<p>Peso:<\/p>\n<p>Marca: Selaria Ros\u00e1rio<\/p>\n","protected":false},"excerpt":{"rendered":"<p><strong>Manta sela para equoterapia fabricada com espuma e feltro com revestimento exterior em tecido e interior pel\u00facia.Possui al\u00e7a de polipropileno para o melhor apoio da pessoa que passa pelo tratamento. Manta altamente indicada para pessoas em processo de reabilita\u00e7\u00e3o motora.Confort\u00e1vel, pr\u00e1tica, resistente, confeccionada em tecido de estofamento. As fitas que d\u00e3o sustenta\u00e7\u00e3o\u00a0 ao loro e a barrigueira atravessam de um lado para o outro da manta s\u00e3o costuradas no feltro para aumento da resist\u00eancia e absor\u00e7\u00e3o de impactos, proporcionando maior conforto durante a montaria.N\u00e3o acumula suor.<\/strong><\/p>\n<p>&nbsp;<\/p>\n<p><strong>Cores variadas<\/strong><\/p>\n","protected":false},"featured_media":1514,"template":"","meta":[],"product_cat":[39,36],"product_tag":[],"yoast_head":"<!-- This site is optimized with the Yoast SEO plugin v16.7 - https:\/\/yoast.com\/wordpress\/plugins\/seo\/ -->\n<title>Manta Ecoterapia<\/title>\n<meta name=\"description\" content=\"MANTA ECOTERAPIA SR deixa o cavalo mais bonito, \u00e9 um est\u00edmulo para o praticante realizar as atividades e proporciona uma infinidade de possibilidades.\" \/>\n<meta name=\"robots\" content=\"index, follow, max-snippet:-1, max-image-preview:large, max-video-preview:-1\" \/>\n<link rel=\"canonical\" href=\"https:\/\/selariarosario.com.br\/atacado\/produto\/manta-ecoterapia-sr-2\/\" \/>\n<meta property=\"og:locale\" content=\"pt_BR\" \/>\n<meta property=\"og:type\" content=\"article\" \/>\n<meta property=\"og:title\" content=\"Manta Ecoterapia\" \/>\n<meta property=\"og:description\" content=\"MANTA ECOTERAPIA SR deixa o cavalo mais bonito, \u00e9 um est\u00edmulo para o praticante realizar as atividades e proporciona uma infinidade de possibilidades.\" \/>\n<meta property=\"og:url\" content=\"https:\/\/selariarosario.com.br\/atacado\/produto\/manta-ecoterapia-sr-2\/\" \/>\n<meta property=\"og:site_name\" content=\"Selaria Rosario\" \/>\n<meta property=\"article:modified_time\" content=\"2024-01-18T15:04:48+00:00\" \/>\n<meta name=\"twitter:card\" content=\"summary_large_image\" \/>\n<meta name=\"twitter:label1\" content=\"Est. tempo de leitura\" \/>\n\t<meta name=\"twitter:data1\" content=\"2 minutos\" \/>\n<script type=\"application\/ld+json\" class=\"yoast-schema-graph\">{\"@context\":\"https:\/\/schema.org\",\"@graph\":[{\"@type\":\"WebSite\",\"@id\":\"https:\/\/selariarosario.com.br\/atacado\/#website\",\"url\":\"https:\/\/selariarosario.com.br\/atacado\/\",\"name\":\"Selaria Rosario\",\"description\":\"\",\"potentialAction\":[{\"@type\":\"SearchAction\",\"target\":{\"@type\":\"EntryPoint\",\"urlTemplate\":\"https:\/\/selariarosario.com.br\/atacado\/?s={search_term_string}\"},\"query-input\":\"required name=search_term_string\"}],\"inLanguage\":\"pt-BR\"},{\"@type\":\"ImageObject\",\"@id\":\"https:\/\/selariarosario.com.br\/atacado\/produto\/manta-ecoterapia-sr-2\/#primaryimage\",\"inLanguage\":\"pt-BR\",\"url\":\"https:\/\/selariarosario.com.br\/atacado\/wp-content\/uploads\/2024\/01\/MANTA-ECO.jpg\",\"contentUrl\":\"https:\/\/selariarosario.com.br\/atacado\/wp-content\/uploads\/2024\/01\/MANTA-ECO.jpg\",\"width\":1200,\"height\":1200},{\"@type\":\"WebPage\",\"@id\":\"https:\/\/selariarosario.com.br\/atacado\/produto\/manta-ecoterapia-sr-2\/#webpage\",\"url\":\"https:\/\/selariarosario.com.br\/atacado\/produto\/manta-ecoterapia-sr-2\/\",\"name\":\"Manta Ecoterapia\",\"isPartOf\":{\"@id\":\"https:\/\/selariarosario.com.br\/atacado\/#website\"},\"primaryImageOfPage\":{\"@id\":\"https:\/\/selariarosario.com.br\/atacado\/produto\/manta-ecoterapia-sr-2\/#primaryimage\"},\"datePublished\":\"2024-01-18T15:04:44+00:00\",\"dateModified\":\"2024-01-18T15:04:48+00:00\",\"description\":\"MANTA ECOTERAPIA SR deixa o cavalo mais bonito, \\u00e9 um est\\u00edmulo para o praticante realizar as atividades e proporciona uma infinidade de possibilidades.\",\"breadcrumb\":{\"@id\":\"https:\/\/selariarosario.com.br\/atacado\/produto\/manta-ecoterapia-sr-2\/#breadcrumb\"},\"inLanguage\":\"pt-BR\",\"potentialAction\":[{\"@type\":\"ReadAction\",\"target\":[\"https:\/\/selariarosario.com.br\/atacado\/produto\/manta-ecoterapia-sr-2\/\"]}]},{\"@type\":\"BreadcrumbList\",\"@id\":\"https:\/\/selariarosario.com.br\/atacado\/produto\/manta-ecoterapia-sr-2\/#breadcrumb\",\"itemListElement\":[{\"@type\":\"ListItem\",\"position\":1,\"name\":\"In\\u00edcio\",\"item\":\"https:\/\/selariarosario.com.br\/atacado\/\"},{\"@type\":\"ListItem\",\"position\":2,\"name\":\"Produtos\",\"item\":\"https:\/\/selariarosario.com.br\/atacado\/produtos\/\"},{\"@type\":\"ListItem\",\"position\":3,\"name\":\"Manta Ecoterapia SR\"}]}]}<\/script>\n<!-- \/ Yoast SEO plugin. -->","yoast_head_json":{"title":"Manta Ecoterapia","description":"MANTA ECOTERAPIA SR deixa o cavalo mais bonito, \u00e9 um est\u00edmulo para o praticante realizar as atividades e proporciona uma infinidade de possibilidades.","robots":{"index":"index","follow":"follow","max-snippet":"max-snippet:-1","max-image-preview":"max-image-preview:large","max-video-preview":"max-video-preview:-1"},"canonical":"https:\/\/selariarosario.com.br\/atacado\/produto\/manta-ecoterapia-sr-2\/","og_locale":"pt_BR","og_type":"article","og_title":"Manta Ecoterapia","og_description":"MANTA ECOTERAPIA SR deixa o cavalo mais bonito, \u00e9 um est\u00edmulo para o praticante realizar as atividades e proporciona uma infinidade de possibilidades.","og_url":"https:\/\/selariarosario.com.br\/atacado\/produto\/manta-ecoterapia-sr-2\/","og_site_name":"Selaria Rosario","article_modified_time":"2024-01-18T15:04:48+00:00","twitter_card":"summary_large_image","twitter_misc":{"Est. tempo de leitura":"2 minutos"},"schema":{"@context":"https:\/\/schema.org","@graph":[{"@type":"WebSite","@id":"https:\/\/selariarosario.com.br\/atacado\/#website","url":"https:\/\/selariarosario.com.br\/atacado\/","name":"Selaria Rosario","description":"","potentialAction":[{"@type":"SearchAction","target":{"@type":"EntryPoint","urlTemplate":"https:\/\/selariarosario.com.br\/atacado\/?s={search_term_string}"},"query-input":"required name=search_term_string"}],"inLanguage":"pt-BR"},{"@type":"ImageObject","@id":"https:\/\/selariarosario.com.br\/atacado\/produto\/manta-ecoterapia-sr-2\/#primaryimage","inLanguage":"pt-BR","url":"https:\/\/selariarosario.com.br\/atacado\/wp-content\/uploads\/2024\/01\/MANTA-ECO.jpg","contentUrl":"https:\/\/selariarosario.com.br\/atacado\/wp-content\/uploads\/2024\/01\/MANTA-ECO.jpg","width":1200,"height":1200},{"@type":"WebPage","@id":"https:\/\/selariarosario.com.br\/atacado\/produto\/manta-ecoterapia-sr-2\/#webpage","url":"https:\/\/selariarosario.com.br\/atacado\/produto\/manta-ecoterapia-sr-2\/","name":"Manta Ecoterapia","isPartOf":{"@id":"https:\/\/selariarosario.com.br\/atacado\/#website"},"primaryImageOfPage":{"@id":"https:\/\/selariarosario.com.br\/atacado\/produto\/manta-ecoterapia-sr-2\/#primaryimage"},"datePublished":"2024-01-18T15:04:44+00:00","dateModified":"2024-01-18T15:04:48+00:00","description":"MANTA ECOTERAPIA SR deixa o cavalo mais bonito, \u00e9 um est\u00edmulo para o praticante realizar as atividades e proporciona uma infinidade de possibilidades.","breadcrumb":{"@id":"https:\/\/selariarosario.com.br\/atacado\/produto\/manta-ecoterapia-sr-2\/#breadcrumb"},"inLanguage":"pt-BR","potentialAction":[{"@type":"ReadAction","target":["https:\/\/selariarosario.com.br\/atacado\/produto\/manta-ecoterapia-sr-2\/"]}]},{"@type":"BreadcrumbList","@id":"https:\/\/selariarosario.com.br\/atacado\/produto\/manta-ecoterapia-sr-2\/#breadcrumb","itemListElement":[{"@type":"ListItem","position":1,"name":"In\u00edcio","item":"https:\/\/selariarosario.com.br\/atacado\/"},{"@type":"ListItem","position":2,"name":"Produtos","item":"https:\/\/selariarosario.com.br\/atacado\/produtos\/"},{"@type":"ListItem","position":3,"name":"Manta Ecoterapia SR"}]}]}},"_links":{"self":[{"href":"https:\/\/selariarosario.com.br\/atacado\/wp-json\/wp\/v2\/product\/1901"}],"collection":[{"href":"https:\/\/selariarosario.com.br\/atacado\/wp-json\/wp\/v2\/product"}],"about":[{"href":"https:\/\/selariarosario.com.br\/atacado\/wp-json\/wp\/v2\/types\/product"}],"wp:featuredmedia":[{"embeddable":true,"href":"https:\/\/selariarosario.com.br\/atacado\/wp-json\/wp\/v2\/media\/1514"}],"wp:attachment":[{"href":"https:\/\/selariarosario.com.br\/atacado\/wp-json\/wp\/v2\/media?parent=1901"}],"wp:term":[{"taxonomy":"product_cat","embeddable":true,"href":"https:\/\/selariarosario.com.br\/atacado\/wp-json\/wp\/v2\/product_cat?post=1901"},{"taxonomy":"product_tag","embeddable":true,"href":"https:\/\/selariarosario.com.br\/atacado\/wp-json\/wp\/v2\/product_tag?post=1901"}],"curies":[{"name":"wp","href":"https:\/\/api.w.org\/{rel}","templated":true}]}}