{"id":1902,"date":"2024-01-18T12:04:44","date_gmt":"2024-01-18T15:04:44","guid":{"rendered":"https:\/\/selariarosario.com.br\/atacado\/?post_type=product&#038;p=1902"},"modified":"2024-01-18T12:04:48","modified_gmt":"2024-01-18T15:04:48","slug":"manta-western-hipica-sr-2","status":"publish","type":"product","link":"https:\/\/selariarosario.com.br\/atacado\/produto\/manta-western-hipica-sr-2\/","title":{"rendered":"Manta Western H\u00edpica SR"},"content":{"rendered":"<p><strong>Manta Western H\u00edpica SR<\/strong><\/p>\n<p><strong>Manta Western H\u00edpica SR ,modelo quadrada. Confeccionada em tecido brim. Revestida internamente com espuma de m\u00e9dia densidade, com 2,5 cent\u00edmetros de espessura.<\/strong><\/p>\n<p>A manta de feltro SR em suas diferentes finalidades e mat\u00e9rias primas, serve como <b>prote\u00e7\u00e3o, amortecimento, conforto e suporte para uma sela<\/b>.\u00a0 Ainda tem outros benef\u00edcios, como absor\u00e7\u00e3o de impacto no dorso do animal, melhor desempenho,\u00a0 al\u00e9m de demonstrar resultados ortop\u00e9dicos quando necess\u00e1rios, entre outros. O objetivo DA MANTA era oferecer mais conforto para o cavaleiro, por\u00e9m, com o passar do tempo e mudan\u00e7a de mat\u00e9rias-primas na fabrica\u00e7\u00e3o, tornou-se um item aliado ao cavalo.<\/p>\n<p>A fun\u00e7\u00e3o principal da\u00a0<strong>manta para cavalo\u00a0<\/strong>\u00e9 de prote\u00e7\u00e3o do animal, pois evita que a sela fa\u00e7a press\u00e3o demasiada em seu dorso e se mova, tornando-se desconfort\u00e1vel.\u00a0 Na d\u00e9cada de 70, a manta come\u00e7ou a us\u00e1-la como \u00fanico item de sela de equinos, era presa por uma corda ou cinto no animal.<\/p>\n<p>Hoje em dia, a manta atua como um amortecedor e protetor do dorso do cavalo, que n\u00e3o deve ficar em contato direto com a sela. A manta ajuda a fazer com que a sela permane\u00e7a no lugar, proporcionando conforto e bem-estar para o animal, al\u00e9m de absorver o suor. O uso desse item \u00e9 fundamental para que seu cavalo tenha um bom desempenho. Afinal, quando h\u00e1 qualquer tipo de incomodo \u00e9 natural que eles se tornem irritadi\u00e7os e dispersos.<\/p>\n<p>MARCA: Selaria Ros\u00e1rio<\/p>\n<p>&nbsp;<\/p>\n<p><strong>Op\u00e7\u00f5es de cores: preta, vermelha e marrom<\/strong><\/p>\n","protected":false},"excerpt":{"rendered":"<p><strong>Manta Western recortada, modelo meia aba. Confeccionada em tecido brim. Revestida internamente com espuma de m\u00e9dia densidade, com 2,5 cent\u00edmetros de espessura.<\/strong><\/p>\n<p>&nbsp;<\/p>\n<p><strong>Op\u00e7\u00f5es de cores:preta, vermelha,azul e marrom<\/strong><\/p>\n","protected":false},"featured_media":1515,"template":"","meta":[],"product_cat":[35,39,36],"product_tag":[],"yoast_head":"<!-- This site is optimized with the Yoast SEO plugin v16.7 - https:\/\/yoast.com\/wordpress\/plugins\/seo\/ -->\n<title>Manta Western H\u00edpica SR<\/title>\n<meta name=\"description\" content=\"Manta Western H\u00edpica SR atua como um amortecedor e protetor do dorso do cavalo, que n\u00e3o deve ficar em contato direto com a sela.\" \/>\n<meta name=\"robots\" content=\"index, follow, max-snippet:-1, max-image-preview:large, max-video-preview:-1\" \/>\n<link rel=\"canonical\" href=\"https:\/\/selariarosario.com.br\/atacado\/produto\/manta-western-hipica-sr-2\/\" \/>\n<meta property=\"og:locale\" content=\"pt_BR\" \/>\n<meta property=\"og:type\" content=\"article\" \/>\n<meta property=\"og:title\" content=\"Manta Western H\u00edpica SR\" \/>\n<meta property=\"og:description\" content=\"Manta Western H\u00edpica SR atua como um amortecedor e protetor do dorso do cavalo, que n\u00e3o deve ficar em contato direto com a sela.\" \/>\n<meta property=\"og:url\" content=\"https:\/\/selariarosario.com.br\/atacado\/produto\/manta-western-hipica-sr-2\/\" \/>\n<meta property=\"og:site_name\" content=\"Selaria Rosario\" \/>\n<meta property=\"article:modified_time\" content=\"2024-01-18T15:04:48+00:00\" \/>\n<meta name=\"twitter:card\" content=\"summary_large_image\" \/>\n<meta name=\"twitter:label1\" content=\"Est. tempo de leitura\" \/>\n\t<meta name=\"twitter:data1\" content=\"2 minutos\" \/>\n<script type=\"application\/ld+json\" class=\"yoast-schema-graph\">{\"@context\":\"https:\/\/schema.org\",\"@graph\":[{\"@type\":\"WebSite\",\"@id\":\"https:\/\/selariarosario.com.br\/atacado\/#website\",\"url\":\"https:\/\/selariarosario.com.br\/atacado\/\",\"name\":\"Selaria Rosario\",\"description\":\"\",\"potentialAction\":[{\"@type\":\"SearchAction\",\"target\":{\"@type\":\"EntryPoint\",\"urlTemplate\":\"https:\/\/selariarosario.com.br\/atacado\/?s={search_term_string}\"},\"query-input\":\"required name=search_term_string\"}],\"inLanguage\":\"pt-BR\"},{\"@type\":\"ImageObject\",\"@id\":\"https:\/\/selariarosario.com.br\/atacado\/produto\/manta-western-hipica-sr-2\/#primaryimage\",\"inLanguage\":\"pt-BR\",\"url\":\"https:\/\/selariarosario.com.br\/atacado\/wp-content\/uploads\/2024\/01\/MANTA-WESTERN-HIPICA-1.jpg\",\"contentUrl\":\"https:\/\/selariarosario.com.br\/atacado\/wp-content\/uploads\/2024\/01\/MANTA-WESTERN-HIPICA-1.jpg\",\"width\":808,\"height\":608},{\"@type\":\"WebPage\",\"@id\":\"https:\/\/selariarosario.com.br\/atacado\/produto\/manta-western-hipica-sr-2\/#webpage\",\"url\":\"https:\/\/selariarosario.com.br\/atacado\/produto\/manta-western-hipica-sr-2\/\",\"name\":\"Manta Western H\\u00edpica SR\",\"isPartOf\":{\"@id\":\"https:\/\/selariarosario.com.br\/atacado\/#website\"},\"primaryImageOfPage\":{\"@id\":\"https:\/\/selariarosario.com.br\/atacado\/produto\/manta-western-hipica-sr-2\/#primaryimage\"},\"datePublished\":\"2024-01-18T15:04:44+00:00\",\"dateModified\":\"2024-01-18T15:04:48+00:00\",\"description\":\"Manta Western H\\u00edpica SR atua como um amortecedor e protetor do dorso do cavalo, que n\\u00e3o deve ficar em contato direto com a sela.\",\"breadcrumb\":{\"@id\":\"https:\/\/selariarosario.com.br\/atacado\/produto\/manta-western-hipica-sr-2\/#breadcrumb\"},\"inLanguage\":\"pt-BR\",\"potentialAction\":[{\"@type\":\"ReadAction\",\"target\":[\"https:\/\/selariarosario.com.br\/atacado\/produto\/manta-western-hipica-sr-2\/\"]}]},{\"@type\":\"BreadcrumbList\",\"@id\":\"https:\/\/selariarosario.com.br\/atacado\/produto\/manta-western-hipica-sr-2\/#breadcrumb\",\"itemListElement\":[{\"@type\":\"ListItem\",\"position\":1,\"name\":\"In\\u00edcio\",\"item\":\"https:\/\/selariarosario.com.br\/atacado\/\"},{\"@type\":\"ListItem\",\"position\":2,\"name\":\"Produtos\",\"item\":\"https:\/\/selariarosario.com.br\/atacado\/produtos\/\"},{\"@type\":\"ListItem\",\"position\":3,\"name\":\"Manta Western H\\u00edpica SR\"}]}]}<\/script>\n<!-- \/ Yoast SEO plugin. -->","yoast_head_json":{"title":"Manta Western H\u00edpica SR","description":"Manta Western H\u00edpica SR atua como um amortecedor e protetor do dorso do cavalo, que n\u00e3o deve ficar em contato direto com a sela.","robots":{"index":"index","follow":"follow","max-snippet":"max-snippet:-1","max-image-preview":"max-image-preview:large","max-video-preview":"max-video-preview:-1"},"canonical":"https:\/\/selariarosario.com.br\/atacado\/produto\/manta-western-hipica-sr-2\/","og_locale":"pt_BR","og_type":"article","og_title":"Manta Western H\u00edpica SR","og_description":"Manta Western H\u00edpica SR atua como um amortecedor e protetor do dorso do cavalo, que n\u00e3o deve ficar em contato direto com a sela.","og_url":"https:\/\/selariarosario.com.br\/atacado\/produto\/manta-western-hipica-sr-2\/","og_site_name":"Selaria Rosario","article_modified_time":"2024-01-18T15:04:48+00:00","twitter_card":"summary_large_image","twitter_misc":{"Est. tempo de leitura":"2 minutos"},"schema":{"@context":"https:\/\/schema.org","@graph":[{"@type":"WebSite","@id":"https:\/\/selariarosario.com.br\/atacado\/#website","url":"https:\/\/selariarosario.com.br\/atacado\/","name":"Selaria Rosario","description":"","potentialAction":[{"@type":"SearchAction","target":{"@type":"EntryPoint","urlTemplate":"https:\/\/selariarosario.com.br\/atacado\/?s={search_term_string}"},"query-input":"required name=search_term_string"}],"inLanguage":"pt-BR"},{"@type":"ImageObject","@id":"https:\/\/selariarosario.com.br\/atacado\/produto\/manta-western-hipica-sr-2\/#primaryimage","inLanguage":"pt-BR","url":"https:\/\/selariarosario.com.br\/atacado\/wp-content\/uploads\/2024\/01\/MANTA-WESTERN-HIPICA-1.jpg","contentUrl":"https:\/\/selariarosario.com.br\/atacado\/wp-content\/uploads\/2024\/01\/MANTA-WESTERN-HIPICA-1.jpg","width":808,"height":608},{"@type":"WebPage","@id":"https:\/\/selariarosario.com.br\/atacado\/produto\/manta-western-hipica-sr-2\/#webpage","url":"https:\/\/selariarosario.com.br\/atacado\/produto\/manta-western-hipica-sr-2\/","name":"Manta Western H\u00edpica SR","isPartOf":{"@id":"https:\/\/selariarosario.com.br\/atacado\/#website"},"primaryImageOfPage":{"@id":"https:\/\/selariarosario.com.br\/atacado\/produto\/manta-western-hipica-sr-2\/#primaryimage"},"datePublished":"2024-01-18T15:04:44+00:00","dateModified":"2024-01-18T15:04:48+00:00","description":"Manta Western H\u00edpica SR atua como um amortecedor e protetor do dorso do cavalo, que n\u00e3o deve ficar em contato direto com a sela.","breadcrumb":{"@id":"https:\/\/selariarosario.com.br\/atacado\/produto\/manta-western-hipica-sr-2\/#breadcrumb"},"inLanguage":"pt-BR","potentialAction":[{"@type":"ReadAction","target":["https:\/\/selariarosario.com.br\/atacado\/produto\/manta-western-hipica-sr-2\/"]}]},{"@type":"BreadcrumbList","@id":"https:\/\/selariarosario.com.br\/atacado\/produto\/manta-western-hipica-sr-2\/#breadcrumb","itemListElement":[{"@type":"ListItem","position":1,"name":"In\u00edcio","item":"https:\/\/selariarosario.com.br\/atacado\/"},{"@type":"ListItem","position":2,"name":"Produtos","item":"https:\/\/selariarosario.com.br\/atacado\/produtos\/"},{"@type":"ListItem","position":3,"name":"Manta Western H\u00edpica SR"}]}]}},"_links":{"self":[{"href":"https:\/\/selariarosario.com.br\/atacado\/wp-json\/wp\/v2\/product\/1902"}],"collection":[{"href":"https:\/\/selariarosario.com.br\/atacado\/wp-json\/wp\/v2\/product"}],"about":[{"href":"https:\/\/selariarosario.com.br\/atacado\/wp-json\/wp\/v2\/types\/product"}],"wp:featuredmedia":[{"embeddable":true,"href":"https:\/\/selariarosario.com.br\/atacado\/wp-json\/wp\/v2\/media\/1515"}],"wp:attachment":[{"href":"https:\/\/selariarosario.com.br\/atacado\/wp-json\/wp\/v2\/media?parent=1902"}],"wp:term":[{"taxonomy":"product_cat","embeddable":true,"href":"https:\/\/selariarosario.com.br\/atacado\/wp-json\/wp\/v2\/product_cat?post=1902"},{"taxonomy":"product_tag","embeddable":true,"href":"https:\/\/selariarosario.com.br\/atacado\/wp-json\/wp\/v2\/product_tag?post=1902"}],"curies":[{"name":"wp","href":"https:\/\/api.w.org\/{rel}","templated":true}]}}