{"id":1905,"date":"2024-01-18T12:04:45","date_gmt":"2024-01-18T15:04:45","guid":{"rendered":"https:\/\/selariarosario.com.br\/atacado\/?post_type=product&#038;p=1905"},"modified":"2024-01-18T12:04:49","modified_gmt":"2024-01-18T15:04:49","slug":"kit-ferrador-profissional-equinos-sr","status":"publish","type":"product","link":"https:\/\/selariarosario.com.br\/atacado\/produto\/kit-ferrador-profissional-equinos-sr\/","title":{"rendered":"Kit ferrador profissional equinos SR"},"content":{"rendered":"<p>Kit ferrador profissional equinos<\/p>\n<p>Kit ferrador profissional equinos para casquear \u00e9 utilizado pelos veterin\u00e1rios e profissionais da \u00e1rea da equocultura para tratar e cuidar dos cascos dos cavalos. Por isso eles t\u00eam por ferramentas espec\u00edficas que auxiliam no processo de limpeza, corte, modelagem e manuten\u00e7\u00e3o dos cascos dos equinos.<\/p>\n<p>Enfim com o uso correto do kit Ferrador para casqueamento, \u00e9 poss\u00edvel remover excesso de sujeira, aparar o casco para evitar desgastes desnecess\u00e1rios, corrigir imperfei\u00e7\u00f5es, controlar e prevenir doen\u00e7as e infec\u00e7\u00f5es, al\u00e9m de promover uma melhor distribui\u00e7\u00e3o de peso nos membros do cavalo.<\/p>\n<p><span class=\"sc-kpDqfm qhIEo\" data-testid=\"product-detail-title\">Itens inclusos no kit Ferrador\u00a0 conforme abaixo<\/span><\/p>\n<div class=\"sc-fqkvVR heuZyN sc-dnvZjJ dtJjfe\" data-testid=\"product-detail-description\">\n<div class=\"sc-fqkvVR hlqElk sc-jcdlHQ cxsdMT\" data-testid=\"rich-content-container\">CONJUNTO RINETES: COM L\u00c2MINAS FABRICADO EM A\u00c7O 1.060 COM CARBONO,ITENS:1- RANILHA1- RINETA LOOP1- RINETA CORTE ESQUERDO1- RINETA CORTE DIREITO;<\/div>\n<div class=\"sc-fqkvVR hlqElk sc-jcdlHQ cxsdMT\" data-testid=\"rich-content-container\">UM ALICATE TIPO JACAR\u00c9 ALI USADO PARA AMASSAR A PONTA DO CRAVO AP\u00d3S SUA INTRODU\u00c7\u00c3O NO CASCO DO ANIMAL E ARROCHAR A FERRADURA AO CASCO. GARANTINDO FIRMEZA ENTRE O CASCO E A FERRADURA.PRODUTO NIQUELADO ANTI-FERRUGEM ;<\/div>\n<div class=\"sc-fqkvVR hlqElk sc-jcdlHQ cxsdMT\" data-testid=\"rich-content-container\">UMA TORQUESA COM MOLA produzida em a\u00e7o 1.045 pr\u00f3pria para casqueamento em equinos e bovinos,TAMANHO:33cm de comprimento7cm de largura fechada;<\/div>\n<div class=\"sc-fqkvVR hlqElk sc-jcdlHQ cxsdMT\" data-testid=\"rich-content-container\">UMA &#8211; Grosa para casqueamento de 12 polegadas com cabo de madeira :Excelente ferramenta para profissionais para ferradores ou ferreiros, pois possui um lado com dentes de corte agressivo, para um desbaste mais intenso, j\u00e1 do outro lado, possui dentes de corte mais suave, para acabamento. Medidas: Comprimento Total: 31 cm de grosa e 48,5 cm completa com o cabo Largura: 44mm ,Espessura: 4,75mm<\/div>\n<div class=\"sc-fqkvVR hlqElk sc-jcdlHQ cxsdMT\" data-testid=\"rich-content-container\">1 &#8211; Rinete\u00a0 para Casqueamento central .Confeccionado em cabo de madeira e l\u00e2mina em a\u00e7o resistente com corte em loop. Indispens\u00e1vel para o trabalho de casqueamento, indicada para corte do casco de cavalo e similares .Medidas aproximadas: Cabo: 17 cm L\u00e2mina: 5,5 cm.1 &#8211; Rinete Para Casquear Corte Duplo Profissional Rinete com corte nas duas faces da l\u00e2mina. Cabo de madeira e l\u00e2mina em a\u00e7o cromado.<\/div>\n<\/div>\n<p>&nbsp;<\/p>\n","protected":false},"excerpt":{"rendered":"<p><strong>1 RINETE DE CORTE DIREITO;<\/strong><\/p>\n<p><strong> RINETE DE CORTE DIREITO;<\/strong><\/p>\n<p><strong>1 RINETE DE CORTE ESQUERDO;<\/strong><\/p>\n<p><strong>1 RINETE DE CORTE CENTRAL;<\/strong><\/p>\n<p><strong>1 RANILHA;<\/strong><\/p>\n<p><strong>1 &#8211; Grosa para casqueamento de 12 polegadas;<\/strong><\/p>\n<p><strong>de cavalos, bois e demais equinos, bovinos e similares.<\/strong><br \/>\n<strong>Excelente ferramenta para profissionais ferradores ou ferreiros,<\/strong><br \/>\n<strong>pois possui um lado com dentes de corte agressivo, para um desbaste mais intenso,<\/strong><br \/>\n<strong>j\u00e1 do outro lado, possui dentes de corte mais suave, para acabamento.<\/strong><\/p>\n<p><strong>Medidas<\/strong><\/p>\n<p><strong>Comprimento: 30cm. Largura: 3,6 cm.<\/strong><\/p>\n<p><strong>1 &#8211; Torquesa com mola produzida em a\u00e7o 1.045 pr\u00f3pria para casqueamento em equinos e bovinos,Marca&#8221;ICEB&#8221;<\/strong><\/p>\n<p><strong>TAMANHO:<\/strong><\/p>\n<p><strong>33cm de comprimento<\/strong><\/p>\n<p><strong>7cm de largura fechada<\/strong><\/p>\n<p><strong>Alicate (jacar\u00e9) usado para amassar a ponta do cravo ap\u00f3s sua introdu\u00e7\u00e3o no casco do animal e arrochar a ferradura ao casco, garantindo firmeza entre o casco e a ferradura. Medidas: Comprimento: 35 cm.<\/strong><\/p>\n","protected":false},"featured_media":1520,"template":"","meta":[],"product_cat":[62,71],"product_tag":[],"yoast_head":"<!-- This site is optimized with the Yoast SEO plugin v16.7 - https:\/\/yoast.com\/wordpress\/plugins\/seo\/ -->\n<title>Kit ferrador profissional equinos<\/title>\n<meta name=\"description\" content=\"Kit ferrador profissional equinos\" \/>\n<meta name=\"robots\" content=\"index, follow, max-snippet:-1, max-image-preview:large, max-video-preview:-1\" \/>\n<link rel=\"canonical\" href=\"https:\/\/selariarosario.com.br\/atacado\/produto\/kit-ferrador-profissional-equinos-sr\/\" \/>\n<meta property=\"og:locale\" content=\"pt_BR\" \/>\n<meta property=\"og:type\" content=\"article\" \/>\n<meta property=\"og:title\" content=\"Kit ferrador profissional equinos\" \/>\n<meta property=\"og:description\" content=\"Kit ferrador profissional equinos\" \/>\n<meta property=\"og:url\" content=\"https:\/\/selariarosario.com.br\/atacado\/produto\/kit-ferrador-profissional-equinos-sr\/\" \/>\n<meta property=\"og:site_name\" content=\"Selaria Rosario\" \/>\n<meta property=\"article:modified_time\" content=\"2024-01-18T15:04:49+00:00\" \/>\n<meta name=\"twitter:card\" content=\"summary_large_image\" \/>\n<meta name=\"twitter:label1\" content=\"Est. tempo de leitura\" \/>\n\t<meta name=\"twitter:data1\" content=\"2 minutos\" \/>\n<script type=\"application\/ld+json\" class=\"yoast-schema-graph\">{\"@context\":\"https:\/\/schema.org\",\"@graph\":[{\"@type\":\"WebSite\",\"@id\":\"https:\/\/selariarosario.com.br\/atacado\/#website\",\"url\":\"https:\/\/selariarosario.com.br\/atacado\/\",\"name\":\"Selaria Rosario\",\"description\":\"\",\"potentialAction\":[{\"@type\":\"SearchAction\",\"target\":{\"@type\":\"EntryPoint\",\"urlTemplate\":\"https:\/\/selariarosario.com.br\/atacado\/?s={search_term_string}\"},\"query-input\":\"required name=search_term_string\"}],\"inLanguage\":\"pt-BR\"},{\"@type\":\"ImageObject\",\"@id\":\"https:\/\/selariarosario.com.br\/atacado\/produto\/kit-ferrador-profissional-equinos-sr\/#primaryimage\",\"inLanguage\":\"pt-BR\",\"url\":\"https:\/\/selariarosario.com.br\/atacado\/wp-content\/uploads\/2024\/01\/IMG_5248-1.jpg\",\"contentUrl\":\"https:\/\/selariarosario.com.br\/atacado\/wp-content\/uploads\/2024\/01\/IMG_5248-1.jpg\",\"width\":1200,\"height\":1200},{\"@type\":\"WebPage\",\"@id\":\"https:\/\/selariarosario.com.br\/atacado\/produto\/kit-ferrador-profissional-equinos-sr\/#webpage\",\"url\":\"https:\/\/selariarosario.com.br\/atacado\/produto\/kit-ferrador-profissional-equinos-sr\/\",\"name\":\"Kit ferrador profissional equinos\",\"isPartOf\":{\"@id\":\"https:\/\/selariarosario.com.br\/atacado\/#website\"},\"primaryImageOfPage\":{\"@id\":\"https:\/\/selariarosario.com.br\/atacado\/produto\/kit-ferrador-profissional-equinos-sr\/#primaryimage\"},\"datePublished\":\"2024-01-18T15:04:45+00:00\",\"dateModified\":\"2024-01-18T15:04:49+00:00\",\"description\":\"Kit ferrador profissional equinos\",\"breadcrumb\":{\"@id\":\"https:\/\/selariarosario.com.br\/atacado\/produto\/kit-ferrador-profissional-equinos-sr\/#breadcrumb\"},\"inLanguage\":\"pt-BR\",\"potentialAction\":[{\"@type\":\"ReadAction\",\"target\":[\"https:\/\/selariarosario.com.br\/atacado\/produto\/kit-ferrador-profissional-equinos-sr\/\"]}]},{\"@type\":\"BreadcrumbList\",\"@id\":\"https:\/\/selariarosario.com.br\/atacado\/produto\/kit-ferrador-profissional-equinos-sr\/#breadcrumb\",\"itemListElement\":[{\"@type\":\"ListItem\",\"position\":1,\"name\":\"In\\u00edcio\",\"item\":\"https:\/\/selariarosario.com.br\/atacado\/\"},{\"@type\":\"ListItem\",\"position\":2,\"name\":\"Produtos\",\"item\":\"https:\/\/selariarosario.com.br\/atacado\/produtos\/\"},{\"@type\":\"ListItem\",\"position\":3,\"name\":\"Kit ferrador profissional equinos SR\"}]}]}<\/script>\n<!-- \/ Yoast SEO plugin. -->","yoast_head_json":{"title":"Kit ferrador profissional equinos","description":"Kit ferrador profissional equinos","robots":{"index":"index","follow":"follow","max-snippet":"max-snippet:-1","max-image-preview":"max-image-preview:large","max-video-preview":"max-video-preview:-1"},"canonical":"https:\/\/selariarosario.com.br\/atacado\/produto\/kit-ferrador-profissional-equinos-sr\/","og_locale":"pt_BR","og_type":"article","og_title":"Kit ferrador profissional equinos","og_description":"Kit ferrador profissional equinos","og_url":"https:\/\/selariarosario.com.br\/atacado\/produto\/kit-ferrador-profissional-equinos-sr\/","og_site_name":"Selaria Rosario","article_modified_time":"2024-01-18T15:04:49+00:00","twitter_card":"summary_large_image","twitter_misc":{"Est. tempo de leitura":"2 minutos"},"schema":{"@context":"https:\/\/schema.org","@graph":[{"@type":"WebSite","@id":"https:\/\/selariarosario.com.br\/atacado\/#website","url":"https:\/\/selariarosario.com.br\/atacado\/","name":"Selaria Rosario","description":"","potentialAction":[{"@type":"SearchAction","target":{"@type":"EntryPoint","urlTemplate":"https:\/\/selariarosario.com.br\/atacado\/?s={search_term_string}"},"query-input":"required name=search_term_string"}],"inLanguage":"pt-BR"},{"@type":"ImageObject","@id":"https:\/\/selariarosario.com.br\/atacado\/produto\/kit-ferrador-profissional-equinos-sr\/#primaryimage","inLanguage":"pt-BR","url":"https:\/\/selariarosario.com.br\/atacado\/wp-content\/uploads\/2024\/01\/IMG_5248-1.jpg","contentUrl":"https:\/\/selariarosario.com.br\/atacado\/wp-content\/uploads\/2024\/01\/IMG_5248-1.jpg","width":1200,"height":1200},{"@type":"WebPage","@id":"https:\/\/selariarosario.com.br\/atacado\/produto\/kit-ferrador-profissional-equinos-sr\/#webpage","url":"https:\/\/selariarosario.com.br\/atacado\/produto\/kit-ferrador-profissional-equinos-sr\/","name":"Kit ferrador profissional equinos","isPartOf":{"@id":"https:\/\/selariarosario.com.br\/atacado\/#website"},"primaryImageOfPage":{"@id":"https:\/\/selariarosario.com.br\/atacado\/produto\/kit-ferrador-profissional-equinos-sr\/#primaryimage"},"datePublished":"2024-01-18T15:04:45+00:00","dateModified":"2024-01-18T15:04:49+00:00","description":"Kit ferrador profissional equinos","breadcrumb":{"@id":"https:\/\/selariarosario.com.br\/atacado\/produto\/kit-ferrador-profissional-equinos-sr\/#breadcrumb"},"inLanguage":"pt-BR","potentialAction":[{"@type":"ReadAction","target":["https:\/\/selariarosario.com.br\/atacado\/produto\/kit-ferrador-profissional-equinos-sr\/"]}]},{"@type":"BreadcrumbList","@id":"https:\/\/selariarosario.com.br\/atacado\/produto\/kit-ferrador-profissional-equinos-sr\/#breadcrumb","itemListElement":[{"@type":"ListItem","position":1,"name":"In\u00edcio","item":"https:\/\/selariarosario.com.br\/atacado\/"},{"@type":"ListItem","position":2,"name":"Produtos","item":"https:\/\/selariarosario.com.br\/atacado\/produtos\/"},{"@type":"ListItem","position":3,"name":"Kit ferrador profissional equinos SR"}]}]}},"_links":{"self":[{"href":"https:\/\/selariarosario.com.br\/atacado\/wp-json\/wp\/v2\/product\/1905"}],"collection":[{"href":"https:\/\/selariarosario.com.br\/atacado\/wp-json\/wp\/v2\/product"}],"about":[{"href":"https:\/\/selariarosario.com.br\/atacado\/wp-json\/wp\/v2\/types\/product"}],"wp:featuredmedia":[{"embeddable":true,"href":"https:\/\/selariarosario.com.br\/atacado\/wp-json\/wp\/v2\/media\/1520"}],"wp:attachment":[{"href":"https:\/\/selariarosario.com.br\/atacado\/wp-json\/wp\/v2\/media?parent=1905"}],"wp:term":[{"taxonomy":"product_cat","embeddable":true,"href":"https:\/\/selariarosario.com.br\/atacado\/wp-json\/wp\/v2\/product_cat?post=1905"},{"taxonomy":"product_tag","embeddable":true,"href":"https:\/\/selariarosario.com.br\/atacado\/wp-json\/wp\/v2\/product_tag?post=1905"}],"curies":[{"name":"wp","href":"https:\/\/api.w.org\/{rel}","templated":true}]}}