{"id":1906,"date":"2024-01-18T12:04:45","date_gmt":"2024-01-18T15:04:45","guid":{"rendered":"https:\/\/selariarosario.com.br\/atacado\/?post_type=product&#038;p=1906"},"modified":"2024-01-18T12:04:49","modified_gmt":"2024-01-18T15:04:49","slug":"perneira-vaqueta-bordada-sr-2","status":"publish","type":"product","link":"https:\/\/selariarosario.com.br\/atacado\/produto\/perneira-vaqueta-bordada-sr-2\/","title":{"rendered":"Perneira Vaqueta Bordada SR"},"content":{"rendered":"<div class=\"line\">\n<p>Perneira de vaqueta bordada SR \u00e9\u00a0 confeccionada em vaqueta . Contando tamb\u00e9m com um fechamento lateral em z\u00edper (extenso por toda canela), regulagem no v\u00e9rtice lateral afora, em fivela, e velcro na lateral do calcanhar. Possui tamb\u00e9m um el\u00e1stico localizado na curva do p\u00e9 (solado que antecede o calcanhar). Garantindo uma selagem perfeita. Deve ser usada tanto nas atividades de montaria quanto no trabalho no campo.<\/p>\n<p>Para que serve perneira para andar de cavalo?<\/p>\n<p>Um EPI extremamente importante para a sa\u00fade e seguran\u00e7a \u00e9 a perneira,pois s\u00e3o compridas, uma pe\u00e7a destinada a <b>proteger as pernas na regi\u00e3o entre o joelho e o p\u00e9 dos cavaleiros e esportistas como forma de prote\u00e7\u00e3o durante a pr\u00e1tica de atividades.<\/b><\/p>\n<p align=\"justify\"><em>\u00a0 Utliza\u00e7\u00e3o da Perneira de vaqueta BORDADA conforme abaixo:<\/em><\/p>\n<ul>\n<li>\n<p align=\"justify\">Deve-se us\u00e1-las obrigatoriamente em todas as atividades que ofere\u00e7am riscos de les\u00e3o aos membros inferiores.<\/p>\n<\/li>\n<li>\n<p align=\"justify\">Utilize o equipamento antes de entrar em \u00e1rea de risco e somente as retire ap\u00f3s o t\u00e9rmino da atividade;<\/p>\n<\/li>\n<li>\n<p align=\"justify\">\u00a0Use as perneiras\u00a0 sobre o tecido da cal\u00e7a, de forma que n\u00e3o apertem ou incomodem o usu\u00e1rio.<\/p>\n<\/li>\n<\/ul>\n<p><strong>Composi\u00e7\u00e3o do produto conforme abaixo:<\/strong><\/p>\n<p>&#8211; Produzida em vaqueta e forrada em cetim .<br \/>\n&#8211; Costuras industriais;<br \/>\n&#8211; Extremidades seladas em fita vi\u00e9s;<br \/>\n&#8211; Fechamento em z\u00edper e fivelas ;<br \/>\n&#8211; El\u00e1stico;<\/p>\n<div>\n<div class=\"dnXCYb\" tabindex=\"0\" role=\"button\" aria-controls=\"_gRPdZL_VKt-S5OUP3s-c4Aw_32\" aria-expanded=\"true\" data-hveid=\"CBoQAQ\">\n<div class=\"L3Ezfd\" data-ved=\"2ahUKEwj_mZfX5eGAAxVfCbkGHd4nB8wQuk56BAgaEAI\">Op\u00e7\u00f5es de tamanho conforme abaixo :<\/div>\n<div class=\"L3Ezfd\" data-ved=\"2ahUKEwj_mZfX5eGAAxVfCbkGHd4nB8wQuk56BAgaEAI\">P,M, G e GG<\/div>\n<div data-ved=\"2ahUKEwj_mZfX5eGAAxVfCbkGHd4nB8wQuk56BAgaEAI\"><\/div>\n<div data-ved=\"2ahUKEwj_mZfX5eGAAxVfCbkGHd4nB8wQuk56BAgaEAI\">Veja conforme lista abaixo o\u00a0 tamanho ideal de sua perneira<\/div>\n<\/div>\n<\/div>\n<p>Altura: medida da canela;<br \/>\nDi\u00e2metro: circunfer\u00eancia da panturrilha;<\/p>\n<p>P: Altura: 30cm; Di\u00e2metro: 31cm;<br \/>\nM: Altura:\u00a035cm; Di\u00e2metro:\u00a038cm;<br \/>\nG: Altura:\u00a040cm; Di\u00e2metro:\u00a042cm;<br \/>\nGG: Altura:\u00a045cm; Di\u00e2metro:\u00a046cm;<\/p>\n<p>Peso: 200 grs<\/p>\n<p>Marca:Selaria Ros\u00e1rio<\/p>\n<p>&nbsp;<\/p>\n<p>&nbsp;<\/p>\n<p>&nbsp;<\/p>\n<\/div>\n","protected":false},"excerpt":{"rendered":"<div><strong>Perneira\u00a0 Montaria profissional Mangalarga Marchador, modelo El\u00e1stica, que se adequa a perna ficando justa, confeccionada em vaqueta especial, toda costura, forrada internamente, sanfonada com frisos laterais que d\u00e3o regulagem e modelagem, fechamento em fecho em metal altamente resistente, bordada com a logo do Mangalarga Marchador.<\/strong><\/div>\n<div><\/div>\n<div><strong>Op\u00e7\u00f5es de tamanhos: P, M, G, GG<\/strong><\/div>\n<div><strong>Cores:Preta, Marrom e Caf\u00e9<\/strong><\/div>\n","protected":false},"featured_media":1521,"template":"","meta":[],"product_cat":[35,43,49],"product_tag":[],"yoast_head":"<!-- This site is optimized with the Yoast SEO plugin v16.7 - https:\/\/yoast.com\/wordpress\/plugins\/seo\/ -->\n<title>Perneira de vaqueta bordada<\/title>\n<meta name=\"description\" content=\"Perneira de vaqueta bordada \u00e9 um EPI extremamente importante para a sa\u00fade e seguran\u00e7a , destinada a proteger as pernas na regi\u00e3o entre o joelho e o p\u00e9.\" \/>\n<meta name=\"robots\" content=\"index, follow, max-snippet:-1, max-image-preview:large, max-video-preview:-1\" \/>\n<link rel=\"canonical\" href=\"https:\/\/selariarosario.com.br\/atacado\/produto\/perneira-vaqueta-bordada-sr-2\/\" \/>\n<meta property=\"og:locale\" content=\"pt_BR\" \/>\n<meta property=\"og:type\" content=\"article\" \/>\n<meta property=\"og:title\" content=\"Perneira de vaqueta bordada\" \/>\n<meta property=\"og:description\" content=\"Perneira de vaqueta bordada \u00e9 um EPI extremamente importante para a sa\u00fade e seguran\u00e7a , destinada a proteger as pernas na regi\u00e3o entre o joelho e o p\u00e9.\" \/>\n<meta property=\"og:url\" content=\"https:\/\/selariarosario.com.br\/atacado\/produto\/perneira-vaqueta-bordada-sr-2\/\" \/>\n<meta property=\"og:site_name\" content=\"Selaria Rosario\" \/>\n<meta property=\"article:modified_time\" content=\"2024-01-18T15:04:49+00:00\" \/>\n<meta name=\"twitter:card\" content=\"summary_large_image\" \/>\n<meta name=\"twitter:label1\" content=\"Est. tempo de leitura\" \/>\n\t<meta name=\"twitter:data1\" content=\"2 minutos\" \/>\n<script type=\"application\/ld+json\" class=\"yoast-schema-graph\">{\"@context\":\"https:\/\/schema.org\",\"@graph\":[{\"@type\":\"WebSite\",\"@id\":\"https:\/\/selariarosario.com.br\/atacado\/#website\",\"url\":\"https:\/\/selariarosario.com.br\/atacado\/\",\"name\":\"Selaria Rosario\",\"description\":\"\",\"potentialAction\":[{\"@type\":\"SearchAction\",\"target\":{\"@type\":\"EntryPoint\",\"urlTemplate\":\"https:\/\/selariarosario.com.br\/atacado\/?s={search_term_string}\"},\"query-input\":\"required name=search_term_string\"}],\"inLanguage\":\"pt-BR\"},{\"@type\":\"ImageObject\",\"@id\":\"https:\/\/selariarosario.com.br\/atacado\/produto\/perneira-vaqueta-bordada-sr-2\/#primaryimage\",\"inLanguage\":\"pt-BR\",\"url\":\"https:\/\/selariarosario.com.br\/atacado\/wp-content\/uploads\/2024\/01\/IMG_5250-1.jpg\",\"contentUrl\":\"https:\/\/selariarosario.com.br\/atacado\/wp-content\/uploads\/2024\/01\/IMG_5250-1.jpg\",\"width\":1200,\"height\":1200},{\"@type\":\"WebPage\",\"@id\":\"https:\/\/selariarosario.com.br\/atacado\/produto\/perneira-vaqueta-bordada-sr-2\/#webpage\",\"url\":\"https:\/\/selariarosario.com.br\/atacado\/produto\/perneira-vaqueta-bordada-sr-2\/\",\"name\":\"Perneira de vaqueta bordada\",\"isPartOf\":{\"@id\":\"https:\/\/selariarosario.com.br\/atacado\/#website\"},\"primaryImageOfPage\":{\"@id\":\"https:\/\/selariarosario.com.br\/atacado\/produto\/perneira-vaqueta-bordada-sr-2\/#primaryimage\"},\"datePublished\":\"2024-01-18T15:04:45+00:00\",\"dateModified\":\"2024-01-18T15:04:49+00:00\",\"description\":\"Perneira de vaqueta bordada \\u00e9 um EPI extremamente importante para a sa\\u00fade e seguran\\u00e7a , destinada a proteger as pernas na regi\\u00e3o entre o joelho e o p\\u00e9.\",\"breadcrumb\":{\"@id\":\"https:\/\/selariarosario.com.br\/atacado\/produto\/perneira-vaqueta-bordada-sr-2\/#breadcrumb\"},\"inLanguage\":\"pt-BR\",\"potentialAction\":[{\"@type\":\"ReadAction\",\"target\":[\"https:\/\/selariarosario.com.br\/atacado\/produto\/perneira-vaqueta-bordada-sr-2\/\"]}]},{\"@type\":\"BreadcrumbList\",\"@id\":\"https:\/\/selariarosario.com.br\/atacado\/produto\/perneira-vaqueta-bordada-sr-2\/#breadcrumb\",\"itemListElement\":[{\"@type\":\"ListItem\",\"position\":1,\"name\":\"In\\u00edcio\",\"item\":\"https:\/\/selariarosario.com.br\/atacado\/\"},{\"@type\":\"ListItem\",\"position\":2,\"name\":\"Produtos\",\"item\":\"https:\/\/selariarosario.com.br\/atacado\/produtos\/\"},{\"@type\":\"ListItem\",\"position\":3,\"name\":\"Perneira Vaqueta Bordada SR\"}]}]}<\/script>\n<!-- \/ Yoast SEO plugin. -->","yoast_head_json":{"title":"Perneira de vaqueta bordada","description":"Perneira de vaqueta bordada \u00e9 um EPI extremamente importante para a sa\u00fade e seguran\u00e7a , destinada a proteger as pernas na regi\u00e3o entre o joelho e o p\u00e9.","robots":{"index":"index","follow":"follow","max-snippet":"max-snippet:-1","max-image-preview":"max-image-preview:large","max-video-preview":"max-video-preview:-1"},"canonical":"https:\/\/selariarosario.com.br\/atacado\/produto\/perneira-vaqueta-bordada-sr-2\/","og_locale":"pt_BR","og_type":"article","og_title":"Perneira de vaqueta bordada","og_description":"Perneira de vaqueta bordada \u00e9 um EPI extremamente importante para a sa\u00fade e seguran\u00e7a , destinada a proteger as pernas na regi\u00e3o entre o joelho e o p\u00e9.","og_url":"https:\/\/selariarosario.com.br\/atacado\/produto\/perneira-vaqueta-bordada-sr-2\/","og_site_name":"Selaria Rosario","article_modified_time":"2024-01-18T15:04:49+00:00","twitter_card":"summary_large_image","twitter_misc":{"Est. tempo de leitura":"2 minutos"},"schema":{"@context":"https:\/\/schema.org","@graph":[{"@type":"WebSite","@id":"https:\/\/selariarosario.com.br\/atacado\/#website","url":"https:\/\/selariarosario.com.br\/atacado\/","name":"Selaria Rosario","description":"","potentialAction":[{"@type":"SearchAction","target":{"@type":"EntryPoint","urlTemplate":"https:\/\/selariarosario.com.br\/atacado\/?s={search_term_string}"},"query-input":"required name=search_term_string"}],"inLanguage":"pt-BR"},{"@type":"ImageObject","@id":"https:\/\/selariarosario.com.br\/atacado\/produto\/perneira-vaqueta-bordada-sr-2\/#primaryimage","inLanguage":"pt-BR","url":"https:\/\/selariarosario.com.br\/atacado\/wp-content\/uploads\/2024\/01\/IMG_5250-1.jpg","contentUrl":"https:\/\/selariarosario.com.br\/atacado\/wp-content\/uploads\/2024\/01\/IMG_5250-1.jpg","width":1200,"height":1200},{"@type":"WebPage","@id":"https:\/\/selariarosario.com.br\/atacado\/produto\/perneira-vaqueta-bordada-sr-2\/#webpage","url":"https:\/\/selariarosario.com.br\/atacado\/produto\/perneira-vaqueta-bordada-sr-2\/","name":"Perneira de vaqueta bordada","isPartOf":{"@id":"https:\/\/selariarosario.com.br\/atacado\/#website"},"primaryImageOfPage":{"@id":"https:\/\/selariarosario.com.br\/atacado\/produto\/perneira-vaqueta-bordada-sr-2\/#primaryimage"},"datePublished":"2024-01-18T15:04:45+00:00","dateModified":"2024-01-18T15:04:49+00:00","description":"Perneira de vaqueta bordada \u00e9 um EPI extremamente importante para a sa\u00fade e seguran\u00e7a , destinada a proteger as pernas na regi\u00e3o entre o joelho e o p\u00e9.","breadcrumb":{"@id":"https:\/\/selariarosario.com.br\/atacado\/produto\/perneira-vaqueta-bordada-sr-2\/#breadcrumb"},"inLanguage":"pt-BR","potentialAction":[{"@type":"ReadAction","target":["https:\/\/selariarosario.com.br\/atacado\/produto\/perneira-vaqueta-bordada-sr-2\/"]}]},{"@type":"BreadcrumbList","@id":"https:\/\/selariarosario.com.br\/atacado\/produto\/perneira-vaqueta-bordada-sr-2\/#breadcrumb","itemListElement":[{"@type":"ListItem","position":1,"name":"In\u00edcio","item":"https:\/\/selariarosario.com.br\/atacado\/"},{"@type":"ListItem","position":2,"name":"Produtos","item":"https:\/\/selariarosario.com.br\/atacado\/produtos\/"},{"@type":"ListItem","position":3,"name":"Perneira Vaqueta Bordada SR"}]}]}},"_links":{"self":[{"href":"https:\/\/selariarosario.com.br\/atacado\/wp-json\/wp\/v2\/product\/1906"}],"collection":[{"href":"https:\/\/selariarosario.com.br\/atacado\/wp-json\/wp\/v2\/product"}],"about":[{"href":"https:\/\/selariarosario.com.br\/atacado\/wp-json\/wp\/v2\/types\/product"}],"wp:featuredmedia":[{"embeddable":true,"href":"https:\/\/selariarosario.com.br\/atacado\/wp-json\/wp\/v2\/media\/1521"}],"wp:attachment":[{"href":"https:\/\/selariarosario.com.br\/atacado\/wp-json\/wp\/v2\/media?parent=1906"}],"wp:term":[{"taxonomy":"product_cat","embeddable":true,"href":"https:\/\/selariarosario.com.br\/atacado\/wp-json\/wp\/v2\/product_cat?post=1906"},{"taxonomy":"product_tag","embeddable":true,"href":"https:\/\/selariarosario.com.br\/atacado\/wp-json\/wp\/v2\/product_tag?post=1906"}],"curies":[{"name":"wp","href":"https:\/\/api.w.org\/{rel}","templated":true}]}}