{"id":1909,"date":"2024-01-18T12:04:45","date_gmt":"2024-01-18T15:04:45","guid":{"rendered":"https:\/\/selariarosario.com.br\/atacado\/?post_type=product&#038;p=1909"},"modified":"2024-01-18T12:04:49","modified_gmt":"2024-01-18T15:04:49","slug":"cabresto-poli-grosso-c-argola-sr","status":"publish","type":"product","link":"https:\/\/selariarosario.com.br\/atacado\/produto\/cabresto-poli-grosso-c-argola-sr\/","title":{"rendered":"Cabresto poli grosso c\/argola SR"},"content":{"rendered":"<p><strong>\u00a0Cabresto poli c\/argola grosso confeccionado em corda de polipropileno super resistente com argola de la\u00e7o.<\/strong><\/p>\n<p><strong>Cabresto poli c\/argola grosso<\/strong> \u00e9 um equipamento utilizado no manejo e treinamento de cavalos. Ele \u00e9 uma esp\u00e9cie de freio de cabe\u00e7a, que consiste em uma al\u00e7a de couro , nylon OU POLIPROPILENO\u00a0 que se coloca em torno da cabe\u00e7a do cavalo e passa por tr\u00e1s das orelhas e se ajusta sob o queixo.<\/p>\n<p>O principal objetivo do cabresto \u00e9 exercer controle sobre o cavalo, facilitando seu manejo, treinamento e transporte. E ainda se usa para guiar e direcionar o cavalo enquanto o condutor est\u00e1 montado ou n\u00e3o, permite que se fa\u00e7am movimentos mais suaves e precisos, al\u00e9m de ajudar a evitar poss\u00edveis fugas ou comportamentos indesejados. Tamb\u00e9m pode ser utilizado em atividades como atrelagem, embarque e desembarque do animal.<\/p>\n<p>Al\u00e9m disso, o cabresto possui uma fun\u00e7\u00e3o de seguran\u00e7a, pois em casos de emerg\u00eancia ou necessidade de conten\u00e7\u00e3o do animal, ele pode utilizar como meio de controle e conten\u00e7\u00e3o. Vale ressaltar que o cabresto deve -se us\u00e1-lo corretamente, de forma a n\u00e3o causar desconforto ou ferimentos ao cavalo.<\/p>\n<div data-hveid=\"CAkQAQ\">\n<div class=\"dnXCYb\" tabindex=\"0\" role=\"button\" aria-controls=\"_5BRBZZG8LbO-5OUP5aeYwAs_5\" aria-expanded=\"true\">\n<div class=\"JlqpRe\"><span class=\"JCzEY ZwRhJd\"><span class=\"CSkcDe\">Quais os tipos de cabresto? Seguem alguns tipos conforme abaixo:<\/span><\/span><\/div>\n<\/div>\n<\/div>\n<div id=\"_5BRBZZG8LbO-5OUP5aeYwAs_5\" class=\"bCOlv\" data-ved=\"2ahUKEwiRvr2IxaCCAxUzH7kGHeUTBrgQ7NUEegQICRAE\">\n<div class=\"IZE3Td\">\n<div class=\"t0bRye r2fjmd\" data-hveid=\"CAkQBQ\" data-ved=\"2ahUKEwiRvr2IxaCCAxUzH7kGHeUTBrgQu04oAHoECAkQBQ\">\n<div id=\"5BRBZZG8LbO-5OUP5aeYwAs__12\">\n<div class=\"wDYxhc\" data-md=\"83\">\n<div class=\"di3YZe\">\n<div class=\"RqBzHd\">\n<ul class=\"i8Z77e\">\n<li class=\"TrT0Xe\">O que \u00e9 um\u00a0<b>cabresto<\/b>\u00a0para cavalo?<\/li>\n<li class=\"TrT0Xe\"><b>Cabresto<\/b>\u00a0de est\u00e1bulo.<\/li>\n<li class=\"TrT0Xe\"><b>Cabresto<\/b>\u00a0de n\u00f3s para cavalos.<\/li>\n<li class=\"TrT0Xe\"><b>Cabresto<\/b>\u00a0para montar cavalos.<\/li>\n<li class=\"TrT0Xe\"><b>Cabresto<\/b>\u00a0sem embocadura ou bitless para cavalo.<\/li>\n<li class=\"TrT0Xe\">Outros\u00a0<b>tipos<\/b>\u00a0de cabrestos para cavalos.<\/li>\n<\/ul>\n<\/div>\n<\/div>\n<\/div>\n<\/div>\n<\/div>\n<\/div>\n<\/div>\n<p><strong>Op\u00e7\u00f5es de cores conforme abaixo: <\/strong><\/p>\n<p><strong>Preto e vermelho<\/strong><\/p>\n","protected":false},"excerpt":{"rendered":"<p>\u00a0Cabresto poli c\/argola grosso confeccionado em corda de polipropileno super resistente com argola de la\u00e7o. Cabresto poli c\/argola grosso \u00e9 um equipamento utilizado no manejo e treinamento de cavalos. Ele \u00e9 uma esp\u00e9cie de freio de cabe\u00e7a, que consiste em uma al\u00e7a de couro , nylon OU POLIPROPILENO\u00a0 que se coloca em torno da cabe\u00e7a [&hellip;]<\/p>\n","protected":false},"featured_media":1524,"template":"","meta":[],"product_cat":[35,54,51],"product_tag":[],"yoast_head":"<!-- This site is optimized with the Yoast SEO plugin v16.7 - https:\/\/yoast.com\/wordpress\/plugins\/seo\/ -->\n<title>Cabresto poli c\/argola grosso<\/title>\n<meta name=\"description\" content=\"Cabresto poli c\/argola grosso \u00e9 um equipamento utilizado no manejo e treinamento de cavalos. Ele \u00e9 uma esp\u00e9cie de freio de cabe\u00e7a.\" \/>\n<meta name=\"robots\" content=\"index, follow, max-snippet:-1, max-image-preview:large, max-video-preview:-1\" \/>\n<link rel=\"canonical\" href=\"https:\/\/selariarosario.com.br\/atacado\/produto\/cabresto-poli-grosso-c-argola-sr\/\" \/>\n<meta property=\"og:locale\" content=\"pt_BR\" \/>\n<meta property=\"og:type\" content=\"article\" \/>\n<meta property=\"og:title\" content=\"Cabresto poli c\/argola grosso\" \/>\n<meta property=\"og:description\" content=\"Cabresto poli c\/argola grosso \u00e9 um equipamento utilizado no manejo e treinamento de cavalos. Ele \u00e9 uma esp\u00e9cie de freio de cabe\u00e7a.\" \/>\n<meta property=\"og:url\" content=\"https:\/\/selariarosario.com.br\/atacado\/produto\/cabresto-poli-grosso-c-argola-sr\/\" \/>\n<meta property=\"og:site_name\" content=\"Selaria Rosario\" \/>\n<meta property=\"article:modified_time\" content=\"2024-01-18T15:04:49+00:00\" \/>\n<meta name=\"twitter:card\" content=\"summary_large_image\" \/>\n<meta name=\"twitter:label1\" content=\"Est. tempo de leitura\" \/>\n\t<meta name=\"twitter:data1\" content=\"2 minutos\" \/>\n<script type=\"application\/ld+json\" class=\"yoast-schema-graph\">{\"@context\":\"https:\/\/schema.org\",\"@graph\":[{\"@type\":\"WebSite\",\"@id\":\"https:\/\/selariarosario.com.br\/atacado\/#website\",\"url\":\"https:\/\/selariarosario.com.br\/atacado\/\",\"name\":\"Selaria Rosario\",\"description\":\"\",\"potentialAction\":[{\"@type\":\"SearchAction\",\"target\":{\"@type\":\"EntryPoint\",\"urlTemplate\":\"https:\/\/selariarosario.com.br\/atacado\/?s={search_term_string}\"},\"query-input\":\"required name=search_term_string\"}],\"inLanguage\":\"pt-BR\"},{\"@type\":\"ImageObject\",\"@id\":\"https:\/\/selariarosario.com.br\/atacado\/produto\/cabresto-poli-grosso-c-argola-sr\/#primaryimage\",\"inLanguage\":\"pt-BR\",\"url\":\"https:\/\/selariarosario.com.br\/atacado\/wp-content\/uploads\/2024\/01\/Cabresto-de-poli-com-argola.jpg\",\"contentUrl\":\"https:\/\/selariarosario.com.br\/atacado\/wp-content\/uploads\/2024\/01\/Cabresto-de-poli-com-argola.jpg\",\"width\":1196,\"height\":1536},{\"@type\":\"WebPage\",\"@id\":\"https:\/\/selariarosario.com.br\/atacado\/produto\/cabresto-poli-grosso-c-argola-sr\/#webpage\",\"url\":\"https:\/\/selariarosario.com.br\/atacado\/produto\/cabresto-poli-grosso-c-argola-sr\/\",\"name\":\"Cabresto poli c\/argola grosso\",\"isPartOf\":{\"@id\":\"https:\/\/selariarosario.com.br\/atacado\/#website\"},\"primaryImageOfPage\":{\"@id\":\"https:\/\/selariarosario.com.br\/atacado\/produto\/cabresto-poli-grosso-c-argola-sr\/#primaryimage\"},\"datePublished\":\"2024-01-18T15:04:45+00:00\",\"dateModified\":\"2024-01-18T15:04:49+00:00\",\"description\":\"Cabresto poli c\/argola grosso \\u00e9 um equipamento utilizado no manejo e treinamento de cavalos. Ele \\u00e9 uma esp\\u00e9cie de freio de cabe\\u00e7a.\",\"breadcrumb\":{\"@id\":\"https:\/\/selariarosario.com.br\/atacado\/produto\/cabresto-poli-grosso-c-argola-sr\/#breadcrumb\"},\"inLanguage\":\"pt-BR\",\"potentialAction\":[{\"@type\":\"ReadAction\",\"target\":[\"https:\/\/selariarosario.com.br\/atacado\/produto\/cabresto-poli-grosso-c-argola-sr\/\"]}]},{\"@type\":\"BreadcrumbList\",\"@id\":\"https:\/\/selariarosario.com.br\/atacado\/produto\/cabresto-poli-grosso-c-argola-sr\/#breadcrumb\",\"itemListElement\":[{\"@type\":\"ListItem\",\"position\":1,\"name\":\"In\\u00edcio\",\"item\":\"https:\/\/selariarosario.com.br\/atacado\/\"},{\"@type\":\"ListItem\",\"position\":2,\"name\":\"Produtos\",\"item\":\"https:\/\/selariarosario.com.br\/atacado\/produtos\/\"},{\"@type\":\"ListItem\",\"position\":3,\"name\":\"Cabresto poli grosso c\/argola SR\"}]}]}<\/script>\n<!-- \/ Yoast SEO plugin. -->","yoast_head_json":{"title":"Cabresto poli c\/argola grosso","description":"Cabresto poli c\/argola grosso \u00e9 um equipamento utilizado no manejo e treinamento de cavalos. Ele \u00e9 uma esp\u00e9cie de freio de cabe\u00e7a.","robots":{"index":"index","follow":"follow","max-snippet":"max-snippet:-1","max-image-preview":"max-image-preview:large","max-video-preview":"max-video-preview:-1"},"canonical":"https:\/\/selariarosario.com.br\/atacado\/produto\/cabresto-poli-grosso-c-argola-sr\/","og_locale":"pt_BR","og_type":"article","og_title":"Cabresto poli c\/argola grosso","og_description":"Cabresto poli c\/argola grosso \u00e9 um equipamento utilizado no manejo e treinamento de cavalos. Ele \u00e9 uma esp\u00e9cie de freio de cabe\u00e7a.","og_url":"https:\/\/selariarosario.com.br\/atacado\/produto\/cabresto-poli-grosso-c-argola-sr\/","og_site_name":"Selaria Rosario","article_modified_time":"2024-01-18T15:04:49+00:00","twitter_card":"summary_large_image","twitter_misc":{"Est. tempo de leitura":"2 minutos"},"schema":{"@context":"https:\/\/schema.org","@graph":[{"@type":"WebSite","@id":"https:\/\/selariarosario.com.br\/atacado\/#website","url":"https:\/\/selariarosario.com.br\/atacado\/","name":"Selaria Rosario","description":"","potentialAction":[{"@type":"SearchAction","target":{"@type":"EntryPoint","urlTemplate":"https:\/\/selariarosario.com.br\/atacado\/?s={search_term_string}"},"query-input":"required name=search_term_string"}],"inLanguage":"pt-BR"},{"@type":"ImageObject","@id":"https:\/\/selariarosario.com.br\/atacado\/produto\/cabresto-poli-grosso-c-argola-sr\/#primaryimage","inLanguage":"pt-BR","url":"https:\/\/selariarosario.com.br\/atacado\/wp-content\/uploads\/2024\/01\/Cabresto-de-poli-com-argola.jpg","contentUrl":"https:\/\/selariarosario.com.br\/atacado\/wp-content\/uploads\/2024\/01\/Cabresto-de-poli-com-argola.jpg","width":1196,"height":1536},{"@type":"WebPage","@id":"https:\/\/selariarosario.com.br\/atacado\/produto\/cabresto-poli-grosso-c-argola-sr\/#webpage","url":"https:\/\/selariarosario.com.br\/atacado\/produto\/cabresto-poli-grosso-c-argola-sr\/","name":"Cabresto poli c\/argola grosso","isPartOf":{"@id":"https:\/\/selariarosario.com.br\/atacado\/#website"},"primaryImageOfPage":{"@id":"https:\/\/selariarosario.com.br\/atacado\/produto\/cabresto-poli-grosso-c-argola-sr\/#primaryimage"},"datePublished":"2024-01-18T15:04:45+00:00","dateModified":"2024-01-18T15:04:49+00:00","description":"Cabresto poli c\/argola grosso \u00e9 um equipamento utilizado no manejo e treinamento de cavalos. Ele \u00e9 uma esp\u00e9cie de freio de cabe\u00e7a.","breadcrumb":{"@id":"https:\/\/selariarosario.com.br\/atacado\/produto\/cabresto-poli-grosso-c-argola-sr\/#breadcrumb"},"inLanguage":"pt-BR","potentialAction":[{"@type":"ReadAction","target":["https:\/\/selariarosario.com.br\/atacado\/produto\/cabresto-poli-grosso-c-argola-sr\/"]}]},{"@type":"BreadcrumbList","@id":"https:\/\/selariarosario.com.br\/atacado\/produto\/cabresto-poli-grosso-c-argola-sr\/#breadcrumb","itemListElement":[{"@type":"ListItem","position":1,"name":"In\u00edcio","item":"https:\/\/selariarosario.com.br\/atacado\/"},{"@type":"ListItem","position":2,"name":"Produtos","item":"https:\/\/selariarosario.com.br\/atacado\/produtos\/"},{"@type":"ListItem","position":3,"name":"Cabresto poli grosso c\/argola SR"}]}]}},"_links":{"self":[{"href":"https:\/\/selariarosario.com.br\/atacado\/wp-json\/wp\/v2\/product\/1909"}],"collection":[{"href":"https:\/\/selariarosario.com.br\/atacado\/wp-json\/wp\/v2\/product"}],"about":[{"href":"https:\/\/selariarosario.com.br\/atacado\/wp-json\/wp\/v2\/types\/product"}],"wp:featuredmedia":[{"embeddable":true,"href":"https:\/\/selariarosario.com.br\/atacado\/wp-json\/wp\/v2\/media\/1524"}],"wp:attachment":[{"href":"https:\/\/selariarosario.com.br\/atacado\/wp-json\/wp\/v2\/media?parent=1909"}],"wp:term":[{"taxonomy":"product_cat","embeddable":true,"href":"https:\/\/selariarosario.com.br\/atacado\/wp-json\/wp\/v2\/product_cat?post=1909"},{"taxonomy":"product_tag","embeddable":true,"href":"https:\/\/selariarosario.com.br\/atacado\/wp-json\/wp\/v2\/product_tag?post=1909"}],"curies":[{"name":"wp","href":"https:\/\/api.w.org\/{rel}","templated":true}]}}