{"id":1911,"date":"2024-01-18T12:04:45","date_gmt":"2024-01-18T15:04:45","guid":{"rendered":"https:\/\/selariarosario.com.br\/atacado\/?post_type=product&#038;p=1911"},"modified":"2024-01-18T12:04:50","modified_gmt":"2024-01-18T15:04:50","slug":"cabresto-bezerro-fita-c-corrente","status":"publish","type":"product","link":"https:\/\/selariarosario.com.br\/atacado\/produto\/cabresto-bezerro-fita-c-corrente\/","title":{"rendered":"Cabresto bezerro fita c\/corrente"},"content":{"rendered":"<p>,Cabresto bezerro fita c\/corrente<\/p>\n<p>Cabresto de fita com corrente para bezerro, confeccionado em fita nylon costurada, proporcionando maior resist\u00eancia do produto. Composto de argolas, fivela e corrente em ferro niquelado, de alt\u00edssima qualidade. Possui uma regulagem lateral, refor\u00e7ada.<\/p>\n<p>Cabresto bezerro fita c\/corrente \u00e9 um acess\u00f3rio utilizado na cria\u00e7\u00e3o de gado bovino para ajudar a controlar e direcionar o animal. Ele consiste em uma pe\u00e7a\u00a0 que se coloca ao redor do pesco\u00e7o do bezerro e prende a uma guia que o criador segura.<\/p>\n<p>O cabresto para bezerro tem a fun\u00e7\u00e3o de treinar e acostumar o animal a ser manipulado pelo criador, al\u00e9m de facilitar o manejo do animal, como a condu\u00e7\u00e3o para ordenha, transporte ou exames veterin\u00e1rios. Por isso \u00e9 um instrumento importante para o trabalho com o gado e ajuda a garantir a seguran\u00e7a tanto do animal quanto dos criadores.<\/p>\n<p>O cabresto para bezerro\u00a0 deve colocar\u00a0 no animal desde cedo, geralmente quando ainda s\u00e3o filhotes, para que se acostumem com a pe\u00e7a e o manejo, pois com o tempo, os bezerros aprendem a obedecer aos comandos dados pelo criador atrav\u00e9s do cabresto e assim facilita o trabalho de manipula\u00e7\u00e3o dos animais.<\/p>\n<p>O cabresto tem a fun\u00e7\u00e3o de\u00a0<b>possibilitar a movimenta\u00e7\u00e3o da cabe\u00e7a do animal com firmeza, seguran\u00e7a e sem enforcar o animal<\/b>.<\/p>\n","protected":false},"excerpt":{"rendered":"<p>Cabresto de fita refor\u00e7ado forrado em couro com corrente de 5 argolas.<\/p>\n","protected":false},"featured_media":1526,"template":"","meta":[],"product_cat":[35,54,51],"product_tag":[],"yoast_head":"<!-- This site is optimized with the Yoast SEO plugin v16.7 - https:\/\/yoast.com\/wordpress\/plugins\/seo\/ -->\n<title>Cabresto bezerro fita c\/corrente<\/title>\n<meta name=\"description\" content=\"Cabresto bezerro fita c\/corrente \u00e9 um acess\u00f3rio utilizado na cria\u00e7\u00e3o de gado bovino para ajudar a controlar e direcionar o animal.\" \/>\n<meta name=\"robots\" content=\"index, follow, max-snippet:-1, max-image-preview:large, max-video-preview:-1\" \/>\n<link rel=\"canonical\" href=\"https:\/\/selariarosario.com.br\/atacado\/produto\/cabresto-bezerro-fita-c-corrente\/\" \/>\n<meta property=\"og:locale\" content=\"pt_BR\" \/>\n<meta property=\"og:type\" content=\"article\" \/>\n<meta property=\"og:title\" content=\"Cabresto bezerro fita c\/corrente\" \/>\n<meta property=\"og:description\" content=\"Cabresto bezerro fita c\/corrente \u00e9 um acess\u00f3rio utilizado na cria\u00e7\u00e3o de gado bovino para ajudar a controlar e direcionar o animal.\" \/>\n<meta property=\"og:url\" content=\"https:\/\/selariarosario.com.br\/atacado\/produto\/cabresto-bezerro-fita-c-corrente\/\" \/>\n<meta property=\"og:site_name\" content=\"Selaria Rosario\" \/>\n<meta property=\"article:modified_time\" content=\"2024-01-18T15:04:50+00:00\" \/>\n<meta name=\"twitter:card\" content=\"summary_large_image\" \/>\n<meta name=\"twitter:label1\" content=\"Est. tempo de leitura\" \/>\n\t<meta name=\"twitter:data1\" content=\"2 minutos\" \/>\n<script type=\"application\/ld+json\" class=\"yoast-schema-graph\">{\"@context\":\"https:\/\/schema.org\",\"@graph\":[{\"@type\":\"WebSite\",\"@id\":\"https:\/\/selariarosario.com.br\/atacado\/#website\",\"url\":\"https:\/\/selariarosario.com.br\/atacado\/\",\"name\":\"Selaria Rosario\",\"description\":\"\",\"potentialAction\":[{\"@type\":\"SearchAction\",\"target\":{\"@type\":\"EntryPoint\",\"urlTemplate\":\"https:\/\/selariarosario.com.br\/atacado\/?s={search_term_string}\"},\"query-input\":\"required name=search_term_string\"}],\"inLanguage\":\"pt-BR\"},{\"@type\":\"ImageObject\",\"@id\":\"https:\/\/selariarosario.com.br\/atacado\/produto\/cabresto-bezerro-fita-c-corrente\/#primaryimage\",\"inLanguage\":\"pt-BR\",\"url\":\"https:\/\/selariarosario.com.br\/atacado\/wp-content\/uploads\/2024\/01\/CABRESTO-P-BEZERRO-CORRENTE.jpg\",\"contentUrl\":\"https:\/\/selariarosario.com.br\/atacado\/wp-content\/uploads\/2024\/01\/CABRESTO-P-BEZERRO-CORRENTE.jpg\",\"width\":1200,\"height\":1200},{\"@type\":\"WebPage\",\"@id\":\"https:\/\/selariarosario.com.br\/atacado\/produto\/cabresto-bezerro-fita-c-corrente\/#webpage\",\"url\":\"https:\/\/selariarosario.com.br\/atacado\/produto\/cabresto-bezerro-fita-c-corrente\/\",\"name\":\"Cabresto bezerro fita c\/corrente\",\"isPartOf\":{\"@id\":\"https:\/\/selariarosario.com.br\/atacado\/#website\"},\"primaryImageOfPage\":{\"@id\":\"https:\/\/selariarosario.com.br\/atacado\/produto\/cabresto-bezerro-fita-c-corrente\/#primaryimage\"},\"datePublished\":\"2024-01-18T15:04:45+00:00\",\"dateModified\":\"2024-01-18T15:04:50+00:00\",\"description\":\"Cabresto bezerro fita c\/corrente \\u00e9 um acess\\u00f3rio utilizado na cria\\u00e7\\u00e3o de gado bovino para ajudar a controlar e direcionar o animal.\",\"breadcrumb\":{\"@id\":\"https:\/\/selariarosario.com.br\/atacado\/produto\/cabresto-bezerro-fita-c-corrente\/#breadcrumb\"},\"inLanguage\":\"pt-BR\",\"potentialAction\":[{\"@type\":\"ReadAction\",\"target\":[\"https:\/\/selariarosario.com.br\/atacado\/produto\/cabresto-bezerro-fita-c-corrente\/\"]}]},{\"@type\":\"BreadcrumbList\",\"@id\":\"https:\/\/selariarosario.com.br\/atacado\/produto\/cabresto-bezerro-fita-c-corrente\/#breadcrumb\",\"itemListElement\":[{\"@type\":\"ListItem\",\"position\":1,\"name\":\"In\\u00edcio\",\"item\":\"https:\/\/selariarosario.com.br\/atacado\/\"},{\"@type\":\"ListItem\",\"position\":2,\"name\":\"Produtos\",\"item\":\"https:\/\/selariarosario.com.br\/atacado\/produtos\/\"},{\"@type\":\"ListItem\",\"position\":3,\"name\":\"Cabresto bezerro fita c\/corrente\"}]}]}<\/script>\n<!-- \/ Yoast SEO plugin. -->","yoast_head_json":{"title":"Cabresto bezerro fita c\/corrente","description":"Cabresto bezerro fita c\/corrente \u00e9 um acess\u00f3rio utilizado na cria\u00e7\u00e3o de gado bovino para ajudar a controlar e direcionar o animal.","robots":{"index":"index","follow":"follow","max-snippet":"max-snippet:-1","max-image-preview":"max-image-preview:large","max-video-preview":"max-video-preview:-1"},"canonical":"https:\/\/selariarosario.com.br\/atacado\/produto\/cabresto-bezerro-fita-c-corrente\/","og_locale":"pt_BR","og_type":"article","og_title":"Cabresto bezerro fita c\/corrente","og_description":"Cabresto bezerro fita c\/corrente \u00e9 um acess\u00f3rio utilizado na cria\u00e7\u00e3o de gado bovino para ajudar a controlar e direcionar o animal.","og_url":"https:\/\/selariarosario.com.br\/atacado\/produto\/cabresto-bezerro-fita-c-corrente\/","og_site_name":"Selaria Rosario","article_modified_time":"2024-01-18T15:04:50+00:00","twitter_card":"summary_large_image","twitter_misc":{"Est. tempo de leitura":"2 minutos"},"schema":{"@context":"https:\/\/schema.org","@graph":[{"@type":"WebSite","@id":"https:\/\/selariarosario.com.br\/atacado\/#website","url":"https:\/\/selariarosario.com.br\/atacado\/","name":"Selaria Rosario","description":"","potentialAction":[{"@type":"SearchAction","target":{"@type":"EntryPoint","urlTemplate":"https:\/\/selariarosario.com.br\/atacado\/?s={search_term_string}"},"query-input":"required name=search_term_string"}],"inLanguage":"pt-BR"},{"@type":"ImageObject","@id":"https:\/\/selariarosario.com.br\/atacado\/produto\/cabresto-bezerro-fita-c-corrente\/#primaryimage","inLanguage":"pt-BR","url":"https:\/\/selariarosario.com.br\/atacado\/wp-content\/uploads\/2024\/01\/CABRESTO-P-BEZERRO-CORRENTE.jpg","contentUrl":"https:\/\/selariarosario.com.br\/atacado\/wp-content\/uploads\/2024\/01\/CABRESTO-P-BEZERRO-CORRENTE.jpg","width":1200,"height":1200},{"@type":"WebPage","@id":"https:\/\/selariarosario.com.br\/atacado\/produto\/cabresto-bezerro-fita-c-corrente\/#webpage","url":"https:\/\/selariarosario.com.br\/atacado\/produto\/cabresto-bezerro-fita-c-corrente\/","name":"Cabresto bezerro fita c\/corrente","isPartOf":{"@id":"https:\/\/selariarosario.com.br\/atacado\/#website"},"primaryImageOfPage":{"@id":"https:\/\/selariarosario.com.br\/atacado\/produto\/cabresto-bezerro-fita-c-corrente\/#primaryimage"},"datePublished":"2024-01-18T15:04:45+00:00","dateModified":"2024-01-18T15:04:50+00:00","description":"Cabresto bezerro fita c\/corrente \u00e9 um acess\u00f3rio utilizado na cria\u00e7\u00e3o de gado bovino para ajudar a controlar e direcionar o animal.","breadcrumb":{"@id":"https:\/\/selariarosario.com.br\/atacado\/produto\/cabresto-bezerro-fita-c-corrente\/#breadcrumb"},"inLanguage":"pt-BR","potentialAction":[{"@type":"ReadAction","target":["https:\/\/selariarosario.com.br\/atacado\/produto\/cabresto-bezerro-fita-c-corrente\/"]}]},{"@type":"BreadcrumbList","@id":"https:\/\/selariarosario.com.br\/atacado\/produto\/cabresto-bezerro-fita-c-corrente\/#breadcrumb","itemListElement":[{"@type":"ListItem","position":1,"name":"In\u00edcio","item":"https:\/\/selariarosario.com.br\/atacado\/"},{"@type":"ListItem","position":2,"name":"Produtos","item":"https:\/\/selariarosario.com.br\/atacado\/produtos\/"},{"@type":"ListItem","position":3,"name":"Cabresto bezerro fita c\/corrente"}]}]}},"_links":{"self":[{"href":"https:\/\/selariarosario.com.br\/atacado\/wp-json\/wp\/v2\/product\/1911"}],"collection":[{"href":"https:\/\/selariarosario.com.br\/atacado\/wp-json\/wp\/v2\/product"}],"about":[{"href":"https:\/\/selariarosario.com.br\/atacado\/wp-json\/wp\/v2\/types\/product"}],"wp:featuredmedia":[{"embeddable":true,"href":"https:\/\/selariarosario.com.br\/atacado\/wp-json\/wp\/v2\/media\/1526"}],"wp:attachment":[{"href":"https:\/\/selariarosario.com.br\/atacado\/wp-json\/wp\/v2\/media?parent=1911"}],"wp:term":[{"taxonomy":"product_cat","embeddable":true,"href":"https:\/\/selariarosario.com.br\/atacado\/wp-json\/wp\/v2\/product_cat?post=1911"},{"taxonomy":"product_tag","embeddable":true,"href":"https:\/\/selariarosario.com.br\/atacado\/wp-json\/wp\/v2\/product_tag?post=1911"}],"curies":[{"name":"wp","href":"https:\/\/api.w.org\/{rel}","templated":true}]}}