{"id":1912,"date":"2024-01-18T12:04:46","date_gmt":"2024-01-18T15:04:46","guid":{"rendered":"https:\/\/selariarosario.com.br\/atacado\/?post_type=product&#038;p=1912"},"modified":"2024-01-18T12:04:50","modified_gmt":"2024-01-18T15:04:50","slug":"cabresto-vaca-boi-fita-corrente-sr","status":"publish","type":"product","link":"https:\/\/selariarosario.com.br\/atacado\/produto\/cabresto-vaca-boi-fita-corrente-sr\/","title":{"rendered":"Cabresto vaca\/boi fita corrente SR"},"content":{"rendered":"<p><strong>\u00a0 Cabresto vaca\/boi fita corrente refor\u00e7ado forrado em couro com corrente de 5 argolas: &#8220;O segredo do sucesso na lida do campo: o cabresto para vacas e bois<\/strong><\/p>\n<p>Cabresto de fita com corrente para vaca, confeccionado em fita nylon costurada, proporcionando maior resist\u00eancia do produto. Composto de argolas, fivela e corrente em ferro niquelado, de alt\u00edssima qualidade. Possui uma regulagem lateral, refor\u00e7ada.<\/p>\n<p>O uso do cabresto com corrente \u00e9 fundamental para o controle e seguran\u00e7a do boi ou vaca. Ele possibilita direcionar e controlar o animal com facilidade, evitando fugas e garantindo a seguran\u00e7a de todos ao redor. Al\u00e9m disso, com o cabresto \u00e9 poss\u00edvel realizar o manejo de forma mais eficiente, seja para treinamento, deslocamento ou qualquer outra atividade necess\u00e1ria.<\/p>\n<p>Outra vantagem do uso do cabresto \u00e9 a facilidade de realiza\u00e7\u00e3o de exames e tratamentos veterin\u00e1rios. Com o animal devidamente contido pelo cabresto, fica mais f\u00e1cil realizar procedimentos como vacina\u00e7\u00e3o, controle de parasitas, curativos, entre outros.<\/p>\n<p>O uso do cabresto tamb\u00e9m permite um maior controle sobre o comportamento do boi, possibilitando treinamentos espec\u00edficos. Com o treinamento adequado, o animal pode aprender a responder aos comandos dados pelo cabresto, facilitando o trabalho e fortalecendo a rela\u00e7\u00e3o entre o animal e o tratador.<\/p>\n<p>Al\u00e9m disso, o uso do cabresto tamb\u00e9m contribui para a preven\u00e7\u00e3o de acidentes. Animais grandes e imprevis\u00edveis como bois podem se tornar perigosos em situa\u00e7\u00f5es de agita\u00e7\u00e3o. O cabresto oferece um meio de controle e conten\u00e7\u00e3o que evita fugas e poss\u00edveis danos ao animal e \u00e0s pessoas ao redor.<\/p>\n<p>Em resumo, o uso do cabresto vaca\/boi com fita e corrente refor\u00e7ada \u00e9 fundamental para garantir a seguran\u00e7a, facilitar o manejo e controlar<\/p>\n","protected":false},"excerpt":{"rendered":"<p><strong>Cabresto de fita refor\u00e7ado forrado em couro com corrente de 5 argolas.Pode ser usado vaca ou boi.<\/strong><\/p>\n","protected":false},"featured_media":1527,"template":"","meta":[],"product_cat":[35,54,51],"product_tag":[],"yoast_head":"<!-- This site is optimized with the Yoast SEO plugin v16.7 - https:\/\/yoast.com\/wordpress\/plugins\/seo\/ -->\n<title>Cabresto vaca\/boi fita corrente<\/title>\n<meta name=\"description\" content=\"Cabresto vaca\/boi fita corrente \u00e9 uma pe\u00e7a utilizada para controlar o movimento de uma vaca ou boi. \u00c9 composto por uma tira de couro material resistente.\" \/>\n<meta name=\"robots\" content=\"index, follow, max-snippet:-1, max-image-preview:large, max-video-preview:-1\" \/>\n<link rel=\"canonical\" href=\"https:\/\/selariarosario.com.br\/atacado\/produto\/cabresto-vaca-boi-fita-corrente-sr\/\" \/>\n<meta property=\"og:locale\" content=\"pt_BR\" \/>\n<meta property=\"og:type\" content=\"article\" \/>\n<meta property=\"og:title\" content=\"Cabresto vaca\/boi fita corrente\" \/>\n<meta property=\"og:description\" content=\"Cabresto vaca\/boi fita corrente \u00e9 uma pe\u00e7a utilizada para controlar o movimento de uma vaca ou boi. \u00c9 composto por uma tira de couro material resistente.\" \/>\n<meta property=\"og:url\" content=\"https:\/\/selariarosario.com.br\/atacado\/produto\/cabresto-vaca-boi-fita-corrente-sr\/\" \/>\n<meta property=\"og:site_name\" content=\"Selaria Rosario\" \/>\n<meta property=\"article:modified_time\" content=\"2024-01-18T15:04:50+00:00\" \/>\n<meta name=\"twitter:card\" content=\"summary_large_image\" \/>\n<meta name=\"twitter:label1\" content=\"Est. tempo de leitura\" \/>\n\t<meta name=\"twitter:data1\" content=\"2 minutos\" \/>\n<script type=\"application\/ld+json\" class=\"yoast-schema-graph\">{\"@context\":\"https:\/\/schema.org\",\"@graph\":[{\"@type\":\"WebSite\",\"@id\":\"https:\/\/selariarosario.com.br\/atacado\/#website\",\"url\":\"https:\/\/selariarosario.com.br\/atacado\/\",\"name\":\"Selaria Rosario\",\"description\":\"\",\"potentialAction\":[{\"@type\":\"SearchAction\",\"target\":{\"@type\":\"EntryPoint\",\"urlTemplate\":\"https:\/\/selariarosario.com.br\/atacado\/?s={search_term_string}\"},\"query-input\":\"required name=search_term_string\"}],\"inLanguage\":\"pt-BR\"},{\"@type\":\"ImageObject\",\"@id\":\"https:\/\/selariarosario.com.br\/atacado\/produto\/cabresto-vaca-boi-fita-corrente-sr\/#primaryimage\",\"inLanguage\":\"pt-BR\",\"url\":\"https:\/\/selariarosario.com.br\/atacado\/wp-content\/uploads\/2024\/01\/CABRESTO-P-VACA-CORRENTE.jpg\",\"contentUrl\":\"https:\/\/selariarosario.com.br\/atacado\/wp-content\/uploads\/2024\/01\/CABRESTO-P-VACA-CORRENTE.jpg\",\"width\":1200,\"height\":1200},{\"@type\":\"WebPage\",\"@id\":\"https:\/\/selariarosario.com.br\/atacado\/produto\/cabresto-vaca-boi-fita-corrente-sr\/#webpage\",\"url\":\"https:\/\/selariarosario.com.br\/atacado\/produto\/cabresto-vaca-boi-fita-corrente-sr\/\",\"name\":\"Cabresto vaca\/boi fita corrente\",\"isPartOf\":{\"@id\":\"https:\/\/selariarosario.com.br\/atacado\/#website\"},\"primaryImageOfPage\":{\"@id\":\"https:\/\/selariarosario.com.br\/atacado\/produto\/cabresto-vaca-boi-fita-corrente-sr\/#primaryimage\"},\"datePublished\":\"2024-01-18T15:04:46+00:00\",\"dateModified\":\"2024-01-18T15:04:50+00:00\",\"description\":\"Cabresto vaca\/boi fita corrente \\u00e9 uma pe\\u00e7a utilizada para controlar o movimento de uma vaca ou boi. \\u00c9 composto por uma tira de couro material resistente.\",\"breadcrumb\":{\"@id\":\"https:\/\/selariarosario.com.br\/atacado\/produto\/cabresto-vaca-boi-fita-corrente-sr\/#breadcrumb\"},\"inLanguage\":\"pt-BR\",\"potentialAction\":[{\"@type\":\"ReadAction\",\"target\":[\"https:\/\/selariarosario.com.br\/atacado\/produto\/cabresto-vaca-boi-fita-corrente-sr\/\"]}]},{\"@type\":\"BreadcrumbList\",\"@id\":\"https:\/\/selariarosario.com.br\/atacado\/produto\/cabresto-vaca-boi-fita-corrente-sr\/#breadcrumb\",\"itemListElement\":[{\"@type\":\"ListItem\",\"position\":1,\"name\":\"In\\u00edcio\",\"item\":\"https:\/\/selariarosario.com.br\/atacado\/\"},{\"@type\":\"ListItem\",\"position\":2,\"name\":\"Produtos\",\"item\":\"https:\/\/selariarosario.com.br\/atacado\/produtos\/\"},{\"@type\":\"ListItem\",\"position\":3,\"name\":\"Cabresto vaca\/boi fita corrente SR\"}]}]}<\/script>\n<!-- \/ Yoast SEO plugin. -->","yoast_head_json":{"title":"Cabresto vaca\/boi fita corrente","description":"Cabresto vaca\/boi fita corrente \u00e9 uma pe\u00e7a utilizada para controlar o movimento de uma vaca ou boi. \u00c9 composto por uma tira de couro material resistente.","robots":{"index":"index","follow":"follow","max-snippet":"max-snippet:-1","max-image-preview":"max-image-preview:large","max-video-preview":"max-video-preview:-1"},"canonical":"https:\/\/selariarosario.com.br\/atacado\/produto\/cabresto-vaca-boi-fita-corrente-sr\/","og_locale":"pt_BR","og_type":"article","og_title":"Cabresto vaca\/boi fita corrente","og_description":"Cabresto vaca\/boi fita corrente \u00e9 uma pe\u00e7a utilizada para controlar o movimento de uma vaca ou boi. \u00c9 composto por uma tira de couro material resistente.","og_url":"https:\/\/selariarosario.com.br\/atacado\/produto\/cabresto-vaca-boi-fita-corrente-sr\/","og_site_name":"Selaria Rosario","article_modified_time":"2024-01-18T15:04:50+00:00","twitter_card":"summary_large_image","twitter_misc":{"Est. tempo de leitura":"2 minutos"},"schema":{"@context":"https:\/\/schema.org","@graph":[{"@type":"WebSite","@id":"https:\/\/selariarosario.com.br\/atacado\/#website","url":"https:\/\/selariarosario.com.br\/atacado\/","name":"Selaria Rosario","description":"","potentialAction":[{"@type":"SearchAction","target":{"@type":"EntryPoint","urlTemplate":"https:\/\/selariarosario.com.br\/atacado\/?s={search_term_string}"},"query-input":"required name=search_term_string"}],"inLanguage":"pt-BR"},{"@type":"ImageObject","@id":"https:\/\/selariarosario.com.br\/atacado\/produto\/cabresto-vaca-boi-fita-corrente-sr\/#primaryimage","inLanguage":"pt-BR","url":"https:\/\/selariarosario.com.br\/atacado\/wp-content\/uploads\/2024\/01\/CABRESTO-P-VACA-CORRENTE.jpg","contentUrl":"https:\/\/selariarosario.com.br\/atacado\/wp-content\/uploads\/2024\/01\/CABRESTO-P-VACA-CORRENTE.jpg","width":1200,"height":1200},{"@type":"WebPage","@id":"https:\/\/selariarosario.com.br\/atacado\/produto\/cabresto-vaca-boi-fita-corrente-sr\/#webpage","url":"https:\/\/selariarosario.com.br\/atacado\/produto\/cabresto-vaca-boi-fita-corrente-sr\/","name":"Cabresto vaca\/boi fita corrente","isPartOf":{"@id":"https:\/\/selariarosario.com.br\/atacado\/#website"},"primaryImageOfPage":{"@id":"https:\/\/selariarosario.com.br\/atacado\/produto\/cabresto-vaca-boi-fita-corrente-sr\/#primaryimage"},"datePublished":"2024-01-18T15:04:46+00:00","dateModified":"2024-01-18T15:04:50+00:00","description":"Cabresto vaca\/boi fita corrente \u00e9 uma pe\u00e7a utilizada para controlar o movimento de uma vaca ou boi. \u00c9 composto por uma tira de couro material resistente.","breadcrumb":{"@id":"https:\/\/selariarosario.com.br\/atacado\/produto\/cabresto-vaca-boi-fita-corrente-sr\/#breadcrumb"},"inLanguage":"pt-BR","potentialAction":[{"@type":"ReadAction","target":["https:\/\/selariarosario.com.br\/atacado\/produto\/cabresto-vaca-boi-fita-corrente-sr\/"]}]},{"@type":"BreadcrumbList","@id":"https:\/\/selariarosario.com.br\/atacado\/produto\/cabresto-vaca-boi-fita-corrente-sr\/#breadcrumb","itemListElement":[{"@type":"ListItem","position":1,"name":"In\u00edcio","item":"https:\/\/selariarosario.com.br\/atacado\/"},{"@type":"ListItem","position":2,"name":"Produtos","item":"https:\/\/selariarosario.com.br\/atacado\/produtos\/"},{"@type":"ListItem","position":3,"name":"Cabresto vaca\/boi fita corrente SR"}]}]}},"_links":{"self":[{"href":"https:\/\/selariarosario.com.br\/atacado\/wp-json\/wp\/v2\/product\/1912"}],"collection":[{"href":"https:\/\/selariarosario.com.br\/atacado\/wp-json\/wp\/v2\/product"}],"about":[{"href":"https:\/\/selariarosario.com.br\/atacado\/wp-json\/wp\/v2\/types\/product"}],"wp:featuredmedia":[{"embeddable":true,"href":"https:\/\/selariarosario.com.br\/atacado\/wp-json\/wp\/v2\/media\/1527"}],"wp:attachment":[{"href":"https:\/\/selariarosario.com.br\/atacado\/wp-json\/wp\/v2\/media?parent=1912"}],"wp:term":[{"taxonomy":"product_cat","embeddable":true,"href":"https:\/\/selariarosario.com.br\/atacado\/wp-json\/wp\/v2\/product_cat?post=1912"},{"taxonomy":"product_tag","embeddable":true,"href":"https:\/\/selariarosario.com.br\/atacado\/wp-json\/wp\/v2\/product_tag?post=1912"}],"curies":[{"name":"wp","href":"https:\/\/api.w.org\/{rel}","templated":true}]}}