{"id":1915,"date":"2024-01-18T12:04:46","date_gmt":"2024-01-18T15:04:46","guid":{"rendered":"https:\/\/selariarosario.com.br\/atacado\/?post_type=product&#038;p=1915"},"modified":"2024-01-18T12:04:51","modified_gmt":"2024-01-18T15:04:51","slug":"arreata-p-carroca-completa-sr-2","status":"publish","type":"product","link":"https:\/\/selariarosario.com.br\/atacado\/produto\/arreata-p-carroca-completa-sr-2\/","title":{"rendered":"Arreata p\/carro\u00e7a completa SR"},"content":{"rendered":"<p><strong>Arreata p\/carro\u00e7a completa SR \u00e9 fabricado couro leg\u00edtimo (sola cromo), e as ferragens de ferro niquelado. Selote com estrutura em ferro maci\u00e7o inervado em couro cru.\u00a0<\/strong><\/p>\n<div class=\"messageName\"><strong>Arreata p\/carro\u00e7a completa SR<\/strong> \u00e9 um conjunto de pe\u00e7as utilizadas para preparar a carro\u00e7a e fazer com que os animais, como cavalos, bois ou burros, possam pux\u00e1-la. Ele \u00e9 composto por diversas partes. Portanto o arreio de carro\u00e7a \u00e9 importante para garantir a seguran\u00e7a dos animais e possibilitar o trabalho de transporte de cargas ou pessoas.<\/div>\n<p>O arreio para carro\u00e7a surgiu a partir da necessidade de proporcionar um melhor controle e condu\u00e7\u00e3o dos animais que puxavam as carro\u00e7as. Por isso a origem do uso de arreios remonta h\u00e1 milhares de anos, quando o homem come\u00e7ou a domesticar animais para auxiliar no transporte de cargas.<\/p>\n<p>Por\u00e9m com o passar dos s\u00e9culos, os arreios foram se tornando mais sofisticados, incorporando pe\u00e7as met\u00e1licas, como fivelas, r\u00e9deas e argolas, para assim facilitar o ajuste e oferecer maior conforto tanto para os animais bem como para os condutores.<\/p>\n<p>No in\u00edcio, os arreios eram bastante simples e rudimentares, consistindo em rudimentares cintas de couro ou cordas amarradas ao redor do pesco\u00e7o dos animais. Com o tempo, os arreios foram se aperfei\u00e7oando, tornando-se mais complexos e eficientes.<\/p>\n<p>No s\u00e9culo XX, com o advento dos ve\u00edculos motorizados e a substitui\u00e7\u00e3o gradual das carro\u00e7as por autom\u00f3veis, o uso de arreios para carro\u00e7as foi diminuindo. Atualmente, se encontra o arreio para carro\u00e7a mais comumente\u00a0 em contextos hist\u00f3ricos, por exemplo, como em exibi\u00e7\u00f5es e demonstra\u00e7\u00f5es de carruagens antigas.<\/p>\n<p><strong>Itens inclusos conforme abaixo:<\/strong><\/p>\n<p><strong>\u00a0Coalheira com ferro;<\/strong><br \/>\n<strong>\u00a0Selote;<\/strong><br \/>\n<strong>\u00a0Recuadeira;<\/strong><br \/>\n<strong>Cilha;<\/strong><br \/>\n<strong>\u00a0Mangote com banana;<\/strong><br \/>\n<strong>\u00a0Tapa-olho.<\/strong><\/p>\n","protected":false},"excerpt":{"rendered":"<p><strong>Arreio para carro\u00e7a tradicional completo. Fabricado couro leg\u00edtimo (sola cromo),\u00a0 fivelas de ferro niquelado. Selote com estrutura em ferro maci\u00e7o inervado em couro cru. Peso aproximado: 10 kg<\/strong><\/p>\n<p><strong>Itens inclusos:<\/strong><br \/>\n<strong>1 Coalheira com ferro;<\/strong><br \/>\n<strong>1 Selote;<\/strong><br \/>\n<strong>1 Recuadeira;<\/strong><br \/>\n<strong>1 Cilha;<\/strong><br \/>\n<strong>1 Mangote com banana;<\/strong><br \/>\n<strong>1 Tapa-olho.<\/strong><\/p>\n","protected":false},"featured_media":1532,"template":"","meta":[],"product_cat":[35,52,51],"product_tag":[],"yoast_head":"<!-- This site is optimized with the Yoast SEO plugin v16.7 - https:\/\/yoast.com\/wordpress\/plugins\/seo\/ -->\n<title>Arreata p\/carro\u00e7a completa SR<\/title>\n<meta name=\"description\" content=\"Arreata p\/carro\u00e7a completa SR permite que os animais puxem a carro\u00e7a com seguran\u00e7a e controle, enquanto o condutor direciona o ve\u00edculo.\" \/>\n<meta name=\"robots\" content=\"index, follow, max-snippet:-1, max-image-preview:large, max-video-preview:-1\" \/>\n<link rel=\"canonical\" href=\"https:\/\/selariarosario.com.br\/atacado\/produto\/arreata-p-carroca-completa-sr-2\/\" \/>\n<meta property=\"og:locale\" content=\"pt_BR\" \/>\n<meta property=\"og:type\" content=\"article\" \/>\n<meta property=\"og:title\" content=\"Arreata p\/carro\u00e7a completa SR\" \/>\n<meta property=\"og:description\" content=\"Arreata p\/carro\u00e7a completa SR permite que os animais puxem a carro\u00e7a com seguran\u00e7a e controle, enquanto o condutor direciona o ve\u00edculo.\" \/>\n<meta property=\"og:url\" content=\"https:\/\/selariarosario.com.br\/atacado\/produto\/arreata-p-carroca-completa-sr-2\/\" \/>\n<meta property=\"og:site_name\" content=\"Selaria Rosario\" \/>\n<meta property=\"article:modified_time\" content=\"2024-01-18T15:04:51+00:00\" \/>\n<meta name=\"twitter:card\" content=\"summary_large_image\" \/>\n<meta name=\"twitter:label1\" content=\"Est. tempo de leitura\" \/>\n\t<meta name=\"twitter:data1\" content=\"2 minutos\" \/>\n<script type=\"application\/ld+json\" class=\"yoast-schema-graph\">{\"@context\":\"https:\/\/schema.org\",\"@graph\":[{\"@type\":\"WebSite\",\"@id\":\"https:\/\/selariarosario.com.br\/atacado\/#website\",\"url\":\"https:\/\/selariarosario.com.br\/atacado\/\",\"name\":\"Selaria Rosario\",\"description\":\"\",\"potentialAction\":[{\"@type\":\"SearchAction\",\"target\":{\"@type\":\"EntryPoint\",\"urlTemplate\":\"https:\/\/selariarosario.com.br\/atacado\/?s={search_term_string}\"},\"query-input\":\"required name=search_term_string\"}],\"inLanguage\":\"pt-BR\"},{\"@type\":\"ImageObject\",\"@id\":\"https:\/\/selariarosario.com.br\/atacado\/produto\/arreata-p-carroca-completa-sr-2\/#primaryimage\",\"inLanguage\":\"pt-BR\",\"url\":\"https:\/\/selariarosario.com.br\/atacado\/wp-content\/uploads\/2024\/01\/arreio-para-carroca-completo.jpg\",\"contentUrl\":\"https:\/\/selariarosario.com.br\/atacado\/wp-content\/uploads\/2024\/01\/arreio-para-carroca-completo.jpg\",\"width\":2010,\"height\":1536},{\"@type\":\"WebPage\",\"@id\":\"https:\/\/selariarosario.com.br\/atacado\/produto\/arreata-p-carroca-completa-sr-2\/#webpage\",\"url\":\"https:\/\/selariarosario.com.br\/atacado\/produto\/arreata-p-carroca-completa-sr-2\/\",\"name\":\"Arreata p\/carro\\u00e7a completa SR\",\"isPartOf\":{\"@id\":\"https:\/\/selariarosario.com.br\/atacado\/#website\"},\"primaryImageOfPage\":{\"@id\":\"https:\/\/selariarosario.com.br\/atacado\/produto\/arreata-p-carroca-completa-sr-2\/#primaryimage\"},\"datePublished\":\"2024-01-18T15:04:46+00:00\",\"dateModified\":\"2024-01-18T15:04:51+00:00\",\"description\":\"Arreata p\/carro\\u00e7a completa SR permite que os animais puxem a carro\\u00e7a com seguran\\u00e7a e controle, enquanto o condutor direciona o ve\\u00edculo.\",\"breadcrumb\":{\"@id\":\"https:\/\/selariarosario.com.br\/atacado\/produto\/arreata-p-carroca-completa-sr-2\/#breadcrumb\"},\"inLanguage\":\"pt-BR\",\"potentialAction\":[{\"@type\":\"ReadAction\",\"target\":[\"https:\/\/selariarosario.com.br\/atacado\/produto\/arreata-p-carroca-completa-sr-2\/\"]}]},{\"@type\":\"BreadcrumbList\",\"@id\":\"https:\/\/selariarosario.com.br\/atacado\/produto\/arreata-p-carroca-completa-sr-2\/#breadcrumb\",\"itemListElement\":[{\"@type\":\"ListItem\",\"position\":1,\"name\":\"In\\u00edcio\",\"item\":\"https:\/\/selariarosario.com.br\/atacado\/\"},{\"@type\":\"ListItem\",\"position\":2,\"name\":\"Produtos\",\"item\":\"https:\/\/selariarosario.com.br\/atacado\/produtos\/\"},{\"@type\":\"ListItem\",\"position\":3,\"name\":\"Arreata p\/carro\\u00e7a completa SR\"}]}]}<\/script>\n<!-- \/ Yoast SEO plugin. -->","yoast_head_json":{"title":"Arreata p\/carro\u00e7a completa SR","description":"Arreata p\/carro\u00e7a completa SR permite que os animais puxem a carro\u00e7a com seguran\u00e7a e controle, enquanto o condutor direciona o ve\u00edculo.","robots":{"index":"index","follow":"follow","max-snippet":"max-snippet:-1","max-image-preview":"max-image-preview:large","max-video-preview":"max-video-preview:-1"},"canonical":"https:\/\/selariarosario.com.br\/atacado\/produto\/arreata-p-carroca-completa-sr-2\/","og_locale":"pt_BR","og_type":"article","og_title":"Arreata p\/carro\u00e7a completa SR","og_description":"Arreata p\/carro\u00e7a completa SR permite que os animais puxem a carro\u00e7a com seguran\u00e7a e controle, enquanto o condutor direciona o ve\u00edculo.","og_url":"https:\/\/selariarosario.com.br\/atacado\/produto\/arreata-p-carroca-completa-sr-2\/","og_site_name":"Selaria Rosario","article_modified_time":"2024-01-18T15:04:51+00:00","twitter_card":"summary_large_image","twitter_misc":{"Est. tempo de leitura":"2 minutos"},"schema":{"@context":"https:\/\/schema.org","@graph":[{"@type":"WebSite","@id":"https:\/\/selariarosario.com.br\/atacado\/#website","url":"https:\/\/selariarosario.com.br\/atacado\/","name":"Selaria Rosario","description":"","potentialAction":[{"@type":"SearchAction","target":{"@type":"EntryPoint","urlTemplate":"https:\/\/selariarosario.com.br\/atacado\/?s={search_term_string}"},"query-input":"required name=search_term_string"}],"inLanguage":"pt-BR"},{"@type":"ImageObject","@id":"https:\/\/selariarosario.com.br\/atacado\/produto\/arreata-p-carroca-completa-sr-2\/#primaryimage","inLanguage":"pt-BR","url":"https:\/\/selariarosario.com.br\/atacado\/wp-content\/uploads\/2024\/01\/arreio-para-carroca-completo.jpg","contentUrl":"https:\/\/selariarosario.com.br\/atacado\/wp-content\/uploads\/2024\/01\/arreio-para-carroca-completo.jpg","width":2010,"height":1536},{"@type":"WebPage","@id":"https:\/\/selariarosario.com.br\/atacado\/produto\/arreata-p-carroca-completa-sr-2\/#webpage","url":"https:\/\/selariarosario.com.br\/atacado\/produto\/arreata-p-carroca-completa-sr-2\/","name":"Arreata p\/carro\u00e7a completa SR","isPartOf":{"@id":"https:\/\/selariarosario.com.br\/atacado\/#website"},"primaryImageOfPage":{"@id":"https:\/\/selariarosario.com.br\/atacado\/produto\/arreata-p-carroca-completa-sr-2\/#primaryimage"},"datePublished":"2024-01-18T15:04:46+00:00","dateModified":"2024-01-18T15:04:51+00:00","description":"Arreata p\/carro\u00e7a completa SR permite que os animais puxem a carro\u00e7a com seguran\u00e7a e controle, enquanto o condutor direciona o ve\u00edculo.","breadcrumb":{"@id":"https:\/\/selariarosario.com.br\/atacado\/produto\/arreata-p-carroca-completa-sr-2\/#breadcrumb"},"inLanguage":"pt-BR","potentialAction":[{"@type":"ReadAction","target":["https:\/\/selariarosario.com.br\/atacado\/produto\/arreata-p-carroca-completa-sr-2\/"]}]},{"@type":"BreadcrumbList","@id":"https:\/\/selariarosario.com.br\/atacado\/produto\/arreata-p-carroca-completa-sr-2\/#breadcrumb","itemListElement":[{"@type":"ListItem","position":1,"name":"In\u00edcio","item":"https:\/\/selariarosario.com.br\/atacado\/"},{"@type":"ListItem","position":2,"name":"Produtos","item":"https:\/\/selariarosario.com.br\/atacado\/produtos\/"},{"@type":"ListItem","position":3,"name":"Arreata p\/carro\u00e7a completa SR"}]}]}},"_links":{"self":[{"href":"https:\/\/selariarosario.com.br\/atacado\/wp-json\/wp\/v2\/product\/1915"}],"collection":[{"href":"https:\/\/selariarosario.com.br\/atacado\/wp-json\/wp\/v2\/product"}],"about":[{"href":"https:\/\/selariarosario.com.br\/atacado\/wp-json\/wp\/v2\/types\/product"}],"wp:featuredmedia":[{"embeddable":true,"href":"https:\/\/selariarosario.com.br\/atacado\/wp-json\/wp\/v2\/media\/1532"}],"wp:attachment":[{"href":"https:\/\/selariarosario.com.br\/atacado\/wp-json\/wp\/v2\/media?parent=1915"}],"wp:term":[{"taxonomy":"product_cat","embeddable":true,"href":"https:\/\/selariarosario.com.br\/atacado\/wp-json\/wp\/v2\/product_cat?post=1915"},{"taxonomy":"product_tag","embeddable":true,"href":"https:\/\/selariarosario.com.br\/atacado\/wp-json\/wp\/v2\/product_tag?post=1915"}],"curies":[{"name":"wp","href":"https:\/\/api.w.org\/{rel}","templated":true}]}}