{"id":1919,"date":"2024-01-18T12:04:46","date_gmt":"2024-01-18T15:04:46","guid":{"rendered":"https:\/\/selariarosario.com.br\/atacado\/?post_type=product&#038;p=1919"},"modified":"2024-01-18T12:04:51","modified_gmt":"2024-01-18T15:04:51","slug":"capa-de-chuva-pedestre-sr-2","status":"publish","type":"product","link":"https:\/\/selariarosario.com.br\/atacado\/produto\/capa-de-chuva-pedestre-sr-2\/","title":{"rendered":"Capa de chuva pedestre SR"},"content":{"rendered":"<p><strong>A capa de chuva pedestre \u00e9 fabricada em courvim altamente macio, o que proporciona maior flexibilidade durante o uso. Produto totalmente imperme\u00e1vel com alta durabilidade. Fechamento em velcro, possui 1,25 metros de altura, 64 cent\u00edmetros de largura (capa com velcro) e 44 cent\u00edmetros de manga.<\/strong><\/p>\n<p><strong>Op\u00e7\u00f5es de cores:Amarela e preta<\/strong><\/p>\n<p>A capa de chuva\u00a0 serve para proteger o usu\u00e1rio da chuva al\u00e9m de mante-lo seco durante per\u00edodos de mau tempo. Por isso ela \u00e9 geralmente\u00a0 de material imperme\u00e1vel, como o pl\u00e1stico ou tecidos sint\u00e9ticos com revestimento imperme\u00e1vel. A capa de chuva \u00e9 especialmente \u00fatil quando se est\u00e1 ao ar livre.<\/p>\n<p>A capa de chuva\u00a0 Pedestre tem como utilidade principal aumentar a visibilidade e a seguran\u00e7a dos pedestres, especialmente durante a noite ou em condi\u00e7\u00f5es de baixa visibilidade. Ela \u00e9 geralmente\u00a0 com material fluorescente e\/ou refletivo, o que permite que os motoristas e outros usu\u00e1rios da via possam visualizar o pedestre a uma dist\u00e2ncia maior.<\/p>\n<p>Al\u00e9m disso, a capa para pedestre tamb\u00e9m serve para alertar os condutores de ve\u00edculos sobre a presen\u00e7a de pessoas na \u00e1rea, ajudando a prevenir acidentes e atropelamentos. Ela pode ser especialmente \u00fatil em \u00e1reas com alta circula\u00e7\u00e3o de ve\u00edculos, como cruzamentos, vias de alto tr\u00e1fego e estradas.<\/p>\n<p>Dessa forma, a capa para pedestre contribui para a seguran\u00e7a vi\u00e1ria, e promove a redu\u00e7\u00e3o de acidentes e tamb\u00e9m protege a vida dos pedestres.<\/p>\n","protected":false},"excerpt":{"rendered":"<p><strong>A capa de chuva pedestre \u00e9 fabricada em courvim altamente macio, o que proporciona maior flexibilidade durante o uso. Produto totalmente imperme\u00e1vel com alta durabilidade. Fechamento em velcro, possui 1,25 metros de altura, 64 cent\u00edmetros de largura (capa com velcro) e 44 cent\u00edmetros de manga.<\/strong><\/p>\n<p><strong>Obs.: As medidas da capa s\u00e3o aproximadas, podendo haver pequenas varia\u00e7\u00f5es<\/strong><\/p>\n<p><strong>Op\u00e7\u00f5es de cores:Amarela e preta<\/strong><\/p>\n","protected":false},"featured_media":1536,"template":"","meta":[],"product_cat":[35,43,45],"product_tag":[],"yoast_head":"<!-- This site is optimized with the Yoast SEO plugin v16.7 - https:\/\/yoast.com\/wordpress\/plugins\/seo\/ -->\n<title>Capa de chuva pedestre<\/title>\n<meta name=\"description\" content=\"\u00a0Capa de chuva pedestre serve para proteger o usu\u00e1rio da chuva al\u00e9m de mante-lo seco durante per\u00edodos de mau tempo. Por isso ela \u00e9 imperme\u00e1vel.\" \/>\n<meta name=\"robots\" content=\"index, follow, max-snippet:-1, max-image-preview:large, max-video-preview:-1\" \/>\n<link rel=\"canonical\" href=\"https:\/\/selariarosario.com.br\/atacado\/produto\/capa-de-chuva-pedestre-sr-2\/\" \/>\n<meta property=\"og:locale\" content=\"pt_BR\" \/>\n<meta property=\"og:type\" content=\"article\" \/>\n<meta property=\"og:title\" content=\"Capa de chuva pedestre\" \/>\n<meta property=\"og:description\" content=\"\u00a0Capa de chuva pedestre serve para proteger o usu\u00e1rio da chuva al\u00e9m de mante-lo seco durante per\u00edodos de mau tempo. Por isso ela \u00e9 imperme\u00e1vel.\" \/>\n<meta property=\"og:url\" content=\"https:\/\/selariarosario.com.br\/atacado\/produto\/capa-de-chuva-pedestre-sr-2\/\" \/>\n<meta property=\"og:site_name\" content=\"Selaria Rosario\" \/>\n<meta property=\"article:modified_time\" content=\"2024-01-18T15:04:51+00:00\" \/>\n<meta name=\"twitter:card\" content=\"summary_large_image\" \/>\n<meta name=\"twitter:label1\" content=\"Est. tempo de leitura\" \/>\n\t<meta name=\"twitter:data1\" content=\"2 minutos\" \/>\n<script type=\"application\/ld+json\" class=\"yoast-schema-graph\">{\"@context\":\"https:\/\/schema.org\",\"@graph\":[{\"@type\":\"WebSite\",\"@id\":\"https:\/\/selariarosario.com.br\/atacado\/#website\",\"url\":\"https:\/\/selariarosario.com.br\/atacado\/\",\"name\":\"Selaria Rosario\",\"description\":\"\",\"potentialAction\":[{\"@type\":\"SearchAction\",\"target\":{\"@type\":\"EntryPoint\",\"urlTemplate\":\"https:\/\/selariarosario.com.br\/atacado\/?s={search_term_string}\"},\"query-input\":\"required name=search_term_string\"}],\"inLanguage\":\"pt-BR\"},{\"@type\":\"ImageObject\",\"@id\":\"https:\/\/selariarosario.com.br\/atacado\/produto\/capa-de-chuva-pedestre-sr-2\/#primaryimage\",\"inLanguage\":\"pt-BR\",\"url\":\"https:\/\/selariarosario.com.br\/atacado\/wp-content\/uploads\/2024\/01\/capa-pedestre-manga-e-capuz-120-mts.jpg\",\"contentUrl\":\"https:\/\/selariarosario.com.br\/atacado\/wp-content\/uploads\/2024\/01\/capa-pedestre-manga-e-capuz-120-mts.jpg\",\"width\":1200,\"height\":1200},{\"@type\":\"WebPage\",\"@id\":\"https:\/\/selariarosario.com.br\/atacado\/produto\/capa-de-chuva-pedestre-sr-2\/#webpage\",\"url\":\"https:\/\/selariarosario.com.br\/atacado\/produto\/capa-de-chuva-pedestre-sr-2\/\",\"name\":\"Capa de chuva pedestre\",\"isPartOf\":{\"@id\":\"https:\/\/selariarosario.com.br\/atacado\/#website\"},\"primaryImageOfPage\":{\"@id\":\"https:\/\/selariarosario.com.br\/atacado\/produto\/capa-de-chuva-pedestre-sr-2\/#primaryimage\"},\"datePublished\":\"2024-01-18T15:04:46+00:00\",\"dateModified\":\"2024-01-18T15:04:51+00:00\",\"description\":\"\\u00a0Capa de chuva pedestre serve para proteger o usu\\u00e1rio da chuva al\\u00e9m de mante-lo seco durante per\\u00edodos de mau tempo. Por isso ela \\u00e9 imperme\\u00e1vel.\",\"breadcrumb\":{\"@id\":\"https:\/\/selariarosario.com.br\/atacado\/produto\/capa-de-chuva-pedestre-sr-2\/#breadcrumb\"},\"inLanguage\":\"pt-BR\",\"potentialAction\":[{\"@type\":\"ReadAction\",\"target\":[\"https:\/\/selariarosario.com.br\/atacado\/produto\/capa-de-chuva-pedestre-sr-2\/\"]}]},{\"@type\":\"BreadcrumbList\",\"@id\":\"https:\/\/selariarosario.com.br\/atacado\/produto\/capa-de-chuva-pedestre-sr-2\/#breadcrumb\",\"itemListElement\":[{\"@type\":\"ListItem\",\"position\":1,\"name\":\"In\\u00edcio\",\"item\":\"https:\/\/selariarosario.com.br\/atacado\/\"},{\"@type\":\"ListItem\",\"position\":2,\"name\":\"Produtos\",\"item\":\"https:\/\/selariarosario.com.br\/atacado\/produtos\/\"},{\"@type\":\"ListItem\",\"position\":3,\"name\":\"Capa de chuva pedestre SR\"}]}]}<\/script>\n<!-- \/ Yoast SEO plugin. -->","yoast_head_json":{"title":"Capa de chuva pedestre","description":"\u00a0Capa de chuva pedestre serve para proteger o usu\u00e1rio da chuva al\u00e9m de mante-lo seco durante per\u00edodos de mau tempo. Por isso ela \u00e9 imperme\u00e1vel.","robots":{"index":"index","follow":"follow","max-snippet":"max-snippet:-1","max-image-preview":"max-image-preview:large","max-video-preview":"max-video-preview:-1"},"canonical":"https:\/\/selariarosario.com.br\/atacado\/produto\/capa-de-chuva-pedestre-sr-2\/","og_locale":"pt_BR","og_type":"article","og_title":"Capa de chuva pedestre","og_description":"\u00a0Capa de chuva pedestre serve para proteger o usu\u00e1rio da chuva al\u00e9m de mante-lo seco durante per\u00edodos de mau tempo. Por isso ela \u00e9 imperme\u00e1vel.","og_url":"https:\/\/selariarosario.com.br\/atacado\/produto\/capa-de-chuva-pedestre-sr-2\/","og_site_name":"Selaria Rosario","article_modified_time":"2024-01-18T15:04:51+00:00","twitter_card":"summary_large_image","twitter_misc":{"Est. tempo de leitura":"2 minutos"},"schema":{"@context":"https:\/\/schema.org","@graph":[{"@type":"WebSite","@id":"https:\/\/selariarosario.com.br\/atacado\/#website","url":"https:\/\/selariarosario.com.br\/atacado\/","name":"Selaria Rosario","description":"","potentialAction":[{"@type":"SearchAction","target":{"@type":"EntryPoint","urlTemplate":"https:\/\/selariarosario.com.br\/atacado\/?s={search_term_string}"},"query-input":"required name=search_term_string"}],"inLanguage":"pt-BR"},{"@type":"ImageObject","@id":"https:\/\/selariarosario.com.br\/atacado\/produto\/capa-de-chuva-pedestre-sr-2\/#primaryimage","inLanguage":"pt-BR","url":"https:\/\/selariarosario.com.br\/atacado\/wp-content\/uploads\/2024\/01\/capa-pedestre-manga-e-capuz-120-mts.jpg","contentUrl":"https:\/\/selariarosario.com.br\/atacado\/wp-content\/uploads\/2024\/01\/capa-pedestre-manga-e-capuz-120-mts.jpg","width":1200,"height":1200},{"@type":"WebPage","@id":"https:\/\/selariarosario.com.br\/atacado\/produto\/capa-de-chuva-pedestre-sr-2\/#webpage","url":"https:\/\/selariarosario.com.br\/atacado\/produto\/capa-de-chuva-pedestre-sr-2\/","name":"Capa de chuva pedestre","isPartOf":{"@id":"https:\/\/selariarosario.com.br\/atacado\/#website"},"primaryImageOfPage":{"@id":"https:\/\/selariarosario.com.br\/atacado\/produto\/capa-de-chuva-pedestre-sr-2\/#primaryimage"},"datePublished":"2024-01-18T15:04:46+00:00","dateModified":"2024-01-18T15:04:51+00:00","description":"\u00a0Capa de chuva pedestre serve para proteger o usu\u00e1rio da chuva al\u00e9m de mante-lo seco durante per\u00edodos de mau tempo. Por isso ela \u00e9 imperme\u00e1vel.","breadcrumb":{"@id":"https:\/\/selariarosario.com.br\/atacado\/produto\/capa-de-chuva-pedestre-sr-2\/#breadcrumb"},"inLanguage":"pt-BR","potentialAction":[{"@type":"ReadAction","target":["https:\/\/selariarosario.com.br\/atacado\/produto\/capa-de-chuva-pedestre-sr-2\/"]}]},{"@type":"BreadcrumbList","@id":"https:\/\/selariarosario.com.br\/atacado\/produto\/capa-de-chuva-pedestre-sr-2\/#breadcrumb","itemListElement":[{"@type":"ListItem","position":1,"name":"In\u00edcio","item":"https:\/\/selariarosario.com.br\/atacado\/"},{"@type":"ListItem","position":2,"name":"Produtos","item":"https:\/\/selariarosario.com.br\/atacado\/produtos\/"},{"@type":"ListItem","position":3,"name":"Capa de chuva pedestre SR"}]}]}},"_links":{"self":[{"href":"https:\/\/selariarosario.com.br\/atacado\/wp-json\/wp\/v2\/product\/1919"}],"collection":[{"href":"https:\/\/selariarosario.com.br\/atacado\/wp-json\/wp\/v2\/product"}],"about":[{"href":"https:\/\/selariarosario.com.br\/atacado\/wp-json\/wp\/v2\/types\/product"}],"wp:featuredmedia":[{"embeddable":true,"href":"https:\/\/selariarosario.com.br\/atacado\/wp-json\/wp\/v2\/media\/1536"}],"wp:attachment":[{"href":"https:\/\/selariarosario.com.br\/atacado\/wp-json\/wp\/v2\/media?parent=1919"}],"wp:term":[{"taxonomy":"product_cat","embeddable":true,"href":"https:\/\/selariarosario.com.br\/atacado\/wp-json\/wp\/v2\/product_cat?post=1919"},{"taxonomy":"product_tag","embeddable":true,"href":"https:\/\/selariarosario.com.br\/atacado\/wp-json\/wp\/v2\/product_tag?post=1919"}],"curies":[{"name":"wp","href":"https:\/\/api.w.org\/{rel}","templated":true}]}}