{"id":1921,"date":"2024-01-18T12:04:47","date_gmt":"2024-01-18T15:04:47","guid":{"rendered":"https:\/\/selariarosario.com.br\/atacado\/?post_type=product&#038;p=1921"},"modified":"2024-01-18T12:04:52","modified_gmt":"2024-01-18T15:04:52","slug":"capa-boiadeiro-sem-forro-sr-2","status":"publish","type":"product","link":"https:\/\/selariarosario.com.br\/atacado\/produto\/capa-boiadeiro-sem-forro-sr-2\/","title":{"rendered":"Capa Boiadeiro sem forro SR"},"content":{"rendered":"<p>Capa Boiadeiro sem forro<\/p>\n<p>capa de chuva boiadeiro sem forro\u00a0 \u00e9\u00a0 em corino 100% macio que proporciona maior flexibilidade ao cavaleiro. Produto totalmente imperme\u00e1vel com alta durabilidade. Fechamento em velcro, possui 1,40mt de altura e 3,20mt de di\u00e2metros na roda que possibilita tamb\u00e9m cobrir boa parte do animal durante a cavalgada.<\/p>\n<p>A capa de chuva\u00a0 serve para proteger o usu\u00e1rio da chuva al\u00e9m de mante-lo seco durante per\u00edodos de mau tempo. Ela \u00e9 geralmente\u00a0 de material imperme\u00e1vel, como o pl\u00e1stico ou tecidos sint\u00e9ticos com revestimento imperme\u00e1vel. A capa de chuva \u00e9 especialmente \u00fatil quando se est\u00e1 ao ar livre.<\/p>\n<p>A Capa de Chuva para Cavaleiro \u00e9 feita com um material resistente e dur\u00e1vel. Por isso essa escolha cuidadosa garante que voc\u00ea esteja protegido contra o frio rigoroso e a chuva implac\u00e1vel que muitas vezes desafia os bravos cavaleiros.<\/p>\n<p>Com um tamanho grande, essa capa cobre completamente voc\u00ea e o lombo do seu cavalo al\u00e9m disso garante uma prote\u00e7\u00e3o abrangente. N\u00e3o importa o qu\u00e3o intensa seja a tempestade, voc\u00ea estar\u00e1 pronto para enfrentar tudo com seguran\u00e7a e conforto.<\/p>\n<p>Nossa capa possui uma abertura frontal com velcro\u00a0 que permite que a vista e ajuste com facilidade. Al\u00e9m disso, h\u00e1 uma abertura estrategicamente posicionada para as m\u00e3os, para que voc\u00ea tenha total mobilidade e possa segurar as r\u00e9deas com firmeza, sem restri\u00e7\u00f5es.<\/p>\n<p>N\u00e3o deixe que o clima imprevis\u00edvel impe\u00e7a voc\u00ea de viver suas aventuras e realizar suas tropeadas. Adquira agora a Capa de Chuva para Cavaleiro e garanta sua prote\u00e7\u00e3o durante todas as suas jornadas. Seja voc\u00ea um cavaleiro experiente ou um jovem que ama cavalos, \u00a0temos op\u00e7\u00f5es para adultos e crian\u00e7as, para que todos possam desfrutar da sensa\u00e7\u00e3o de liberdade nas cavalgadas.<\/p>\n","protected":false},"excerpt":{"rendered":"<p>A capa de chuva boiadeiro \u00e9 fabricada em courvim macio 100% , proporcionando maior flexibilidade ao cavaleiro. Produto totalmente imperme\u00e1vel com alta durabilidade. Fechamento em velcro, possui 1,40mt de altura e 3,20mt de di\u00e2metros na roda, possibilitando tamb\u00e9m cobrir boa parte do animal durante a cavalgada.<\/p>\n","protected":false},"featured_media":1538,"template":"","meta":[],"product_cat":[35,43,45],"product_tag":[],"yoast_head":"<!-- This site is optimized with the Yoast SEO plugin v16.7 - https:\/\/yoast.com\/wordpress\/plugins\/seo\/ -->\n<title>Capa Boiadeiro sem forro<\/title>\n<meta name=\"description\" content=\"Capa Boiadeiro sem forro serve para proteger o usu\u00e1rio da chuva al\u00e9m de mante-lo seco durante per\u00edodos de mau tempo ,protegendo o cavaleiro do frio e da chuva.\" \/>\n<meta name=\"robots\" content=\"index, follow, max-snippet:-1, max-image-preview:large, max-video-preview:-1\" \/>\n<link rel=\"canonical\" href=\"https:\/\/selariarosario.com.br\/atacado\/produto\/capa-boiadeiro-sem-forro-sr-2\/\" \/>\n<meta property=\"og:locale\" content=\"pt_BR\" \/>\n<meta property=\"og:type\" content=\"article\" \/>\n<meta property=\"og:title\" content=\"Capa Boiadeiro sem forro\" \/>\n<meta property=\"og:description\" content=\"Capa Boiadeiro sem forro serve para proteger o usu\u00e1rio da chuva al\u00e9m de mante-lo seco durante per\u00edodos de mau tempo ,protegendo o cavaleiro do frio e da chuva.\" \/>\n<meta property=\"og:url\" content=\"https:\/\/selariarosario.com.br\/atacado\/produto\/capa-boiadeiro-sem-forro-sr-2\/\" \/>\n<meta property=\"og:site_name\" content=\"Selaria Rosario\" \/>\n<meta property=\"article:modified_time\" content=\"2024-01-18T15:04:52+00:00\" \/>\n<meta name=\"twitter:card\" content=\"summary_large_image\" \/>\n<meta name=\"twitter:label1\" content=\"Est. tempo de leitura\" \/>\n\t<meta name=\"twitter:data1\" content=\"2 minutos\" \/>\n<script type=\"application\/ld+json\" class=\"yoast-schema-graph\">{\"@context\":\"https:\/\/schema.org\",\"@graph\":[{\"@type\":\"WebSite\",\"@id\":\"https:\/\/selariarosario.com.br\/atacado\/#website\",\"url\":\"https:\/\/selariarosario.com.br\/atacado\/\",\"name\":\"Selaria Rosario\",\"description\":\"\",\"potentialAction\":[{\"@type\":\"SearchAction\",\"target\":{\"@type\":\"EntryPoint\",\"urlTemplate\":\"https:\/\/selariarosario.com.br\/atacado\/?s={search_term_string}\"},\"query-input\":\"required name=search_term_string\"}],\"inLanguage\":\"pt-BR\"},{\"@type\":\"ImageObject\",\"@id\":\"https:\/\/selariarosario.com.br\/atacado\/produto\/capa-boiadeiro-sem-forro-sr-2\/#primaryimage\",\"inLanguage\":\"pt-BR\",\"url\":\"https:\/\/selariarosario.com.br\/atacado\/wp-content\/uploads\/2024\/01\/capa-boiadeiro-sem-forro.jpg\",\"contentUrl\":\"https:\/\/selariarosario.com.br\/atacado\/wp-content\/uploads\/2024\/01\/capa-boiadeiro-sem-forro.jpg\",\"width\":2016,\"height\":1932},{\"@type\":\"WebPage\",\"@id\":\"https:\/\/selariarosario.com.br\/atacado\/produto\/capa-boiadeiro-sem-forro-sr-2\/#webpage\",\"url\":\"https:\/\/selariarosario.com.br\/atacado\/produto\/capa-boiadeiro-sem-forro-sr-2\/\",\"name\":\"Capa Boiadeiro sem forro\",\"isPartOf\":{\"@id\":\"https:\/\/selariarosario.com.br\/atacado\/#website\"},\"primaryImageOfPage\":{\"@id\":\"https:\/\/selariarosario.com.br\/atacado\/produto\/capa-boiadeiro-sem-forro-sr-2\/#primaryimage\"},\"datePublished\":\"2024-01-18T15:04:47+00:00\",\"dateModified\":\"2024-01-18T15:04:52+00:00\",\"description\":\"Capa Boiadeiro sem forro serve para proteger o usu\\u00e1rio da chuva al\\u00e9m de mante-lo seco durante per\\u00edodos de mau tempo ,protegendo o cavaleiro do frio e da chuva.\",\"breadcrumb\":{\"@id\":\"https:\/\/selariarosario.com.br\/atacado\/produto\/capa-boiadeiro-sem-forro-sr-2\/#breadcrumb\"},\"inLanguage\":\"pt-BR\",\"potentialAction\":[{\"@type\":\"ReadAction\",\"target\":[\"https:\/\/selariarosario.com.br\/atacado\/produto\/capa-boiadeiro-sem-forro-sr-2\/\"]}]},{\"@type\":\"BreadcrumbList\",\"@id\":\"https:\/\/selariarosario.com.br\/atacado\/produto\/capa-boiadeiro-sem-forro-sr-2\/#breadcrumb\",\"itemListElement\":[{\"@type\":\"ListItem\",\"position\":1,\"name\":\"In\\u00edcio\",\"item\":\"https:\/\/selariarosario.com.br\/atacado\/\"},{\"@type\":\"ListItem\",\"position\":2,\"name\":\"Produtos\",\"item\":\"https:\/\/selariarosario.com.br\/atacado\/produtos\/\"},{\"@type\":\"ListItem\",\"position\":3,\"name\":\"Capa Boiadeiro sem forro SR\"}]}]}<\/script>\n<!-- \/ Yoast SEO plugin. -->","yoast_head_json":{"title":"Capa Boiadeiro sem forro","description":"Capa Boiadeiro sem forro serve para proteger o usu\u00e1rio da chuva al\u00e9m de mante-lo seco durante per\u00edodos de mau tempo ,protegendo o cavaleiro do frio e da chuva.","robots":{"index":"index","follow":"follow","max-snippet":"max-snippet:-1","max-image-preview":"max-image-preview:large","max-video-preview":"max-video-preview:-1"},"canonical":"https:\/\/selariarosario.com.br\/atacado\/produto\/capa-boiadeiro-sem-forro-sr-2\/","og_locale":"pt_BR","og_type":"article","og_title":"Capa Boiadeiro sem forro","og_description":"Capa Boiadeiro sem forro serve para proteger o usu\u00e1rio da chuva al\u00e9m de mante-lo seco durante per\u00edodos de mau tempo ,protegendo o cavaleiro do frio e da chuva.","og_url":"https:\/\/selariarosario.com.br\/atacado\/produto\/capa-boiadeiro-sem-forro-sr-2\/","og_site_name":"Selaria Rosario","article_modified_time":"2024-01-18T15:04:52+00:00","twitter_card":"summary_large_image","twitter_misc":{"Est. tempo de leitura":"2 minutos"},"schema":{"@context":"https:\/\/schema.org","@graph":[{"@type":"WebSite","@id":"https:\/\/selariarosario.com.br\/atacado\/#website","url":"https:\/\/selariarosario.com.br\/atacado\/","name":"Selaria Rosario","description":"","potentialAction":[{"@type":"SearchAction","target":{"@type":"EntryPoint","urlTemplate":"https:\/\/selariarosario.com.br\/atacado\/?s={search_term_string}"},"query-input":"required name=search_term_string"}],"inLanguage":"pt-BR"},{"@type":"ImageObject","@id":"https:\/\/selariarosario.com.br\/atacado\/produto\/capa-boiadeiro-sem-forro-sr-2\/#primaryimage","inLanguage":"pt-BR","url":"https:\/\/selariarosario.com.br\/atacado\/wp-content\/uploads\/2024\/01\/capa-boiadeiro-sem-forro.jpg","contentUrl":"https:\/\/selariarosario.com.br\/atacado\/wp-content\/uploads\/2024\/01\/capa-boiadeiro-sem-forro.jpg","width":2016,"height":1932},{"@type":"WebPage","@id":"https:\/\/selariarosario.com.br\/atacado\/produto\/capa-boiadeiro-sem-forro-sr-2\/#webpage","url":"https:\/\/selariarosario.com.br\/atacado\/produto\/capa-boiadeiro-sem-forro-sr-2\/","name":"Capa Boiadeiro sem forro","isPartOf":{"@id":"https:\/\/selariarosario.com.br\/atacado\/#website"},"primaryImageOfPage":{"@id":"https:\/\/selariarosario.com.br\/atacado\/produto\/capa-boiadeiro-sem-forro-sr-2\/#primaryimage"},"datePublished":"2024-01-18T15:04:47+00:00","dateModified":"2024-01-18T15:04:52+00:00","description":"Capa Boiadeiro sem forro serve para proteger o usu\u00e1rio da chuva al\u00e9m de mante-lo seco durante per\u00edodos de mau tempo ,protegendo o cavaleiro do frio e da chuva.","breadcrumb":{"@id":"https:\/\/selariarosario.com.br\/atacado\/produto\/capa-boiadeiro-sem-forro-sr-2\/#breadcrumb"},"inLanguage":"pt-BR","potentialAction":[{"@type":"ReadAction","target":["https:\/\/selariarosario.com.br\/atacado\/produto\/capa-boiadeiro-sem-forro-sr-2\/"]}]},{"@type":"BreadcrumbList","@id":"https:\/\/selariarosario.com.br\/atacado\/produto\/capa-boiadeiro-sem-forro-sr-2\/#breadcrumb","itemListElement":[{"@type":"ListItem","position":1,"name":"In\u00edcio","item":"https:\/\/selariarosario.com.br\/atacado\/"},{"@type":"ListItem","position":2,"name":"Produtos","item":"https:\/\/selariarosario.com.br\/atacado\/produtos\/"},{"@type":"ListItem","position":3,"name":"Capa Boiadeiro sem forro SR"}]}]}},"_links":{"self":[{"href":"https:\/\/selariarosario.com.br\/atacado\/wp-json\/wp\/v2\/product\/1921"}],"collection":[{"href":"https:\/\/selariarosario.com.br\/atacado\/wp-json\/wp\/v2\/product"}],"about":[{"href":"https:\/\/selariarosario.com.br\/atacado\/wp-json\/wp\/v2\/types\/product"}],"wp:featuredmedia":[{"embeddable":true,"href":"https:\/\/selariarosario.com.br\/atacado\/wp-json\/wp\/v2\/media\/1538"}],"wp:attachment":[{"href":"https:\/\/selariarosario.com.br\/atacado\/wp-json\/wp\/v2\/media?parent=1921"}],"wp:term":[{"taxonomy":"product_cat","embeddable":true,"href":"https:\/\/selariarosario.com.br\/atacado\/wp-json\/wp\/v2\/product_cat?post=1921"},{"taxonomy":"product_tag","embeddable":true,"href":"https:\/\/selariarosario.com.br\/atacado\/wp-json\/wp\/v2\/product_tag?post=1921"}],"curies":[{"name":"wp","href":"https:\/\/api.w.org\/{rel}","templated":true}]}}