{"id":1922,"date":"2024-01-18T12:04:53","date_gmt":"2024-01-18T15:04:53","guid":{"rendered":"https:\/\/selariarosario.com.br\/atacado\/?post_type=product&#038;p=1922"},"modified":"2024-01-18T12:04:57","modified_gmt":"2024-01-18T15:04:57","slug":"bornal-de-lona-gaiola-sr-2","status":"publish","type":"product","link":"https:\/\/selariarosario.com.br\/atacado\/produto\/bornal-de-lona-gaiola-sr-2\/","title":{"rendered":"Bornal de lona Gaiola SR"},"content":{"rendered":"<h1>bornal de lona gaiola: dur\u00e1vel e pr\u00e1tico para transportar tudo o que voc\u00ea precisa<\/h1>\n<p>Bornal\u00a0 bornal de lona gaiola confeccionado em lona<\/p>\n<p><b>Sacola usada para transportar alimentos; embornal<\/b>. Saco que, preso ao redor da boca de animais, traz comida (milho). [Por Extens\u00e3o] Pequena sacola em que se transporta comida, muito usada por quem precisa levar sua refei\u00e7\u00e3o para o trabalho. <b>Pequenas Mochilas usadas a tiracolo para carregar provis\u00f5es, ferramentas, carregadores etc<\/b>..<\/p>\n<h2><strong>Bornal de lona gaiola: E sua evolu\u00e7\u00e3o<\/strong><\/h2>\n<p>O bornal, tamb\u00e9m conhecido como saco de viagem ou mochila de cintura, tem suas ra\u00edzes na antiguidade. Os povos n\u00f4mades e viajantes h\u00e1 muito tempo usavam um tipo de saco de pano amarrado \u00e0 cintura para transportar seus pertences durante as jornadas.<\/p>\n<p>No entanto, foi no s\u00e9culo XVII que o bornal se popularizou na Europa. Nessa \u00e9poca, os soldados come\u00e7aram a utilizar o bornal como parte de seu equipamento militar durante as guerras. O bornal era em tecido resistente e possu\u00eda v\u00e1rios compartimentos para guardar v\u00e1rios itens essenciais para a sobreviv\u00eancia durante a guerra.<\/p>\n<p>Com o tempo, o bornal passou a utilizar tamb\u00e9m por ca\u00e7adores, lenhadores e viajantes em geral, pois\u00a0 a praticidade de ter os objetos importantes sempre \u00e0 m\u00e3o, sem a necessidade de carregar um grande saco nas costas, tornou o bornal uma escolha popular.<\/p>\n<p>Com o avan\u00e7o da tecnologia e o surgimento de novas formas de transporte, gradualmente houve a substitui\u00e7\u00e3o pelas bolsas, malas e mochilas maiores. No entanto, ainda \u00e9 poss\u00edvel encontrar o bornal que \u00e9 em algumas culturas e profiss\u00f5es espec\u00edficas, como os guias tur\u00edsticos e os praticantes de esportes de aventura.<\/p>\n<p>Em resumo, o bornal tem uma longa hist\u00f3ria de uso como uma forma pr\u00e1tica e conveniente de transportar pertences pessoais. Mesmo que tenha sido substitu\u00eddo em muitos contextos pelo avan\u00e7o da tecnologia, ainda \u00e9 um objeto com significado hist\u00f3rico e cultural em v\u00e1rias partes do mundo.<\/p>\n<p>&nbsp;<\/p>\n","protected":false},"excerpt":{"rendered":"<p>bornal de lona gaiola: dur\u00e1vel e pr\u00e1tico para transportar tudo o que voc\u00ea precisa Bornal\u00a0 bornal de lona gaiola confeccionado em lona Sacola usada para transportar alimentos; embornal. Saco que, preso ao redor da boca de animais, traz comida (milho). [Por Extens\u00e3o] Pequena sacola em que se transporta comida, muito usada por quem precisa levar [&hellip;]<\/p>\n","protected":false},"featured_media":1539,"template":"","meta":[],"product_cat":[35,43,79],"product_tag":[],"yoast_head":"<!-- This site is optimized with the Yoast SEO plugin v16.7 - https:\/\/yoast.com\/wordpress\/plugins\/seo\/ -->\n<title>bornal de lona gaiola<\/title>\n<meta name=\"description\" content=\"bornal de lona gaiola \u00e9 um tipo de bolsa ou saco feito de lona resistente para transportar equipamentos e suprimentos durante atividades como acampamentos .\" \/>\n<meta name=\"robots\" content=\"index, follow, max-snippet:-1, max-image-preview:large, max-video-preview:-1\" \/>\n<link rel=\"canonical\" href=\"https:\/\/selariarosario.com.br\/atacado\/produto\/bornal-de-lona-gaiola-sr-2\/\" \/>\n<meta property=\"og:locale\" content=\"pt_BR\" \/>\n<meta property=\"og:type\" content=\"article\" \/>\n<meta property=\"og:title\" content=\"bornal de lona gaiola\" \/>\n<meta property=\"og:description\" content=\"bornal de lona gaiola \u00e9 um tipo de bolsa ou saco feito de lona resistente para transportar equipamentos e suprimentos durante atividades como acampamentos .\" \/>\n<meta property=\"og:url\" content=\"https:\/\/selariarosario.com.br\/atacado\/produto\/bornal-de-lona-gaiola-sr-2\/\" \/>\n<meta property=\"og:site_name\" content=\"Selaria Rosario\" \/>\n<meta property=\"article:modified_time\" content=\"2024-01-18T15:04:57+00:00\" \/>\n<meta name=\"twitter:card\" content=\"summary_large_image\" \/>\n<meta name=\"twitter:label1\" content=\"Est. tempo de leitura\" \/>\n\t<meta name=\"twitter:data1\" content=\"2 minutos\" \/>\n<script type=\"application\/ld+json\" class=\"yoast-schema-graph\">{\"@context\":\"https:\/\/schema.org\",\"@graph\":[{\"@type\":\"WebSite\",\"@id\":\"https:\/\/selariarosario.com.br\/atacado\/#website\",\"url\":\"https:\/\/selariarosario.com.br\/atacado\/\",\"name\":\"Selaria Rosario\",\"description\":\"\",\"potentialAction\":[{\"@type\":\"SearchAction\",\"target\":{\"@type\":\"EntryPoint\",\"urlTemplate\":\"https:\/\/selariarosario.com.br\/atacado\/?s={search_term_string}\"},\"query-input\":\"required name=search_term_string\"}],\"inLanguage\":\"pt-BR\"},{\"@type\":\"ImageObject\",\"@id\":\"https:\/\/selariarosario.com.br\/atacado\/produto\/bornal-de-lona-gaiola-sr-2\/#primaryimage\",\"inLanguage\":\"pt-BR\",\"url\":\"https:\/\/selariarosario.com.br\/atacado\/wp-content\/uploads\/2024\/01\/BORNAL-DE-LONA.jpg\",\"contentUrl\":\"https:\/\/selariarosario.com.br\/atacado\/wp-content\/uploads\/2024\/01\/BORNAL-DE-LONA.jpg\",\"width\":900,\"height\":900},{\"@type\":\"WebPage\",\"@id\":\"https:\/\/selariarosario.com.br\/atacado\/produto\/bornal-de-lona-gaiola-sr-2\/#webpage\",\"url\":\"https:\/\/selariarosario.com.br\/atacado\/produto\/bornal-de-lona-gaiola-sr-2\/\",\"name\":\"bornal de lona gaiola\",\"isPartOf\":{\"@id\":\"https:\/\/selariarosario.com.br\/atacado\/#website\"},\"primaryImageOfPage\":{\"@id\":\"https:\/\/selariarosario.com.br\/atacado\/produto\/bornal-de-lona-gaiola-sr-2\/#primaryimage\"},\"datePublished\":\"2024-01-18T15:04:53+00:00\",\"dateModified\":\"2024-01-18T15:04:57+00:00\",\"description\":\"bornal de lona gaiola \\u00e9 um tipo de bolsa ou saco feito de lona resistente para transportar equipamentos e suprimentos durante atividades como acampamentos .\",\"breadcrumb\":{\"@id\":\"https:\/\/selariarosario.com.br\/atacado\/produto\/bornal-de-lona-gaiola-sr-2\/#breadcrumb\"},\"inLanguage\":\"pt-BR\",\"potentialAction\":[{\"@type\":\"ReadAction\",\"target\":[\"https:\/\/selariarosario.com.br\/atacado\/produto\/bornal-de-lona-gaiola-sr-2\/\"]}]},{\"@type\":\"BreadcrumbList\",\"@id\":\"https:\/\/selariarosario.com.br\/atacado\/produto\/bornal-de-lona-gaiola-sr-2\/#breadcrumb\",\"itemListElement\":[{\"@type\":\"ListItem\",\"position\":1,\"name\":\"In\\u00edcio\",\"item\":\"https:\/\/selariarosario.com.br\/atacado\/\"},{\"@type\":\"ListItem\",\"position\":2,\"name\":\"Produtos\",\"item\":\"https:\/\/selariarosario.com.br\/atacado\/produtos\/\"},{\"@type\":\"ListItem\",\"position\":3,\"name\":\"Bornal de lona Gaiola SR\"}]}]}<\/script>\n<!-- \/ Yoast SEO plugin. -->","yoast_head_json":{"title":"bornal de lona gaiola","description":"bornal de lona gaiola \u00e9 um tipo de bolsa ou saco feito de lona resistente para transportar equipamentos e suprimentos durante atividades como acampamentos .","robots":{"index":"index","follow":"follow","max-snippet":"max-snippet:-1","max-image-preview":"max-image-preview:large","max-video-preview":"max-video-preview:-1"},"canonical":"https:\/\/selariarosario.com.br\/atacado\/produto\/bornal-de-lona-gaiola-sr-2\/","og_locale":"pt_BR","og_type":"article","og_title":"bornal de lona gaiola","og_description":"bornal de lona gaiola \u00e9 um tipo de bolsa ou saco feito de lona resistente para transportar equipamentos e suprimentos durante atividades como acampamentos .","og_url":"https:\/\/selariarosario.com.br\/atacado\/produto\/bornal-de-lona-gaiola-sr-2\/","og_site_name":"Selaria Rosario","article_modified_time":"2024-01-18T15:04:57+00:00","twitter_card":"summary_large_image","twitter_misc":{"Est. tempo de leitura":"2 minutos"},"schema":{"@context":"https:\/\/schema.org","@graph":[{"@type":"WebSite","@id":"https:\/\/selariarosario.com.br\/atacado\/#website","url":"https:\/\/selariarosario.com.br\/atacado\/","name":"Selaria Rosario","description":"","potentialAction":[{"@type":"SearchAction","target":{"@type":"EntryPoint","urlTemplate":"https:\/\/selariarosario.com.br\/atacado\/?s={search_term_string}"},"query-input":"required name=search_term_string"}],"inLanguage":"pt-BR"},{"@type":"ImageObject","@id":"https:\/\/selariarosario.com.br\/atacado\/produto\/bornal-de-lona-gaiola-sr-2\/#primaryimage","inLanguage":"pt-BR","url":"https:\/\/selariarosario.com.br\/atacado\/wp-content\/uploads\/2024\/01\/BORNAL-DE-LONA.jpg","contentUrl":"https:\/\/selariarosario.com.br\/atacado\/wp-content\/uploads\/2024\/01\/BORNAL-DE-LONA.jpg","width":900,"height":900},{"@type":"WebPage","@id":"https:\/\/selariarosario.com.br\/atacado\/produto\/bornal-de-lona-gaiola-sr-2\/#webpage","url":"https:\/\/selariarosario.com.br\/atacado\/produto\/bornal-de-lona-gaiola-sr-2\/","name":"bornal de lona gaiola","isPartOf":{"@id":"https:\/\/selariarosario.com.br\/atacado\/#website"},"primaryImageOfPage":{"@id":"https:\/\/selariarosario.com.br\/atacado\/produto\/bornal-de-lona-gaiola-sr-2\/#primaryimage"},"datePublished":"2024-01-18T15:04:53+00:00","dateModified":"2024-01-18T15:04:57+00:00","description":"bornal de lona gaiola \u00e9 um tipo de bolsa ou saco feito de lona resistente para transportar equipamentos e suprimentos durante atividades como acampamentos .","breadcrumb":{"@id":"https:\/\/selariarosario.com.br\/atacado\/produto\/bornal-de-lona-gaiola-sr-2\/#breadcrumb"},"inLanguage":"pt-BR","potentialAction":[{"@type":"ReadAction","target":["https:\/\/selariarosario.com.br\/atacado\/produto\/bornal-de-lona-gaiola-sr-2\/"]}]},{"@type":"BreadcrumbList","@id":"https:\/\/selariarosario.com.br\/atacado\/produto\/bornal-de-lona-gaiola-sr-2\/#breadcrumb","itemListElement":[{"@type":"ListItem","position":1,"name":"In\u00edcio","item":"https:\/\/selariarosario.com.br\/atacado\/"},{"@type":"ListItem","position":2,"name":"Produtos","item":"https:\/\/selariarosario.com.br\/atacado\/produtos\/"},{"@type":"ListItem","position":3,"name":"Bornal de lona Gaiola SR"}]}]}},"_links":{"self":[{"href":"https:\/\/selariarosario.com.br\/atacado\/wp-json\/wp\/v2\/product\/1922"}],"collection":[{"href":"https:\/\/selariarosario.com.br\/atacado\/wp-json\/wp\/v2\/product"}],"about":[{"href":"https:\/\/selariarosario.com.br\/atacado\/wp-json\/wp\/v2\/types\/product"}],"wp:featuredmedia":[{"embeddable":true,"href":"https:\/\/selariarosario.com.br\/atacado\/wp-json\/wp\/v2\/media\/1539"}],"wp:attachment":[{"href":"https:\/\/selariarosario.com.br\/atacado\/wp-json\/wp\/v2\/media?parent=1922"}],"wp:term":[{"taxonomy":"product_cat","embeddable":true,"href":"https:\/\/selariarosario.com.br\/atacado\/wp-json\/wp\/v2\/product_cat?post=1922"},{"taxonomy":"product_tag","embeddable":true,"href":"https:\/\/selariarosario.com.br\/atacado\/wp-json\/wp\/v2\/product_tag?post=1922"}],"curies":[{"name":"wp","href":"https:\/\/api.w.org\/{rel}","templated":true}]}}