{"id":1927,"date":"2024-01-18T12:04:53","date_gmt":"2024-01-18T15:04:53","guid":{"rendered":"https:\/\/selariarosario.com.br\/atacado\/?post_type=product&#038;p=1927"},"modified":"2024-01-18T12:04:58","modified_gmt":"2024-01-18T15:04:58","slug":"cloche-de-silicone-sr-2","status":"publish","type":"product","link":"https:\/\/selariarosario.com.br\/atacado\/produto\/cloche-de-silicone-sr-2\/","title":{"rendered":"Cloche de silicone SR"},"content":{"rendered":"<p>Cloche de Silicone SR<\/p>\n<p>Cloche de Silicone SR\u00a0 Produto confeccionado em borracha lat\u00e9x.<br \/>\n&#8211; Utilizado nas patas dianteiras.<br \/>\n&#8211; Tamanho \u00fanico.<\/p>\n<p>O cloche para cavalo de borracha \u00e9 um acess\u00f3rio utilizado para proteger os cascos dos cavalos durante atividades como treinamento, cavalgadas ou competi\u00e7\u00f5es. Ele \u00e9\u00a0 de borracha, o que proporciona uma maior durabilidade e resist\u00eancia.<\/p>\n<p>O cloche de borracha \u00e9 colocado nas patas traseiras do cavalo, cobrindo o casco e parte do membro inferior. Ele possui um fecho de velcro ajust\u00e1vel, que permite prend\u00ea-lo com seguran\u00e7a e conforto ao animal.<\/p>\n<p>Al\u00e9m de proteger os cascos contra impactos, o cloche de borracha tamb\u00e9m ajuda a evitar que o cavalo se machuque ou se ferre durante o contato com obst\u00e1culos ou o solo. Ele tamb\u00e9m serve para ajudar a proteger o casco de infec\u00e7\u00f5es causadas por bact\u00e9rias ou fungos presentes no ambiente.<\/p>\n<p>\u00c9 importante escolher um cloche de borracha ideal ao tamanho e formato das patas do cavalo, garantindo assim um ajuste confort\u00e1vel e seguro. Tamb\u00e9m \u00e9 necess\u00e1rio fazer uma boa higieniza\u00e7\u00e3o do cloche ap\u00f3s o uso, para evitar a prolifera\u00e7\u00e3o de fungos ou bact\u00e9rias.<\/p>\n<p>Em resumo, o cloche de borracha \u00e9 um importante acess\u00f3rio de prote\u00e7\u00e3o para manter a sa\u00fade e bem-estar dos cascos dos cavalos durante atividades de trabalho ou lazer.<\/p>\n","protected":false},"excerpt":{"rendered":"<p>Cloche de Silicone SR Cloche de Silicone SR\u00a0 Produto confeccionado em borracha lat\u00e9x. &#8211; Utilizado nas patas dianteiras. &#8211; Tamanho \u00fanico. O cloche para cavalo de borracha \u00e9 um acess\u00f3rio utilizado para proteger os cascos dos cavalos durante atividades como treinamento, cavalgadas ou competi\u00e7\u00f5es. Ele \u00e9\u00a0 de borracha, o que proporciona uma maior durabilidade e [&hellip;]<\/p>\n","protected":false},"featured_media":1546,"template":"","meta":[],"product_cat":[35,51,60],"product_tag":[],"yoast_head":"<!-- This site is optimized with the Yoast SEO plugin v16.7 - https:\/\/yoast.com\/wordpress\/plugins\/seo\/ -->\n<title>Cloche de Silicone SR<\/title>\n<meta name=\"description\" content=\"Cloche de Silicone SR \u00e9 um acess\u00f3rio utilizado para proteger os cascos dos cavalos durante atividades como treinamento, cavalgadas ou competi\u00e7\u00f5es.\" \/>\n<meta name=\"robots\" content=\"index, follow, max-snippet:-1, max-image-preview:large, max-video-preview:-1\" \/>\n<link rel=\"canonical\" href=\"https:\/\/selariarosario.com.br\/atacado\/produto\/cloche-de-silicone-sr-2\/\" \/>\n<meta property=\"og:locale\" content=\"pt_BR\" \/>\n<meta property=\"og:type\" content=\"article\" \/>\n<meta property=\"og:title\" content=\"Cloche de Silicone SR\" \/>\n<meta property=\"og:description\" content=\"Cloche de Silicone SR \u00e9 um acess\u00f3rio utilizado para proteger os cascos dos cavalos durante atividades como treinamento, cavalgadas ou competi\u00e7\u00f5es.\" \/>\n<meta property=\"og:url\" content=\"https:\/\/selariarosario.com.br\/atacado\/produto\/cloche-de-silicone-sr-2\/\" \/>\n<meta property=\"og:site_name\" content=\"Selaria Rosario\" \/>\n<meta property=\"article:modified_time\" content=\"2024-01-18T15:04:58+00:00\" \/>\n<meta name=\"twitter:card\" content=\"summary_large_image\" \/>\n<meta name=\"twitter:label1\" content=\"Est. tempo de leitura\" \/>\n\t<meta name=\"twitter:data1\" content=\"2 minutos\" \/>\n<script type=\"application\/ld+json\" class=\"yoast-schema-graph\">{\"@context\":\"https:\/\/schema.org\",\"@graph\":[{\"@type\":\"WebSite\",\"@id\":\"https:\/\/selariarosario.com.br\/atacado\/#website\",\"url\":\"https:\/\/selariarosario.com.br\/atacado\/\",\"name\":\"Selaria Rosario\",\"description\":\"\",\"potentialAction\":[{\"@type\":\"SearchAction\",\"target\":{\"@type\":\"EntryPoint\",\"urlTemplate\":\"https:\/\/selariarosario.com.br\/atacado\/?s={search_term_string}\"},\"query-input\":\"required name=search_term_string\"}],\"inLanguage\":\"pt-BR\"},{\"@type\":\"ImageObject\",\"@id\":\"https:\/\/selariarosario.com.br\/atacado\/produto\/cloche-de-silicone-sr-2\/#primaryimage\",\"inLanguage\":\"pt-BR\",\"url\":\"https:\/\/selariarosario.com.br\/atacado\/wp-content\/uploads\/2024\/01\/cloxe-1.jpg\",\"contentUrl\":\"https:\/\/selariarosario.com.br\/atacado\/wp-content\/uploads\/2024\/01\/cloxe-1.jpg\",\"width\":1200,\"height\":1200},{\"@type\":\"WebPage\",\"@id\":\"https:\/\/selariarosario.com.br\/atacado\/produto\/cloche-de-silicone-sr-2\/#webpage\",\"url\":\"https:\/\/selariarosario.com.br\/atacado\/produto\/cloche-de-silicone-sr-2\/\",\"name\":\"Cloche de Silicone SR\",\"isPartOf\":{\"@id\":\"https:\/\/selariarosario.com.br\/atacado\/#website\"},\"primaryImageOfPage\":{\"@id\":\"https:\/\/selariarosario.com.br\/atacado\/produto\/cloche-de-silicone-sr-2\/#primaryimage\"},\"datePublished\":\"2024-01-18T15:04:53+00:00\",\"dateModified\":\"2024-01-18T15:04:58+00:00\",\"description\":\"Cloche de Silicone SR \\u00e9 um acess\\u00f3rio utilizado para proteger os cascos dos cavalos durante atividades como treinamento, cavalgadas ou competi\\u00e7\\u00f5es.\",\"breadcrumb\":{\"@id\":\"https:\/\/selariarosario.com.br\/atacado\/produto\/cloche-de-silicone-sr-2\/#breadcrumb\"},\"inLanguage\":\"pt-BR\",\"potentialAction\":[{\"@type\":\"ReadAction\",\"target\":[\"https:\/\/selariarosario.com.br\/atacado\/produto\/cloche-de-silicone-sr-2\/\"]}]},{\"@type\":\"BreadcrumbList\",\"@id\":\"https:\/\/selariarosario.com.br\/atacado\/produto\/cloche-de-silicone-sr-2\/#breadcrumb\",\"itemListElement\":[{\"@type\":\"ListItem\",\"position\":1,\"name\":\"In\\u00edcio\",\"item\":\"https:\/\/selariarosario.com.br\/atacado\/\"},{\"@type\":\"ListItem\",\"position\":2,\"name\":\"Produtos\",\"item\":\"https:\/\/selariarosario.com.br\/atacado\/produtos\/\"},{\"@type\":\"ListItem\",\"position\":3,\"name\":\"Cloche de silicone SR\"}]}]}<\/script>\n<!-- \/ Yoast SEO plugin. -->","yoast_head_json":{"title":"Cloche de Silicone SR","description":"Cloche de Silicone SR \u00e9 um acess\u00f3rio utilizado para proteger os cascos dos cavalos durante atividades como treinamento, cavalgadas ou competi\u00e7\u00f5es.","robots":{"index":"index","follow":"follow","max-snippet":"max-snippet:-1","max-image-preview":"max-image-preview:large","max-video-preview":"max-video-preview:-1"},"canonical":"https:\/\/selariarosario.com.br\/atacado\/produto\/cloche-de-silicone-sr-2\/","og_locale":"pt_BR","og_type":"article","og_title":"Cloche de Silicone SR","og_description":"Cloche de Silicone SR \u00e9 um acess\u00f3rio utilizado para proteger os cascos dos cavalos durante atividades como treinamento, cavalgadas ou competi\u00e7\u00f5es.","og_url":"https:\/\/selariarosario.com.br\/atacado\/produto\/cloche-de-silicone-sr-2\/","og_site_name":"Selaria Rosario","article_modified_time":"2024-01-18T15:04:58+00:00","twitter_card":"summary_large_image","twitter_misc":{"Est. tempo de leitura":"2 minutos"},"schema":{"@context":"https:\/\/schema.org","@graph":[{"@type":"WebSite","@id":"https:\/\/selariarosario.com.br\/atacado\/#website","url":"https:\/\/selariarosario.com.br\/atacado\/","name":"Selaria Rosario","description":"","potentialAction":[{"@type":"SearchAction","target":{"@type":"EntryPoint","urlTemplate":"https:\/\/selariarosario.com.br\/atacado\/?s={search_term_string}"},"query-input":"required name=search_term_string"}],"inLanguage":"pt-BR"},{"@type":"ImageObject","@id":"https:\/\/selariarosario.com.br\/atacado\/produto\/cloche-de-silicone-sr-2\/#primaryimage","inLanguage":"pt-BR","url":"https:\/\/selariarosario.com.br\/atacado\/wp-content\/uploads\/2024\/01\/cloxe-1.jpg","contentUrl":"https:\/\/selariarosario.com.br\/atacado\/wp-content\/uploads\/2024\/01\/cloxe-1.jpg","width":1200,"height":1200},{"@type":"WebPage","@id":"https:\/\/selariarosario.com.br\/atacado\/produto\/cloche-de-silicone-sr-2\/#webpage","url":"https:\/\/selariarosario.com.br\/atacado\/produto\/cloche-de-silicone-sr-2\/","name":"Cloche de Silicone SR","isPartOf":{"@id":"https:\/\/selariarosario.com.br\/atacado\/#website"},"primaryImageOfPage":{"@id":"https:\/\/selariarosario.com.br\/atacado\/produto\/cloche-de-silicone-sr-2\/#primaryimage"},"datePublished":"2024-01-18T15:04:53+00:00","dateModified":"2024-01-18T15:04:58+00:00","description":"Cloche de Silicone SR \u00e9 um acess\u00f3rio utilizado para proteger os cascos dos cavalos durante atividades como treinamento, cavalgadas ou competi\u00e7\u00f5es.","breadcrumb":{"@id":"https:\/\/selariarosario.com.br\/atacado\/produto\/cloche-de-silicone-sr-2\/#breadcrumb"},"inLanguage":"pt-BR","potentialAction":[{"@type":"ReadAction","target":["https:\/\/selariarosario.com.br\/atacado\/produto\/cloche-de-silicone-sr-2\/"]}]},{"@type":"BreadcrumbList","@id":"https:\/\/selariarosario.com.br\/atacado\/produto\/cloche-de-silicone-sr-2\/#breadcrumb","itemListElement":[{"@type":"ListItem","position":1,"name":"In\u00edcio","item":"https:\/\/selariarosario.com.br\/atacado\/"},{"@type":"ListItem","position":2,"name":"Produtos","item":"https:\/\/selariarosario.com.br\/atacado\/produtos\/"},{"@type":"ListItem","position":3,"name":"Cloche de silicone SR"}]}]}},"_links":{"self":[{"href":"https:\/\/selariarosario.com.br\/atacado\/wp-json\/wp\/v2\/product\/1927"}],"collection":[{"href":"https:\/\/selariarosario.com.br\/atacado\/wp-json\/wp\/v2\/product"}],"about":[{"href":"https:\/\/selariarosario.com.br\/atacado\/wp-json\/wp\/v2\/types\/product"}],"wp:featuredmedia":[{"embeddable":true,"href":"https:\/\/selariarosario.com.br\/atacado\/wp-json\/wp\/v2\/media\/1546"}],"wp:attachment":[{"href":"https:\/\/selariarosario.com.br\/atacado\/wp-json\/wp\/v2\/media?parent=1927"}],"wp:term":[{"taxonomy":"product_cat","embeddable":true,"href":"https:\/\/selariarosario.com.br\/atacado\/wp-json\/wp\/v2\/product_cat?post=1927"},{"taxonomy":"product_tag","embeddable":true,"href":"https:\/\/selariarosario.com.br\/atacado\/wp-json\/wp\/v2\/product_tag?post=1927"}],"curies":[{"name":"wp","href":"https:\/\/api.w.org\/{rel}","templated":true}]}}