{"id":1928,"date":"2024-01-18T12:04:54","date_gmt":"2024-01-18T15:04:54","guid":{"rendered":"https:\/\/selariarosario.com.br\/atacado\/?post_type=product&#038;p=1928"},"modified":"2024-01-18T12:04:58","modified_gmt":"2024-01-18T15:04:58","slug":"raspadeira-de-madeira-serrilhada","status":"publish","type":"product","link":"https:\/\/selariarosario.com.br\/atacado\/produto\/raspadeira-de-madeira-serrilhada\/","title":{"rendered":"Raspadeira de madeira serrilhada"},"content":{"rendered":"<p>Raspadeira de madeira serrilhada<\/p>\n<p>Raspadeira de madeira serrilhada com base em madeira e l\u00e2minas de a\u00e7o. Usado entre os criadores de cavalos para manuten\u00e7\u00e3o e limpeza do pelo dos animais. Produto com fino acabamento.<\/p>\n<p>Largura da al\u00e7a: 10cm<br \/>\nComprimento total: 13cm<br \/>\nLargura: 10cm<\/p>\n<p>Raspadeira de madeira serrilhada SR\u00a0 \u00e9 uma ferramenta de cuidados e higiene utilizada para remover o excesso de pelos soltos ou mortos do animal. Ela possui uma superf\u00edcie de metal com dentes afiados ou cerdas, projetados para penetrar no pelo e remover os pelos soltos e mortos.<\/p>\n<p>Ao ser utilizada regularmente no animal, a raspadeira ajuda a reduzir a quantidade de pelos que caem pela casa, minimizando tamb\u00e9m a forma\u00e7\u00e3o de n\u00f3s e emaranhados no pelo do animal, principalmente em animais de pelos longos.<\/p>\n<p>Al\u00e9m disso, a raspadeira tamb\u00e9m estimula a circula\u00e7\u00e3o sangu\u00ednea da pele do animal, contribuindo para uma pele mais saud\u00e1vel e pelagem mais bonita. Pode us\u00e1-la tamb\u00e9m em c\u00e3es e gatos de todas as ra\u00e7as e tamanhos, embora a escolha do tipo de raspadeira possa variar de acordo com o tipo de pelo do animal.<\/p>\n<div data-hveid=\"CBkQAQ\">\n<div class=\"dnXCYb\" tabindex=\"0\" role=\"button\" aria-controls=\"_On5KZd2zGq6a1sQP8_uV6AI_35\" aria-expanded=\"true\">\n<div class=\"JlqpRe\"><span class=\"JCzEY ZwRhJd\"><span class=\"CSkcDe\">Como escovar o pelo do seu cavalo?<\/span><\/span><\/div>\n<div class=\"L3Ezfd\" data-ved=\"2ahUKEwjduNzkvrKCAxUujZUCHfN9BS0Quk56BAgZEAI\"><\/div>\n<\/div>\n<\/div>\n<div id=\"_On5KZd2zGq6a1sQP8_uV6AI_35\" class=\"bCOlv\" data-ved=\"2ahUKEwjduNzkvrKCAxUujZUCHfN9BS0Q7NUEegQIGRAE\">\n<div class=\"IZE3Td\">\n<div class=\"t0bRye r2fjmd\" data-hveid=\"CBkQBQ\" data-ved=\"2ahUKEwjduNzkvrKCAxUujZUCHfN9BS0Qu04oAHoECBkQBQ\">\n<div id=\"On5KZd2zGq6a1sQP8_uV6AI__18\">\n<div class=\"wDYxhc\" data-md=\"61\">\n<div class=\"LGOjhe\" role=\"heading\" data-attrid=\"wa:\/description\" aria-level=\"3\" data-hveid=\"CBQQAA\"><span class=\"ILfuVd\" lang=\"pt\"><span class=\"hgKElc\">Escove o cavalo, preferencialmente, todos os dias, <b>passando-se a escova na cauda, na crina e na cabe\u00e7a, sempre na dire\u00e7\u00e3o dos pelos<\/b>. Al\u00e9m de aproximar ainda mais o homem do cavalo, \u00e9 o que faz o pelo se manter sempre com brilho. Este manejo de higiene di\u00e1ria \u00e9 em animais que vivem estabulados.<\/span><\/span><\/div>\n<\/div>\n<\/div>\n<\/div>\n<\/div>\n<\/div>\n<div data-hveid=\"CBkQAQ\">\n<div class=\"dnXCYb\" tabindex=\"0\" role=\"button\" aria-controls=\"_On5KZd2zGq6a1sQP8_uV6AI_35\" aria-expanded=\"true\">\n<div class=\"aj35ze\"><\/div>\n<div class=\"L3Ezfd\" data-ved=\"2ahUKEwjduNzkvrKCAxUujZUCHfN9BS0Quk56BAgZEAI\"><\/div>\n<\/div>\n<\/div>\n<div id=\"_On5KZd2zGq6a1sQP8_uV6AI_35\" class=\"bCOlv\" data-ved=\"2ahUKEwjduNzkvrKCAxUujZUCHfN9BS0Q7NUEegQIGRAE\">\n<div class=\"IZE3Td\">\n<div class=\"t0bRye r2fjmd\" data-hveid=\"CBkQBQ\" data-ved=\"2ahUKEwjduNzkvrKCAxUujZUCHfN9BS0Qu04oAHoECBkQBQ\">\n<div id=\"On5KZd2zGq6a1sQP8_uV6AI__18\">\n<div class=\"wDYxhc\" data-md=\"61\">\n<div class=\"LGOjhe\" role=\"heading\" data-attrid=\"wa:\/description\" aria-level=\"3\" data-hveid=\"CBQQAA\"><\/div>\n<\/div>\n<\/div>\n<\/div>\n<\/div>\n<\/div>\n","protected":false},"excerpt":{"rendered":"<p>Raspadeira de madeira serrilhada Raspadeira de madeira serrilhada com base em madeira e l\u00e2minas de a\u00e7o. Usado entre os criadores de cavalos para manuten\u00e7\u00e3o e limpeza do pelo dos animais. Produto com fino acabamento. Largura da al\u00e7a: 10cm Comprimento total: 13cm Largura: 10cm Raspadeira de madeira serrilhada SR\u00a0 \u00e9 uma ferramenta de cuidados e higiene [&hellip;]<\/p>\n","protected":false},"featured_media":1547,"template":"","meta":[],"product_cat":[35,51,55],"product_tag":[],"yoast_head":"<!-- This site is optimized with the Yoast SEO plugin v16.7 - https:\/\/yoast.com\/wordpress\/plugins\/seo\/ -->\n<title>Raspadeira de madeira serrilhada<\/title>\n<meta name=\"description\" content=\"Raspadeira de madeira serrilhada utilizada entre os criadores de cavalos para manuten\u00e7\u00e3o e limpeza do pelo dos animais. Produto com fino acabamento.\" \/>\n<meta name=\"robots\" content=\"index, follow, max-snippet:-1, max-image-preview:large, max-video-preview:-1\" \/>\n<link rel=\"canonical\" href=\"https:\/\/selariarosario.com.br\/atacado\/produto\/raspadeira-de-madeira-serrilhada\/\" \/>\n<meta property=\"og:locale\" content=\"pt_BR\" \/>\n<meta property=\"og:type\" content=\"article\" \/>\n<meta property=\"og:title\" content=\"Raspadeira de madeira serrilhada\" \/>\n<meta property=\"og:description\" content=\"Raspadeira de madeira serrilhada utilizada entre os criadores de cavalos para manuten\u00e7\u00e3o e limpeza do pelo dos animais. Produto com fino acabamento.\" \/>\n<meta property=\"og:url\" content=\"https:\/\/selariarosario.com.br\/atacado\/produto\/raspadeira-de-madeira-serrilhada\/\" \/>\n<meta property=\"og:site_name\" content=\"Selaria Rosario\" \/>\n<meta property=\"article:modified_time\" content=\"2024-01-18T15:04:58+00:00\" \/>\n<meta name=\"twitter:card\" content=\"summary_large_image\" \/>\n<meta name=\"twitter:label1\" content=\"Est. tempo de leitura\" \/>\n\t<meta name=\"twitter:data1\" content=\"2 minutos\" \/>\n<script type=\"application\/ld+json\" class=\"yoast-schema-graph\">{\"@context\":\"https:\/\/schema.org\",\"@graph\":[{\"@type\":\"WebSite\",\"@id\":\"https:\/\/selariarosario.com.br\/atacado\/#website\",\"url\":\"https:\/\/selariarosario.com.br\/atacado\/\",\"name\":\"Selaria Rosario\",\"description\":\"\",\"potentialAction\":[{\"@type\":\"SearchAction\",\"target\":{\"@type\":\"EntryPoint\",\"urlTemplate\":\"https:\/\/selariarosario.com.br\/atacado\/?s={search_term_string}\"},\"query-input\":\"required name=search_term_string\"}],\"inLanguage\":\"pt-BR\"},{\"@type\":\"ImageObject\",\"@id\":\"https:\/\/selariarosario.com.br\/atacado\/produto\/raspadeira-de-madeira-serrilhada\/#primaryimage\",\"inLanguage\":\"pt-BR\",\"url\":\"https:\/\/selariarosario.com.br\/atacado\/wp-content\/uploads\/2024\/01\/ESCOVA-COM-SERRINHA.jpg\",\"contentUrl\":\"https:\/\/selariarosario.com.br\/atacado\/wp-content\/uploads\/2024\/01\/ESCOVA-COM-SERRINHA.jpg\",\"width\":1200,\"height\":1200},{\"@type\":\"WebPage\",\"@id\":\"https:\/\/selariarosario.com.br\/atacado\/produto\/raspadeira-de-madeira-serrilhada\/#webpage\",\"url\":\"https:\/\/selariarosario.com.br\/atacado\/produto\/raspadeira-de-madeira-serrilhada\/\",\"name\":\"Raspadeira de madeira serrilhada\",\"isPartOf\":{\"@id\":\"https:\/\/selariarosario.com.br\/atacado\/#website\"},\"primaryImageOfPage\":{\"@id\":\"https:\/\/selariarosario.com.br\/atacado\/produto\/raspadeira-de-madeira-serrilhada\/#primaryimage\"},\"datePublished\":\"2024-01-18T15:04:54+00:00\",\"dateModified\":\"2024-01-18T15:04:58+00:00\",\"description\":\"Raspadeira de madeira serrilhada utilizada entre os criadores de cavalos para manuten\\u00e7\\u00e3o e limpeza do pelo dos animais. Produto com fino acabamento.\",\"breadcrumb\":{\"@id\":\"https:\/\/selariarosario.com.br\/atacado\/produto\/raspadeira-de-madeira-serrilhada\/#breadcrumb\"},\"inLanguage\":\"pt-BR\",\"potentialAction\":[{\"@type\":\"ReadAction\",\"target\":[\"https:\/\/selariarosario.com.br\/atacado\/produto\/raspadeira-de-madeira-serrilhada\/\"]}]},{\"@type\":\"BreadcrumbList\",\"@id\":\"https:\/\/selariarosario.com.br\/atacado\/produto\/raspadeira-de-madeira-serrilhada\/#breadcrumb\",\"itemListElement\":[{\"@type\":\"ListItem\",\"position\":1,\"name\":\"In\\u00edcio\",\"item\":\"https:\/\/selariarosario.com.br\/atacado\/\"},{\"@type\":\"ListItem\",\"position\":2,\"name\":\"Produtos\",\"item\":\"https:\/\/selariarosario.com.br\/atacado\/produtos\/\"},{\"@type\":\"ListItem\",\"position\":3,\"name\":\"Raspadeira de madeira serrilhada\"}]}]}<\/script>\n<!-- \/ Yoast SEO plugin. -->","yoast_head_json":{"title":"Raspadeira de madeira serrilhada","description":"Raspadeira de madeira serrilhada utilizada entre os criadores de cavalos para manuten\u00e7\u00e3o e limpeza do pelo dos animais. Produto com fino acabamento.","robots":{"index":"index","follow":"follow","max-snippet":"max-snippet:-1","max-image-preview":"max-image-preview:large","max-video-preview":"max-video-preview:-1"},"canonical":"https:\/\/selariarosario.com.br\/atacado\/produto\/raspadeira-de-madeira-serrilhada\/","og_locale":"pt_BR","og_type":"article","og_title":"Raspadeira de madeira serrilhada","og_description":"Raspadeira de madeira serrilhada utilizada entre os criadores de cavalos para manuten\u00e7\u00e3o e limpeza do pelo dos animais. Produto com fino acabamento.","og_url":"https:\/\/selariarosario.com.br\/atacado\/produto\/raspadeira-de-madeira-serrilhada\/","og_site_name":"Selaria Rosario","article_modified_time":"2024-01-18T15:04:58+00:00","twitter_card":"summary_large_image","twitter_misc":{"Est. tempo de leitura":"2 minutos"},"schema":{"@context":"https:\/\/schema.org","@graph":[{"@type":"WebSite","@id":"https:\/\/selariarosario.com.br\/atacado\/#website","url":"https:\/\/selariarosario.com.br\/atacado\/","name":"Selaria Rosario","description":"","potentialAction":[{"@type":"SearchAction","target":{"@type":"EntryPoint","urlTemplate":"https:\/\/selariarosario.com.br\/atacado\/?s={search_term_string}"},"query-input":"required name=search_term_string"}],"inLanguage":"pt-BR"},{"@type":"ImageObject","@id":"https:\/\/selariarosario.com.br\/atacado\/produto\/raspadeira-de-madeira-serrilhada\/#primaryimage","inLanguage":"pt-BR","url":"https:\/\/selariarosario.com.br\/atacado\/wp-content\/uploads\/2024\/01\/ESCOVA-COM-SERRINHA.jpg","contentUrl":"https:\/\/selariarosario.com.br\/atacado\/wp-content\/uploads\/2024\/01\/ESCOVA-COM-SERRINHA.jpg","width":1200,"height":1200},{"@type":"WebPage","@id":"https:\/\/selariarosario.com.br\/atacado\/produto\/raspadeira-de-madeira-serrilhada\/#webpage","url":"https:\/\/selariarosario.com.br\/atacado\/produto\/raspadeira-de-madeira-serrilhada\/","name":"Raspadeira de madeira serrilhada","isPartOf":{"@id":"https:\/\/selariarosario.com.br\/atacado\/#website"},"primaryImageOfPage":{"@id":"https:\/\/selariarosario.com.br\/atacado\/produto\/raspadeira-de-madeira-serrilhada\/#primaryimage"},"datePublished":"2024-01-18T15:04:54+00:00","dateModified":"2024-01-18T15:04:58+00:00","description":"Raspadeira de madeira serrilhada utilizada entre os criadores de cavalos para manuten\u00e7\u00e3o e limpeza do pelo dos animais. Produto com fino acabamento.","breadcrumb":{"@id":"https:\/\/selariarosario.com.br\/atacado\/produto\/raspadeira-de-madeira-serrilhada\/#breadcrumb"},"inLanguage":"pt-BR","potentialAction":[{"@type":"ReadAction","target":["https:\/\/selariarosario.com.br\/atacado\/produto\/raspadeira-de-madeira-serrilhada\/"]}]},{"@type":"BreadcrumbList","@id":"https:\/\/selariarosario.com.br\/atacado\/produto\/raspadeira-de-madeira-serrilhada\/#breadcrumb","itemListElement":[{"@type":"ListItem","position":1,"name":"In\u00edcio","item":"https:\/\/selariarosario.com.br\/atacado\/"},{"@type":"ListItem","position":2,"name":"Produtos","item":"https:\/\/selariarosario.com.br\/atacado\/produtos\/"},{"@type":"ListItem","position":3,"name":"Raspadeira de madeira serrilhada"}]}]}},"_links":{"self":[{"href":"https:\/\/selariarosario.com.br\/atacado\/wp-json\/wp\/v2\/product\/1928"}],"collection":[{"href":"https:\/\/selariarosario.com.br\/atacado\/wp-json\/wp\/v2\/product"}],"about":[{"href":"https:\/\/selariarosario.com.br\/atacado\/wp-json\/wp\/v2\/types\/product"}],"wp:featuredmedia":[{"embeddable":true,"href":"https:\/\/selariarosario.com.br\/atacado\/wp-json\/wp\/v2\/media\/1547"}],"wp:attachment":[{"href":"https:\/\/selariarosario.com.br\/atacado\/wp-json\/wp\/v2\/media?parent=1928"}],"wp:term":[{"taxonomy":"product_cat","embeddable":true,"href":"https:\/\/selariarosario.com.br\/atacado\/wp-json\/wp\/v2\/product_cat?post=1928"},{"taxonomy":"product_tag","embeddable":true,"href":"https:\/\/selariarosario.com.br\/atacado\/wp-json\/wp\/v2\/product_tag?post=1928"}],"curies":[{"name":"wp","href":"https:\/\/api.w.org\/{rel}","templated":true}]}}