{"id":1930,"date":"2024-01-18T12:04:54","date_gmt":"2024-01-18T15:04:54","guid":{"rendered":"https:\/\/selariarosario.com.br\/atacado\/?post_type=product&#038;p=1930"},"modified":"2024-01-18T12:04:58","modified_gmt":"2024-01-18T15:04:58","slug":"escova-massageadora-sr","status":"publish","type":"product","link":"https:\/\/selariarosario.com.br\/atacado\/produto\/escova-massageadora-sr\/","title":{"rendered":"Escova massageadora SR"},"content":{"rendered":"<p>Escova massageadora SR<\/p>\n<p>Escova massageadora SR para cavalo \u00e9 uma ferramenta de cuidado e higiene para os animais. Possui uma base de borracha flex\u00edvel com cerdas macias, que proporcionam uma massagem suave na pele do cavalo.<\/p>\n<p>Esta escova massageadora ajuda a estimular a circula\u00e7\u00e3o sangu\u00ednea, aliviar tens\u00f5es musculares e relaxar o animal. Al\u00e9m disso, ela tamb\u00e9m remove sujeiras e pelos soltos, auxiliando na limpeza e no brilho da pelagem.<\/p>\n<p>A escova de borracha massageadora pode usar tanto durante a escova\u00e7\u00e3o di\u00e1ria quanto como uma forma de relaxamento e cuidado especial para o cavalo. \u00c9 uma \u00f3tima op\u00e7\u00e3o para animais sens\u00edveis ou que n\u00e3o gostam de escovas com cerdas mais r\u00edgidas.<\/p>\n<p>Para usar a escova massageadora, basta fazer movimentos circulares na dire\u00e7\u00e3o do pelo do cavalo, aplicando press\u00e3o suave. \u00c9 importante observar a rea\u00e7\u00e3o do animal e ajustar a intensidade da massagem de acordo com a sua prefer\u00eancia.<\/p>\n<p>\u00c9 sempre recomendado consultar um profissional veterin\u00e1rio ou especialista em equinos para orienta\u00e7\u00f5es mais espec\u00edficas sobre o uso desta escova e outras pr\u00e1ticas de cuidados com o cavalo.<\/p>\n<div data-hveid=\"CBkQAQ\">\n<div class=\"dnXCYb\" tabindex=\"0\" role=\"button\" aria-controls=\"_On5KZd2zGq6a1sQP8_uV6AI_35\" aria-expanded=\"true\">\n<div class=\"JlqpRe\"><span class=\"JCzEY ZwRhJd\"><span class=\"CSkcDe\">Como escovar o pelo do seu cavalo?<\/span><\/span><\/div>\n<div class=\"L3Ezfd\" data-ved=\"2ahUKEwjduNzkvrKCAxUujZUCHfN9BS0Quk56BAgZEAI\"><\/div>\n<\/div>\n<\/div>\n<div id=\"_On5KZd2zGq6a1sQP8_uV6AI_35\" class=\"bCOlv\" data-ved=\"2ahUKEwjduNzkvrKCAxUujZUCHfN9BS0Q7NUEegQIGRAE\">\n<div class=\"IZE3Td\">\n<div class=\"t0bRye r2fjmd\" data-hveid=\"CBkQBQ\" data-ved=\"2ahUKEwjduNzkvrKCAxUujZUCHfN9BS0Qu04oAHoECBkQBQ\">\n<div id=\"On5KZd2zGq6a1sQP8_uV6AI__18\">\n<div class=\"wDYxhc\" data-md=\"61\">\n<div class=\"LGOjhe\" role=\"heading\" data-attrid=\"wa:\/description\" aria-level=\"3\" data-hveid=\"CBQQAA\"><span class=\"ILfuVd\" lang=\"pt\"><span class=\"hgKElc\">Escove o cavalo, preferencialmente, todos os dias, <b>passando-se a escova na cauda, na crina e na cabe\u00e7a, sempre na dire\u00e7\u00e3o dos pelos<\/b>. Al\u00e9m de aproximar ainda mais o homem do cavalo, \u00e9 o que faz o pelo se manter sempre com brilho. Este manejo de higiene di\u00e1ria \u00e9 em animais que vivem estabulados.<\/span><\/span><\/div>\n<\/div>\n<\/div>\n<\/div>\n<\/div>\n<\/div>\n","protected":false},"excerpt":{"rendered":"<p>Escova massageadora SR Escova massageadora SR para cavalo \u00e9 uma ferramenta de cuidado e higiene para os animais. Possui uma base de borracha flex\u00edvel com cerdas macias, que proporcionam uma massagem suave na pele do cavalo. Esta escova massageadora ajuda a estimular a circula\u00e7\u00e3o sangu\u00ednea, aliviar tens\u00f5es musculares e relaxar o animal. Al\u00e9m disso, ela [&hellip;]<\/p>\n","protected":false},"featured_media":1549,"template":"","meta":[],"product_cat":[35,51,55],"product_tag":[],"yoast_head":"<!-- This site is optimized with the Yoast SEO plugin v16.7 - https:\/\/yoast.com\/wordpress\/plugins\/seo\/ -->\n<title>Escova massageadora SR<\/title>\n<meta name=\"description\" content=\"Escova massageadora SR \u00e9 uma ferramenta de cuidado e higiene para os animais. Possui uma base de borracha flex\u00edvel com cerdas macias.\" \/>\n<meta name=\"robots\" content=\"index, follow, max-snippet:-1, max-image-preview:large, max-video-preview:-1\" \/>\n<link rel=\"canonical\" href=\"https:\/\/selariarosario.com.br\/atacado\/produto\/escova-massageadora-sr\/\" \/>\n<meta property=\"og:locale\" content=\"pt_BR\" \/>\n<meta property=\"og:type\" content=\"article\" \/>\n<meta property=\"og:title\" content=\"Escova massageadora SR\" \/>\n<meta property=\"og:description\" content=\"Escova massageadora SR \u00e9 uma ferramenta de cuidado e higiene para os animais. Possui uma base de borracha flex\u00edvel com cerdas macias.\" \/>\n<meta property=\"og:url\" content=\"https:\/\/selariarosario.com.br\/atacado\/produto\/escova-massageadora-sr\/\" \/>\n<meta property=\"og:site_name\" content=\"Selaria Rosario\" \/>\n<meta property=\"article:modified_time\" content=\"2024-01-18T15:04:58+00:00\" \/>\n<meta name=\"twitter:card\" content=\"summary_large_image\" \/>\n<meta name=\"twitter:label1\" content=\"Est. tempo de leitura\" \/>\n\t<meta name=\"twitter:data1\" content=\"2 minutos\" \/>\n<script type=\"application\/ld+json\" class=\"yoast-schema-graph\">{\"@context\":\"https:\/\/schema.org\",\"@graph\":[{\"@type\":\"WebSite\",\"@id\":\"https:\/\/selariarosario.com.br\/atacado\/#website\",\"url\":\"https:\/\/selariarosario.com.br\/atacado\/\",\"name\":\"Selaria Rosario\",\"description\":\"\",\"potentialAction\":[{\"@type\":\"SearchAction\",\"target\":{\"@type\":\"EntryPoint\",\"urlTemplate\":\"https:\/\/selariarosario.com.br\/atacado\/?s={search_term_string}\"},\"query-input\":\"required name=search_term_string\"}],\"inLanguage\":\"pt-BR\"},{\"@type\":\"ImageObject\",\"@id\":\"https:\/\/selariarosario.com.br\/atacado\/produto\/escova-massageadora-sr\/#primaryimage\",\"inLanguage\":\"pt-BR\",\"url\":\"https:\/\/selariarosario.com.br\/atacado\/wp-content\/uploads\/2024\/01\/ESCOVA-MASSAGEADORA-EM1100.jpg\",\"contentUrl\":\"https:\/\/selariarosario.com.br\/atacado\/wp-content\/uploads\/2024\/01\/ESCOVA-MASSAGEADORA-EM1100.jpg\",\"width\":1200,\"height\":1200},{\"@type\":\"WebPage\",\"@id\":\"https:\/\/selariarosario.com.br\/atacado\/produto\/escova-massageadora-sr\/#webpage\",\"url\":\"https:\/\/selariarosario.com.br\/atacado\/produto\/escova-massageadora-sr\/\",\"name\":\"Escova massageadora SR\",\"isPartOf\":{\"@id\":\"https:\/\/selariarosario.com.br\/atacado\/#website\"},\"primaryImageOfPage\":{\"@id\":\"https:\/\/selariarosario.com.br\/atacado\/produto\/escova-massageadora-sr\/#primaryimage\"},\"datePublished\":\"2024-01-18T15:04:54+00:00\",\"dateModified\":\"2024-01-18T15:04:58+00:00\",\"description\":\"Escova massageadora SR \\u00e9 uma ferramenta de cuidado e higiene para os animais. Possui uma base de borracha flex\\u00edvel com cerdas macias.\",\"breadcrumb\":{\"@id\":\"https:\/\/selariarosario.com.br\/atacado\/produto\/escova-massageadora-sr\/#breadcrumb\"},\"inLanguage\":\"pt-BR\",\"potentialAction\":[{\"@type\":\"ReadAction\",\"target\":[\"https:\/\/selariarosario.com.br\/atacado\/produto\/escova-massageadora-sr\/\"]}]},{\"@type\":\"BreadcrumbList\",\"@id\":\"https:\/\/selariarosario.com.br\/atacado\/produto\/escova-massageadora-sr\/#breadcrumb\",\"itemListElement\":[{\"@type\":\"ListItem\",\"position\":1,\"name\":\"In\\u00edcio\",\"item\":\"https:\/\/selariarosario.com.br\/atacado\/\"},{\"@type\":\"ListItem\",\"position\":2,\"name\":\"Produtos\",\"item\":\"https:\/\/selariarosario.com.br\/atacado\/produtos\/\"},{\"@type\":\"ListItem\",\"position\":3,\"name\":\"Escova massageadora SR\"}]}]}<\/script>\n<!-- \/ Yoast SEO plugin. -->","yoast_head_json":{"title":"Escova massageadora SR","description":"Escova massageadora SR \u00e9 uma ferramenta de cuidado e higiene para os animais. Possui uma base de borracha flex\u00edvel com cerdas macias.","robots":{"index":"index","follow":"follow","max-snippet":"max-snippet:-1","max-image-preview":"max-image-preview:large","max-video-preview":"max-video-preview:-1"},"canonical":"https:\/\/selariarosario.com.br\/atacado\/produto\/escova-massageadora-sr\/","og_locale":"pt_BR","og_type":"article","og_title":"Escova massageadora SR","og_description":"Escova massageadora SR \u00e9 uma ferramenta de cuidado e higiene para os animais. Possui uma base de borracha flex\u00edvel com cerdas macias.","og_url":"https:\/\/selariarosario.com.br\/atacado\/produto\/escova-massageadora-sr\/","og_site_name":"Selaria Rosario","article_modified_time":"2024-01-18T15:04:58+00:00","twitter_card":"summary_large_image","twitter_misc":{"Est. tempo de leitura":"2 minutos"},"schema":{"@context":"https:\/\/schema.org","@graph":[{"@type":"WebSite","@id":"https:\/\/selariarosario.com.br\/atacado\/#website","url":"https:\/\/selariarosario.com.br\/atacado\/","name":"Selaria Rosario","description":"","potentialAction":[{"@type":"SearchAction","target":{"@type":"EntryPoint","urlTemplate":"https:\/\/selariarosario.com.br\/atacado\/?s={search_term_string}"},"query-input":"required name=search_term_string"}],"inLanguage":"pt-BR"},{"@type":"ImageObject","@id":"https:\/\/selariarosario.com.br\/atacado\/produto\/escova-massageadora-sr\/#primaryimage","inLanguage":"pt-BR","url":"https:\/\/selariarosario.com.br\/atacado\/wp-content\/uploads\/2024\/01\/ESCOVA-MASSAGEADORA-EM1100.jpg","contentUrl":"https:\/\/selariarosario.com.br\/atacado\/wp-content\/uploads\/2024\/01\/ESCOVA-MASSAGEADORA-EM1100.jpg","width":1200,"height":1200},{"@type":"WebPage","@id":"https:\/\/selariarosario.com.br\/atacado\/produto\/escova-massageadora-sr\/#webpage","url":"https:\/\/selariarosario.com.br\/atacado\/produto\/escova-massageadora-sr\/","name":"Escova massageadora SR","isPartOf":{"@id":"https:\/\/selariarosario.com.br\/atacado\/#website"},"primaryImageOfPage":{"@id":"https:\/\/selariarosario.com.br\/atacado\/produto\/escova-massageadora-sr\/#primaryimage"},"datePublished":"2024-01-18T15:04:54+00:00","dateModified":"2024-01-18T15:04:58+00:00","description":"Escova massageadora SR \u00e9 uma ferramenta de cuidado e higiene para os animais. Possui uma base de borracha flex\u00edvel com cerdas macias.","breadcrumb":{"@id":"https:\/\/selariarosario.com.br\/atacado\/produto\/escova-massageadora-sr\/#breadcrumb"},"inLanguage":"pt-BR","potentialAction":[{"@type":"ReadAction","target":["https:\/\/selariarosario.com.br\/atacado\/produto\/escova-massageadora-sr\/"]}]},{"@type":"BreadcrumbList","@id":"https:\/\/selariarosario.com.br\/atacado\/produto\/escova-massageadora-sr\/#breadcrumb","itemListElement":[{"@type":"ListItem","position":1,"name":"In\u00edcio","item":"https:\/\/selariarosario.com.br\/atacado\/"},{"@type":"ListItem","position":2,"name":"Produtos","item":"https:\/\/selariarosario.com.br\/atacado\/produtos\/"},{"@type":"ListItem","position":3,"name":"Escova massageadora SR"}]}]}},"_links":{"self":[{"href":"https:\/\/selariarosario.com.br\/atacado\/wp-json\/wp\/v2\/product\/1930"}],"collection":[{"href":"https:\/\/selariarosario.com.br\/atacado\/wp-json\/wp\/v2\/product"}],"about":[{"href":"https:\/\/selariarosario.com.br\/atacado\/wp-json\/wp\/v2\/types\/product"}],"wp:featuredmedia":[{"embeddable":true,"href":"https:\/\/selariarosario.com.br\/atacado\/wp-json\/wp\/v2\/media\/1549"}],"wp:attachment":[{"href":"https:\/\/selariarosario.com.br\/atacado\/wp-json\/wp\/v2\/media?parent=1930"}],"wp:term":[{"taxonomy":"product_cat","embeddable":true,"href":"https:\/\/selariarosario.com.br\/atacado\/wp-json\/wp\/v2\/product_cat?post=1930"},{"taxonomy":"product_tag","embeddable":true,"href":"https:\/\/selariarosario.com.br\/atacado\/wp-json\/wp\/v2\/product_tag?post=1930"}],"curies":[{"name":"wp","href":"https:\/\/api.w.org\/{rel}","templated":true}]}}