{"id":1931,"date":"2024-01-18T12:04:54","date_gmt":"2024-01-18T15:04:54","guid":{"rendered":"https:\/\/selariarosario.com.br\/atacado\/?post_type=product&#038;p=1931"},"modified":"2024-01-18T12:04:58","modified_gmt":"2024-01-18T15:04:58","slug":"escovao-p-animal-sr-2","status":"publish","type":"product","link":"https:\/\/selariarosario.com.br\/atacado\/produto\/escovao-p-animal-sr-2\/","title":{"rendered":"Escov\u00e3o p animal SR"},"content":{"rendered":"<p>Escov\u00e3o p animal SR<\/p>\n<p>Escov\u00e3o p animal SR :Escov\u00e3o com cabo de madeira e cerdas de nylon<\/p>\n<p>O escov\u00e3o para animais \u00e9 uma ferramenta usada para pentear e desembara\u00e7ar os pelos do animal, pois geralmente, possui cerdas de nylon ou cerdas de metal que ajudam a remover os pelos soltos e emaranhados. Existem diferentes tipos de escov\u00f5es para animais, como escovas de cerdas macias para animais de pelo curto, escovas com cerdas mais firmes para animais de pelo longo, e tamb\u00e9m escov\u00f5es tipo luvas, que permitem pentear o animal enquanto acaricia. \u00c9 importante escolher o escov\u00e3o ideal para o tipo de pelo do animal e utilizar com cuidado para n\u00e3o machucar a pele.<\/p>\n<p>\u00c9 sempre recomendado consultar um profissional veterin\u00e1rio ou especialista em equinos para orienta\u00e7\u00f5es mais espec\u00edficas sobre o uso desta escova e outras pr\u00e1ticas de cuidados com o cavalo.<\/p>\n<div data-hveid=\"CBkQAQ\">\n<div class=\"dnXCYb\" tabindex=\"0\" role=\"button\" aria-controls=\"_On5KZd2zGq6a1sQP8_uV6AI_35\" aria-expanded=\"true\">\n<div class=\"JlqpRe\"><span class=\"JCzEY ZwRhJd\"><span class=\"CSkcDe\">Como escovar o pelo do seu cavalo?<\/span><\/span><\/div>\n<div class=\"L3Ezfd\" data-ved=\"2ahUKEwjduNzkvrKCAxUujZUCHfN9BS0Quk56BAgZEAI\"><\/div>\n<\/div>\n<\/div>\n<div id=\"_On5KZd2zGq6a1sQP8_uV6AI_35\" class=\"bCOlv\" data-ved=\"2ahUKEwjduNzkvrKCAxUujZUCHfN9BS0Q7NUEegQIGRAE\">\n<div class=\"IZE3Td\">\n<div class=\"t0bRye r2fjmd\" data-hveid=\"CBkQBQ\" data-ved=\"2ahUKEwjduNzkvrKCAxUujZUCHfN9BS0Qu04oAHoECBkQBQ\">\n<div id=\"On5KZd2zGq6a1sQP8_uV6AI__18\">\n<div class=\"wDYxhc\" data-md=\"61\">\n<div class=\"LGOjhe\" role=\"heading\" data-attrid=\"wa:\/description\" aria-level=\"3\" data-hveid=\"CBQQAA\"><span class=\"ILfuVd\" lang=\"pt\"><span class=\"hgKElc\">Escove o cavalo, preferencialmente, todos os dias, <b>passando-se a escova na cauda, na crina e na cabe\u00e7a, sempre na dire\u00e7\u00e3o dos pelos<\/b>. Al\u00e9m de aproximar ainda mais o homem do cavalo, \u00e9 o que faz o pelo se manter sempre com brilho. Este manejo de higiene di\u00e1ria \u00e9 em animais que vivem estabulados.<\/span><\/span><\/div>\n<\/div>\n<\/div>\n<\/div>\n<\/div>\n<\/div>\n","protected":false},"excerpt":{"rendered":"<p>Escov\u00e3o com cabo de madeira e cerdas de nylon<\/p>\n","protected":false},"featured_media":1550,"template":"","meta":[],"product_cat":[35,51,55],"product_tag":[],"yoast_head":"<!-- This site is optimized with the Yoast SEO plugin v16.7 - https:\/\/yoast.com\/wordpress\/plugins\/seo\/ -->\n<title>Escov\u00e3o p animal SR<\/title>\n<meta name=\"description\" content=\"Escov\u00e3o p animal SR \u00e9 uma ferramenta usada para pentear e desembara\u00e7ar os pelos do animal, pois geralmente, possui cerdas que ajudam a remover pelos.\" \/>\n<meta name=\"robots\" content=\"index, follow, max-snippet:-1, max-image-preview:large, max-video-preview:-1\" \/>\n<link rel=\"canonical\" href=\"https:\/\/selariarosario.com.br\/atacado\/produto\/escovao-p-animal-sr-2\/\" \/>\n<meta property=\"og:locale\" content=\"pt_BR\" \/>\n<meta property=\"og:type\" content=\"article\" \/>\n<meta property=\"og:title\" content=\"Escov\u00e3o p animal SR\" \/>\n<meta property=\"og:description\" content=\"Escov\u00e3o p animal SR \u00e9 uma ferramenta usada para pentear e desembara\u00e7ar os pelos do animal, pois geralmente, possui cerdas que ajudam a remover pelos.\" \/>\n<meta property=\"og:url\" content=\"https:\/\/selariarosario.com.br\/atacado\/produto\/escovao-p-animal-sr-2\/\" \/>\n<meta property=\"og:site_name\" content=\"Selaria Rosario\" \/>\n<meta property=\"article:modified_time\" content=\"2024-01-18T15:04:58+00:00\" \/>\n<meta name=\"twitter:card\" content=\"summary_large_image\" \/>\n<meta name=\"twitter:label1\" content=\"Est. tempo de leitura\" \/>\n\t<meta name=\"twitter:data1\" content=\"2 minutos\" \/>\n<script type=\"application\/ld+json\" class=\"yoast-schema-graph\">{\"@context\":\"https:\/\/schema.org\",\"@graph\":[{\"@type\":\"WebSite\",\"@id\":\"https:\/\/selariarosario.com.br\/atacado\/#website\",\"url\":\"https:\/\/selariarosario.com.br\/atacado\/\",\"name\":\"Selaria Rosario\",\"description\":\"\",\"potentialAction\":[{\"@type\":\"SearchAction\",\"target\":{\"@type\":\"EntryPoint\",\"urlTemplate\":\"https:\/\/selariarosario.com.br\/atacado\/?s={search_term_string}\"},\"query-input\":\"required name=search_term_string\"}],\"inLanguage\":\"pt-BR\"},{\"@type\":\"ImageObject\",\"@id\":\"https:\/\/selariarosario.com.br\/atacado\/produto\/escovao-p-animal-sr-2\/#primaryimage\",\"inLanguage\":\"pt-BR\",\"url\":\"https:\/\/selariarosario.com.br\/atacado\/wp-content\/uploads\/2024\/01\/ESCOVA-ZM.jpg\",\"contentUrl\":\"https:\/\/selariarosario.com.br\/atacado\/wp-content\/uploads\/2024\/01\/ESCOVA-ZM.jpg\",\"width\":1200,\"height\":1200},{\"@type\":\"WebPage\",\"@id\":\"https:\/\/selariarosario.com.br\/atacado\/produto\/escovao-p-animal-sr-2\/#webpage\",\"url\":\"https:\/\/selariarosario.com.br\/atacado\/produto\/escovao-p-animal-sr-2\/\",\"name\":\"Escov\\u00e3o p animal SR\",\"isPartOf\":{\"@id\":\"https:\/\/selariarosario.com.br\/atacado\/#website\"},\"primaryImageOfPage\":{\"@id\":\"https:\/\/selariarosario.com.br\/atacado\/produto\/escovao-p-animal-sr-2\/#primaryimage\"},\"datePublished\":\"2024-01-18T15:04:54+00:00\",\"dateModified\":\"2024-01-18T15:04:58+00:00\",\"description\":\"Escov\\u00e3o p animal SR \\u00e9 uma ferramenta usada para pentear e desembara\\u00e7ar os pelos do animal, pois geralmente, possui cerdas que ajudam a remover pelos.\",\"breadcrumb\":{\"@id\":\"https:\/\/selariarosario.com.br\/atacado\/produto\/escovao-p-animal-sr-2\/#breadcrumb\"},\"inLanguage\":\"pt-BR\",\"potentialAction\":[{\"@type\":\"ReadAction\",\"target\":[\"https:\/\/selariarosario.com.br\/atacado\/produto\/escovao-p-animal-sr-2\/\"]}]},{\"@type\":\"BreadcrumbList\",\"@id\":\"https:\/\/selariarosario.com.br\/atacado\/produto\/escovao-p-animal-sr-2\/#breadcrumb\",\"itemListElement\":[{\"@type\":\"ListItem\",\"position\":1,\"name\":\"In\\u00edcio\",\"item\":\"https:\/\/selariarosario.com.br\/atacado\/\"},{\"@type\":\"ListItem\",\"position\":2,\"name\":\"Produtos\",\"item\":\"https:\/\/selariarosario.com.br\/atacado\/produtos\/\"},{\"@type\":\"ListItem\",\"position\":3,\"name\":\"Escov\\u00e3o p animal SR\"}]}]}<\/script>\n<!-- \/ Yoast SEO plugin. -->","yoast_head_json":{"title":"Escov\u00e3o p animal SR","description":"Escov\u00e3o p animal SR \u00e9 uma ferramenta usada para pentear e desembara\u00e7ar os pelos do animal, pois geralmente, possui cerdas que ajudam a remover pelos.","robots":{"index":"index","follow":"follow","max-snippet":"max-snippet:-1","max-image-preview":"max-image-preview:large","max-video-preview":"max-video-preview:-1"},"canonical":"https:\/\/selariarosario.com.br\/atacado\/produto\/escovao-p-animal-sr-2\/","og_locale":"pt_BR","og_type":"article","og_title":"Escov\u00e3o p animal SR","og_description":"Escov\u00e3o p animal SR \u00e9 uma ferramenta usada para pentear e desembara\u00e7ar os pelos do animal, pois geralmente, possui cerdas que ajudam a remover pelos.","og_url":"https:\/\/selariarosario.com.br\/atacado\/produto\/escovao-p-animal-sr-2\/","og_site_name":"Selaria Rosario","article_modified_time":"2024-01-18T15:04:58+00:00","twitter_card":"summary_large_image","twitter_misc":{"Est. tempo de leitura":"2 minutos"},"schema":{"@context":"https:\/\/schema.org","@graph":[{"@type":"WebSite","@id":"https:\/\/selariarosario.com.br\/atacado\/#website","url":"https:\/\/selariarosario.com.br\/atacado\/","name":"Selaria Rosario","description":"","potentialAction":[{"@type":"SearchAction","target":{"@type":"EntryPoint","urlTemplate":"https:\/\/selariarosario.com.br\/atacado\/?s={search_term_string}"},"query-input":"required name=search_term_string"}],"inLanguage":"pt-BR"},{"@type":"ImageObject","@id":"https:\/\/selariarosario.com.br\/atacado\/produto\/escovao-p-animal-sr-2\/#primaryimage","inLanguage":"pt-BR","url":"https:\/\/selariarosario.com.br\/atacado\/wp-content\/uploads\/2024\/01\/ESCOVA-ZM.jpg","contentUrl":"https:\/\/selariarosario.com.br\/atacado\/wp-content\/uploads\/2024\/01\/ESCOVA-ZM.jpg","width":1200,"height":1200},{"@type":"WebPage","@id":"https:\/\/selariarosario.com.br\/atacado\/produto\/escovao-p-animal-sr-2\/#webpage","url":"https:\/\/selariarosario.com.br\/atacado\/produto\/escovao-p-animal-sr-2\/","name":"Escov\u00e3o p animal SR","isPartOf":{"@id":"https:\/\/selariarosario.com.br\/atacado\/#website"},"primaryImageOfPage":{"@id":"https:\/\/selariarosario.com.br\/atacado\/produto\/escovao-p-animal-sr-2\/#primaryimage"},"datePublished":"2024-01-18T15:04:54+00:00","dateModified":"2024-01-18T15:04:58+00:00","description":"Escov\u00e3o p animal SR \u00e9 uma ferramenta usada para pentear e desembara\u00e7ar os pelos do animal, pois geralmente, possui cerdas que ajudam a remover pelos.","breadcrumb":{"@id":"https:\/\/selariarosario.com.br\/atacado\/produto\/escovao-p-animal-sr-2\/#breadcrumb"},"inLanguage":"pt-BR","potentialAction":[{"@type":"ReadAction","target":["https:\/\/selariarosario.com.br\/atacado\/produto\/escovao-p-animal-sr-2\/"]}]},{"@type":"BreadcrumbList","@id":"https:\/\/selariarosario.com.br\/atacado\/produto\/escovao-p-animal-sr-2\/#breadcrumb","itemListElement":[{"@type":"ListItem","position":1,"name":"In\u00edcio","item":"https:\/\/selariarosario.com.br\/atacado\/"},{"@type":"ListItem","position":2,"name":"Produtos","item":"https:\/\/selariarosario.com.br\/atacado\/produtos\/"},{"@type":"ListItem","position":3,"name":"Escov\u00e3o p animal SR"}]}]}},"_links":{"self":[{"href":"https:\/\/selariarosario.com.br\/atacado\/wp-json\/wp\/v2\/product\/1931"}],"collection":[{"href":"https:\/\/selariarosario.com.br\/atacado\/wp-json\/wp\/v2\/product"}],"about":[{"href":"https:\/\/selariarosario.com.br\/atacado\/wp-json\/wp\/v2\/types\/product"}],"wp:featuredmedia":[{"embeddable":true,"href":"https:\/\/selariarosario.com.br\/atacado\/wp-json\/wp\/v2\/media\/1550"}],"wp:attachment":[{"href":"https:\/\/selariarosario.com.br\/atacado\/wp-json\/wp\/v2\/media?parent=1931"}],"wp:term":[{"taxonomy":"product_cat","embeddable":true,"href":"https:\/\/selariarosario.com.br\/atacado\/wp-json\/wp\/v2\/product_cat?post=1931"},{"taxonomy":"product_tag","embeddable":true,"href":"https:\/\/selariarosario.com.br\/atacado\/wp-json\/wp\/v2\/product_tag?post=1931"}],"curies":[{"name":"wp","href":"https:\/\/api.w.org\/{rel}","templated":true}]}}