{"id":1939,"date":"2024-01-18T12:04:55","date_gmt":"2024-01-18T15:04:55","guid":{"rendered":"https:\/\/selariarosario.com.br\/atacado\/?post_type=product&#038;p=1939"},"modified":"2024-01-18T12:05:00","modified_gmt":"2024-01-18T15:05:00","slug":"redea-de-couro-de-bode-sr-2","status":"publish","type":"product","link":"https:\/\/selariarosario.com.br\/atacado\/produto\/redea-de-couro-de-bode-sr-2\/","title":{"rendered":"R\u00e9dea de Couro de bode SR"},"content":{"rendered":"<p>R\u00c9DEA DE COURO DE BODE SR<\/p>\n<p>R\u00c9DEA DE COURO DE BODE SR\u00a0confeccionada em couro de bode torcido e argolas de inox<\/p>\n<p>A r\u00e9dea \u00e9 um instrumento essencial para o controle e comunica\u00e7\u00e3o entre o cavalo e o cavaleiro. Ela \u00e9 uma tira de couro ou material similar que se prende nas embocaduras da cabe\u00e7ada do cavalo. A r\u00e9dea permite ao cavaleiro guiar , direcionar o cavalo ,al\u00e9m de exercer controle sobre seus movimentos.<\/p>\n<p>Al\u00e9m disso, a r\u00e9dea tamb\u00e9m serve para transmitir comandos espec\u00edficos ao cavalo atrav\u00e9s de diferentes press\u00f5es e movimentos. Dependendo da maneira como usa a r\u00e9dea , o cavaleiro pode solicitar ao cavalo que pare, acelere, se curve, mude de dire\u00e7\u00e3o ou execute outros movimentos desejados.<\/p>\n<p>A r\u00e9dea \u00e9 uma ferramenta fundamental na equita\u00e7\u00e3o, permitindo um controle preciso e seguro do cavalo durante treinamentos, cavalgadas, competi\u00e7\u00f5es e outras atividades. Pois Ela garante tamb\u00e9m a seguran\u00e7a tanto do cavaleiro quanto do cavalo, permitindo uma melhor comunica\u00e7\u00e3o e colabora\u00e7\u00e3o entre os dois.<\/p>\n<div data-hveid=\"CBkQAQ\">\n<div class=\"dnXCYb\" tabindex=\"0\" role=\"button\" aria-controls=\"_UtkmZfusAfKu1sQPgsSK8Ag_39\" aria-expanded=\"true\">\n<div class=\"JlqpRe\"><span class=\"JCzEY ZwRhJd\"><span class=\"CSkcDe\">Como usar as r\u00e9deas?<\/span><\/span><\/div>\n<div class=\"L3Ezfd\" data-ved=\"2ahUKEwj7na_MwO6BAxVyl5UCHQKiAo4Quk56BAgZEAI\"><\/div>\n<\/div>\n<\/div>\n<div id=\"_UtkmZfusAfKu1sQPgsSK8Ag_39\" class=\"bCOlv\" data-ved=\"2ahUKEwj7na_MwO6BAxVyl5UCHQKiAo4Q7NUEegQIGRAE\">\n<div class=\"IZE3Td\">\n<div class=\"t0bRye r2fjmd\" data-hveid=\"CBkQBQ\" data-ved=\"2ahUKEwj7na_MwO6BAxVyl5UCHQKiAo4Qu04oAHoECBkQBQ\">\n<div id=\"UtkmZfusAfKu1sQPgsSK8Ag__12\">\n<div class=\"wDYxhc\" data-md=\"61\">\n<div class=\"LGOjhe\" role=\"heading\" data-attrid=\"wa:\/description\" aria-level=\"3\" data-hveid=\"CBMQAA\"><span class=\"ILfuVd\" lang=\"pt\"><span class=\"hgKElc\"><b>As r\u00e9deas dever\u00e3o ser posicionadas nas palmas de suas m\u00e3os, de maneira que seu ded\u00e3o fique por cima<\/b>. Por isso h\u00e1 duas formas consideradas corretas de posicionar o seu dedinho, sendo uma sob o excesso da r\u00e9dea em ambos os lados ou no entorno da mesma, mantendo seu punho fechado.<\/span><\/span><\/div>\n<\/div>\n<\/div>\n<\/div>\n<\/div>\n<\/div>\n<p>Op\u00e7\u00f5es de cores: preta, vermelha, marrom e pintada<\/p>\n","protected":false},"excerpt":{"rendered":"<p>R\u00e9dea confeccionada em couro de bode torcido.<\/p>\n","protected":false},"featured_media":1561,"template":"","meta":[],"product_cat":[35,51,59],"product_tag":[],"yoast_head":"<!-- This site is optimized with the Yoast SEO plugin v16.7 - https:\/\/yoast.com\/wordpress\/plugins\/seo\/ -->\n<title>R\u00c9DEA DE COURO DE BODE SR<\/title>\n<meta name=\"description\" content=\"R\u00c9DEA DE COURO DE BODE SR \u00e9 um instrumento essencial para o controle e comunica\u00e7\u00e3o entre o cavalo e o cavaleiro. Ela tamb\u00e9m serve para transmitir comandos\" \/>\n<meta name=\"robots\" content=\"index, follow, max-snippet:-1, max-image-preview:large, max-video-preview:-1\" \/>\n<link rel=\"canonical\" href=\"https:\/\/selariarosario.com.br\/atacado\/produto\/redea-de-couro-de-bode-sr-2\/\" \/>\n<meta property=\"og:locale\" content=\"pt_BR\" \/>\n<meta property=\"og:type\" content=\"article\" \/>\n<meta property=\"og:title\" content=\"R\u00c9DEA DE COURO DE BODE SR\" \/>\n<meta property=\"og:description\" content=\"R\u00c9DEA DE COURO DE BODE SR \u00e9 um instrumento essencial para o controle e comunica\u00e7\u00e3o entre o cavalo e o cavaleiro. Ela tamb\u00e9m serve para transmitir comandos\" \/>\n<meta property=\"og:url\" content=\"https:\/\/selariarosario.com.br\/atacado\/produto\/redea-de-couro-de-bode-sr-2\/\" \/>\n<meta property=\"og:site_name\" content=\"Selaria Rosario\" \/>\n<meta property=\"article:modified_time\" content=\"2024-01-18T15:05:00+00:00\" \/>\n<meta name=\"twitter:card\" content=\"summary_large_image\" \/>\n<meta name=\"twitter:label1\" content=\"Est. tempo de leitura\" \/>\n\t<meta name=\"twitter:data1\" content=\"2 minutos\" \/>\n<script type=\"application\/ld+json\" class=\"yoast-schema-graph\">{\"@context\":\"https:\/\/schema.org\",\"@graph\":[{\"@type\":\"WebSite\",\"@id\":\"https:\/\/selariarosario.com.br\/atacado\/#website\",\"url\":\"https:\/\/selariarosario.com.br\/atacado\/\",\"name\":\"Selaria Rosario\",\"description\":\"\",\"potentialAction\":[{\"@type\":\"SearchAction\",\"target\":{\"@type\":\"EntryPoint\",\"urlTemplate\":\"https:\/\/selariarosario.com.br\/atacado\/?s={search_term_string}\"},\"query-input\":\"required name=search_term_string\"}],\"inLanguage\":\"pt-BR\"},{\"@type\":\"ImageObject\",\"@id\":\"https:\/\/selariarosario.com.br\/atacado\/produto\/redea-de-couro-de-bode-sr-2\/#primaryimage\",\"inLanguage\":\"pt-BR\",\"url\":\"https:\/\/selariarosario.com.br\/atacado\/wp-content\/uploads\/2024\/01\/REDEA-DE-COURO-DE-BODE.jpg\",\"contentUrl\":\"https:\/\/selariarosario.com.br\/atacado\/wp-content\/uploads\/2024\/01\/REDEA-DE-COURO-DE-BODE.jpg\",\"width\":1200,\"height\":1200},{\"@type\":\"WebPage\",\"@id\":\"https:\/\/selariarosario.com.br\/atacado\/produto\/redea-de-couro-de-bode-sr-2\/#webpage\",\"url\":\"https:\/\/selariarosario.com.br\/atacado\/produto\/redea-de-couro-de-bode-sr-2\/\",\"name\":\"R\\u00c9DEA DE COURO DE BODE SR\",\"isPartOf\":{\"@id\":\"https:\/\/selariarosario.com.br\/atacado\/#website\"},\"primaryImageOfPage\":{\"@id\":\"https:\/\/selariarosario.com.br\/atacado\/produto\/redea-de-couro-de-bode-sr-2\/#primaryimage\"},\"datePublished\":\"2024-01-18T15:04:55+00:00\",\"dateModified\":\"2024-01-18T15:05:00+00:00\",\"description\":\"R\\u00c9DEA DE COURO DE BODE SR \\u00e9 um instrumento essencial para o controle e comunica\\u00e7\\u00e3o entre o cavalo e o cavaleiro. Ela tamb\\u00e9m serve para transmitir comandos\",\"breadcrumb\":{\"@id\":\"https:\/\/selariarosario.com.br\/atacado\/produto\/redea-de-couro-de-bode-sr-2\/#breadcrumb\"},\"inLanguage\":\"pt-BR\",\"potentialAction\":[{\"@type\":\"ReadAction\",\"target\":[\"https:\/\/selariarosario.com.br\/atacado\/produto\/redea-de-couro-de-bode-sr-2\/\"]}]},{\"@type\":\"BreadcrumbList\",\"@id\":\"https:\/\/selariarosario.com.br\/atacado\/produto\/redea-de-couro-de-bode-sr-2\/#breadcrumb\",\"itemListElement\":[{\"@type\":\"ListItem\",\"position\":1,\"name\":\"In\\u00edcio\",\"item\":\"https:\/\/selariarosario.com.br\/atacado\/\"},{\"@type\":\"ListItem\",\"position\":2,\"name\":\"Produtos\",\"item\":\"https:\/\/selariarosario.com.br\/atacado\/produtos\/\"},{\"@type\":\"ListItem\",\"position\":3,\"name\":\"R\\u00e9dea de Couro de bode SR\"}]}]}<\/script>\n<!-- \/ Yoast SEO plugin. -->","yoast_head_json":{"title":"R\u00c9DEA DE COURO DE BODE SR","description":"R\u00c9DEA DE COURO DE BODE SR \u00e9 um instrumento essencial para o controle e comunica\u00e7\u00e3o entre o cavalo e o cavaleiro. Ela tamb\u00e9m serve para transmitir comandos","robots":{"index":"index","follow":"follow","max-snippet":"max-snippet:-1","max-image-preview":"max-image-preview:large","max-video-preview":"max-video-preview:-1"},"canonical":"https:\/\/selariarosario.com.br\/atacado\/produto\/redea-de-couro-de-bode-sr-2\/","og_locale":"pt_BR","og_type":"article","og_title":"R\u00c9DEA DE COURO DE BODE SR","og_description":"R\u00c9DEA DE COURO DE BODE SR \u00e9 um instrumento essencial para o controle e comunica\u00e7\u00e3o entre o cavalo e o cavaleiro. Ela tamb\u00e9m serve para transmitir comandos","og_url":"https:\/\/selariarosario.com.br\/atacado\/produto\/redea-de-couro-de-bode-sr-2\/","og_site_name":"Selaria Rosario","article_modified_time":"2024-01-18T15:05:00+00:00","twitter_card":"summary_large_image","twitter_misc":{"Est. tempo de leitura":"2 minutos"},"schema":{"@context":"https:\/\/schema.org","@graph":[{"@type":"WebSite","@id":"https:\/\/selariarosario.com.br\/atacado\/#website","url":"https:\/\/selariarosario.com.br\/atacado\/","name":"Selaria Rosario","description":"","potentialAction":[{"@type":"SearchAction","target":{"@type":"EntryPoint","urlTemplate":"https:\/\/selariarosario.com.br\/atacado\/?s={search_term_string}"},"query-input":"required name=search_term_string"}],"inLanguage":"pt-BR"},{"@type":"ImageObject","@id":"https:\/\/selariarosario.com.br\/atacado\/produto\/redea-de-couro-de-bode-sr-2\/#primaryimage","inLanguage":"pt-BR","url":"https:\/\/selariarosario.com.br\/atacado\/wp-content\/uploads\/2024\/01\/REDEA-DE-COURO-DE-BODE.jpg","contentUrl":"https:\/\/selariarosario.com.br\/atacado\/wp-content\/uploads\/2024\/01\/REDEA-DE-COURO-DE-BODE.jpg","width":1200,"height":1200},{"@type":"WebPage","@id":"https:\/\/selariarosario.com.br\/atacado\/produto\/redea-de-couro-de-bode-sr-2\/#webpage","url":"https:\/\/selariarosario.com.br\/atacado\/produto\/redea-de-couro-de-bode-sr-2\/","name":"R\u00c9DEA DE COURO DE BODE SR","isPartOf":{"@id":"https:\/\/selariarosario.com.br\/atacado\/#website"},"primaryImageOfPage":{"@id":"https:\/\/selariarosario.com.br\/atacado\/produto\/redea-de-couro-de-bode-sr-2\/#primaryimage"},"datePublished":"2024-01-18T15:04:55+00:00","dateModified":"2024-01-18T15:05:00+00:00","description":"R\u00c9DEA DE COURO DE BODE SR \u00e9 um instrumento essencial para o controle e comunica\u00e7\u00e3o entre o cavalo e o cavaleiro. Ela tamb\u00e9m serve para transmitir comandos","breadcrumb":{"@id":"https:\/\/selariarosario.com.br\/atacado\/produto\/redea-de-couro-de-bode-sr-2\/#breadcrumb"},"inLanguage":"pt-BR","potentialAction":[{"@type":"ReadAction","target":["https:\/\/selariarosario.com.br\/atacado\/produto\/redea-de-couro-de-bode-sr-2\/"]}]},{"@type":"BreadcrumbList","@id":"https:\/\/selariarosario.com.br\/atacado\/produto\/redea-de-couro-de-bode-sr-2\/#breadcrumb","itemListElement":[{"@type":"ListItem","position":1,"name":"In\u00edcio","item":"https:\/\/selariarosario.com.br\/atacado\/"},{"@type":"ListItem","position":2,"name":"Produtos","item":"https:\/\/selariarosario.com.br\/atacado\/produtos\/"},{"@type":"ListItem","position":3,"name":"R\u00e9dea de Couro de bode SR"}]}]}},"_links":{"self":[{"href":"https:\/\/selariarosario.com.br\/atacado\/wp-json\/wp\/v2\/product\/1939"}],"collection":[{"href":"https:\/\/selariarosario.com.br\/atacado\/wp-json\/wp\/v2\/product"}],"about":[{"href":"https:\/\/selariarosario.com.br\/atacado\/wp-json\/wp\/v2\/types\/product"}],"wp:featuredmedia":[{"embeddable":true,"href":"https:\/\/selariarosario.com.br\/atacado\/wp-json\/wp\/v2\/media\/1561"}],"wp:attachment":[{"href":"https:\/\/selariarosario.com.br\/atacado\/wp-json\/wp\/v2\/media?parent=1939"}],"wp:term":[{"taxonomy":"product_cat","embeddable":true,"href":"https:\/\/selariarosario.com.br\/atacado\/wp-json\/wp\/v2\/product_cat?post=1939"},{"taxonomy":"product_tag","embeddable":true,"href":"https:\/\/selariarosario.com.br\/atacado\/wp-json\/wp\/v2\/product_tag?post=1939"}],"curies":[{"name":"wp","href":"https:\/\/api.w.org\/{rel}","templated":true}]}}