{"id":1948,"date":"2024-01-18T12:04:56","date_gmt":"2024-01-18T15:04:56","guid":{"rendered":"https:\/\/selariarosario.com.br\/atacado\/?post_type=product&#038;p=1948"},"modified":"2024-01-18T12:05:11","modified_gmt":"2024-01-18T15:05:11","slug":"cutuco-chapeado-sr-2","status":"publish","type":"product","link":"https:\/\/selariarosario.com.br\/atacado\/produto\/cutuco-chapeado-sr-2\/","title":{"rendered":"Cutuco chapeado SR"},"content":{"rendered":"<p>O Cutuco Chapeado \u00e9 um arreio completo, fabricado em leg\u00edtimo couro de b\u00fafalo tratado. Cada detalhe \u00e9 primordial, desde o rebaixo artesanal que fazem dele um arreio com toque de sofistica\u00e7\u00e3o. Sua arma\u00e7\u00e3o altamente resistente\u00a0 com estrutura de madeira enervada com couro cru que garante a durabilidade e a robustez necess\u00e1rias para enfrentar as demandas no campo e na estrada.<\/p>\n<p>A cabe\u00e7a do Cutuco Chapeado \u00e9 feita de madeira encapada com couro e tem o acabamento chapeado, proporcionando um acabamento elegante e tradicional. Os detalhes em bot\u00f5es de selim em metal adicionam um charme adicional ao arreio. Al\u00e9m disso, possui duas correias de capa com suporte para chicote, permitindo que voc\u00ea esteja preparado para diferentes condi\u00e7\u00f5es clim\u00e1ticas durante sua jornada.<\/p>\n<p>Com meias argolas para peitoral e porta capa, o Cutuco Chapeado oferece versatilidade e praticidade em seu design. As prote\u00e7\u00f5es para as argolas das barrigueiras evitam o desgaste excessivo e prolongam a vida \u00fatil do arreio.<\/p>\n<p>O porta-capas \u00e9 fundamental para aqueles que, principalmente, gostam de fazer viagens mais longas com sua comitiva, sobretudo aqueles que n\u00e3o querem ser pegos de surpresa. O espa\u00e7o \u00fatil para a capa de chuva \u00e9 um detalhe que se torna essencial\u00a0 em cavalgadas longas, minimizando com isso o atrito e contato da capa com o lombo da montaria.<\/p>\n<h3>Um arreio com toque de sofistica\u00e7\u00e3o<\/h3>\n<p>O Cutuco Mineiro n\u00e3o apenas proporciona conforto para o cavaleiro com seu assento acolchoado em couro nobuck, ao mesmo tempo, inclui suadores em couro camur\u00e7a para evitar poss\u00edveis irrita\u00e7\u00f5es, bem como desconfortos na pele do animal. Essas caracter\u00edsticas fazem do Cutuco Chapeado uma escolha ideal para viagens longas ao lado de sua comitiva, oferecendo assim o m\u00e1ximo de conforto e durabilidade.<\/p>\n<p>Com um acabamento fino e elegante, o Cutuco Chapeado \u00e9 um arreio pr\u00e1tico e resistente, adequado para trabalho e passeio. Portanto, sua alta resist\u00eancia e durabilidade o tornam uma op\u00e7\u00e3o confi\u00e1vel para acompanhar voc\u00ea em suas aventuras. Garanta uma viagem mais completa e confort\u00e1vel com o Cutuco Chapeado.<\/p>\n","protected":false},"excerpt":{"rendered":"<p>O Cutuco Chapeado \u00e9 um arreio completo, fabricado em leg\u00edtimo couro de b\u00fafalo tratado. Cada detalhe \u00e9 primordial, desde o rebaixo artesanal que fazem dele um arreio com toque de sofistica\u00e7\u00e3o. Sua arma\u00e7\u00e3o altamente resistente\u00a0 com estrutura de madeira enervada com couro cru que garante a durabilidade e a robustez necess\u00e1rias para enfrentar as demandas no campo e na estrada.<\/p>\n<p>A cabe\u00e7a do Cutuco Chapeado \u00e9 feita de madeira encapada com couro e tem o acabamento chapeado, proporcionando um acabamento elegante e tradicional. Os detalhes em bot\u00f5es de selim em metal adicionam um charme adicional ao arreio. Al\u00e9m disso, possui duas correias de capa com suporte para chicote, permitindo que voc\u00ea esteja preparado para diferentes condi\u00e7\u00f5es clim\u00e1ticas durante sua jornada.<\/p>\n<p>Com meias argolas para peitoral e porta capa, o Cutuco Chapeado oferece versatilidade e praticidade em seu design. As prote\u00e7\u00f5es para as argolas das barrigueiras evitam o desgaste excessivo e prolongam a vida \u00fatil do arreio.<\/p>\n<p>O porta-capas \u00e9 fundamental para aqueles que, principalmente, gostam de fazer viagens mais longas com sua comitiva, sobretudo aqueles que n\u00e3o querem ser pegos de surpresa. O espa\u00e7o \u00fatil para a capa de chuva \u00e9 um detalhe que se torna essencial\u00a0 em cavalgadas longas, minimizando com isso o atrito e contato da capa com o lombo da montaria.<\/p>\n<h3>Um arreio com toque de sofistica\u00e7\u00e3o<\/h3>\n<p>O Cutuco Mineiro n\u00e3o apenas proporciona conforto para o cavaleiro com seu assento acolchoado em couro nobuck, ao mesmo tempo, inclui suadores em couro camur\u00e7a para evitar poss\u00edveis irrita\u00e7\u00f5es, bem como desconfortos na pele do animal. Essas caracter\u00edsticas fazem do Cutuco Chapeado uma escolha ideal para viagens longas ao lado de sua comitiva, oferecendo assim o m\u00e1ximo de conforto e durabilidade.<\/p>\n<p>Com um acabamento fino e elegante, o Cutuco Chapeado \u00e9 um arreio pr\u00e1tico e resistente, adequado para trabalho e passeio. Portanto, sua alta resist\u00eancia e durabilidade o tornam uma op\u00e7\u00e3o confi\u00e1vel para acompanhar voc\u00ea em suas aventuras. Garanta uma viagem mais completa e confort\u00e1vel com o Cutuco Chapeado.<\/p>\n","protected":false},"featured_media":1573,"template":"","meta":[],"product_cat":[20,18,17],"product_tag":[],"yoast_head":"<!-- This site is optimized with the Yoast SEO plugin v16.7 - https:\/\/yoast.com\/wordpress\/plugins\/seo\/ -->\n<title>Um arreio com toque de sofistica\u00e7\u00e3o - Selaria Rosario<\/title>\n<meta name=\"description\" content=\"O Cutuco Mineiro \u00e9 fabricado em leg\u00edtimo couro de b\u00fafalo. Com detalhes de rebaixos artesanais fazem dele um arreio com toque de sofistica\u00e7\u00e3o.\" \/>\n<meta name=\"robots\" content=\"index, follow, max-snippet:-1, max-image-preview:large, max-video-preview:-1\" \/>\n<link rel=\"canonical\" href=\"https:\/\/selariarosario.com.br\/atacado\/produto\/cutuco-chapeado-sr-2\/\" \/>\n<meta property=\"og:locale\" content=\"pt_BR\" \/>\n<meta property=\"og:type\" content=\"article\" \/>\n<meta property=\"og:title\" content=\"Um arreio com toque de sofistica\u00e7\u00e3o - Selaria Rosario\" \/>\n<meta property=\"og:description\" content=\"O Cutuco Mineiro \u00e9 fabricado em leg\u00edtimo couro de b\u00fafalo. Com detalhes de rebaixos artesanais fazem dele um arreio com toque de sofistica\u00e7\u00e3o.\" \/>\n<meta property=\"og:url\" content=\"https:\/\/selariarosario.com.br\/atacado\/produto\/cutuco-chapeado-sr-2\/\" \/>\n<meta property=\"og:site_name\" content=\"Selaria Rosario\" \/>\n<meta property=\"article:modified_time\" content=\"2024-01-18T15:05:11+00:00\" \/>\n<meta name=\"twitter:card\" content=\"summary_large_image\" \/>\n<meta name=\"twitter:label1\" content=\"Est. tempo de leitura\" \/>\n\t<meta name=\"twitter:data1\" content=\"2 minutos\" \/>\n<script type=\"application\/ld+json\" class=\"yoast-schema-graph\">{\"@context\":\"https:\/\/schema.org\",\"@graph\":[{\"@type\":\"WebSite\",\"@id\":\"https:\/\/selariarosario.com.br\/atacado\/#website\",\"url\":\"https:\/\/selariarosario.com.br\/atacado\/\",\"name\":\"Selaria Rosario\",\"description\":\"\",\"potentialAction\":[{\"@type\":\"SearchAction\",\"target\":{\"@type\":\"EntryPoint\",\"urlTemplate\":\"https:\/\/selariarosario.com.br\/atacado\/?s={search_term_string}\"},\"query-input\":\"required name=search_term_string\"}],\"inLanguage\":\"pt-BR\"},{\"@type\":\"ImageObject\",\"@id\":\"https:\/\/selariarosario.com.br\/atacado\/produto\/cutuco-chapeado-sr-2\/#primaryimage\",\"inLanguage\":\"pt-BR\",\"url\":\"https:\/\/selariarosario.com.br\/atacado\/wp-content\/uploads\/2024\/01\/CUTUCO-CHAPA-BOAIDEIRO.jpg\",\"contentUrl\":\"https:\/\/selariarosario.com.br\/atacado\/wp-content\/uploads\/2024\/01\/CUTUCO-CHAPA-BOAIDEIRO.jpg\",\"width\":1200,\"height\":1200},{\"@type\":\"WebPage\",\"@id\":\"https:\/\/selariarosario.com.br\/atacado\/produto\/cutuco-chapeado-sr-2\/#webpage\",\"url\":\"https:\/\/selariarosario.com.br\/atacado\/produto\/cutuco-chapeado-sr-2\/\",\"name\":\"Um arreio com toque de sofistica\\u00e7\\u00e3o - Selaria Rosario\",\"isPartOf\":{\"@id\":\"https:\/\/selariarosario.com.br\/atacado\/#website\"},\"primaryImageOfPage\":{\"@id\":\"https:\/\/selariarosario.com.br\/atacado\/produto\/cutuco-chapeado-sr-2\/#primaryimage\"},\"datePublished\":\"2024-01-18T15:04:56+00:00\",\"dateModified\":\"2024-01-18T15:05:11+00:00\",\"description\":\"O Cutuco Mineiro \\u00e9 fabricado em leg\\u00edtimo couro de b\\u00fafalo. Com detalhes de rebaixos artesanais fazem dele um arreio com toque de sofistica\\u00e7\\u00e3o.\",\"breadcrumb\":{\"@id\":\"https:\/\/selariarosario.com.br\/atacado\/produto\/cutuco-chapeado-sr-2\/#breadcrumb\"},\"inLanguage\":\"pt-BR\",\"potentialAction\":[{\"@type\":\"ReadAction\",\"target\":[\"https:\/\/selariarosario.com.br\/atacado\/produto\/cutuco-chapeado-sr-2\/\"]}]},{\"@type\":\"BreadcrumbList\",\"@id\":\"https:\/\/selariarosario.com.br\/atacado\/produto\/cutuco-chapeado-sr-2\/#breadcrumb\",\"itemListElement\":[{\"@type\":\"ListItem\",\"position\":1,\"name\":\"In\\u00edcio\",\"item\":\"https:\/\/selariarosario.com.br\/atacado\/\"},{\"@type\":\"ListItem\",\"position\":2,\"name\":\"Produtos\",\"item\":\"https:\/\/selariarosario.com.br\/atacado\/produtos\/\"},{\"@type\":\"ListItem\",\"position\":3,\"name\":\"Cutuco chapeado SR\"}]}]}<\/script>\n<!-- \/ Yoast SEO plugin. -->","yoast_head_json":{"title":"Um arreio com toque de sofistica\u00e7\u00e3o - Selaria Rosario","description":"O Cutuco Mineiro \u00e9 fabricado em leg\u00edtimo couro de b\u00fafalo. Com detalhes de rebaixos artesanais fazem dele um arreio com toque de sofistica\u00e7\u00e3o.","robots":{"index":"index","follow":"follow","max-snippet":"max-snippet:-1","max-image-preview":"max-image-preview:large","max-video-preview":"max-video-preview:-1"},"canonical":"https:\/\/selariarosario.com.br\/atacado\/produto\/cutuco-chapeado-sr-2\/","og_locale":"pt_BR","og_type":"article","og_title":"Um arreio com toque de sofistica\u00e7\u00e3o - Selaria Rosario","og_description":"O Cutuco Mineiro \u00e9 fabricado em leg\u00edtimo couro de b\u00fafalo. Com detalhes de rebaixos artesanais fazem dele um arreio com toque de sofistica\u00e7\u00e3o.","og_url":"https:\/\/selariarosario.com.br\/atacado\/produto\/cutuco-chapeado-sr-2\/","og_site_name":"Selaria Rosario","article_modified_time":"2024-01-18T15:05:11+00:00","twitter_card":"summary_large_image","twitter_misc":{"Est. tempo de leitura":"2 minutos"},"schema":{"@context":"https:\/\/schema.org","@graph":[{"@type":"WebSite","@id":"https:\/\/selariarosario.com.br\/atacado\/#website","url":"https:\/\/selariarosario.com.br\/atacado\/","name":"Selaria Rosario","description":"","potentialAction":[{"@type":"SearchAction","target":{"@type":"EntryPoint","urlTemplate":"https:\/\/selariarosario.com.br\/atacado\/?s={search_term_string}"},"query-input":"required name=search_term_string"}],"inLanguage":"pt-BR"},{"@type":"ImageObject","@id":"https:\/\/selariarosario.com.br\/atacado\/produto\/cutuco-chapeado-sr-2\/#primaryimage","inLanguage":"pt-BR","url":"https:\/\/selariarosario.com.br\/atacado\/wp-content\/uploads\/2024\/01\/CUTUCO-CHAPA-BOAIDEIRO.jpg","contentUrl":"https:\/\/selariarosario.com.br\/atacado\/wp-content\/uploads\/2024\/01\/CUTUCO-CHAPA-BOAIDEIRO.jpg","width":1200,"height":1200},{"@type":"WebPage","@id":"https:\/\/selariarosario.com.br\/atacado\/produto\/cutuco-chapeado-sr-2\/#webpage","url":"https:\/\/selariarosario.com.br\/atacado\/produto\/cutuco-chapeado-sr-2\/","name":"Um arreio com toque de sofistica\u00e7\u00e3o - Selaria Rosario","isPartOf":{"@id":"https:\/\/selariarosario.com.br\/atacado\/#website"},"primaryImageOfPage":{"@id":"https:\/\/selariarosario.com.br\/atacado\/produto\/cutuco-chapeado-sr-2\/#primaryimage"},"datePublished":"2024-01-18T15:04:56+00:00","dateModified":"2024-01-18T15:05:11+00:00","description":"O Cutuco Mineiro \u00e9 fabricado em leg\u00edtimo couro de b\u00fafalo. Com detalhes de rebaixos artesanais fazem dele um arreio com toque de sofistica\u00e7\u00e3o.","breadcrumb":{"@id":"https:\/\/selariarosario.com.br\/atacado\/produto\/cutuco-chapeado-sr-2\/#breadcrumb"},"inLanguage":"pt-BR","potentialAction":[{"@type":"ReadAction","target":["https:\/\/selariarosario.com.br\/atacado\/produto\/cutuco-chapeado-sr-2\/"]}]},{"@type":"BreadcrumbList","@id":"https:\/\/selariarosario.com.br\/atacado\/produto\/cutuco-chapeado-sr-2\/#breadcrumb","itemListElement":[{"@type":"ListItem","position":1,"name":"In\u00edcio","item":"https:\/\/selariarosario.com.br\/atacado\/"},{"@type":"ListItem","position":2,"name":"Produtos","item":"https:\/\/selariarosario.com.br\/atacado\/produtos\/"},{"@type":"ListItem","position":3,"name":"Cutuco chapeado SR"}]}]}},"_links":{"self":[{"href":"https:\/\/selariarosario.com.br\/atacado\/wp-json\/wp\/v2\/product\/1948"}],"collection":[{"href":"https:\/\/selariarosario.com.br\/atacado\/wp-json\/wp\/v2\/product"}],"about":[{"href":"https:\/\/selariarosario.com.br\/atacado\/wp-json\/wp\/v2\/types\/product"}],"wp:featuredmedia":[{"embeddable":true,"href":"https:\/\/selariarosario.com.br\/atacado\/wp-json\/wp\/v2\/media\/1573"}],"wp:attachment":[{"href":"https:\/\/selariarosario.com.br\/atacado\/wp-json\/wp\/v2\/media?parent=1948"}],"wp:term":[{"taxonomy":"product_cat","embeddable":true,"href":"https:\/\/selariarosario.com.br\/atacado\/wp-json\/wp\/v2\/product_cat?post=1948"},{"taxonomy":"product_tag","embeddable":true,"href":"https:\/\/selariarosario.com.br\/atacado\/wp-json\/wp\/v2\/product_tag?post=1948"}],"curies":[{"name":"wp","href":"https:\/\/api.w.org\/{rel}","templated":true}]}}