{"id":1949,"date":"2024-01-18T12:04:56","date_gmt":"2024-01-18T15:04:56","guid":{"rendered":"https:\/\/selariarosario.com.br\/atacado\/?post_type=product&#038;p=1949"},"modified":"2024-01-18T12:05:12","modified_gmt":"2024-01-18T15:05:12","slug":"arreio-pantaneiro-entalhado","status":"publish","type":"product","link":"https:\/\/selariarosario.com.br\/atacado\/produto\/arreio-pantaneiro-entalhado\/","title":{"rendered":"Arreio Pantaneiro Entalhado"},"content":{"rendered":"<p>O Arreio Pantaneiro Entalhado \u00e9 um produto de alta qualidade, confeccionado em couro de b\u00fafalo tratado e todo trabalhado, com detalhes entalhados \u00e0 m\u00e3o que conferem assim um aspecto refinado. Seu assento acolchoado em nobuck proporciona um conforto excepcional durante todo o per\u00edodo de uso. A arma\u00e7\u00e3o de madeira male\u00e1vel enervada em couro oferece portanto maior resist\u00eancia e durabilidade ao arreio, garantindo sua integridade mesmo diante de desafios e exig\u00eancias durante a viagem. O melhor em durabilidade e estilo.<\/p>\n<p>Um dos destaques do Arreio Pantaneiro Entalhado s\u00e3o os suadores em camur\u00e7a, que evitam pisaduras,bem como poss\u00edveis movimentos da montaria durante as atividades, posicionados sob a manta no lombo do seu animal. As ferragens em inox, al\u00e9m de resistentes \u00e0 corros\u00e3o, incluem meias argolas na dianteira para fixa\u00e7\u00e3o de peitoral e tamb\u00e9m nas traseiras, que s\u00e3o funcionais para a utiliza\u00e7\u00e3o de capoteiras, garantindo versatilidade e praticidade durante a jornada.<\/p>\n<h3>O melhor em durabilidade e estilo<\/h3>\n<p>Durante a viagem, voc\u00ea apreciar\u00e1 a flexibilidade e o ajuste perfeito do Arreio Pantaneiro Entalhado ao lombo do animal, proporcionando conforto sem causar desconforto. O design artesanal com detalhes entalhados e tran\u00e7ados com fita confere um visual elegante e distintivo ao arreio, destacando da mesma forma sua qualidade superior.<\/p>\n<p>Com o Arreio Pantaneiro Entalhado, tanto voc\u00ea assim como seu animal desfrutar\u00e3o de uma experi\u00eancia de montaria inigual\u00e1vel em sua viagem ao lado da comitiva. A combina\u00e7\u00e3o de conforto, seguran\u00e7a e requinte torna esse arreio a escolha ideal para aqueles que buscam primordialmente o melhor em durabilidade e estilo.<\/p>\n<p>Utilizado em todas as ra\u00e7as, possui regulagens em seu arreamento<\/p>\n<p>Acompanhamento do produto:<\/p>\n<p>2 prs de l\u00e1tegos e contral\u00e1tegos<\/p>\n<p>1 pr de estribos de alum\u00ednio com couro<\/p>\n<p>1\u00a0 pr\u00a0 barrigueira\u00a0 + cilha de l\u00e3 com inox<\/p>\n<p>&nbsp;<\/p>\n<p>op\u00e7\u00e3o de ferragens: metal niquelado<\/p>\n<p>Tamanho : 16 polegadas<br \/>\nPeso aproximado: 12 kg<\/p>\n","protected":false},"excerpt":{"rendered":"<p>O Arreio Pantaneiro Entalhado \u00e9 um produto de alta qualidade, confeccionado em couro de b\u00fafalo tratado e todo trabalhado, com detalhes entalhados \u00e0 m\u00e3o que conferem assim um aspecto refinado. Seu assento acolchoado em nobuck proporciona um conforto excepcional durante todo o per\u00edodo de uso. A arma\u00e7\u00e3o de madeira male\u00e1vel enervada em couro oferece portanto [&hellip;]<\/p>\n","protected":false},"featured_media":1575,"template":"","meta":[],"product_cat":[22,18,17],"product_tag":[92,93,95,98,99,100,101,102,103],"yoast_head":"<!-- This site is optimized with the Yoast SEO plugin v16.7 - https:\/\/yoast.com\/wordpress\/plugins\/seo\/ -->\n<title>O melhor em durabilidade e estilo - Selaria Rosario<\/title>\n<meta name=\"description\" content=\"A combina\u00e7\u00e3o de conforto, seguran\u00e7a e requinte torna esse arreio a escolha ideal para aqueles que buscam o melhor em durabilidade e estilo.\" \/>\n<meta name=\"robots\" content=\"index, follow, max-snippet:-1, max-image-preview:large, max-video-preview:-1\" \/>\n<link rel=\"canonical\" href=\"https:\/\/selariarosario.com.br\/atacado\/produto\/arreio-pantaneiro-entalhado\/\" \/>\n<meta property=\"og:locale\" content=\"pt_BR\" \/>\n<meta property=\"og:type\" content=\"article\" \/>\n<meta property=\"og:title\" content=\"O melhor em durabilidade e estilo - Selaria Rosario\" \/>\n<meta property=\"og:description\" content=\"A combina\u00e7\u00e3o de conforto, seguran\u00e7a e requinte torna esse arreio a escolha ideal para aqueles que buscam o melhor em durabilidade e estilo.\" \/>\n<meta property=\"og:url\" content=\"https:\/\/selariarosario.com.br\/atacado\/produto\/arreio-pantaneiro-entalhado\/\" \/>\n<meta property=\"og:site_name\" content=\"Selaria Rosario\" \/>\n<meta property=\"article:modified_time\" content=\"2024-01-18T15:05:12+00:00\" \/>\n<meta name=\"twitter:card\" content=\"summary_large_image\" \/>\n<meta name=\"twitter:label1\" content=\"Est. tempo de leitura\" \/>\n\t<meta name=\"twitter:data1\" content=\"2 minutos\" \/>\n<script type=\"application\/ld+json\" class=\"yoast-schema-graph\">{\"@context\":\"https:\/\/schema.org\",\"@graph\":[{\"@type\":\"WebSite\",\"@id\":\"https:\/\/selariarosario.com.br\/atacado\/#website\",\"url\":\"https:\/\/selariarosario.com.br\/atacado\/\",\"name\":\"Selaria Rosario\",\"description\":\"\",\"potentialAction\":[{\"@type\":\"SearchAction\",\"target\":{\"@type\":\"EntryPoint\",\"urlTemplate\":\"https:\/\/selariarosario.com.br\/atacado\/?s={search_term_string}\"},\"query-input\":\"required name=search_term_string\"}],\"inLanguage\":\"pt-BR\"},{\"@type\":\"ImageObject\",\"@id\":\"https:\/\/selariarosario.com.br\/atacado\/produto\/arreio-pantaneiro-entalhado\/#primaryimage\",\"inLanguage\":\"pt-BR\",\"url\":\"https:\/\/selariarosario.com.br\/atacado\/wp-content\/uploads\/2024\/01\/CUTIANO-PANTANEIRO-ENTALHADO.jpg\",\"contentUrl\":\"https:\/\/selariarosario.com.br\/atacado\/wp-content\/uploads\/2024\/01\/CUTIANO-PANTANEIRO-ENTALHADO.jpg\",\"width\":1200,\"height\":1200},{\"@type\":\"WebPage\",\"@id\":\"https:\/\/selariarosario.com.br\/atacado\/produto\/arreio-pantaneiro-entalhado\/#webpage\",\"url\":\"https:\/\/selariarosario.com.br\/atacado\/produto\/arreio-pantaneiro-entalhado\/\",\"name\":\"O melhor em durabilidade e estilo - Selaria Rosario\",\"isPartOf\":{\"@id\":\"https:\/\/selariarosario.com.br\/atacado\/#website\"},\"primaryImageOfPage\":{\"@id\":\"https:\/\/selariarosario.com.br\/atacado\/produto\/arreio-pantaneiro-entalhado\/#primaryimage\"},\"datePublished\":\"2024-01-18T15:04:56+00:00\",\"dateModified\":\"2024-01-18T15:05:12+00:00\",\"description\":\"A combina\\u00e7\\u00e3o de conforto, seguran\\u00e7a e requinte torna esse arreio a escolha ideal para aqueles que buscam o melhor em durabilidade e estilo.\",\"breadcrumb\":{\"@id\":\"https:\/\/selariarosario.com.br\/atacado\/produto\/arreio-pantaneiro-entalhado\/#breadcrumb\"},\"inLanguage\":\"pt-BR\",\"potentialAction\":[{\"@type\":\"ReadAction\",\"target\":[\"https:\/\/selariarosario.com.br\/atacado\/produto\/arreio-pantaneiro-entalhado\/\"]}]},{\"@type\":\"BreadcrumbList\",\"@id\":\"https:\/\/selariarosario.com.br\/atacado\/produto\/arreio-pantaneiro-entalhado\/#breadcrumb\",\"itemListElement\":[{\"@type\":\"ListItem\",\"position\":1,\"name\":\"In\\u00edcio\",\"item\":\"https:\/\/selariarosario.com.br\/atacado\/\"},{\"@type\":\"ListItem\",\"position\":2,\"name\":\"Produtos\",\"item\":\"https:\/\/selariarosario.com.br\/atacado\/produtos\/\"},{\"@type\":\"ListItem\",\"position\":3,\"name\":\"Arreio Pantaneiro Entalhado\"}]}]}<\/script>\n<!-- \/ Yoast SEO plugin. -->","yoast_head_json":{"title":"O melhor em durabilidade e estilo - Selaria Rosario","description":"A combina\u00e7\u00e3o de conforto, seguran\u00e7a e requinte torna esse arreio a escolha ideal para aqueles que buscam o melhor em durabilidade e estilo.","robots":{"index":"index","follow":"follow","max-snippet":"max-snippet:-1","max-image-preview":"max-image-preview:large","max-video-preview":"max-video-preview:-1"},"canonical":"https:\/\/selariarosario.com.br\/atacado\/produto\/arreio-pantaneiro-entalhado\/","og_locale":"pt_BR","og_type":"article","og_title":"O melhor em durabilidade e estilo - Selaria Rosario","og_description":"A combina\u00e7\u00e3o de conforto, seguran\u00e7a e requinte torna esse arreio a escolha ideal para aqueles que buscam o melhor em durabilidade e estilo.","og_url":"https:\/\/selariarosario.com.br\/atacado\/produto\/arreio-pantaneiro-entalhado\/","og_site_name":"Selaria Rosario","article_modified_time":"2024-01-18T15:05:12+00:00","twitter_card":"summary_large_image","twitter_misc":{"Est. tempo de leitura":"2 minutos"},"schema":{"@context":"https:\/\/schema.org","@graph":[{"@type":"WebSite","@id":"https:\/\/selariarosario.com.br\/atacado\/#website","url":"https:\/\/selariarosario.com.br\/atacado\/","name":"Selaria Rosario","description":"","potentialAction":[{"@type":"SearchAction","target":{"@type":"EntryPoint","urlTemplate":"https:\/\/selariarosario.com.br\/atacado\/?s={search_term_string}"},"query-input":"required name=search_term_string"}],"inLanguage":"pt-BR"},{"@type":"ImageObject","@id":"https:\/\/selariarosario.com.br\/atacado\/produto\/arreio-pantaneiro-entalhado\/#primaryimage","inLanguage":"pt-BR","url":"https:\/\/selariarosario.com.br\/atacado\/wp-content\/uploads\/2024\/01\/CUTIANO-PANTANEIRO-ENTALHADO.jpg","contentUrl":"https:\/\/selariarosario.com.br\/atacado\/wp-content\/uploads\/2024\/01\/CUTIANO-PANTANEIRO-ENTALHADO.jpg","width":1200,"height":1200},{"@type":"WebPage","@id":"https:\/\/selariarosario.com.br\/atacado\/produto\/arreio-pantaneiro-entalhado\/#webpage","url":"https:\/\/selariarosario.com.br\/atacado\/produto\/arreio-pantaneiro-entalhado\/","name":"O melhor em durabilidade e estilo - Selaria Rosario","isPartOf":{"@id":"https:\/\/selariarosario.com.br\/atacado\/#website"},"primaryImageOfPage":{"@id":"https:\/\/selariarosario.com.br\/atacado\/produto\/arreio-pantaneiro-entalhado\/#primaryimage"},"datePublished":"2024-01-18T15:04:56+00:00","dateModified":"2024-01-18T15:05:12+00:00","description":"A combina\u00e7\u00e3o de conforto, seguran\u00e7a e requinte torna esse arreio a escolha ideal para aqueles que buscam o melhor em durabilidade e estilo.","breadcrumb":{"@id":"https:\/\/selariarosario.com.br\/atacado\/produto\/arreio-pantaneiro-entalhado\/#breadcrumb"},"inLanguage":"pt-BR","potentialAction":[{"@type":"ReadAction","target":["https:\/\/selariarosario.com.br\/atacado\/produto\/arreio-pantaneiro-entalhado\/"]}]},{"@type":"BreadcrumbList","@id":"https:\/\/selariarosario.com.br\/atacado\/produto\/arreio-pantaneiro-entalhado\/#breadcrumb","itemListElement":[{"@type":"ListItem","position":1,"name":"In\u00edcio","item":"https:\/\/selariarosario.com.br\/atacado\/"},{"@type":"ListItem","position":2,"name":"Produtos","item":"https:\/\/selariarosario.com.br\/atacado\/produtos\/"},{"@type":"ListItem","position":3,"name":"Arreio Pantaneiro Entalhado"}]}]}},"_links":{"self":[{"href":"https:\/\/selariarosario.com.br\/atacado\/wp-json\/wp\/v2\/product\/1949"}],"collection":[{"href":"https:\/\/selariarosario.com.br\/atacado\/wp-json\/wp\/v2\/product"}],"about":[{"href":"https:\/\/selariarosario.com.br\/atacado\/wp-json\/wp\/v2\/types\/product"}],"wp:featuredmedia":[{"embeddable":true,"href":"https:\/\/selariarosario.com.br\/atacado\/wp-json\/wp\/v2\/media\/1575"}],"wp:attachment":[{"href":"https:\/\/selariarosario.com.br\/atacado\/wp-json\/wp\/v2\/media?parent=1949"}],"wp:term":[{"taxonomy":"product_cat","embeddable":true,"href":"https:\/\/selariarosario.com.br\/atacado\/wp-json\/wp\/v2\/product_cat?post=1949"},{"taxonomy":"product_tag","embeddable":true,"href":"https:\/\/selariarosario.com.br\/atacado\/wp-json\/wp\/v2\/product_tag?post=1949"}],"curies":[{"name":"wp","href":"https:\/\/api.w.org\/{rel}","templated":true}]}}