{"id":1951,"date":"2024-01-18T12:05:16","date_gmt":"2024-01-18T15:05:16","guid":{"rendered":"https:\/\/selariarosario.com.br\/atacado\/?post_type=product&#038;p=1951"},"modified":"2024-01-18T12:05:23","modified_gmt":"2024-01-18T15:05:23","slug":"sela-tambor-e-baliza-cafe","status":"publish","type":"product","link":"https:\/\/selariarosario.com.br\/atacado\/produto\/sela-tambor-e-baliza-cafe\/","title":{"rendered":"Sela Tambor e Baliza caf\u00e9"},"content":{"rendered":"<p>Sela Tambor e Baliza SR \u00e9 um modelo que veio para atender voc\u00ea apaixonado por competi\u00e7\u00e3o de 6 balizas 3 tambores. Essa sela\u00a0 tem sua estrutura\u00a0 em\u00a0 arma\u00e7\u00e3o de fibra( 15 POLEGADAS )revestida de couro de b\u00fafalo leg\u00edtimo , o assento ser em nobuck com espuma D60 de 3 cm. Os suadores em manta de l\u00e3 e as\u00a0 ferragens em inox (n\u00e3o quebra, n\u00e3o enferruja, nem perde a tonalidade).Portanto \u00e9 um produto que atende tanto as provas de tambor e baliza, bem como nas cavalgadas, passeios e trabalho.<\/p>\n<p>Utilizada em todas as ra\u00e7as ,pois possui regulagens em seu arreamento.<\/p>\n<p>Op\u00e7\u00f5es de cor conforme abaixo<\/p>\n<p>preta, branca, marrom, caf\u00e9, havana, vinho,rosa e tamb\u00e9m natural<\/p>\n<p>Itens que acompanham a Sela Tambor e Baliza SR conforme rela\u00e7\u00e3o abaixo<\/p>\n<p>&#8211; 1 Par de Loro\u00a0em couro leg\u00edtimo, com fivelas em a\u00e7o inox;<br \/>\n&#8211;\u00a0 Paralamas\u00a0 \u00a0em couro leg\u00edtimo, com ferragens em a\u00e7o inox;<br \/>\n&#8211; Estribos de alum\u00ednio revestido em couro leg\u00edtimo;<br \/>\n&#8211; 1 Par de Contra l\u00e1tegos\u00a0 em couro leg\u00edtimo, com fivelas em a\u00e7o inox e um par de l\u00e1tegos em couro leg\u00edtmo<br \/>\n&#8211; uma barrigueira de l\u00e3 p\/ baliza<br \/>\n&#8211; uma cilha de feltro com detalhes em couro leg\u00edtimo e ferragens em a\u00e7o inox;<br \/>\n&#8211; 1 R\u00e9dea de l\u00e3 com inox<br \/>\n&#8211; 1 Cabe\u00e7ada em couro leg\u00edtimo, com regulagem; e tamb\u00e9m um peitoral modelo &#8220;Y&#8221; fabricado em couro e ferragens em inox<\/p>\n<p>Peso aproximado: 13 kgs<\/p>\n<p>Marca:\u00a0 SELAS IN<\/p>\n","protected":false},"excerpt":{"rendered":"<p>Sela para pr\u00e1tica 6 Balizas e 3 Tambores profissional, confeccionada em couro de b\u00fafalo liso, assento bordado em nobuck acompanhando a cor da sela. Ferragens inox margaridas em metal niquelado. Arma\u00e7\u00e3o em fibra epox, pito totalmente enervado em couro tran\u00e7ado, suadouro em feltro.<\/p>\n<p>Op\u00e7\u00f5es de cores:Preto,marrom, havana,natural e caf\u00e9<\/p>\n","protected":false},"featured_media":1578,"template":"","meta":[],"product_cat":[26,17,32],"product_tag":[],"yoast_head":"<!-- This site is optimized with the Yoast SEO plugin v16.7 - https:\/\/yoast.com\/wordpress\/plugins\/seo\/ -->\n<title>Sela Tambor e Baliza SR<\/title>\n<meta name=\"description\" content=\"Sela Tambor e Baliza SR \u00e9 um modelo preparado para pr\u00e1tica 6 Balizas e 3 Tambores profissional com muito estilo, conforto e qualidade insuper\u00e1vel.\" \/>\n<meta name=\"robots\" content=\"index, follow, max-snippet:-1, max-image-preview:large, max-video-preview:-1\" \/>\n<link rel=\"canonical\" href=\"https:\/\/selariarosario.com.br\/atacado\/produto\/sela-tambor-e-baliza-cafe\/\" \/>\n<meta property=\"og:locale\" content=\"pt_BR\" \/>\n<meta property=\"og:type\" content=\"article\" \/>\n<meta property=\"og:title\" content=\"Sela Tambor e Baliza SR\" \/>\n<meta property=\"og:description\" content=\"Sela Tambor e Baliza SR \u00e9 um modelo preparado para pr\u00e1tica 6 Balizas e 3 Tambores profissional com muito estilo, conforto e qualidade insuper\u00e1vel.\" \/>\n<meta property=\"og:url\" content=\"https:\/\/selariarosario.com.br\/atacado\/produto\/sela-tambor-e-baliza-cafe\/\" \/>\n<meta property=\"og:site_name\" content=\"Selaria Rosario\" \/>\n<meta property=\"article:modified_time\" content=\"2024-01-18T15:05:23+00:00\" \/>\n<meta name=\"twitter:card\" content=\"summary_large_image\" \/>\n<meta name=\"twitter:label1\" content=\"Est. tempo de leitura\" \/>\n\t<meta name=\"twitter:data1\" content=\"2 minutos\" \/>\n<script type=\"application\/ld+json\" class=\"yoast-schema-graph\">{\"@context\":\"https:\/\/schema.org\",\"@graph\":[{\"@type\":\"WebSite\",\"@id\":\"https:\/\/selariarosario.com.br\/atacado\/#website\",\"url\":\"https:\/\/selariarosario.com.br\/atacado\/\",\"name\":\"Selaria Rosario\",\"description\":\"\",\"potentialAction\":[{\"@type\":\"SearchAction\",\"target\":{\"@type\":\"EntryPoint\",\"urlTemplate\":\"https:\/\/selariarosario.com.br\/atacado\/?s={search_term_string}\"},\"query-input\":\"required name=search_term_string\"}],\"inLanguage\":\"pt-BR\"},{\"@type\":\"ImageObject\",\"@id\":\"https:\/\/selariarosario.com.br\/atacado\/produto\/sela-tambor-e-baliza-cafe\/#primaryimage\",\"inLanguage\":\"pt-BR\",\"url\":\"https:\/\/selariarosario.com.br\/atacado\/wp-content\/uploads\/2024\/01\/IMG_6073.jpg\",\"contentUrl\":\"https:\/\/selariarosario.com.br\/atacado\/wp-content\/uploads\/2024\/01\/IMG_6073.jpg\",\"width\":1200,\"height\":1200},{\"@type\":\"WebPage\",\"@id\":\"https:\/\/selariarosario.com.br\/atacado\/produto\/sela-tambor-e-baliza-cafe\/#webpage\",\"url\":\"https:\/\/selariarosario.com.br\/atacado\/produto\/sela-tambor-e-baliza-cafe\/\",\"name\":\"Sela Tambor e Baliza SR\",\"isPartOf\":{\"@id\":\"https:\/\/selariarosario.com.br\/atacado\/#website\"},\"primaryImageOfPage\":{\"@id\":\"https:\/\/selariarosario.com.br\/atacado\/produto\/sela-tambor-e-baliza-cafe\/#primaryimage\"},\"datePublished\":\"2024-01-18T15:05:16+00:00\",\"dateModified\":\"2024-01-18T15:05:23+00:00\",\"description\":\"Sela Tambor e Baliza SR \\u00e9 um modelo preparado para pr\\u00e1tica 6 Balizas e 3 Tambores profissional com muito estilo, conforto e qualidade insuper\\u00e1vel.\",\"breadcrumb\":{\"@id\":\"https:\/\/selariarosario.com.br\/atacado\/produto\/sela-tambor-e-baliza-cafe\/#breadcrumb\"},\"inLanguage\":\"pt-BR\",\"potentialAction\":[{\"@type\":\"ReadAction\",\"target\":[\"https:\/\/selariarosario.com.br\/atacado\/produto\/sela-tambor-e-baliza-cafe\/\"]}]},{\"@type\":\"BreadcrumbList\",\"@id\":\"https:\/\/selariarosario.com.br\/atacado\/produto\/sela-tambor-e-baliza-cafe\/#breadcrumb\",\"itemListElement\":[{\"@type\":\"ListItem\",\"position\":1,\"name\":\"In\\u00edcio\",\"item\":\"https:\/\/selariarosario.com.br\/atacado\/\"},{\"@type\":\"ListItem\",\"position\":2,\"name\":\"Produtos\",\"item\":\"https:\/\/selariarosario.com.br\/atacado\/produtos\/\"},{\"@type\":\"ListItem\",\"position\":3,\"name\":\"Sela Tambor e Baliza caf\\u00e9\"}]}]}<\/script>\n<!-- \/ Yoast SEO plugin. -->","yoast_head_json":{"title":"Sela Tambor e Baliza SR","description":"Sela Tambor e Baliza SR \u00e9 um modelo preparado para pr\u00e1tica 6 Balizas e 3 Tambores profissional com muito estilo, conforto e qualidade insuper\u00e1vel.","robots":{"index":"index","follow":"follow","max-snippet":"max-snippet:-1","max-image-preview":"max-image-preview:large","max-video-preview":"max-video-preview:-1"},"canonical":"https:\/\/selariarosario.com.br\/atacado\/produto\/sela-tambor-e-baliza-cafe\/","og_locale":"pt_BR","og_type":"article","og_title":"Sela Tambor e Baliza SR","og_description":"Sela Tambor e Baliza SR \u00e9 um modelo preparado para pr\u00e1tica 6 Balizas e 3 Tambores profissional com muito estilo, conforto e qualidade insuper\u00e1vel.","og_url":"https:\/\/selariarosario.com.br\/atacado\/produto\/sela-tambor-e-baliza-cafe\/","og_site_name":"Selaria Rosario","article_modified_time":"2024-01-18T15:05:23+00:00","twitter_card":"summary_large_image","twitter_misc":{"Est. tempo de leitura":"2 minutos"},"schema":{"@context":"https:\/\/schema.org","@graph":[{"@type":"WebSite","@id":"https:\/\/selariarosario.com.br\/atacado\/#website","url":"https:\/\/selariarosario.com.br\/atacado\/","name":"Selaria Rosario","description":"","potentialAction":[{"@type":"SearchAction","target":{"@type":"EntryPoint","urlTemplate":"https:\/\/selariarosario.com.br\/atacado\/?s={search_term_string}"},"query-input":"required name=search_term_string"}],"inLanguage":"pt-BR"},{"@type":"ImageObject","@id":"https:\/\/selariarosario.com.br\/atacado\/produto\/sela-tambor-e-baliza-cafe\/#primaryimage","inLanguage":"pt-BR","url":"https:\/\/selariarosario.com.br\/atacado\/wp-content\/uploads\/2024\/01\/IMG_6073.jpg","contentUrl":"https:\/\/selariarosario.com.br\/atacado\/wp-content\/uploads\/2024\/01\/IMG_6073.jpg","width":1200,"height":1200},{"@type":"WebPage","@id":"https:\/\/selariarosario.com.br\/atacado\/produto\/sela-tambor-e-baliza-cafe\/#webpage","url":"https:\/\/selariarosario.com.br\/atacado\/produto\/sela-tambor-e-baliza-cafe\/","name":"Sela Tambor e Baliza SR","isPartOf":{"@id":"https:\/\/selariarosario.com.br\/atacado\/#website"},"primaryImageOfPage":{"@id":"https:\/\/selariarosario.com.br\/atacado\/produto\/sela-tambor-e-baliza-cafe\/#primaryimage"},"datePublished":"2024-01-18T15:05:16+00:00","dateModified":"2024-01-18T15:05:23+00:00","description":"Sela Tambor e Baliza SR \u00e9 um modelo preparado para pr\u00e1tica 6 Balizas e 3 Tambores profissional com muito estilo, conforto e qualidade insuper\u00e1vel.","breadcrumb":{"@id":"https:\/\/selariarosario.com.br\/atacado\/produto\/sela-tambor-e-baliza-cafe\/#breadcrumb"},"inLanguage":"pt-BR","potentialAction":[{"@type":"ReadAction","target":["https:\/\/selariarosario.com.br\/atacado\/produto\/sela-tambor-e-baliza-cafe\/"]}]},{"@type":"BreadcrumbList","@id":"https:\/\/selariarosario.com.br\/atacado\/produto\/sela-tambor-e-baliza-cafe\/#breadcrumb","itemListElement":[{"@type":"ListItem","position":1,"name":"In\u00edcio","item":"https:\/\/selariarosario.com.br\/atacado\/"},{"@type":"ListItem","position":2,"name":"Produtos","item":"https:\/\/selariarosario.com.br\/atacado\/produtos\/"},{"@type":"ListItem","position":3,"name":"Sela Tambor e Baliza caf\u00e9"}]}]}},"_links":{"self":[{"href":"https:\/\/selariarosario.com.br\/atacado\/wp-json\/wp\/v2\/product\/1951"}],"collection":[{"href":"https:\/\/selariarosario.com.br\/atacado\/wp-json\/wp\/v2\/product"}],"about":[{"href":"https:\/\/selariarosario.com.br\/atacado\/wp-json\/wp\/v2\/types\/product"}],"wp:featuredmedia":[{"embeddable":true,"href":"https:\/\/selariarosario.com.br\/atacado\/wp-json\/wp\/v2\/media\/1578"}],"wp:attachment":[{"href":"https:\/\/selariarosario.com.br\/atacado\/wp-json\/wp\/v2\/media?parent=1951"}],"wp:term":[{"taxonomy":"product_cat","embeddable":true,"href":"https:\/\/selariarosario.com.br\/atacado\/wp-json\/wp\/v2\/product_cat?post=1951"},{"taxonomy":"product_tag","embeddable":true,"href":"https:\/\/selariarosario.com.br\/atacado\/wp-json\/wp\/v2\/product_tag?post=1951"}],"curies":[{"name":"wp","href":"https:\/\/api.w.org\/{rel}","templated":true}]}}