{"id":1962,"date":"2024-01-18T12:05:19","date_gmt":"2024-01-18T15:05:19","guid":{"rendered":"https:\/\/selariarosario.com.br\/atacado\/?post_type=product&#038;p=1962"},"modified":"2024-01-18T12:05:25","modified_gmt":"2024-01-18T15:05:25","slug":"sela-qm-laco-marrom-c-branco-sr","status":"publish","type":"product","link":"https:\/\/selariarosario.com.br\/atacado\/produto\/sela-qm-laco-marrom-c-branco-sr\/","title":{"rendered":"Sela QM La\u00e7o  marrom c\/branco SR"},"content":{"rendered":"<p>Sela QM Prova La\u00e7o : seguran\u00e7a e leveza<\/p>\n<p>Sela QM Prova La\u00e7o , completa, fabricada em leg\u00edtimo couro de b\u00fafalo, criteriosamente selecionado, tratado o que proporciona uma maior resist\u00eancia do couro e assim prolonga a vida \u00fatil do produto. Composta de argolas e fivelas em a\u00e7o inox , de alt\u00edssima qualidade, livre de ferrugens. Arma\u00e7\u00e3o altamente resistente com estrutura de madeira enervada com couro cru. Assento em vaqueta marrom\u00a0 \u00a0almofadado e com\u00a0 suadores em feltro de l\u00e3. rebaixo artesanal. Enfim \u00e9 um produto com fino acabamento, pr\u00e1tico, vers\u00e1til, resistente, bonito e de f\u00e1cil fixa\u00e7\u00e3o no animal.<\/p>\n<p>Pode ser usado em todas as ra\u00e7as, pois tem regulagem em seus arreamento<\/p>\n<p><strong>Composi\u00e7\u00e3o da sela<\/strong>:<br \/>\n&#8211; Arma\u00e7\u00e3o de madeira , logo revestida em couro cru. Por isso sua total leveza;<br \/>\n&#8211;\u00a0<strong>Couro de b\u00fafalo rebaixado, logo\u00a0 pintado artesanalmente com tinta\u00a0 industrial, e tamb\u00e9m encerado(N\u00e3o solta tinta )<\/strong>\u00a0;<br \/>\n&#8211; Ferragens em inox que n\u00e3o quebra, n\u00e3o enferruja e nem perde a tonalidade;<br \/>\n&#8211; Assento em vaqueta\u00a0 almofadado e alcochoado;<br \/>\n&#8211; Costuras artesanais e industriais;<br \/>\n&#8211; Suadores em feltro de l\u00e3 para que evite\u00a0pisaduras e poss\u00edveis movimentos da sela durante as atividades<\/p>\n<p><strong>Acompanhamento da sela<\/strong>\u00a0:<\/p>\n<p>1 par de l\u00e1tegos e contral\u00e1tegos em couro de b\u00fafalo forrados com fita cadar\u00e7o,\u00a0 e tamb\u00e9m acompanha protetor de fivela e\u00a0 as ferragens s\u00e3o\u00a0 em inox;<\/p>\n<p>pr de estribos de alum\u00ednio com\u00a0 couro de b\u00fafalo ;<\/p>\n<p>Uma barrigueira e uma cilha em feltro e fita cadar\u00e7o, com liga entre elas;<\/p>\n<p>paralamas em couro de b\u00fafalo rebaixado com loro fixo.<\/p>\n<p>Peitoral em couro de b\u00fafalo\u00a0 com ferragens em inox;<\/p>\n<p>Uma cabe\u00e7ada em couro com regulagem ;<\/p>\n<p>E uma r\u00e9dea de l\u00e3 torcida com inox.<\/p>\n<p>&nbsp;<\/p>\n<p><u><strong>Medidas Aproximadas:<\/strong><\/u><\/p>\n<p>Tamanho: 18 polegadas (at\u00e9 140 kgs)<\/p>\n<p>Garantia: 1 ano contra defeito de fabrica\u00e7\u00e3o<\/p>\n<p>Peso aproximado: 15 kgs<\/p>\n<p>Marca: Selas IN<\/p>\n<p style=\"text-align: left;\">Op\u00e7\u00f5es de cores conforme abaixo :<\/p>\n<p style=\"text-align: left;\">preta, branca, havana, marrom, vinho, natural caf\u00e9 ,rosa<\/p>\n<p>&nbsp;<\/p>\n","protected":false},"excerpt":{"rendered":"<p>Sela Quarto de Milha Ros\u00e1rio para modalidade la\u00e7o profissional, confeccionada em couro de b\u00fafalo tratado\u00a0 na cor marrom escuro com detalhes em branco rebaixo artesanalmente em esteira com detalhes em baixo relevo floral, assento em vaqueta companhando a cor da sela. Ferragens em\u00a0 inox e margaridas zamac niquelada. Arma\u00e7\u00e3o em fibra epox, pito com enervamento duplo em couro tran\u00e7ado, suadouro de feltro branco.<\/p>\n<p>Op\u00e7\u00f5es de cores:preto ,caf\u00e9,natural,marrom, havana e rosa<\/p>\n<p>&nbsp;<\/p>\n","protected":false},"featured_media":1591,"template":"","meta":[],"product_cat":[26,17,33],"product_tag":[],"yoast_head":"<!-- This site is optimized with the Yoast SEO plugin v16.7 - https:\/\/yoast.com\/wordpress\/plugins\/seo\/ -->\n<title>Sela QM Prova La\u00e7o - Selaria Rosario<\/title>\n<meta name=\"description\" content=\"Sela QM Prova La\u00e7o \u00e9 uma op\u00e7\u00e3o em montaria ideal para diversas modalidades desde o servi\u00e7o di\u00e1rio aos passeios ,provas de la\u00e7o e doma.\" \/>\n<meta name=\"robots\" content=\"index, follow, max-snippet:-1, max-image-preview:large, max-video-preview:-1\" \/>\n<link rel=\"canonical\" href=\"https:\/\/selariarosario.com.br\/atacado\/produto\/sela-qm-laco-marrom-c-branco-sr\/\" \/>\n<meta property=\"og:locale\" content=\"pt_BR\" \/>\n<meta property=\"og:type\" content=\"article\" \/>\n<meta property=\"og:title\" content=\"Sela QM Prova La\u00e7o - Selaria Rosario\" \/>\n<meta property=\"og:description\" content=\"Sela QM Prova La\u00e7o \u00e9 uma op\u00e7\u00e3o em montaria ideal para diversas modalidades desde o servi\u00e7o di\u00e1rio aos passeios ,provas de la\u00e7o e doma.\" \/>\n<meta property=\"og:url\" content=\"https:\/\/selariarosario.com.br\/atacado\/produto\/sela-qm-laco-marrom-c-branco-sr\/\" \/>\n<meta property=\"og:site_name\" content=\"Selaria Rosario\" \/>\n<meta property=\"article:modified_time\" content=\"2024-01-18T15:05:25+00:00\" \/>\n<meta name=\"twitter:card\" content=\"summary_large_image\" \/>\n<meta name=\"twitter:label1\" content=\"Est. tempo de leitura\" \/>\n\t<meta name=\"twitter:data1\" content=\"2 minutos\" \/>\n<script type=\"application\/ld+json\" class=\"yoast-schema-graph\">{\"@context\":\"https:\/\/schema.org\",\"@graph\":[{\"@type\":\"WebSite\",\"@id\":\"https:\/\/selariarosario.com.br\/atacado\/#website\",\"url\":\"https:\/\/selariarosario.com.br\/atacado\/\",\"name\":\"Selaria Rosario\",\"description\":\"\",\"potentialAction\":[{\"@type\":\"SearchAction\",\"target\":{\"@type\":\"EntryPoint\",\"urlTemplate\":\"https:\/\/selariarosario.com.br\/atacado\/?s={search_term_string}\"},\"query-input\":\"required name=search_term_string\"}],\"inLanguage\":\"pt-BR\"},{\"@type\":\"ImageObject\",\"@id\":\"https:\/\/selariarosario.com.br\/atacado\/produto\/sela-qm-laco-marrom-c-branco-sr\/#primaryimage\",\"inLanguage\":\"pt-BR\",\"url\":\"https:\/\/selariarosario.com.br\/atacado\/wp-content\/uploads\/2024\/01\/S-QM-P-LACO-M-C-BRANCO.jpg\",\"contentUrl\":\"https:\/\/selariarosario.com.br\/atacado\/wp-content\/uploads\/2024\/01\/S-QM-P-LACO-M-C-BRANCO.jpg\",\"width\":1200,\"height\":1200},{\"@type\":\"WebPage\",\"@id\":\"https:\/\/selariarosario.com.br\/atacado\/produto\/sela-qm-laco-marrom-c-branco-sr\/#webpage\",\"url\":\"https:\/\/selariarosario.com.br\/atacado\/produto\/sela-qm-laco-marrom-c-branco-sr\/\",\"name\":\"Sela QM Prova La\\u00e7o - Selaria Rosario\",\"isPartOf\":{\"@id\":\"https:\/\/selariarosario.com.br\/atacado\/#website\"},\"primaryImageOfPage\":{\"@id\":\"https:\/\/selariarosario.com.br\/atacado\/produto\/sela-qm-laco-marrom-c-branco-sr\/#primaryimage\"},\"datePublished\":\"2024-01-18T15:05:19+00:00\",\"dateModified\":\"2024-01-18T15:05:25+00:00\",\"description\":\"Sela QM Prova La\\u00e7o \\u00e9 uma op\\u00e7\\u00e3o em montaria ideal para diversas modalidades desde o servi\\u00e7o di\\u00e1rio aos passeios ,provas de la\\u00e7o e doma.\",\"breadcrumb\":{\"@id\":\"https:\/\/selariarosario.com.br\/atacado\/produto\/sela-qm-laco-marrom-c-branco-sr\/#breadcrumb\"},\"inLanguage\":\"pt-BR\",\"potentialAction\":[{\"@type\":\"ReadAction\",\"target\":[\"https:\/\/selariarosario.com.br\/atacado\/produto\/sela-qm-laco-marrom-c-branco-sr\/\"]}]},{\"@type\":\"BreadcrumbList\",\"@id\":\"https:\/\/selariarosario.com.br\/atacado\/produto\/sela-qm-laco-marrom-c-branco-sr\/#breadcrumb\",\"itemListElement\":[{\"@type\":\"ListItem\",\"position\":1,\"name\":\"In\\u00edcio\",\"item\":\"https:\/\/selariarosario.com.br\/atacado\/\"},{\"@type\":\"ListItem\",\"position\":2,\"name\":\"Produtos\",\"item\":\"https:\/\/selariarosario.com.br\/atacado\/produtos\/\"},{\"@type\":\"ListItem\",\"position\":3,\"name\":\"Sela QM La\\u00e7o marrom c\/branco SR\"}]}]}<\/script>\n<!-- \/ Yoast SEO plugin. -->","yoast_head_json":{"title":"Sela QM Prova La\u00e7o - Selaria Rosario","description":"Sela QM Prova La\u00e7o \u00e9 uma op\u00e7\u00e3o em montaria ideal para diversas modalidades desde o servi\u00e7o di\u00e1rio aos passeios ,provas de la\u00e7o e doma.","robots":{"index":"index","follow":"follow","max-snippet":"max-snippet:-1","max-image-preview":"max-image-preview:large","max-video-preview":"max-video-preview:-1"},"canonical":"https:\/\/selariarosario.com.br\/atacado\/produto\/sela-qm-laco-marrom-c-branco-sr\/","og_locale":"pt_BR","og_type":"article","og_title":"Sela QM Prova La\u00e7o - Selaria Rosario","og_description":"Sela QM Prova La\u00e7o \u00e9 uma op\u00e7\u00e3o em montaria ideal para diversas modalidades desde o servi\u00e7o di\u00e1rio aos passeios ,provas de la\u00e7o e doma.","og_url":"https:\/\/selariarosario.com.br\/atacado\/produto\/sela-qm-laco-marrom-c-branco-sr\/","og_site_name":"Selaria Rosario","article_modified_time":"2024-01-18T15:05:25+00:00","twitter_card":"summary_large_image","twitter_misc":{"Est. tempo de leitura":"2 minutos"},"schema":{"@context":"https:\/\/schema.org","@graph":[{"@type":"WebSite","@id":"https:\/\/selariarosario.com.br\/atacado\/#website","url":"https:\/\/selariarosario.com.br\/atacado\/","name":"Selaria Rosario","description":"","potentialAction":[{"@type":"SearchAction","target":{"@type":"EntryPoint","urlTemplate":"https:\/\/selariarosario.com.br\/atacado\/?s={search_term_string}"},"query-input":"required name=search_term_string"}],"inLanguage":"pt-BR"},{"@type":"ImageObject","@id":"https:\/\/selariarosario.com.br\/atacado\/produto\/sela-qm-laco-marrom-c-branco-sr\/#primaryimage","inLanguage":"pt-BR","url":"https:\/\/selariarosario.com.br\/atacado\/wp-content\/uploads\/2024\/01\/S-QM-P-LACO-M-C-BRANCO.jpg","contentUrl":"https:\/\/selariarosario.com.br\/atacado\/wp-content\/uploads\/2024\/01\/S-QM-P-LACO-M-C-BRANCO.jpg","width":1200,"height":1200},{"@type":"WebPage","@id":"https:\/\/selariarosario.com.br\/atacado\/produto\/sela-qm-laco-marrom-c-branco-sr\/#webpage","url":"https:\/\/selariarosario.com.br\/atacado\/produto\/sela-qm-laco-marrom-c-branco-sr\/","name":"Sela QM Prova La\u00e7o - Selaria Rosario","isPartOf":{"@id":"https:\/\/selariarosario.com.br\/atacado\/#website"},"primaryImageOfPage":{"@id":"https:\/\/selariarosario.com.br\/atacado\/produto\/sela-qm-laco-marrom-c-branco-sr\/#primaryimage"},"datePublished":"2024-01-18T15:05:19+00:00","dateModified":"2024-01-18T15:05:25+00:00","description":"Sela QM Prova La\u00e7o \u00e9 uma op\u00e7\u00e3o em montaria ideal para diversas modalidades desde o servi\u00e7o di\u00e1rio aos passeios ,provas de la\u00e7o e doma.","breadcrumb":{"@id":"https:\/\/selariarosario.com.br\/atacado\/produto\/sela-qm-laco-marrom-c-branco-sr\/#breadcrumb"},"inLanguage":"pt-BR","potentialAction":[{"@type":"ReadAction","target":["https:\/\/selariarosario.com.br\/atacado\/produto\/sela-qm-laco-marrom-c-branco-sr\/"]}]},{"@type":"BreadcrumbList","@id":"https:\/\/selariarosario.com.br\/atacado\/produto\/sela-qm-laco-marrom-c-branco-sr\/#breadcrumb","itemListElement":[{"@type":"ListItem","position":1,"name":"In\u00edcio","item":"https:\/\/selariarosario.com.br\/atacado\/"},{"@type":"ListItem","position":2,"name":"Produtos","item":"https:\/\/selariarosario.com.br\/atacado\/produtos\/"},{"@type":"ListItem","position":3,"name":"Sela QM La\u00e7o marrom c\/branco SR"}]}]}},"_links":{"self":[{"href":"https:\/\/selariarosario.com.br\/atacado\/wp-json\/wp\/v2\/product\/1962"}],"collection":[{"href":"https:\/\/selariarosario.com.br\/atacado\/wp-json\/wp\/v2\/product"}],"about":[{"href":"https:\/\/selariarosario.com.br\/atacado\/wp-json\/wp\/v2\/types\/product"}],"wp:featuredmedia":[{"embeddable":true,"href":"https:\/\/selariarosario.com.br\/atacado\/wp-json\/wp\/v2\/media\/1591"}],"wp:attachment":[{"href":"https:\/\/selariarosario.com.br\/atacado\/wp-json\/wp\/v2\/media?parent=1962"}],"wp:term":[{"taxonomy":"product_cat","embeddable":true,"href":"https:\/\/selariarosario.com.br\/atacado\/wp-json\/wp\/v2\/product_cat?post=1962"},{"taxonomy":"product_tag","embeddable":true,"href":"https:\/\/selariarosario.com.br\/atacado\/wp-json\/wp\/v2\/product_tag?post=1962"}],"curies":[{"name":"wp","href":"https:\/\/api.w.org\/{rel}","templated":true}]}}