{"id":1982,"date":"2024-01-18T12:05:29","date_gmt":"2024-01-18T15:05:29","guid":{"rendered":"https:\/\/selariarosario.com.br\/atacado\/?post_type=product&#038;p=1982"},"modified":"2024-01-18T12:05:34","modified_gmt":"2024-01-18T15:05:34","slug":"sela-americana-traseira-baliza-preta-c-havana-sr","status":"publish","type":"product","link":"https:\/\/selariarosario.com.br\/atacado\/produto\/sela-americana-traseira-baliza-preta-c-havana-sr\/","title":{"rendered":"Sela Americana Traseira Baliza Preta c\/Havana SR"},"content":{"rendered":"<p> A Sela Americana Traseira Baliza  \u00e9 um exemplo de excel\u00eancia e qualidade em cada detalhe. Totalmente entalhada \u00e0 m\u00e3o em um processo artesanal, essa sela \u00e9 verdadeiramente exclusiva, garantindo um acabamento de alto n\u00edvel e um visual impressionante. Esta \u00e9 Sua Sela Americana verdadeira.<\/p>\n<p>Fabricada em leg\u00edtimo couro de b\u00fafalo natural, selecionado e tratado, a Sela Americana Traseira de Baliza oferece uma resist\u00eancia excepcional, garantindo uma vida \u00fatil prolongada mesmo nas condi\u00e7\u00f5es mais exigentes. Os detalhes em entalhes feitos \u00e0 m\u00e3o, adicionam um toque de eleg\u00e2ncia e principalmente sofistica\u00e7\u00e3o ao design da sela.<\/p>\n<p>Com sua traseira de baliza, essa sela \u00e9 vers\u00e1til e multifuncional, atendendo \u00e0s necessidades de diversos tipos de cavalos e atividades. Sua composi\u00e7\u00e3o inclui argolas e fivelas em a\u00e7o inox, livres de ferrugem, garantindo durabilidade e funcionalidade.<\/p>\n<p>A arma\u00e7\u00e3o da sela Americana Traseira de Baliza \u00e9 feita em fibra de vidro epox, proporcionando assim resist\u00eancia e estabilidade. Confeccionamos o assento em espuma de alta densidade (D60), bordamos e revestimos em couro vaqueta havana para oferecer o m\u00e1ximo de conforto ao cavaleiro. Al\u00e9m disso, os suadores em feltro de l\u00e3 com 12mm de espessura garantem a absor\u00e7\u00e3o do suor e o bem-estar do cavalo.<br \/>\nNossa equipe fabrica cada unidade da Sela Americana Traseira de Baliza seguindo sobretudo rigorosos padr\u00f5es de qualidade e aplicando um fino acabamento. Sua versatilidade permite o uso em uma ampla variedade de ra\u00e7as, tornando-a uma escolha confi\u00e1vel para qualquer cavaleiro. Se voc\u00ea busca uma sela de alta qualidade, com um visual impressionante e funcionalidade excepcional, a Sela Americana de Baliza \u00e9 a op\u00e7\u00e3o perfeita.<br \/>\nTAMANHO: 16 POLEGADAS<br \/>\nOp\u00e7\u00e3o de cores conforme abaixo:<br \/>\nPreto, natural, havana, caf\u00e9 ,marrom claro, marrom escuro , branca, rosa<br \/>\nPeso: 12 KGS<br \/>\nMarca: ILS<\/p>\n","protected":false},"excerpt":{"rendered":"<p>Sela Americana Traseira Baliza \u00e9 um modelo de alta qualidade e com um visual super moderno e funcionalidade excepcional: Essa \u00e9 sua verdadeira sela<\/p>\n","protected":false},"featured_media":1619,"template":"","meta":[],"product_cat":[26,28,17],"product_tag":[],"yoast_head":"<!-- This site is optimized with the Yoast SEO plugin v16.7 - https:\/\/yoast.com\/wordpress\/plugins\/seo\/ -->\n<title>Sela Americana Traseira Baliza - Selaria Rosario<\/title>\n<meta name=\"description\" content=\"Sela Americana Traseira Baliza \u00e9 um modelo de alta qualidade e com um visual super moderno e funcionalidade excepcional: Essa \u00e9 sua verdadeira sela\" \/>\n<meta name=\"robots\" content=\"index, follow, max-snippet:-1, max-image-preview:large, max-video-preview:-1\" \/>\n<link rel=\"canonical\" href=\"https:\/\/selariarosario.com.br\/atacado\/produto\/sela-americana-traseira-baliza-preta-c-havana-sr\/\" \/>\n<meta property=\"og:locale\" content=\"pt_BR\" \/>\n<meta property=\"og:type\" content=\"article\" \/>\n<meta property=\"og:title\" content=\"Sela Americana Traseira Baliza - Selaria Rosario\" \/>\n<meta property=\"og:description\" content=\"Sela Americana Traseira Baliza \u00e9 um modelo de alta qualidade e com um visual super moderno e funcionalidade excepcional: Essa \u00e9 sua verdadeira sela\" \/>\n<meta property=\"og:url\" content=\"https:\/\/selariarosario.com.br\/atacado\/produto\/sela-americana-traseira-baliza-preta-c-havana-sr\/\" \/>\n<meta property=\"og:site_name\" content=\"Selaria Rosario\" \/>\n<meta property=\"article:modified_time\" content=\"2024-01-18T15:05:34+00:00\" \/>\n<meta name=\"twitter:card\" content=\"summary_large_image\" \/>\n<meta name=\"twitter:label1\" content=\"Est. tempo de leitura\" \/>\n\t<meta name=\"twitter:data1\" content=\"2 minutos\" \/>\n<script type=\"application\/ld+json\" class=\"yoast-schema-graph\">{\"@context\":\"https:\/\/schema.org\",\"@graph\":[{\"@type\":\"WebSite\",\"@id\":\"https:\/\/selariarosario.com.br\/atacado\/#website\",\"url\":\"https:\/\/selariarosario.com.br\/atacado\/\",\"name\":\"Selaria Rosario\",\"description\":\"\",\"potentialAction\":[{\"@type\":\"SearchAction\",\"target\":{\"@type\":\"EntryPoint\",\"urlTemplate\":\"https:\/\/selariarosario.com.br\/atacado\/?s={search_term_string}\"},\"query-input\":\"required name=search_term_string\"}],\"inLanguage\":\"pt-BR\"},{\"@type\":\"ImageObject\",\"@id\":\"https:\/\/selariarosario.com.br\/atacado\/produto\/sela-americana-traseira-baliza-preta-c-havana-sr\/#primaryimage\",\"inLanguage\":\"pt-BR\",\"url\":\"https:\/\/selariarosario.com.br\/atacado\/wp-content\/uploads\/2024\/01\/S.A.T.B.PRETA-C-HAVANA-03-SR.jpg\",\"contentUrl\":\"https:\/\/selariarosario.com.br\/atacado\/wp-content\/uploads\/2024\/01\/S.A.T.B.PRETA-C-HAVANA-03-SR.jpg\",\"width\":1200,\"height\":1200},{\"@type\":\"WebPage\",\"@id\":\"https:\/\/selariarosario.com.br\/atacado\/produto\/sela-americana-traseira-baliza-preta-c-havana-sr\/#webpage\",\"url\":\"https:\/\/selariarosario.com.br\/atacado\/produto\/sela-americana-traseira-baliza-preta-c-havana-sr\/\",\"name\":\"Sela Americana Traseira Baliza - Selaria Rosario\",\"isPartOf\":{\"@id\":\"https:\/\/selariarosario.com.br\/atacado\/#website\"},\"primaryImageOfPage\":{\"@id\":\"https:\/\/selariarosario.com.br\/atacado\/produto\/sela-americana-traseira-baliza-preta-c-havana-sr\/#primaryimage\"},\"datePublished\":\"2024-01-18T15:05:29+00:00\",\"dateModified\":\"2024-01-18T15:05:34+00:00\",\"description\":\"Sela Americana Traseira Baliza \\u00e9 um modelo de alta qualidade e com um visual super moderno e funcionalidade excepcional: Essa \\u00e9 sua verdadeira sela\",\"breadcrumb\":{\"@id\":\"https:\/\/selariarosario.com.br\/atacado\/produto\/sela-americana-traseira-baliza-preta-c-havana-sr\/#breadcrumb\"},\"inLanguage\":\"pt-BR\",\"potentialAction\":[{\"@type\":\"ReadAction\",\"target\":[\"https:\/\/selariarosario.com.br\/atacado\/produto\/sela-americana-traseira-baliza-preta-c-havana-sr\/\"]}]},{\"@type\":\"BreadcrumbList\",\"@id\":\"https:\/\/selariarosario.com.br\/atacado\/produto\/sela-americana-traseira-baliza-preta-c-havana-sr\/#breadcrumb\",\"itemListElement\":[{\"@type\":\"ListItem\",\"position\":1,\"name\":\"In\\u00edcio\",\"item\":\"https:\/\/selariarosario.com.br\/atacado\/\"},{\"@type\":\"ListItem\",\"position\":2,\"name\":\"Produtos\",\"item\":\"https:\/\/selariarosario.com.br\/atacado\/produtos\/\"},{\"@type\":\"ListItem\",\"position\":3,\"name\":\"Sela Americana Traseira Baliza Preta c\/Havana SR\"}]}]}<\/script>\n<!-- \/ Yoast SEO plugin. -->","yoast_head_json":{"title":"Sela Americana Traseira Baliza - Selaria Rosario","description":"Sela Americana Traseira Baliza \u00e9 um modelo de alta qualidade e com um visual super moderno e funcionalidade excepcional: Essa \u00e9 sua verdadeira sela","robots":{"index":"index","follow":"follow","max-snippet":"max-snippet:-1","max-image-preview":"max-image-preview:large","max-video-preview":"max-video-preview:-1"},"canonical":"https:\/\/selariarosario.com.br\/atacado\/produto\/sela-americana-traseira-baliza-preta-c-havana-sr\/","og_locale":"pt_BR","og_type":"article","og_title":"Sela Americana Traseira Baliza - Selaria Rosario","og_description":"Sela Americana Traseira Baliza \u00e9 um modelo de alta qualidade e com um visual super moderno e funcionalidade excepcional: Essa \u00e9 sua verdadeira sela","og_url":"https:\/\/selariarosario.com.br\/atacado\/produto\/sela-americana-traseira-baliza-preta-c-havana-sr\/","og_site_name":"Selaria Rosario","article_modified_time":"2024-01-18T15:05:34+00:00","twitter_card":"summary_large_image","twitter_misc":{"Est. tempo de leitura":"2 minutos"},"schema":{"@context":"https:\/\/schema.org","@graph":[{"@type":"WebSite","@id":"https:\/\/selariarosario.com.br\/atacado\/#website","url":"https:\/\/selariarosario.com.br\/atacado\/","name":"Selaria Rosario","description":"","potentialAction":[{"@type":"SearchAction","target":{"@type":"EntryPoint","urlTemplate":"https:\/\/selariarosario.com.br\/atacado\/?s={search_term_string}"},"query-input":"required name=search_term_string"}],"inLanguage":"pt-BR"},{"@type":"ImageObject","@id":"https:\/\/selariarosario.com.br\/atacado\/produto\/sela-americana-traseira-baliza-preta-c-havana-sr\/#primaryimage","inLanguage":"pt-BR","url":"https:\/\/selariarosario.com.br\/atacado\/wp-content\/uploads\/2024\/01\/S.A.T.B.PRETA-C-HAVANA-03-SR.jpg","contentUrl":"https:\/\/selariarosario.com.br\/atacado\/wp-content\/uploads\/2024\/01\/S.A.T.B.PRETA-C-HAVANA-03-SR.jpg","width":1200,"height":1200},{"@type":"WebPage","@id":"https:\/\/selariarosario.com.br\/atacado\/produto\/sela-americana-traseira-baliza-preta-c-havana-sr\/#webpage","url":"https:\/\/selariarosario.com.br\/atacado\/produto\/sela-americana-traseira-baliza-preta-c-havana-sr\/","name":"Sela Americana Traseira Baliza - Selaria Rosario","isPartOf":{"@id":"https:\/\/selariarosario.com.br\/atacado\/#website"},"primaryImageOfPage":{"@id":"https:\/\/selariarosario.com.br\/atacado\/produto\/sela-americana-traseira-baliza-preta-c-havana-sr\/#primaryimage"},"datePublished":"2024-01-18T15:05:29+00:00","dateModified":"2024-01-18T15:05:34+00:00","description":"Sela Americana Traseira Baliza \u00e9 um modelo de alta qualidade e com um visual super moderno e funcionalidade excepcional: Essa \u00e9 sua verdadeira sela","breadcrumb":{"@id":"https:\/\/selariarosario.com.br\/atacado\/produto\/sela-americana-traseira-baliza-preta-c-havana-sr\/#breadcrumb"},"inLanguage":"pt-BR","potentialAction":[{"@type":"ReadAction","target":["https:\/\/selariarosario.com.br\/atacado\/produto\/sela-americana-traseira-baliza-preta-c-havana-sr\/"]}]},{"@type":"BreadcrumbList","@id":"https:\/\/selariarosario.com.br\/atacado\/produto\/sela-americana-traseira-baliza-preta-c-havana-sr\/#breadcrumb","itemListElement":[{"@type":"ListItem","position":1,"name":"In\u00edcio","item":"https:\/\/selariarosario.com.br\/atacado\/"},{"@type":"ListItem","position":2,"name":"Produtos","item":"https:\/\/selariarosario.com.br\/atacado\/produtos\/"},{"@type":"ListItem","position":3,"name":"Sela Americana Traseira Baliza Preta c\/Havana SR"}]}]}},"_links":{"self":[{"href":"https:\/\/selariarosario.com.br\/atacado\/wp-json\/wp\/v2\/product\/1982"}],"collection":[{"href":"https:\/\/selariarosario.com.br\/atacado\/wp-json\/wp\/v2\/product"}],"about":[{"href":"https:\/\/selariarosario.com.br\/atacado\/wp-json\/wp\/v2\/types\/product"}],"wp:featuredmedia":[{"embeddable":true,"href":"https:\/\/selariarosario.com.br\/atacado\/wp-json\/wp\/v2\/media\/1619"}],"wp:attachment":[{"href":"https:\/\/selariarosario.com.br\/atacado\/wp-json\/wp\/v2\/media?parent=1982"}],"wp:term":[{"taxonomy":"product_cat","embeddable":true,"href":"https:\/\/selariarosario.com.br\/atacado\/wp-json\/wp\/v2\/product_cat?post=1982"},{"taxonomy":"product_tag","embeddable":true,"href":"https:\/\/selariarosario.com.br\/atacado\/wp-json\/wp\/v2\/product_tag?post=1982"}],"curies":[{"name":"wp","href":"https:\/\/api.w.org\/{rel}","templated":true}]}}