{"id":1992,"date":"2024-01-18T12:05:31","date_gmt":"2024-01-18T15:05:31","guid":{"rendered":"https:\/\/selariarosario.com.br\/atacado\/?post_type=product&#038;p=1992"},"modified":"2024-01-18T12:05:36","modified_gmt":"2024-01-18T15:05:36","slug":"sela-australiana-boa-vista-entalhada-cafe-02-sr-2","status":"publish","type":"product","link":"https:\/\/selariarosario.com.br\/atacado\/produto\/sela-australiana-boa-vista-entalhada-cafe-02-sr-2\/","title":{"rendered":"Sela Australiana Boa Vista entalhada caf\u00e9 02-SR"},"content":{"rendered":"<p>Australiana Boa Vista caf\u00e9 \u00e9 um exemplo de excel\u00eancia e qualidade em cada detalhe. Totalmente entalhada \u00e0 m\u00e3o em um processo artesanal, essa sela \u00e9 verdadeiramente exclusiva, garantindo um acabamento de alto n\u00edvel e um visual impressionante. Esta \u00e9 Sua Sela Australiana verdadeira<\/p>\n<p>Fabricada em leg\u00edtimo couro de b\u00fafalo natural, selecionado e tratado, a Sela Australiana Boa Vista caf\u00e9 oferece uma resist\u00eancia excepcional, pois assim garante uma vida \u00fatil prolongada mesmo nas condi\u00e7\u00f5es mais exigentes. Os detalhes em entalhes feitos \u00e0 m\u00e3o, adicionam um toque de eleg\u00e2ncia e principalmente sofistica\u00e7\u00e3o ao design da sela.<\/p>\n<p>A arma\u00e7\u00e3o da sela Australiana Boa Vista caf\u00e9\u00a0 \u00e9 feita em fibra de vidro epox 16 polegadas, proporcionando assim resist\u00eancia e estabilidade. Confeccionamos o assento em espuma de alta densidade (D60), alcochoado e revestimos em couro vaqueta para oferecer o m\u00e1ximo de conforto ao cavaleiro. Al\u00e9m disso, os suadores em feltro de l\u00e3 com 12mm de espessura garantem a absor\u00e7\u00e3o do suor e o bem-estar do cavalo.Al\u00e9m das ferragens serem 100% em inox que n\u00e3o enferruja.<\/p>\n<p>Itens que acompanham sua Sela Australiana Boa Vista caf\u00e9 :<br \/>\n&#8211; 1 Par de Loro\u00a0 em couro leg\u00edtimo;<br \/>\n&#8211;\u00a0 Estribos de alum\u00ednio com couro leg\u00edtimo;<br \/>\n&#8211; 1 Par de Contral\u00e1tegos e\u00a0 tamb\u00e9m um par de l\u00e1tegos(apertadeiras) em couro leg\u00edtimo;<br \/>\n&#8211; Conjunto de barrigueira e cilha de l\u00e3, ferragens em inox, e tamb\u00e9m<br \/>\n&#8211; Uma\u00a0 Cabe\u00e7ada em couro leg\u00edtimo com regulagem e tamb\u00e9m uma r\u00e9dea de l\u00e3 torcida<\/p>\n<p>Op\u00e7\u00f5es de cores da Sela Australiana Boa Vista conforme abaixo:<\/p>\n<p>preta ,natural, rosa, caf\u00e9, vinho, havana<\/p>\n<p>Peso aproximado: 10 kgs<br \/>\nFabricante: Selaria ILS<br \/>\nGarantia: 2 anos de fabrica\u00e7\u00e3o<\/p>\n","protected":false},"excerpt":{"rendered":"<p>Sela Cavalgada confeccionada em couro de b\u00fafalo tratado, assento acolchoado em vaqueta, arma\u00e7\u00e3o de fibra epox para maior resist\u00eancia e leveza ; suadores em feltro. Abas com borrainas estofadas.Rebaixada artesanalmente,ferragens em inox. Sela bastante vers\u00e1til podendo ser usada em quase todas as ra\u00e7as e modalidades.<\/p>\n<p>Op\u00e7\u00f5es de cores:preta,caf\u00e9,vinho,marrom,natural,havana<\/p>\n<p>Op\u00e7\u00f5es:Arma\u00e7\u00e3o de fibra de vidro ou madeira enervada<\/p>\n","protected":false},"featured_media":1631,"template":"","meta":[],"product_cat":[26,27,17],"product_tag":[],"yoast_head":"<!-- This site is optimized with the Yoast SEO plugin v16.7 - https:\/\/yoast.com\/wordpress\/plugins\/seo\/ -->\n<title>Australiana Boa Vista caf\u00e9<\/title>\n<meta name=\"description\" content=\"Australiana Boa Vista caf\u00e9 : Sua verdadeira sela com um design diferente que oferere conforto, versatilidade e qualidade incompar\u00e1vel.\" \/>\n<meta name=\"robots\" content=\"index, follow, max-snippet:-1, max-image-preview:large, max-video-preview:-1\" \/>\n<link rel=\"canonical\" href=\"https:\/\/selariarosario.com.br\/atacado\/produto\/sela-australiana-boa-vista-entalhada-cafe-02-sr-2\/\" \/>\n<meta property=\"og:locale\" content=\"pt_BR\" \/>\n<meta property=\"og:type\" content=\"article\" \/>\n<meta property=\"og:title\" content=\"Australiana Boa Vista caf\u00e9\" \/>\n<meta property=\"og:description\" content=\"Australiana Boa Vista caf\u00e9 : Sua verdadeira sela com um design diferente que oferere conforto, versatilidade e qualidade incompar\u00e1vel.\" \/>\n<meta property=\"og:url\" content=\"https:\/\/selariarosario.com.br\/atacado\/produto\/sela-australiana-boa-vista-entalhada-cafe-02-sr-2\/\" \/>\n<meta property=\"og:site_name\" content=\"Selaria Rosario\" \/>\n<meta property=\"article:modified_time\" content=\"2024-01-18T15:05:36+00:00\" \/>\n<meta name=\"twitter:card\" content=\"summary_large_image\" \/>\n<meta name=\"twitter:label1\" content=\"Est. tempo de leitura\" \/>\n\t<meta name=\"twitter:data1\" content=\"2 minutos\" \/>\n<script type=\"application\/ld+json\" class=\"yoast-schema-graph\">{\"@context\":\"https:\/\/schema.org\",\"@graph\":[{\"@type\":\"WebSite\",\"@id\":\"https:\/\/selariarosario.com.br\/atacado\/#website\",\"url\":\"https:\/\/selariarosario.com.br\/atacado\/\",\"name\":\"Selaria Rosario\",\"description\":\"\",\"potentialAction\":[{\"@type\":\"SearchAction\",\"target\":{\"@type\":\"EntryPoint\",\"urlTemplate\":\"https:\/\/selariarosario.com.br\/atacado\/?s={search_term_string}\"},\"query-input\":\"required name=search_term_string\"}],\"inLanguage\":\"pt-BR\"},{\"@type\":\"ImageObject\",\"@id\":\"https:\/\/selariarosario.com.br\/atacado\/produto\/sela-australiana-boa-vista-entalhada-cafe-02-sr-2\/#primaryimage\",\"inLanguage\":\"pt-BR\",\"url\":\"https:\/\/selariarosario.com.br\/atacado\/wp-content\/uploads\/2024\/01\/SELA-BOA-VISTA-ENTALHADA-CAFE.jpg\",\"contentUrl\":\"https:\/\/selariarosario.com.br\/atacado\/wp-content\/uploads\/2024\/01\/SELA-BOA-VISTA-ENTALHADA-CAFE.jpg\",\"width\":1200,\"height\":1200},{\"@type\":\"WebPage\",\"@id\":\"https:\/\/selariarosario.com.br\/atacado\/produto\/sela-australiana-boa-vista-entalhada-cafe-02-sr-2\/#webpage\",\"url\":\"https:\/\/selariarosario.com.br\/atacado\/produto\/sela-australiana-boa-vista-entalhada-cafe-02-sr-2\/\",\"name\":\"Australiana Boa Vista caf\\u00e9\",\"isPartOf\":{\"@id\":\"https:\/\/selariarosario.com.br\/atacado\/#website\"},\"primaryImageOfPage\":{\"@id\":\"https:\/\/selariarosario.com.br\/atacado\/produto\/sela-australiana-boa-vista-entalhada-cafe-02-sr-2\/#primaryimage\"},\"datePublished\":\"2024-01-18T15:05:31+00:00\",\"dateModified\":\"2024-01-18T15:05:36+00:00\",\"description\":\"Australiana Boa Vista caf\\u00e9 : Sua verdadeira sela com um design diferente que oferere conforto, versatilidade e qualidade incompar\\u00e1vel.\",\"breadcrumb\":{\"@id\":\"https:\/\/selariarosario.com.br\/atacado\/produto\/sela-australiana-boa-vista-entalhada-cafe-02-sr-2\/#breadcrumb\"},\"inLanguage\":\"pt-BR\",\"potentialAction\":[{\"@type\":\"ReadAction\",\"target\":[\"https:\/\/selariarosario.com.br\/atacado\/produto\/sela-australiana-boa-vista-entalhada-cafe-02-sr-2\/\"]}]},{\"@type\":\"BreadcrumbList\",\"@id\":\"https:\/\/selariarosario.com.br\/atacado\/produto\/sela-australiana-boa-vista-entalhada-cafe-02-sr-2\/#breadcrumb\",\"itemListElement\":[{\"@type\":\"ListItem\",\"position\":1,\"name\":\"In\\u00edcio\",\"item\":\"https:\/\/selariarosario.com.br\/atacado\/\"},{\"@type\":\"ListItem\",\"position\":2,\"name\":\"Produtos\",\"item\":\"https:\/\/selariarosario.com.br\/atacado\/produtos\/\"},{\"@type\":\"ListItem\",\"position\":3,\"name\":\"Sela Australiana Boa Vista entalhada caf\\u00e9 02-SR\"}]}]}<\/script>\n<!-- \/ Yoast SEO plugin. -->","yoast_head_json":{"title":"Australiana Boa Vista caf\u00e9","description":"Australiana Boa Vista caf\u00e9 : Sua verdadeira sela com um design diferente que oferere conforto, versatilidade e qualidade incompar\u00e1vel.","robots":{"index":"index","follow":"follow","max-snippet":"max-snippet:-1","max-image-preview":"max-image-preview:large","max-video-preview":"max-video-preview:-1"},"canonical":"https:\/\/selariarosario.com.br\/atacado\/produto\/sela-australiana-boa-vista-entalhada-cafe-02-sr-2\/","og_locale":"pt_BR","og_type":"article","og_title":"Australiana Boa Vista caf\u00e9","og_description":"Australiana Boa Vista caf\u00e9 : Sua verdadeira sela com um design diferente que oferere conforto, versatilidade e qualidade incompar\u00e1vel.","og_url":"https:\/\/selariarosario.com.br\/atacado\/produto\/sela-australiana-boa-vista-entalhada-cafe-02-sr-2\/","og_site_name":"Selaria Rosario","article_modified_time":"2024-01-18T15:05:36+00:00","twitter_card":"summary_large_image","twitter_misc":{"Est. tempo de leitura":"2 minutos"},"schema":{"@context":"https:\/\/schema.org","@graph":[{"@type":"WebSite","@id":"https:\/\/selariarosario.com.br\/atacado\/#website","url":"https:\/\/selariarosario.com.br\/atacado\/","name":"Selaria Rosario","description":"","potentialAction":[{"@type":"SearchAction","target":{"@type":"EntryPoint","urlTemplate":"https:\/\/selariarosario.com.br\/atacado\/?s={search_term_string}"},"query-input":"required name=search_term_string"}],"inLanguage":"pt-BR"},{"@type":"ImageObject","@id":"https:\/\/selariarosario.com.br\/atacado\/produto\/sela-australiana-boa-vista-entalhada-cafe-02-sr-2\/#primaryimage","inLanguage":"pt-BR","url":"https:\/\/selariarosario.com.br\/atacado\/wp-content\/uploads\/2024\/01\/SELA-BOA-VISTA-ENTALHADA-CAFE.jpg","contentUrl":"https:\/\/selariarosario.com.br\/atacado\/wp-content\/uploads\/2024\/01\/SELA-BOA-VISTA-ENTALHADA-CAFE.jpg","width":1200,"height":1200},{"@type":"WebPage","@id":"https:\/\/selariarosario.com.br\/atacado\/produto\/sela-australiana-boa-vista-entalhada-cafe-02-sr-2\/#webpage","url":"https:\/\/selariarosario.com.br\/atacado\/produto\/sela-australiana-boa-vista-entalhada-cafe-02-sr-2\/","name":"Australiana Boa Vista caf\u00e9","isPartOf":{"@id":"https:\/\/selariarosario.com.br\/atacado\/#website"},"primaryImageOfPage":{"@id":"https:\/\/selariarosario.com.br\/atacado\/produto\/sela-australiana-boa-vista-entalhada-cafe-02-sr-2\/#primaryimage"},"datePublished":"2024-01-18T15:05:31+00:00","dateModified":"2024-01-18T15:05:36+00:00","description":"Australiana Boa Vista caf\u00e9 : Sua verdadeira sela com um design diferente que oferere conforto, versatilidade e qualidade incompar\u00e1vel.","breadcrumb":{"@id":"https:\/\/selariarosario.com.br\/atacado\/produto\/sela-australiana-boa-vista-entalhada-cafe-02-sr-2\/#breadcrumb"},"inLanguage":"pt-BR","potentialAction":[{"@type":"ReadAction","target":["https:\/\/selariarosario.com.br\/atacado\/produto\/sela-australiana-boa-vista-entalhada-cafe-02-sr-2\/"]}]},{"@type":"BreadcrumbList","@id":"https:\/\/selariarosario.com.br\/atacado\/produto\/sela-australiana-boa-vista-entalhada-cafe-02-sr-2\/#breadcrumb","itemListElement":[{"@type":"ListItem","position":1,"name":"In\u00edcio","item":"https:\/\/selariarosario.com.br\/atacado\/"},{"@type":"ListItem","position":2,"name":"Produtos","item":"https:\/\/selariarosario.com.br\/atacado\/produtos\/"},{"@type":"ListItem","position":3,"name":"Sela Australiana Boa Vista entalhada caf\u00e9 02-SR"}]}]}},"_links":{"self":[{"href":"https:\/\/selariarosario.com.br\/atacado\/wp-json\/wp\/v2\/product\/1992"}],"collection":[{"href":"https:\/\/selariarosario.com.br\/atacado\/wp-json\/wp\/v2\/product"}],"about":[{"href":"https:\/\/selariarosario.com.br\/atacado\/wp-json\/wp\/v2\/types\/product"}],"wp:featuredmedia":[{"embeddable":true,"href":"https:\/\/selariarosario.com.br\/atacado\/wp-json\/wp\/v2\/media\/1631"}],"wp:attachment":[{"href":"https:\/\/selariarosario.com.br\/atacado\/wp-json\/wp\/v2\/media?parent=1992"}],"wp:term":[{"taxonomy":"product_cat","embeddable":true,"href":"https:\/\/selariarosario.com.br\/atacado\/wp-json\/wp\/v2\/product_cat?post=1992"},{"taxonomy":"product_tag","embeddable":true,"href":"https:\/\/selariarosario.com.br\/atacado\/wp-json\/wp\/v2\/product_tag?post=1992"}],"curies":[{"name":"wp","href":"https:\/\/api.w.org\/{rel}","templated":true}]}}