{"id":2011,"date":"2024-01-18T12:05:41","date_gmt":"2024-01-18T15:05:41","guid":{"rendered":"https:\/\/selariarosario.com.br\/atacado\/?post_type=product&#038;p=2011"},"modified":"2024-01-18T12:05:45","modified_gmt":"2024-01-18T15:05:45","slug":"sela-para-doma-sr-2","status":"publish","type":"product","link":"https:\/\/selariarosario.com.br\/atacado\/produto\/sela-para-doma-sr-2\/","title":{"rendered":"Sela para Doma SR"},"content":{"rendered":"<p>Sela para Doma SR<\/p>\n<p>Sela para Doma SR\u00a0 fabricada em leg\u00edtimo couro de b\u00fafalo, tratado,\u00a0 o que proporciona maior resist\u00eancia e prolonga a vida \u00fatil do produto. As ferragens s\u00e3o em inox , livre de ferrugens. Arma\u00e7\u00e3o em fibra de vidro epox. Assento com\u00a0 espuma de alta densidade (D60),em nobuck bordado , e suadores em feltro de l\u00e3 com 12mm de espessura.<\/p>\n<p>Produto fabricado sobre os mais r\u00edgidos padr\u00f5es de qualidade, com fino acabamento.<\/p>\n<p>A escolha de uma sela para doma deve-se levar em considera\u00e7\u00e3o alguns aspectos importantes conforme citado abaixo:<\/p>\n<p>o conforto do cavalo e do cavaleiro, a estabilidade durante a montaria e a adequa\u00e7\u00e3o ao tipo de atividade realizada.<\/p>\n<p>Uma op\u00e7\u00e3o comum para a doma cl\u00e1ssica \u00e9 a sela de adestramento, que possui assento profundo e abas longas que ajudam a manter a posi\u00e7\u00e3o correta do cavaleiro. Tamb\u00e9m \u00e9 importante que a sela possua um bom suporte para as pernas, como barrigueiras e coxilhas, pois evita que o cavaleiro perca o equil\u00edbrio durante movimentos mais avan\u00e7ados.<\/p>\n<p>J\u00e1 para a doma de campo ou de trabalho,\u00a0 o ideal s\u00e3o as selas de vaquejada ou de rodeio , pois oferecem maior estabilidade para o cavaleiro durante os movimentos r\u00e1pidos e bruscos realizados nessas modalidades.<\/p>\n<p>Independentemente do tipo de sela escolhida, \u00e9 essencial que ela seja bem ajustada ao cavalo, para evitar desconforto e les\u00f5es. Recomenda-se contar com a ajuda de um profissional especializado na hora de escolher e ajustar a sela para doma<\/p>\n<p>Op\u00e7\u00f5es de cores: Marrom, preta,havana,vinho, caf\u00e9,natural,dentre outras<\/p>\n","protected":false},"excerpt":{"rendered":"<p>Sela Doma para cavalos, com assento bordado, completa, fabricada em leg\u00edtimo couro de b\u00fafalo, selecionado e tratado, proporcionando maior resist\u00eancia e prolongando a vida \u00fatil do produto. Detalhes em entalhes feitos a m\u00e3o na cor preto. Composta de argolas,meias argolas e fivelas em alum\u00ednio, livre de ferrugens. Arma\u00e7\u00e3o em fibra de vidro epox. Assento confeccionado em espuma de alta densidade (D60),em nobuck bordado , e suadores em feltro de l\u00e3 com 12mm de espessura.<\/p>\n<p>Produto fabricado sobre os mais r\u00edgidos padr\u00f5es de qualidade, com fino acabamento. Produto vers\u00e1til, podendo ser usado na maioria das ra\u00e7as.<\/p>\n<p>Op\u00e7\u00f5es de cores: Marrom, preta,havana,vinho, caf\u00e9,natural,dentre outras<\/p>\n","protected":false},"featured_media":1654,"template":"","meta":[],"product_cat":[26,34,17],"product_tag":[],"yoast_head":"<!-- This site is optimized with the Yoast SEO plugin v16.7 - https:\/\/yoast.com\/wordpress\/plugins\/seo\/ -->\n<title>Sela para Doma SR<\/title>\n<meta name=\"description\" content=\"Sela para Doma SR \u00e9 essencial que ela seja bem ajustada ao cavalo, para evitar desconforto e les\u00f5es. Recomenda-se contar com um profissional especializado\" \/>\n<meta name=\"robots\" content=\"index, follow, max-snippet:-1, max-image-preview:large, max-video-preview:-1\" \/>\n<link rel=\"canonical\" href=\"https:\/\/selariarosario.com.br\/atacado\/produto\/sela-para-doma-sr-2\/\" \/>\n<meta property=\"og:locale\" content=\"pt_BR\" \/>\n<meta property=\"og:type\" content=\"article\" \/>\n<meta property=\"og:title\" content=\"Sela para Doma SR\" \/>\n<meta property=\"og:description\" content=\"Sela para Doma SR \u00e9 essencial que ela seja bem ajustada ao cavalo, para evitar desconforto e les\u00f5es. Recomenda-se contar com um profissional especializado\" \/>\n<meta property=\"og:url\" content=\"https:\/\/selariarosario.com.br\/atacado\/produto\/sela-para-doma-sr-2\/\" \/>\n<meta property=\"og:site_name\" content=\"Selaria Rosario\" \/>\n<meta property=\"article:modified_time\" content=\"2024-01-18T15:05:45+00:00\" \/>\n<meta name=\"twitter:card\" content=\"summary_large_image\" \/>\n<meta name=\"twitter:label1\" content=\"Est. tempo de leitura\" \/>\n\t<meta name=\"twitter:data1\" content=\"2 minutos\" \/>\n<script type=\"application\/ld+json\" class=\"yoast-schema-graph\">{\"@context\":\"https:\/\/schema.org\",\"@graph\":[{\"@type\":\"WebSite\",\"@id\":\"https:\/\/selariarosario.com.br\/atacado\/#website\",\"url\":\"https:\/\/selariarosario.com.br\/atacado\/\",\"name\":\"Selaria Rosario\",\"description\":\"\",\"potentialAction\":[{\"@type\":\"SearchAction\",\"target\":{\"@type\":\"EntryPoint\",\"urlTemplate\":\"https:\/\/selariarosario.com.br\/atacado\/?s={search_term_string}\"},\"query-input\":\"required name=search_term_string\"}],\"inLanguage\":\"pt-BR\"},{\"@type\":\"ImageObject\",\"@id\":\"https:\/\/selariarosario.com.br\/atacado\/produto\/sela-para-doma-sr-2\/#primaryimage\",\"inLanguage\":\"pt-BR\",\"url\":\"https:\/\/selariarosario.com.br\/atacado\/wp-content\/uploads\/2024\/01\/SELA-DE-DOMA.jpg\",\"contentUrl\":\"https:\/\/selariarosario.com.br\/atacado\/wp-content\/uploads\/2024\/01\/SELA-DE-DOMA.jpg\",\"width\":1200,\"height\":1200},{\"@type\":\"WebPage\",\"@id\":\"https:\/\/selariarosario.com.br\/atacado\/produto\/sela-para-doma-sr-2\/#webpage\",\"url\":\"https:\/\/selariarosario.com.br\/atacado\/produto\/sela-para-doma-sr-2\/\",\"name\":\"Sela para Doma SR\",\"isPartOf\":{\"@id\":\"https:\/\/selariarosario.com.br\/atacado\/#website\"},\"primaryImageOfPage\":{\"@id\":\"https:\/\/selariarosario.com.br\/atacado\/produto\/sela-para-doma-sr-2\/#primaryimage\"},\"datePublished\":\"2024-01-18T15:05:41+00:00\",\"dateModified\":\"2024-01-18T15:05:45+00:00\",\"description\":\"Sela para Doma SR \\u00e9 essencial que ela seja bem ajustada ao cavalo, para evitar desconforto e les\\u00f5es. Recomenda-se contar com um profissional especializado\",\"breadcrumb\":{\"@id\":\"https:\/\/selariarosario.com.br\/atacado\/produto\/sela-para-doma-sr-2\/#breadcrumb\"},\"inLanguage\":\"pt-BR\",\"potentialAction\":[{\"@type\":\"ReadAction\",\"target\":[\"https:\/\/selariarosario.com.br\/atacado\/produto\/sela-para-doma-sr-2\/\"]}]},{\"@type\":\"BreadcrumbList\",\"@id\":\"https:\/\/selariarosario.com.br\/atacado\/produto\/sela-para-doma-sr-2\/#breadcrumb\",\"itemListElement\":[{\"@type\":\"ListItem\",\"position\":1,\"name\":\"In\\u00edcio\",\"item\":\"https:\/\/selariarosario.com.br\/atacado\/\"},{\"@type\":\"ListItem\",\"position\":2,\"name\":\"Produtos\",\"item\":\"https:\/\/selariarosario.com.br\/atacado\/produtos\/\"},{\"@type\":\"ListItem\",\"position\":3,\"name\":\"Sela para Doma SR\"}]}]}<\/script>\n<!-- \/ Yoast SEO plugin. -->","yoast_head_json":{"title":"Sela para Doma SR","description":"Sela para Doma SR \u00e9 essencial que ela seja bem ajustada ao cavalo, para evitar desconforto e les\u00f5es. Recomenda-se contar com um profissional especializado","robots":{"index":"index","follow":"follow","max-snippet":"max-snippet:-1","max-image-preview":"max-image-preview:large","max-video-preview":"max-video-preview:-1"},"canonical":"https:\/\/selariarosario.com.br\/atacado\/produto\/sela-para-doma-sr-2\/","og_locale":"pt_BR","og_type":"article","og_title":"Sela para Doma SR","og_description":"Sela para Doma SR \u00e9 essencial que ela seja bem ajustada ao cavalo, para evitar desconforto e les\u00f5es. Recomenda-se contar com um profissional especializado","og_url":"https:\/\/selariarosario.com.br\/atacado\/produto\/sela-para-doma-sr-2\/","og_site_name":"Selaria Rosario","article_modified_time":"2024-01-18T15:05:45+00:00","twitter_card":"summary_large_image","twitter_misc":{"Est. tempo de leitura":"2 minutos"},"schema":{"@context":"https:\/\/schema.org","@graph":[{"@type":"WebSite","@id":"https:\/\/selariarosario.com.br\/atacado\/#website","url":"https:\/\/selariarosario.com.br\/atacado\/","name":"Selaria Rosario","description":"","potentialAction":[{"@type":"SearchAction","target":{"@type":"EntryPoint","urlTemplate":"https:\/\/selariarosario.com.br\/atacado\/?s={search_term_string}"},"query-input":"required name=search_term_string"}],"inLanguage":"pt-BR"},{"@type":"ImageObject","@id":"https:\/\/selariarosario.com.br\/atacado\/produto\/sela-para-doma-sr-2\/#primaryimage","inLanguage":"pt-BR","url":"https:\/\/selariarosario.com.br\/atacado\/wp-content\/uploads\/2024\/01\/SELA-DE-DOMA.jpg","contentUrl":"https:\/\/selariarosario.com.br\/atacado\/wp-content\/uploads\/2024\/01\/SELA-DE-DOMA.jpg","width":1200,"height":1200},{"@type":"WebPage","@id":"https:\/\/selariarosario.com.br\/atacado\/produto\/sela-para-doma-sr-2\/#webpage","url":"https:\/\/selariarosario.com.br\/atacado\/produto\/sela-para-doma-sr-2\/","name":"Sela para Doma SR","isPartOf":{"@id":"https:\/\/selariarosario.com.br\/atacado\/#website"},"primaryImageOfPage":{"@id":"https:\/\/selariarosario.com.br\/atacado\/produto\/sela-para-doma-sr-2\/#primaryimage"},"datePublished":"2024-01-18T15:05:41+00:00","dateModified":"2024-01-18T15:05:45+00:00","description":"Sela para Doma SR \u00e9 essencial que ela seja bem ajustada ao cavalo, para evitar desconforto e les\u00f5es. Recomenda-se contar com um profissional especializado","breadcrumb":{"@id":"https:\/\/selariarosario.com.br\/atacado\/produto\/sela-para-doma-sr-2\/#breadcrumb"},"inLanguage":"pt-BR","potentialAction":[{"@type":"ReadAction","target":["https:\/\/selariarosario.com.br\/atacado\/produto\/sela-para-doma-sr-2\/"]}]},{"@type":"BreadcrumbList","@id":"https:\/\/selariarosario.com.br\/atacado\/produto\/sela-para-doma-sr-2\/#breadcrumb","itemListElement":[{"@type":"ListItem","position":1,"name":"In\u00edcio","item":"https:\/\/selariarosario.com.br\/atacado\/"},{"@type":"ListItem","position":2,"name":"Produtos","item":"https:\/\/selariarosario.com.br\/atacado\/produtos\/"},{"@type":"ListItem","position":3,"name":"Sela para Doma SR"}]}]}},"_links":{"self":[{"href":"https:\/\/selariarosario.com.br\/atacado\/wp-json\/wp\/v2\/product\/2011"}],"collection":[{"href":"https:\/\/selariarosario.com.br\/atacado\/wp-json\/wp\/v2\/product"}],"about":[{"href":"https:\/\/selariarosario.com.br\/atacado\/wp-json\/wp\/v2\/types\/product"}],"wp:featuredmedia":[{"embeddable":true,"href":"https:\/\/selariarosario.com.br\/atacado\/wp-json\/wp\/v2\/media\/1654"}],"wp:attachment":[{"href":"https:\/\/selariarosario.com.br\/atacado\/wp-json\/wp\/v2\/media?parent=2011"}],"wp:term":[{"taxonomy":"product_cat","embeddable":true,"href":"https:\/\/selariarosario.com.br\/atacado\/wp-json\/wp\/v2\/product_cat?post=2011"},{"taxonomy":"product_tag","embeddable":true,"href":"https:\/\/selariarosario.com.br\/atacado\/wp-json\/wp\/v2\/product_tag?post=2011"}],"curies":[{"name":"wp","href":"https:\/\/api.w.org\/{rel}","templated":true}]}}