{"id":2015,"date":"2024-01-18T12:05:41","date_gmt":"2024-01-18T15:05:41","guid":{"rendered":"https:\/\/selariarosario.com.br\/atacado\/?post_type=product&#038;p=2015"},"modified":"2024-01-18T12:05:45","modified_gmt":"2024-01-18T15:05:45","slug":"sela-de-pista-c-cabeca-bordada-01-sr-2","status":"publish","type":"product","link":"https:\/\/selariarosario.com.br\/atacado\/produto\/sela-de-pista-c-cabeca-bordada-01-sr-2\/","title":{"rendered":"Sela de Pista C\/cabe\u00e7a bordada 01 SR"},"content":{"rendered":"<p> A Sela de Pista bordada cabe\u00e7a  \u00e9 um item de alta qualidade, especialmente projetado para concursos de marcha e passeios. Com um acabamento refinado, \u00e9 fabricada com couro leg\u00edtimo e selecionado de b\u00fafalo, garantindo durabilidade e resist\u00eancia. Marcha com puro requinte.<\/p>\n<p>As abas laterais equipam-se com borrainas de Neoprene revestidas em couro nobuck, oferecendo assim um ajuste confort\u00e1vel ao cavalo. Al\u00e9m disso, possui um suporte em couro na parte traseira, projetado para a fixa\u00e7\u00e3o do chicote.<br \/>\nMarcha com puro requinte<br \/>\nO assento reveste-se em nobuck e incorpora uma camada de espuma de alta densidade (D60), proporcionando, dessa forma, o m\u00e1ximo conforto ao cavaleiro ou \u00e0 amazona durante longas horas de montaria.<\/p>\n<p>A sela conta com meia argolas em a\u00e7o inoxid\u00e1vel estrategicamente colocadas para a fixa\u00e7\u00e3o dos l\u00e1tegos, contra-l\u00e1tegos, peitorais e parte traseira, garantindo seguran\u00e7a e praticidade. Essas argolas s\u00e3o livres de ferrugem, garantindo sobretudo\u00a0 sua durabilidade mesmo em condi\u00e7\u00f5es adversas.<\/p>\n<p>A sela possui uma arma\u00e7\u00e3o feita de fibra de vidro, o que confere resist\u00eancia e leveza . Os suadores revestidos com camur\u00e7a oferecem um toque suave, evitando assim, desconforto para o cavalo.<\/p>\n<p>Sela Pista bordada cabe\u00e7a \u00e9 a escolha perfeita para aqueles que buscam um equipamento de alta qualidade e desempenho para competi\u00e7\u00f5es de marcha e passeios. Seu design sofisticado e materiais selecionados garantem conforto, durabilidade e principalmente estilo para o cavaleiro ou a amazona exigente.<br \/>\nSela de Pista top de Linha para Concurso de Marcha, tipo Exporta\u00e7\u00e3o modelo profissional confeccionada em couro de b\u00fafalo tratado, assento\u00a0 e borrainas em nobuck com espuma D-60, sela lisa, arma\u00e7\u00e3o em fibra epox 15 polegadas  para maior leveza e suadores 100% \u00a0feltro. Ferragens em inox. Sela bastante vers\u00e1til podendo ser usada em quase todas as ra\u00e7as e modalidades. Indicada para Concurso.<\/p>\n","protected":false},"excerpt":{"rendered":"<p>Sela de Pista Ros\u00e1rio, ideal para concurso de marcha e passeio, fino acabamento, fabricada em couro de b\u00fafalo leg\u00edtimo e selecionado,\u00a0 abas laterais com borrainas de Neoprene revestidas em couro nobuck, suporte em couro para chicote na parte traseira.Assento tamb\u00e9m revestido em nobuck com espuma de alta densidade (D60), proporcionando maior conforto ao cavaleiro\/amazona, meia argolas em a\u00e7o inox para l\u00e1tegos, contra-l\u00e1tegos, fixa\u00e7\u00e3o de peitorais e parte traseira, livre de ferrugens. Arma\u00e7\u00e3o em fibra de vidro, suadores de feltro 12mm revestido.<\/p>\n<p>Op\u00e7\u00f5es de cores: preta,marrom, caf\u00e9,havana<\/p>\n","protected":false},"featured_media":1664,"template":"","meta":[],"product_cat":[26,30,17],"product_tag":[],"yoast_head":"<!-- This site is optimized with the Yoast SEO plugin v16.7 - https:\/\/yoast.com\/wordpress\/plugins\/seo\/ -->\n<title>Sela Pista bordada cabe\u00e7a<\/title>\n<meta name=\"description\" content=\"A Sela de Pista bordada cabe\u00e7a \u00e9 um item de alta qualidade, especialmente projetado para concursos de marcha e passeios.\" \/>\n<meta name=\"robots\" content=\"index, follow, max-snippet:-1, max-image-preview:large, max-video-preview:-1\" \/>\n<link rel=\"canonical\" href=\"https:\/\/selariarosario.com.br\/atacado\/produto\/sela-de-pista-c-cabeca-bordada-01-sr-2\/\" \/>\n<meta property=\"og:locale\" content=\"pt_BR\" \/>\n<meta property=\"og:type\" content=\"article\" \/>\n<meta property=\"og:title\" content=\"Sela Pista bordada cabe\u00e7a\" \/>\n<meta property=\"og:description\" content=\"A Sela de Pista bordada cabe\u00e7a \u00e9 um item de alta qualidade, especialmente projetado para concursos de marcha e passeios.\" \/>\n<meta property=\"og:url\" content=\"https:\/\/selariarosario.com.br\/atacado\/produto\/sela-de-pista-c-cabeca-bordada-01-sr-2\/\" \/>\n<meta property=\"og:site_name\" content=\"Selaria Rosario\" \/>\n<meta property=\"article:modified_time\" content=\"2024-01-18T15:05:45+00:00\" \/>\n<meta name=\"twitter:card\" content=\"summary_large_image\" \/>\n<meta name=\"twitter:label1\" content=\"Est. tempo de leitura\" \/>\n\t<meta name=\"twitter:data1\" content=\"1 minuto\" \/>\n<script type=\"application\/ld+json\" class=\"yoast-schema-graph\">{\"@context\":\"https:\/\/schema.org\",\"@graph\":[{\"@type\":\"WebSite\",\"@id\":\"https:\/\/selariarosario.com.br\/atacado\/#website\",\"url\":\"https:\/\/selariarosario.com.br\/atacado\/\",\"name\":\"Selaria Rosario\",\"description\":\"\",\"potentialAction\":[{\"@type\":\"SearchAction\",\"target\":{\"@type\":\"EntryPoint\",\"urlTemplate\":\"https:\/\/selariarosario.com.br\/atacado\/?s={search_term_string}\"},\"query-input\":\"required name=search_term_string\"}],\"inLanguage\":\"pt-BR\"},{\"@type\":\"ImageObject\",\"@id\":\"https:\/\/selariarosario.com.br\/atacado\/produto\/sela-de-pista-c-cabeca-bordada-01-sr-2\/#primaryimage\",\"inLanguage\":\"pt-BR\",\"url\":\"https:\/\/selariarosario.com.br\/atacado\/wp-content\/uploads\/2024\/01\/SELA-DE-PISTA-COM-CABECA.jpg\",\"contentUrl\":\"https:\/\/selariarosario.com.br\/atacado\/wp-content\/uploads\/2024\/01\/SELA-DE-PISTA-COM-CABECA.jpg\",\"width\":1200,\"height\":1200},{\"@type\":\"WebPage\",\"@id\":\"https:\/\/selariarosario.com.br\/atacado\/produto\/sela-de-pista-c-cabeca-bordada-01-sr-2\/#webpage\",\"url\":\"https:\/\/selariarosario.com.br\/atacado\/produto\/sela-de-pista-c-cabeca-bordada-01-sr-2\/\",\"name\":\"Sela Pista bordada cabe\\u00e7a\",\"isPartOf\":{\"@id\":\"https:\/\/selariarosario.com.br\/atacado\/#website\"},\"primaryImageOfPage\":{\"@id\":\"https:\/\/selariarosario.com.br\/atacado\/produto\/sela-de-pista-c-cabeca-bordada-01-sr-2\/#primaryimage\"},\"datePublished\":\"2024-01-18T15:05:41+00:00\",\"dateModified\":\"2024-01-18T15:05:45+00:00\",\"description\":\"A Sela de Pista bordada cabe\\u00e7a \\u00e9 um item de alta qualidade, especialmente projetado para concursos de marcha e passeios.\",\"breadcrumb\":{\"@id\":\"https:\/\/selariarosario.com.br\/atacado\/produto\/sela-de-pista-c-cabeca-bordada-01-sr-2\/#breadcrumb\"},\"inLanguage\":\"pt-BR\",\"potentialAction\":[{\"@type\":\"ReadAction\",\"target\":[\"https:\/\/selariarosario.com.br\/atacado\/produto\/sela-de-pista-c-cabeca-bordada-01-sr-2\/\"]}]},{\"@type\":\"BreadcrumbList\",\"@id\":\"https:\/\/selariarosario.com.br\/atacado\/produto\/sela-de-pista-c-cabeca-bordada-01-sr-2\/#breadcrumb\",\"itemListElement\":[{\"@type\":\"ListItem\",\"position\":1,\"name\":\"In\\u00edcio\",\"item\":\"https:\/\/selariarosario.com.br\/atacado\/\"},{\"@type\":\"ListItem\",\"position\":2,\"name\":\"Produtos\",\"item\":\"https:\/\/selariarosario.com.br\/atacado\/produtos\/\"},{\"@type\":\"ListItem\",\"position\":3,\"name\":\"Sela de Pista C\/cabe\\u00e7a bordada 01 SR\"}]}]}<\/script>\n<!-- \/ Yoast SEO plugin. -->","yoast_head_json":{"title":"Sela Pista bordada cabe\u00e7a","description":"A Sela de Pista bordada cabe\u00e7a \u00e9 um item de alta qualidade, especialmente projetado para concursos de marcha e passeios.","robots":{"index":"index","follow":"follow","max-snippet":"max-snippet:-1","max-image-preview":"max-image-preview:large","max-video-preview":"max-video-preview:-1"},"canonical":"https:\/\/selariarosario.com.br\/atacado\/produto\/sela-de-pista-c-cabeca-bordada-01-sr-2\/","og_locale":"pt_BR","og_type":"article","og_title":"Sela Pista bordada cabe\u00e7a","og_description":"A Sela de Pista bordada cabe\u00e7a \u00e9 um item de alta qualidade, especialmente projetado para concursos de marcha e passeios.","og_url":"https:\/\/selariarosario.com.br\/atacado\/produto\/sela-de-pista-c-cabeca-bordada-01-sr-2\/","og_site_name":"Selaria Rosario","article_modified_time":"2024-01-18T15:05:45+00:00","twitter_card":"summary_large_image","twitter_misc":{"Est. tempo de leitura":"1 minuto"},"schema":{"@context":"https:\/\/schema.org","@graph":[{"@type":"WebSite","@id":"https:\/\/selariarosario.com.br\/atacado\/#website","url":"https:\/\/selariarosario.com.br\/atacado\/","name":"Selaria Rosario","description":"","potentialAction":[{"@type":"SearchAction","target":{"@type":"EntryPoint","urlTemplate":"https:\/\/selariarosario.com.br\/atacado\/?s={search_term_string}"},"query-input":"required name=search_term_string"}],"inLanguage":"pt-BR"},{"@type":"ImageObject","@id":"https:\/\/selariarosario.com.br\/atacado\/produto\/sela-de-pista-c-cabeca-bordada-01-sr-2\/#primaryimage","inLanguage":"pt-BR","url":"https:\/\/selariarosario.com.br\/atacado\/wp-content\/uploads\/2024\/01\/SELA-DE-PISTA-COM-CABECA.jpg","contentUrl":"https:\/\/selariarosario.com.br\/atacado\/wp-content\/uploads\/2024\/01\/SELA-DE-PISTA-COM-CABECA.jpg","width":1200,"height":1200},{"@type":"WebPage","@id":"https:\/\/selariarosario.com.br\/atacado\/produto\/sela-de-pista-c-cabeca-bordada-01-sr-2\/#webpage","url":"https:\/\/selariarosario.com.br\/atacado\/produto\/sela-de-pista-c-cabeca-bordada-01-sr-2\/","name":"Sela Pista bordada cabe\u00e7a","isPartOf":{"@id":"https:\/\/selariarosario.com.br\/atacado\/#website"},"primaryImageOfPage":{"@id":"https:\/\/selariarosario.com.br\/atacado\/produto\/sela-de-pista-c-cabeca-bordada-01-sr-2\/#primaryimage"},"datePublished":"2024-01-18T15:05:41+00:00","dateModified":"2024-01-18T15:05:45+00:00","description":"A Sela de Pista bordada cabe\u00e7a \u00e9 um item de alta qualidade, especialmente projetado para concursos de marcha e passeios.","breadcrumb":{"@id":"https:\/\/selariarosario.com.br\/atacado\/produto\/sela-de-pista-c-cabeca-bordada-01-sr-2\/#breadcrumb"},"inLanguage":"pt-BR","potentialAction":[{"@type":"ReadAction","target":["https:\/\/selariarosario.com.br\/atacado\/produto\/sela-de-pista-c-cabeca-bordada-01-sr-2\/"]}]},{"@type":"BreadcrumbList","@id":"https:\/\/selariarosario.com.br\/atacado\/produto\/sela-de-pista-c-cabeca-bordada-01-sr-2\/#breadcrumb","itemListElement":[{"@type":"ListItem","position":1,"name":"In\u00edcio","item":"https:\/\/selariarosario.com.br\/atacado\/"},{"@type":"ListItem","position":2,"name":"Produtos","item":"https:\/\/selariarosario.com.br\/atacado\/produtos\/"},{"@type":"ListItem","position":3,"name":"Sela de Pista C\/cabe\u00e7a bordada 01 SR"}]}]}},"_links":{"self":[{"href":"https:\/\/selariarosario.com.br\/atacado\/wp-json\/wp\/v2\/product\/2015"}],"collection":[{"href":"https:\/\/selariarosario.com.br\/atacado\/wp-json\/wp\/v2\/product"}],"about":[{"href":"https:\/\/selariarosario.com.br\/atacado\/wp-json\/wp\/v2\/types\/product"}],"wp:featuredmedia":[{"embeddable":true,"href":"https:\/\/selariarosario.com.br\/atacado\/wp-json\/wp\/v2\/media\/1664"}],"wp:attachment":[{"href":"https:\/\/selariarosario.com.br\/atacado\/wp-json\/wp\/v2\/media?parent=2015"}],"wp:term":[{"taxonomy":"product_cat","embeddable":true,"href":"https:\/\/selariarosario.com.br\/atacado\/wp-json\/wp\/v2\/product_cat?post=2015"},{"taxonomy":"product_tag","embeddable":true,"href":"https:\/\/selariarosario.com.br\/atacado\/wp-json\/wp\/v2\/product_tag?post=2015"}],"curies":[{"name":"wp","href":"https:\/\/api.w.org\/{rel}","templated":true}]}}