{"id":2019,"date":"2024-01-18T12:05:42","date_gmt":"2024-01-18T15:05:42","guid":{"rendered":"https:\/\/selariarosario.com.br\/atacado\/?post_type=product&#038;p=2019"},"modified":"2024-01-18T12:05:46","modified_gmt":"2024-01-18T15:05:46","slug":"sela-sancarlos-c-cabeca-sr-2","status":"publish","type":"product","link":"https:\/\/selariarosario.com.br\/atacado\/produto\/sela-sancarlos-c-cabeca-sr-2\/","title":{"rendered":"Sela SanCarlos c\/cabe\u00e7a SR"},"content":{"rendered":"<p>SELA SANCARLOS MARROM CABE\u00c7A \u00e9 a escolha ideal para os amantes de equinos que buscam tanto versatilidade, conforto e sobretudo qualidade.Por essa raz\u00e3o a SELA SANCARLOS MARROM CABE\u00c7A \u00e9 Constru\u00edda sobre uma resistente arma\u00e7\u00e3o de fibra ep\u00f3xi, sendo uma companheira confi\u00e1vel tanto no dia a dia de trabalho como em longas viagens e tamb\u00e9m uma variedade de modalidades de esportes equestres.<br \/>\nEssa sela possui um c\u00f4modo diferenciado,pois tem uma a inclina\u00e7\u00e3o perfeita que segue as regras exigidas pelas atividades nas quais atua.Por isso ela \u00e9 fabricado em COURO LEG\u00cdTIMO DE B\u00daFALO, selecionado e tratado. Com ferragens em a\u00e7o inox e os suadores em feltro de l\u00e3.Al\u00e9m do assento alcochoado e super macio com interior em espuma de alta densidade D60, 3cm e 10cm de espessura,o que torna sua montaria mais perfeita e prazerosa.Enfim \u00e9 um  produto fabricado sobre os mais r\u00edgidos padr\u00f5es de qualidade e seguran\u00e7a. <\/p>\n<p>  Composi\u00e7\u00e3o da SELA SANCARLOS MARROM CABE\u00c7A:<\/p>\n<p> &#8211; Arma\u00e7\u00e3o em fibra de vidro  16 polegadas solida e r\u00edgida, muito leve;<br \/>\n &#8211; Couro de b\u00fafalo leg\u00edtimo, tratado e oleado. Pintado artesanalmente com tinta industrial, logo, encerado (N\u00c3O SOLTA TINTA), e tamb\u00e9m<br \/>\n &#8211; Assento em couro abufalado (nobuck) acolchoado com espuma D60. Inclinado garantindo melhor postura e posicionamento do cavaleiro\/amazona durante as atividades;<br \/>\n &#8211; Cabe\u00e7a mineira estrat\u00e9gica que garante melhor posicionamento do cavaleiro\/amazona durante as atividades;<br \/>\n &#8211; Ferragens em a\u00e7o inox (n\u00e3o quebra, n\u00e3o enferruja, nem perde a tonalidade);<br \/>\n &#8211; Costuras artesanais e industriais;<br \/>\n &#8211; Suadores em feltro de l\u00e3<br \/>\n &#8211; Arreamento em couro de b\u00fafalo, forrado com fita de seguran\u00e7a e as ferragens em a\u00e7o inox;<br \/>\n &#8211; Argolas dianteiras para fixa\u00e7\u00e3o de peitoral e tamb\u00e9m nas extremidades traseiras.<\/p>\n<p>    Cores dispon\u00edveis conforme abaixo:<br \/>\n    preto, marrom, caf\u00e9, havana, natural, vinho e outras<br \/>\n    Peso aproximado: 10kg;<br \/>\n    Fabricante: Selaria Ros\u00e1rio;<br \/>\n    Garantia: 2 anos;<\/p>\n","protected":false},"excerpt":{"rendered":"<p>Sela Cavalgada c\/cabe\u00e7a Ros\u00e1rio confeccionada em couro de b\u00fafalo tratado, assento acolchoado em vaqueta, arma\u00e7\u00e3o de fibra epox para maior resist\u00eancia e leveza ; suadores em feltro. Abas com borrainas estofadas.,ferragens alum\u00ednio polido(OU INOX ). Sela bastante vers\u00e1til podendo ser usada em quase todas as ra\u00e7as e modalidades.<\/p>\n<p>Op\u00e7\u00f5es de cores: preta,marrom, caf\u00e9, havana,vinho,natural<\/p>\n","protected":false},"featured_media":1672,"template":"","meta":[],"product_cat":[26,17,83],"product_tag":[],"yoast_head":"<!-- This site is optimized with the Yoast SEO plugin v16.7 - https:\/\/yoast.com\/wordpress\/plugins\/seo\/ -->\n<title>SELA SANCARLOS MARROM CABE\u00c7A<\/title>\n<meta name=\"description\" content=\"SELA SANCARLOS MARROM CABE\u00c7A \u00e9 a escolha ideal para os amantes de equinos que buscam tanto versatilidade, conforto e sobretudo qualidade.\" \/>\n<meta name=\"robots\" content=\"index, follow, max-snippet:-1, max-image-preview:large, max-video-preview:-1\" \/>\n<link rel=\"canonical\" href=\"https:\/\/selariarosario.com.br\/atacado\/produto\/sela-sancarlos-c-cabeca-sr-2\/\" \/>\n<meta property=\"og:locale\" content=\"pt_BR\" \/>\n<meta property=\"og:type\" content=\"article\" \/>\n<meta property=\"og:title\" content=\"SELA SANCARLOS MARROM CABE\u00c7A\" \/>\n<meta property=\"og:description\" content=\"SELA SANCARLOS MARROM CABE\u00c7A \u00e9 a escolha ideal para os amantes de equinos que buscam tanto versatilidade, conforto e sobretudo qualidade.\" \/>\n<meta property=\"og:url\" content=\"https:\/\/selariarosario.com.br\/atacado\/produto\/sela-sancarlos-c-cabeca-sr-2\/\" \/>\n<meta property=\"og:site_name\" content=\"Selaria Rosario\" \/>\n<meta property=\"article:modified_time\" content=\"2024-01-18T15:05:46+00:00\" \/>\n<meta name=\"twitter:card\" content=\"summary_large_image\" \/>\n<meta name=\"twitter:label1\" content=\"Est. tempo de leitura\" \/>\n\t<meta name=\"twitter:data1\" content=\"1 minuto\" \/>\n<script type=\"application\/ld+json\" class=\"yoast-schema-graph\">{\"@context\":\"https:\/\/schema.org\",\"@graph\":[{\"@type\":\"WebSite\",\"@id\":\"https:\/\/selariarosario.com.br\/atacado\/#website\",\"url\":\"https:\/\/selariarosario.com.br\/atacado\/\",\"name\":\"Selaria Rosario\",\"description\":\"\",\"potentialAction\":[{\"@type\":\"SearchAction\",\"target\":{\"@type\":\"EntryPoint\",\"urlTemplate\":\"https:\/\/selariarosario.com.br\/atacado\/?s={search_term_string}\"},\"query-input\":\"required name=search_term_string\"}],\"inLanguage\":\"pt-BR\"},{\"@type\":\"ImageObject\",\"@id\":\"https:\/\/selariarosario.com.br\/atacado\/produto\/sela-sancarlos-c-cabeca-sr-2\/#primaryimage\",\"inLanguage\":\"pt-BR\",\"url\":\"https:\/\/selariarosario.com.br\/atacado\/wp-content\/uploads\/2024\/01\/SELA-SANCARLOS-DE-CABECA-SSC091.jpg\",\"contentUrl\":\"https:\/\/selariarosario.com.br\/atacado\/wp-content\/uploads\/2024\/01\/SELA-SANCARLOS-DE-CABECA-SSC091.jpg\",\"width\":1200,\"height\":1200},{\"@type\":\"WebPage\",\"@id\":\"https:\/\/selariarosario.com.br\/atacado\/produto\/sela-sancarlos-c-cabeca-sr-2\/#webpage\",\"url\":\"https:\/\/selariarosario.com.br\/atacado\/produto\/sela-sancarlos-c-cabeca-sr-2\/\",\"name\":\"SELA SANCARLOS MARROM CABE\\u00c7A\",\"isPartOf\":{\"@id\":\"https:\/\/selariarosario.com.br\/atacado\/#website\"},\"primaryImageOfPage\":{\"@id\":\"https:\/\/selariarosario.com.br\/atacado\/produto\/sela-sancarlos-c-cabeca-sr-2\/#primaryimage\"},\"datePublished\":\"2024-01-18T15:05:42+00:00\",\"dateModified\":\"2024-01-18T15:05:46+00:00\",\"description\":\"SELA SANCARLOS MARROM CABE\\u00c7A \\u00e9 a escolha ideal para os amantes de equinos que buscam tanto versatilidade, conforto e sobretudo qualidade.\",\"breadcrumb\":{\"@id\":\"https:\/\/selariarosario.com.br\/atacado\/produto\/sela-sancarlos-c-cabeca-sr-2\/#breadcrumb\"},\"inLanguage\":\"pt-BR\",\"potentialAction\":[{\"@type\":\"ReadAction\",\"target\":[\"https:\/\/selariarosario.com.br\/atacado\/produto\/sela-sancarlos-c-cabeca-sr-2\/\"]}]},{\"@type\":\"BreadcrumbList\",\"@id\":\"https:\/\/selariarosario.com.br\/atacado\/produto\/sela-sancarlos-c-cabeca-sr-2\/#breadcrumb\",\"itemListElement\":[{\"@type\":\"ListItem\",\"position\":1,\"name\":\"In\\u00edcio\",\"item\":\"https:\/\/selariarosario.com.br\/atacado\/\"},{\"@type\":\"ListItem\",\"position\":2,\"name\":\"Produtos\",\"item\":\"https:\/\/selariarosario.com.br\/atacado\/produtos\/\"},{\"@type\":\"ListItem\",\"position\":3,\"name\":\"Sela SanCarlos c\/cabe\\u00e7a SR\"}]}]}<\/script>\n<!-- \/ Yoast SEO plugin. -->","yoast_head_json":{"title":"SELA SANCARLOS MARROM CABE\u00c7A","description":"SELA SANCARLOS MARROM CABE\u00c7A \u00e9 a escolha ideal para os amantes de equinos que buscam tanto versatilidade, conforto e sobretudo qualidade.","robots":{"index":"index","follow":"follow","max-snippet":"max-snippet:-1","max-image-preview":"max-image-preview:large","max-video-preview":"max-video-preview:-1"},"canonical":"https:\/\/selariarosario.com.br\/atacado\/produto\/sela-sancarlos-c-cabeca-sr-2\/","og_locale":"pt_BR","og_type":"article","og_title":"SELA SANCARLOS MARROM CABE\u00c7A","og_description":"SELA SANCARLOS MARROM CABE\u00c7A \u00e9 a escolha ideal para os amantes de equinos que buscam tanto versatilidade, conforto e sobretudo qualidade.","og_url":"https:\/\/selariarosario.com.br\/atacado\/produto\/sela-sancarlos-c-cabeca-sr-2\/","og_site_name":"Selaria Rosario","article_modified_time":"2024-01-18T15:05:46+00:00","twitter_card":"summary_large_image","twitter_misc":{"Est. tempo de leitura":"1 minuto"},"schema":{"@context":"https:\/\/schema.org","@graph":[{"@type":"WebSite","@id":"https:\/\/selariarosario.com.br\/atacado\/#website","url":"https:\/\/selariarosario.com.br\/atacado\/","name":"Selaria Rosario","description":"","potentialAction":[{"@type":"SearchAction","target":{"@type":"EntryPoint","urlTemplate":"https:\/\/selariarosario.com.br\/atacado\/?s={search_term_string}"},"query-input":"required name=search_term_string"}],"inLanguage":"pt-BR"},{"@type":"ImageObject","@id":"https:\/\/selariarosario.com.br\/atacado\/produto\/sela-sancarlos-c-cabeca-sr-2\/#primaryimage","inLanguage":"pt-BR","url":"https:\/\/selariarosario.com.br\/atacado\/wp-content\/uploads\/2024\/01\/SELA-SANCARLOS-DE-CABECA-SSC091.jpg","contentUrl":"https:\/\/selariarosario.com.br\/atacado\/wp-content\/uploads\/2024\/01\/SELA-SANCARLOS-DE-CABECA-SSC091.jpg","width":1200,"height":1200},{"@type":"WebPage","@id":"https:\/\/selariarosario.com.br\/atacado\/produto\/sela-sancarlos-c-cabeca-sr-2\/#webpage","url":"https:\/\/selariarosario.com.br\/atacado\/produto\/sela-sancarlos-c-cabeca-sr-2\/","name":"SELA SANCARLOS MARROM CABE\u00c7A","isPartOf":{"@id":"https:\/\/selariarosario.com.br\/atacado\/#website"},"primaryImageOfPage":{"@id":"https:\/\/selariarosario.com.br\/atacado\/produto\/sela-sancarlos-c-cabeca-sr-2\/#primaryimage"},"datePublished":"2024-01-18T15:05:42+00:00","dateModified":"2024-01-18T15:05:46+00:00","description":"SELA SANCARLOS MARROM CABE\u00c7A \u00e9 a escolha ideal para os amantes de equinos que buscam tanto versatilidade, conforto e sobretudo qualidade.","breadcrumb":{"@id":"https:\/\/selariarosario.com.br\/atacado\/produto\/sela-sancarlos-c-cabeca-sr-2\/#breadcrumb"},"inLanguage":"pt-BR","potentialAction":[{"@type":"ReadAction","target":["https:\/\/selariarosario.com.br\/atacado\/produto\/sela-sancarlos-c-cabeca-sr-2\/"]}]},{"@type":"BreadcrumbList","@id":"https:\/\/selariarosario.com.br\/atacado\/produto\/sela-sancarlos-c-cabeca-sr-2\/#breadcrumb","itemListElement":[{"@type":"ListItem","position":1,"name":"In\u00edcio","item":"https:\/\/selariarosario.com.br\/atacado\/"},{"@type":"ListItem","position":2,"name":"Produtos","item":"https:\/\/selariarosario.com.br\/atacado\/produtos\/"},{"@type":"ListItem","position":3,"name":"Sela SanCarlos c\/cabe\u00e7a SR"}]}]}},"_links":{"self":[{"href":"https:\/\/selariarosario.com.br\/atacado\/wp-json\/wp\/v2\/product\/2019"}],"collection":[{"href":"https:\/\/selariarosario.com.br\/atacado\/wp-json\/wp\/v2\/product"}],"about":[{"href":"https:\/\/selariarosario.com.br\/atacado\/wp-json\/wp\/v2\/types\/product"}],"wp:featuredmedia":[{"embeddable":true,"href":"https:\/\/selariarosario.com.br\/atacado\/wp-json\/wp\/v2\/media\/1672"}],"wp:attachment":[{"href":"https:\/\/selariarosario.com.br\/atacado\/wp-json\/wp\/v2\/media?parent=2019"}],"wp:term":[{"taxonomy":"product_cat","embeddable":true,"href":"https:\/\/selariarosario.com.br\/atacado\/wp-json\/wp\/v2\/product_cat?post=2019"},{"taxonomy":"product_tag","embeddable":true,"href":"https:\/\/selariarosario.com.br\/atacado\/wp-json\/wp\/v2\/product_tag?post=2019"}],"curies":[{"name":"wp","href":"https:\/\/api.w.org\/{rel}","templated":true}]}}