{"id":2023,"date":"2024-01-18T12:05:42","date_gmt":"2024-01-18T15:05:42","guid":{"rendered":"https:\/\/selariarosario.com.br\/atacado\/?post_type=product&#038;p=2023"},"modified":"2024-01-18T12:05:47","modified_gmt":"2024-01-18T15:05:47","slug":"socado-de-almofada-s-bolso-sr-2","status":"publish","type":"product","link":"https:\/\/selariarosario.com.br\/atacado\/produto\/socado-de-almofada-s-bolso-sr-2\/","title":{"rendered":"Socado de almofada s\/bolso SR"},"content":{"rendered":"<p>O Socado SR \u00e9 um produto de alta qualidade, ideal para quem busca um arreio dur\u00e1vel para uso di\u00e1rio em trabalhos, passeios e cavalgadas. Esse arreio \u00e9 robusto, sendo resistente em diversas situa\u00e7\u00f5es sempre entregando flexibilidade e conforto para sua montaria. Durabilidade no trabalho e nas viagens.<\/p>\n<p>Al\u00e9m disso, cada Socado SR \u00e9 feito de forma artesanal, o que torna cada produto \u00fanico e exclusivo. O processo de produ\u00e7\u00e3o envolve o trabalho seleiros, que utilizam t\u00e9cnicas tradicionais para garantir a qualidade e durabilidade do produto. A confec\u00e7\u00e3o artesanal tamb\u00e9m faz com que cada arreio seja \u00fanico. Assim, com um Socado SR, voc\u00ea pode ter a certeza de estar adquirindo um produto de qualidade incompar\u00e1vel, que garantir\u00e1 um passeio sem preocupa\u00e7\u00f5es.<\/p>\n<div class=\"paddingbox\">\n<h3>Resist\u00eancia e conforto<\/h3>\n<p>Ao usar o Socado SR, percebe-se sua flexibilidade e ajuste ao lombo do animal, e principalmente, sem causar desconforto, aliado a isso, as r\u00e9deas de f\u00e1cil ajuste, garantem mais controle sobre o animal. \u00c9 resistente e mant\u00e9m-se em perfeito estado mesmo ap\u00f3s horas de uso intenso. Al\u00e9m disso, \u00e9 um arreio bonito, com detalhes em rebaixo e tran\u00e7ados com fita.<\/p>\n<p>Com o Arreio Banana SR, seu animal estar\u00e1 confort\u00e1vel e ao mesmo tempo seguro, e voc\u00ea ter\u00e1 um passeio inesquec\u00edvel.<\/p>\n<h3>Durabilidade no trabalho e nas viagens.<\/h3>\n<p>Feito com couro tratado, pintado e encerado para maior durabilidade, o Socado SR \u00e9 completo e muito flex\u00edvel, com detalhes em rebaixo e tran\u00e7ados com fita. Al\u00e9m disso, as argolas e meias argolas em inox e suadores de feltro com enchimento tornam esse produto ainda mais resistente e confort\u00e1vel. A flexibilidade da arma\u00e7\u00e3o do arreio proporciona um melhor encaixe, conforto e ergonomia no lombo da montaria, tornando esse produto uma escolha ideal para aqueles que buscam qualidade e durabilidade em um arreio. Com o Socado SR, voc\u00ea garante flexibilidade e conforto para sua montaria.<\/p>\n<\/div>\n","protected":false},"excerpt":{"rendered":"<p>O Socado SR \u00e9 um produto de alta qualidade, ideal para quem busca um arreio dur\u00e1vel para uso di\u00e1rio em trabalhos, passeios e cavalgadas. Esse arreio \u00e9 robusto, sendo resistente em diversas situa\u00e7\u00f5es sempre entregando flexibilidade e conforto para sua montaria. Durabilidade no trabalho e nas viagens. Al\u00e9m disso, cada Socado SR \u00e9 feito de [&hellip;]<\/p>\n","protected":false},"featured_media":1676,"template":"","meta":[],"product_cat":[81,18,17],"product_tag":[92,93,94,95,96,97,98,99,100,102,103],"yoast_head":"<!-- This site is optimized with the Yoast SEO plugin v16.7 - https:\/\/yoast.com\/wordpress\/plugins\/seo\/ -->\n<title>Durabilidade no trabalho e nas viagens. - Selaria Rosario<\/title>\n<meta name=\"description\" content=\"Arreio flex\u00edvel e de f\u00e1cil ajuste ao lombo, sem causar desconforto, com mais controle sobre o animal. Durabilidade no trabalho e nas viagens.\" \/>\n<meta name=\"robots\" content=\"index, follow, max-snippet:-1, max-image-preview:large, max-video-preview:-1\" \/>\n<link rel=\"canonical\" href=\"https:\/\/selariarosario.com.br\/atacado\/produto\/socado-de-almofada-s-bolso-sr-2\/\" \/>\n<meta property=\"og:locale\" content=\"pt_BR\" \/>\n<meta property=\"og:type\" content=\"article\" \/>\n<meta property=\"og:title\" content=\"Durabilidade no trabalho e nas viagens. - Selaria Rosario\" \/>\n<meta property=\"og:description\" content=\"Arreio flex\u00edvel e de f\u00e1cil ajuste ao lombo, sem causar desconforto, com mais controle sobre o animal. Durabilidade no trabalho e nas viagens.\" \/>\n<meta property=\"og:url\" content=\"https:\/\/selariarosario.com.br\/atacado\/produto\/socado-de-almofada-s-bolso-sr-2\/\" \/>\n<meta property=\"og:site_name\" content=\"Selaria Rosario\" \/>\n<meta property=\"article:modified_time\" content=\"2024-01-18T15:05:47+00:00\" \/>\n<meta name=\"twitter:card\" content=\"summary_large_image\" \/>\n<meta name=\"twitter:label1\" content=\"Est. tempo de leitura\" \/>\n\t<meta name=\"twitter:data1\" content=\"2 minutos\" \/>\n<script type=\"application\/ld+json\" class=\"yoast-schema-graph\">{\"@context\":\"https:\/\/schema.org\",\"@graph\":[{\"@type\":\"WebSite\",\"@id\":\"https:\/\/selariarosario.com.br\/atacado\/#website\",\"url\":\"https:\/\/selariarosario.com.br\/atacado\/\",\"name\":\"Selaria Rosario\",\"description\":\"\",\"potentialAction\":[{\"@type\":\"SearchAction\",\"target\":{\"@type\":\"EntryPoint\",\"urlTemplate\":\"https:\/\/selariarosario.com.br\/atacado\/?s={search_term_string}\"},\"query-input\":\"required name=search_term_string\"}],\"inLanguage\":\"pt-BR\"},{\"@type\":\"ImageObject\",\"@id\":\"https:\/\/selariarosario.com.br\/atacado\/produto\/socado-de-almofada-s-bolso-sr-2\/#primaryimage\",\"inLanguage\":\"pt-BR\",\"url\":\"https:\/\/selariarosario.com.br\/atacado\/wp-content\/uploads\/2024\/01\/IMG_5267-1.jpg\",\"contentUrl\":\"https:\/\/selariarosario.com.br\/atacado\/wp-content\/uploads\/2024\/01\/IMG_5267-1.jpg\",\"width\":1200,\"height\":1200},{\"@type\":\"WebPage\",\"@id\":\"https:\/\/selariarosario.com.br\/atacado\/produto\/socado-de-almofada-s-bolso-sr-2\/#webpage\",\"url\":\"https:\/\/selariarosario.com.br\/atacado\/produto\/socado-de-almofada-s-bolso-sr-2\/\",\"name\":\"Durabilidade no trabalho e nas viagens. - Selaria Rosario\",\"isPartOf\":{\"@id\":\"https:\/\/selariarosario.com.br\/atacado\/#website\"},\"primaryImageOfPage\":{\"@id\":\"https:\/\/selariarosario.com.br\/atacado\/produto\/socado-de-almofada-s-bolso-sr-2\/#primaryimage\"},\"datePublished\":\"2024-01-18T15:05:42+00:00\",\"dateModified\":\"2024-01-18T15:05:47+00:00\",\"description\":\"Arreio flex\\u00edvel e de f\\u00e1cil ajuste ao lombo, sem causar desconforto, com mais controle sobre o animal. Durabilidade no trabalho e nas viagens.\",\"breadcrumb\":{\"@id\":\"https:\/\/selariarosario.com.br\/atacado\/produto\/socado-de-almofada-s-bolso-sr-2\/#breadcrumb\"},\"inLanguage\":\"pt-BR\",\"potentialAction\":[{\"@type\":\"ReadAction\",\"target\":[\"https:\/\/selariarosario.com.br\/atacado\/produto\/socado-de-almofada-s-bolso-sr-2\/\"]}]},{\"@type\":\"BreadcrumbList\",\"@id\":\"https:\/\/selariarosario.com.br\/atacado\/produto\/socado-de-almofada-s-bolso-sr-2\/#breadcrumb\",\"itemListElement\":[{\"@type\":\"ListItem\",\"position\":1,\"name\":\"In\\u00edcio\",\"item\":\"https:\/\/selariarosario.com.br\/atacado\/\"},{\"@type\":\"ListItem\",\"position\":2,\"name\":\"Produtos\",\"item\":\"https:\/\/selariarosario.com.br\/atacado\/produtos\/\"},{\"@type\":\"ListItem\",\"position\":3,\"name\":\"Socado de almofada s\/bolso SR\"}]}]}<\/script>\n<!-- \/ Yoast SEO plugin. -->","yoast_head_json":{"title":"Durabilidade no trabalho e nas viagens. - Selaria Rosario","description":"Arreio flex\u00edvel e de f\u00e1cil ajuste ao lombo, sem causar desconforto, com mais controle sobre o animal. Durabilidade no trabalho e nas viagens.","robots":{"index":"index","follow":"follow","max-snippet":"max-snippet:-1","max-image-preview":"max-image-preview:large","max-video-preview":"max-video-preview:-1"},"canonical":"https:\/\/selariarosario.com.br\/atacado\/produto\/socado-de-almofada-s-bolso-sr-2\/","og_locale":"pt_BR","og_type":"article","og_title":"Durabilidade no trabalho e nas viagens. - Selaria Rosario","og_description":"Arreio flex\u00edvel e de f\u00e1cil ajuste ao lombo, sem causar desconforto, com mais controle sobre o animal. Durabilidade no trabalho e nas viagens.","og_url":"https:\/\/selariarosario.com.br\/atacado\/produto\/socado-de-almofada-s-bolso-sr-2\/","og_site_name":"Selaria Rosario","article_modified_time":"2024-01-18T15:05:47+00:00","twitter_card":"summary_large_image","twitter_misc":{"Est. tempo de leitura":"2 minutos"},"schema":{"@context":"https:\/\/schema.org","@graph":[{"@type":"WebSite","@id":"https:\/\/selariarosario.com.br\/atacado\/#website","url":"https:\/\/selariarosario.com.br\/atacado\/","name":"Selaria Rosario","description":"","potentialAction":[{"@type":"SearchAction","target":{"@type":"EntryPoint","urlTemplate":"https:\/\/selariarosario.com.br\/atacado\/?s={search_term_string}"},"query-input":"required name=search_term_string"}],"inLanguage":"pt-BR"},{"@type":"ImageObject","@id":"https:\/\/selariarosario.com.br\/atacado\/produto\/socado-de-almofada-s-bolso-sr-2\/#primaryimage","inLanguage":"pt-BR","url":"https:\/\/selariarosario.com.br\/atacado\/wp-content\/uploads\/2024\/01\/IMG_5267-1.jpg","contentUrl":"https:\/\/selariarosario.com.br\/atacado\/wp-content\/uploads\/2024\/01\/IMG_5267-1.jpg","width":1200,"height":1200},{"@type":"WebPage","@id":"https:\/\/selariarosario.com.br\/atacado\/produto\/socado-de-almofada-s-bolso-sr-2\/#webpage","url":"https:\/\/selariarosario.com.br\/atacado\/produto\/socado-de-almofada-s-bolso-sr-2\/","name":"Durabilidade no trabalho e nas viagens. - Selaria Rosario","isPartOf":{"@id":"https:\/\/selariarosario.com.br\/atacado\/#website"},"primaryImageOfPage":{"@id":"https:\/\/selariarosario.com.br\/atacado\/produto\/socado-de-almofada-s-bolso-sr-2\/#primaryimage"},"datePublished":"2024-01-18T15:05:42+00:00","dateModified":"2024-01-18T15:05:47+00:00","description":"Arreio flex\u00edvel e de f\u00e1cil ajuste ao lombo, sem causar desconforto, com mais controle sobre o animal. Durabilidade no trabalho e nas viagens.","breadcrumb":{"@id":"https:\/\/selariarosario.com.br\/atacado\/produto\/socado-de-almofada-s-bolso-sr-2\/#breadcrumb"},"inLanguage":"pt-BR","potentialAction":[{"@type":"ReadAction","target":["https:\/\/selariarosario.com.br\/atacado\/produto\/socado-de-almofada-s-bolso-sr-2\/"]}]},{"@type":"BreadcrumbList","@id":"https:\/\/selariarosario.com.br\/atacado\/produto\/socado-de-almofada-s-bolso-sr-2\/#breadcrumb","itemListElement":[{"@type":"ListItem","position":1,"name":"In\u00edcio","item":"https:\/\/selariarosario.com.br\/atacado\/"},{"@type":"ListItem","position":2,"name":"Produtos","item":"https:\/\/selariarosario.com.br\/atacado\/produtos\/"},{"@type":"ListItem","position":3,"name":"Socado de almofada s\/bolso SR"}]}]}},"_links":{"self":[{"href":"https:\/\/selariarosario.com.br\/atacado\/wp-json\/wp\/v2\/product\/2023"}],"collection":[{"href":"https:\/\/selariarosario.com.br\/atacado\/wp-json\/wp\/v2\/product"}],"about":[{"href":"https:\/\/selariarosario.com.br\/atacado\/wp-json\/wp\/v2\/types\/product"}],"wp:featuredmedia":[{"embeddable":true,"href":"https:\/\/selariarosario.com.br\/atacado\/wp-json\/wp\/v2\/media\/1676"}],"wp:attachment":[{"href":"https:\/\/selariarosario.com.br\/atacado\/wp-json\/wp\/v2\/media?parent=2023"}],"wp:term":[{"taxonomy":"product_cat","embeddable":true,"href":"https:\/\/selariarosario.com.br\/atacado\/wp-json\/wp\/v2\/product_cat?post=2023"},{"taxonomy":"product_tag","embeddable":true,"href":"https:\/\/selariarosario.com.br\/atacado\/wp-json\/wp\/v2\/product_tag?post=2023"}],"curies":[{"name":"wp","href":"https:\/\/api.w.org\/{rel}","templated":true}]}}