{"id":2031,"date":"2024-01-18T12:05:43","date_gmt":"2024-01-18T15:05:43","guid":{"rendered":"https:\/\/selariarosario.com.br\/atacado\/?post_type=product&#038;p=2031"},"modified":"2024-01-18T12:05:49","modified_gmt":"2024-01-18T15:05:49","slug":"espora-2-fios-trancados-inox-2","status":"publish","type":"product","link":"https:\/\/selariarosario.com.br\/atacado\/produto\/espora-2-fios-trancados-inox-2\/","title":{"rendered":"Espora 2 fios tran\u00e7ados Inox"},"content":{"rendered":"<p>Espora 2 fios tran\u00e7ados inox<\/p>\n<p>Espora 2 fios tran\u00e7ados, produzida em inox alt\u00edssima qualidade(n\u00e3o enferruja), com roseta de 8 pontas.\u00a0 Produto pr\u00e1tico, vers\u00e1til e de alta qualidade.<\/p>\n<p>DImens\u00e3o conforme abaixo:<\/p>\n<p>C\u00e3o com 5,5cm de profundidade por 9cm de largura para ajuste na bota.<\/p>\n<p>Qual a hist\u00f3ria das esporas?<\/p>\n<p>O primeiro modelo de espora para animal<strong>\u00a0<\/strong>de que se tem registro na hist\u00f3ria era um tipo de agulha grossa feita a partir de material r\u00edgido.<\/p>\n<p>A pe\u00e7a que era prendida ao calcanhar e somente em um dos p\u00e9s n\u00e3o passou por muitas modifica\u00e7\u00f5es at\u00e9 o s\u00e9culo XII, quando teve o seu tamanho alterado.<\/p>\n<p>A roseta surgiu em torno do s\u00e9culo XIV, como os cavaleiros usavam armaduras que lhes prendiam os movimentos .Eles tamb\u00e9m precisavam de um instrumento que conseguisse tocar o corpo do cavalo para administrar for\u00e7a. As esporas eram\u00a0 quase como obras de arte, feitas por renomados artes\u00e3os. Durante s\u00e9culos, tirar as esporas diante de algu\u00e9m era um sinal de grande honra.<\/p>\n<p>Por isso as esporas s\u00e3o acess\u00f3rios que\u00a0 cavaleiros\u00a0 usam para auxiliar na comunica\u00e7\u00e3o com o cavalo. O objetivo das esporas \u00e9 transmitir comandos ao cavalo, como um est\u00edmulo para aumentar a velocidade, mudar de dire\u00e7\u00e3o ou executar outras manobras. O cavaleiro utiliza a press\u00e3o das pernas para encostar suavemente as esporas no flanco do cavalo, sinalizando o que deseja que ele fa\u00e7a. No entanto, \u00e9 importante que o cavaleiro utilize as esporas de maneira consciente, sem causar desconforto ou ferimentos no animal.<\/p>\n","protected":false},"excerpt":{"rendered":"<p>Espora 2 fios tran\u00e7ados inox Espora 2 fios tran\u00e7ados, produzida em inox alt\u00edssima qualidade(n\u00e3o enferruja), com roseta de 8 pontas.\u00a0 Produto pr\u00e1tico, vers\u00e1til e de alta qualidade. DImens\u00e3o conforme abaixo: C\u00e3o com 5,5cm de profundidade por 9cm de largura para ajuste na bota. Qual a hist\u00f3ria das esporas? O primeiro modelo de espora para animal\u00a0de [&hellip;]<\/p>\n","protected":false},"featured_media":1685,"template":"","meta":[],"product_cat":[35,43,47],"product_tag":[],"yoast_head":"<!-- This site is optimized with the Yoast SEO plugin v16.7 - https:\/\/yoast.com\/wordpress\/plugins\/seo\/ -->\n<title>Espora 2 fios tran\u00e7ados<\/title>\n<meta name=\"description\" content=\"Espora 2 fios tran\u00e7ados \u00e9 acess\u00f3rio que\u00a0 cavaleiros\u00a0 usam para auxiliar na comunica\u00e7\u00e3o com o cavalo. O objetivo das esporas \u00e9 transmitir comandos ao cavalo.\" \/>\n<meta name=\"robots\" content=\"index, follow, max-snippet:-1, max-image-preview:large, max-video-preview:-1\" \/>\n<link rel=\"canonical\" href=\"https:\/\/selariarosario.com.br\/atacado\/produto\/espora-2-fios-trancados-inox-2\/\" \/>\n<meta property=\"og:locale\" content=\"pt_BR\" \/>\n<meta property=\"og:type\" content=\"article\" \/>\n<meta property=\"og:title\" content=\"Espora 2 fios tran\u00e7ados\" \/>\n<meta property=\"og:description\" content=\"Espora 2 fios tran\u00e7ados \u00e9 acess\u00f3rio que\u00a0 cavaleiros\u00a0 usam para auxiliar na comunica\u00e7\u00e3o com o cavalo. O objetivo das esporas \u00e9 transmitir comandos ao cavalo.\" \/>\n<meta property=\"og:url\" content=\"https:\/\/selariarosario.com.br\/atacado\/produto\/espora-2-fios-trancados-inox-2\/\" \/>\n<meta property=\"og:site_name\" content=\"Selaria Rosario\" \/>\n<meta property=\"article:modified_time\" content=\"2024-01-18T15:05:49+00:00\" \/>\n<meta name=\"twitter:card\" content=\"summary_large_image\" \/>\n<meta name=\"twitter:label1\" content=\"Est. tempo de leitura\" \/>\n\t<meta name=\"twitter:data1\" content=\"2 minutos\" \/>\n<script type=\"application\/ld+json\" class=\"yoast-schema-graph\">{\"@context\":\"https:\/\/schema.org\",\"@graph\":[{\"@type\":\"WebSite\",\"@id\":\"https:\/\/selariarosario.com.br\/atacado\/#website\",\"url\":\"https:\/\/selariarosario.com.br\/atacado\/\",\"name\":\"Selaria Rosario\",\"description\":\"\",\"potentialAction\":[{\"@type\":\"SearchAction\",\"target\":{\"@type\":\"EntryPoint\",\"urlTemplate\":\"https:\/\/selariarosario.com.br\/atacado\/?s={search_term_string}\"},\"query-input\":\"required name=search_term_string\"}],\"inLanguage\":\"pt-BR\"},{\"@type\":\"ImageObject\",\"@id\":\"https:\/\/selariarosario.com.br\/atacado\/produto\/espora-2-fios-trancados-inox-2\/#primaryimage\",\"inLanguage\":\"pt-BR\",\"url\":\"https:\/\/selariarosario.com.br\/atacado\/wp-content\/uploads\/2024\/01\/espora-inox-torcida-2-fios.jpg\",\"contentUrl\":\"https:\/\/selariarosario.com.br\/atacado\/wp-content\/uploads\/2024\/01\/espora-inox-torcida-2-fios.jpg\",\"width\":1200,\"height\":1200},{\"@type\":\"WebPage\",\"@id\":\"https:\/\/selariarosario.com.br\/atacado\/produto\/espora-2-fios-trancados-inox-2\/#webpage\",\"url\":\"https:\/\/selariarosario.com.br\/atacado\/produto\/espora-2-fios-trancados-inox-2\/\",\"name\":\"Espora 2 fios tran\\u00e7ados\",\"isPartOf\":{\"@id\":\"https:\/\/selariarosario.com.br\/atacado\/#website\"},\"primaryImageOfPage\":{\"@id\":\"https:\/\/selariarosario.com.br\/atacado\/produto\/espora-2-fios-trancados-inox-2\/#primaryimage\"},\"datePublished\":\"2024-01-18T15:05:43+00:00\",\"dateModified\":\"2024-01-18T15:05:49+00:00\",\"description\":\"Espora 2 fios tran\\u00e7ados \\u00e9 acess\\u00f3rio que\\u00a0 cavaleiros\\u00a0 usam para auxiliar na comunica\\u00e7\\u00e3o com o cavalo. O objetivo das esporas \\u00e9 transmitir comandos ao cavalo.\",\"breadcrumb\":{\"@id\":\"https:\/\/selariarosario.com.br\/atacado\/produto\/espora-2-fios-trancados-inox-2\/#breadcrumb\"},\"inLanguage\":\"pt-BR\",\"potentialAction\":[{\"@type\":\"ReadAction\",\"target\":[\"https:\/\/selariarosario.com.br\/atacado\/produto\/espora-2-fios-trancados-inox-2\/\"]}]},{\"@type\":\"BreadcrumbList\",\"@id\":\"https:\/\/selariarosario.com.br\/atacado\/produto\/espora-2-fios-trancados-inox-2\/#breadcrumb\",\"itemListElement\":[{\"@type\":\"ListItem\",\"position\":1,\"name\":\"In\\u00edcio\",\"item\":\"https:\/\/selariarosario.com.br\/atacado\/\"},{\"@type\":\"ListItem\",\"position\":2,\"name\":\"Produtos\",\"item\":\"https:\/\/selariarosario.com.br\/atacado\/produtos\/\"},{\"@type\":\"ListItem\",\"position\":3,\"name\":\"Espora 2 fios tran\\u00e7ados Inox\"}]}]}<\/script>\n<!-- \/ Yoast SEO plugin. -->","yoast_head_json":{"title":"Espora 2 fios tran\u00e7ados","description":"Espora 2 fios tran\u00e7ados \u00e9 acess\u00f3rio que\u00a0 cavaleiros\u00a0 usam para auxiliar na comunica\u00e7\u00e3o com o cavalo. O objetivo das esporas \u00e9 transmitir comandos ao cavalo.","robots":{"index":"index","follow":"follow","max-snippet":"max-snippet:-1","max-image-preview":"max-image-preview:large","max-video-preview":"max-video-preview:-1"},"canonical":"https:\/\/selariarosario.com.br\/atacado\/produto\/espora-2-fios-trancados-inox-2\/","og_locale":"pt_BR","og_type":"article","og_title":"Espora 2 fios tran\u00e7ados","og_description":"Espora 2 fios tran\u00e7ados \u00e9 acess\u00f3rio que\u00a0 cavaleiros\u00a0 usam para auxiliar na comunica\u00e7\u00e3o com o cavalo. O objetivo das esporas \u00e9 transmitir comandos ao cavalo.","og_url":"https:\/\/selariarosario.com.br\/atacado\/produto\/espora-2-fios-trancados-inox-2\/","og_site_name":"Selaria Rosario","article_modified_time":"2024-01-18T15:05:49+00:00","twitter_card":"summary_large_image","twitter_misc":{"Est. tempo de leitura":"2 minutos"},"schema":{"@context":"https:\/\/schema.org","@graph":[{"@type":"WebSite","@id":"https:\/\/selariarosario.com.br\/atacado\/#website","url":"https:\/\/selariarosario.com.br\/atacado\/","name":"Selaria Rosario","description":"","potentialAction":[{"@type":"SearchAction","target":{"@type":"EntryPoint","urlTemplate":"https:\/\/selariarosario.com.br\/atacado\/?s={search_term_string}"},"query-input":"required name=search_term_string"}],"inLanguage":"pt-BR"},{"@type":"ImageObject","@id":"https:\/\/selariarosario.com.br\/atacado\/produto\/espora-2-fios-trancados-inox-2\/#primaryimage","inLanguage":"pt-BR","url":"https:\/\/selariarosario.com.br\/atacado\/wp-content\/uploads\/2024\/01\/espora-inox-torcida-2-fios.jpg","contentUrl":"https:\/\/selariarosario.com.br\/atacado\/wp-content\/uploads\/2024\/01\/espora-inox-torcida-2-fios.jpg","width":1200,"height":1200},{"@type":"WebPage","@id":"https:\/\/selariarosario.com.br\/atacado\/produto\/espora-2-fios-trancados-inox-2\/#webpage","url":"https:\/\/selariarosario.com.br\/atacado\/produto\/espora-2-fios-trancados-inox-2\/","name":"Espora 2 fios tran\u00e7ados","isPartOf":{"@id":"https:\/\/selariarosario.com.br\/atacado\/#website"},"primaryImageOfPage":{"@id":"https:\/\/selariarosario.com.br\/atacado\/produto\/espora-2-fios-trancados-inox-2\/#primaryimage"},"datePublished":"2024-01-18T15:05:43+00:00","dateModified":"2024-01-18T15:05:49+00:00","description":"Espora 2 fios tran\u00e7ados \u00e9 acess\u00f3rio que\u00a0 cavaleiros\u00a0 usam para auxiliar na comunica\u00e7\u00e3o com o cavalo. O objetivo das esporas \u00e9 transmitir comandos ao cavalo.","breadcrumb":{"@id":"https:\/\/selariarosario.com.br\/atacado\/produto\/espora-2-fios-trancados-inox-2\/#breadcrumb"},"inLanguage":"pt-BR","potentialAction":[{"@type":"ReadAction","target":["https:\/\/selariarosario.com.br\/atacado\/produto\/espora-2-fios-trancados-inox-2\/"]}]},{"@type":"BreadcrumbList","@id":"https:\/\/selariarosario.com.br\/atacado\/produto\/espora-2-fios-trancados-inox-2\/#breadcrumb","itemListElement":[{"@type":"ListItem","position":1,"name":"In\u00edcio","item":"https:\/\/selariarosario.com.br\/atacado\/"},{"@type":"ListItem","position":2,"name":"Produtos","item":"https:\/\/selariarosario.com.br\/atacado\/produtos\/"},{"@type":"ListItem","position":3,"name":"Espora 2 fios tran\u00e7ados Inox"}]}]}},"_links":{"self":[{"href":"https:\/\/selariarosario.com.br\/atacado\/wp-json\/wp\/v2\/product\/2031"}],"collection":[{"href":"https:\/\/selariarosario.com.br\/atacado\/wp-json\/wp\/v2\/product"}],"about":[{"href":"https:\/\/selariarosario.com.br\/atacado\/wp-json\/wp\/v2\/types\/product"}],"wp:featuredmedia":[{"embeddable":true,"href":"https:\/\/selariarosario.com.br\/atacado\/wp-json\/wp\/v2\/media\/1685"}],"wp:attachment":[{"href":"https:\/\/selariarosario.com.br\/atacado\/wp-json\/wp\/v2\/media?parent=2031"}],"wp:term":[{"taxonomy":"product_cat","embeddable":true,"href":"https:\/\/selariarosario.com.br\/atacado\/wp-json\/wp\/v2\/product_cat?post=2031"},{"taxonomy":"product_tag","embeddable":true,"href":"https:\/\/selariarosario.com.br\/atacado\/wp-json\/wp\/v2\/product_tag?post=2031"}],"curies":[{"name":"wp","href":"https:\/\/api.w.org\/{rel}","templated":true}]}}