{"id":2035,"date":"2024-01-18T12:05:44","date_gmt":"2024-01-18T15:05:44","guid":{"rendered":"https:\/\/selariarosario.com.br\/atacado\/?post_type=product&#038;p=2035"},"modified":"2024-01-18T12:05:49","modified_gmt":"2024-01-18T15:05:49","slug":"espora-quarto-de-milha-inox-2","status":"publish","type":"product","link":"https:\/\/selariarosario.com.br\/atacado\/produto\/espora-quarto-de-milha-inox-2\/","title":{"rendered":"Espora Quarto de Milha Inox"},"content":{"rendered":"<p>&nbsp;<\/p>\n<p>Espora Quarto de Milha, produzida em inox alt\u00edssima qualidade(n\u00e3o enferruja, com roseta de 10 pontas. Produto pr\u00e1tico, vers\u00e1til e de alta qualidade.<\/p>\n<p>Espora Quarto de Milha( dimens\u00f5es conforme abaixo:)<br \/>\nProfundidade do c\u00e3o: 7cm ; abertura: 8 cm e largura: 2,5 cm<br \/>\nQual a hist\u00f3ria das esporas?<\/p>\n<p>O primeiro modelo de espora para animal<strong>\u00a0<\/strong>de que se tem registro na hist\u00f3ria era um tipo de agulha grossa feita a partir de material r\u00edgido.<\/p>\n<p>A pe\u00e7a que era prendida ao calcanhar e somente em um dos p\u00e9s n\u00e3o passou por muitas modifica\u00e7\u00f5es at\u00e9 o s\u00e9culo XII, quando teve o seu tamanho alterado.<\/p>\n<p>A roseta surgiu em torno do s\u00e9culo XIV, como os cavaleiros usavam armaduras que lhes prendiam os movimentos .Eles tamb\u00e9m precisavam de um instrumento que conseguisse tocar o corpo do cavalo para administrar for\u00e7a. As esporas eram\u00a0 quase como obras de arte, feitas por renomados artes\u00e3os. Durante s\u00e9culos, tirar as esporas diante de algu\u00e9m era um sinal de grande honra.<\/p>\n<p>Por isso as esporas s\u00e3o acess\u00f3rios que\u00a0 cavaleiros\u00a0 usam para auxiliar na comunica\u00e7\u00e3o com o cavalo. O objetivo das esporas \u00e9 transmitir comandos ao cavalo, como um est\u00edmulo para aumentar a velocidade, mudar de dire\u00e7\u00e3o ou executar outras manobras. O cavaleiro utiliza a press\u00e3o das pernas para encostar suavemente as esporas no flanco do cavalo, sinalizando o que deseja que ele fa\u00e7a. No entanto, \u00e9 importante que o cavaleiro utilize as esporas de maneira consciente, sem causar desconforto ou ferimentos no animal.<\/p>\n","protected":false},"excerpt":{"rendered":"<p>Fabricada em a\u00e7o inox, roseta 9 fincos.<\/p>\n","protected":false},"featured_media":1689,"template":"","meta":[],"product_cat":[35,43,47],"product_tag":[],"yoast_head":"<!-- This site is optimized with the Yoast SEO plugin v16.7 - https:\/\/yoast.com\/wordpress\/plugins\/seo\/ -->\n<title>Espora Quarto de Milha<\/title>\n<meta name=\"description\" content=\"Espora Quarto de Milha \u00e9 um recurso artificial que contribui para que o cavaleiro conduza o cavalo com mais seguran\u00e7a e qualidade.\" \/>\n<meta name=\"robots\" content=\"index, follow, max-snippet:-1, max-image-preview:large, max-video-preview:-1\" \/>\n<link rel=\"canonical\" href=\"https:\/\/selariarosario.com.br\/atacado\/produto\/espora-quarto-de-milha-inox-2\/\" \/>\n<meta property=\"og:locale\" content=\"pt_BR\" \/>\n<meta property=\"og:type\" content=\"article\" \/>\n<meta property=\"og:title\" content=\"Espora Quarto de Milha\" \/>\n<meta property=\"og:description\" content=\"Espora Quarto de Milha \u00e9 um recurso artificial que contribui para que o cavaleiro conduza o cavalo com mais seguran\u00e7a e qualidade.\" \/>\n<meta property=\"og:url\" content=\"https:\/\/selariarosario.com.br\/atacado\/produto\/espora-quarto-de-milha-inox-2\/\" \/>\n<meta property=\"og:site_name\" content=\"Selaria Rosario\" \/>\n<meta property=\"article:modified_time\" content=\"2024-01-18T15:05:49+00:00\" \/>\n<meta name=\"twitter:card\" content=\"summary_large_image\" \/>\n<meta name=\"twitter:label1\" content=\"Est. tempo de leitura\" \/>\n\t<meta name=\"twitter:data1\" content=\"2 minutos\" \/>\n<script type=\"application\/ld+json\" class=\"yoast-schema-graph\">{\"@context\":\"https:\/\/schema.org\",\"@graph\":[{\"@type\":\"WebSite\",\"@id\":\"https:\/\/selariarosario.com.br\/atacado\/#website\",\"url\":\"https:\/\/selariarosario.com.br\/atacado\/\",\"name\":\"Selaria Rosario\",\"description\":\"\",\"potentialAction\":[{\"@type\":\"SearchAction\",\"target\":{\"@type\":\"EntryPoint\",\"urlTemplate\":\"https:\/\/selariarosario.com.br\/atacado\/?s={search_term_string}\"},\"query-input\":\"required name=search_term_string\"}],\"inLanguage\":\"pt-BR\"},{\"@type\":\"ImageObject\",\"@id\":\"https:\/\/selariarosario.com.br\/atacado\/produto\/espora-quarto-de-milha-inox-2\/#primaryimage\",\"inLanguage\":\"pt-BR\",\"url\":\"https:\/\/selariarosario.com.br\/atacado\/wp-content\/uploads\/2024\/01\/espora-4o-de-milha-inox-2.jpg\",\"contentUrl\":\"https:\/\/selariarosario.com.br\/atacado\/wp-content\/uploads\/2024\/01\/espora-4o-de-milha-inox-2.jpg\",\"width\":1200,\"height\":1200},{\"@type\":\"WebPage\",\"@id\":\"https:\/\/selariarosario.com.br\/atacado\/produto\/espora-quarto-de-milha-inox-2\/#webpage\",\"url\":\"https:\/\/selariarosario.com.br\/atacado\/produto\/espora-quarto-de-milha-inox-2\/\",\"name\":\"Espora Quarto de Milha\",\"isPartOf\":{\"@id\":\"https:\/\/selariarosario.com.br\/atacado\/#website\"},\"primaryImageOfPage\":{\"@id\":\"https:\/\/selariarosario.com.br\/atacado\/produto\/espora-quarto-de-milha-inox-2\/#primaryimage\"},\"datePublished\":\"2024-01-18T15:05:44+00:00\",\"dateModified\":\"2024-01-18T15:05:49+00:00\",\"description\":\"Espora Quarto de Milha \\u00e9 um recurso artificial que contribui para que o cavaleiro conduza o cavalo com mais seguran\\u00e7a e qualidade.\",\"breadcrumb\":{\"@id\":\"https:\/\/selariarosario.com.br\/atacado\/produto\/espora-quarto-de-milha-inox-2\/#breadcrumb\"},\"inLanguage\":\"pt-BR\",\"potentialAction\":[{\"@type\":\"ReadAction\",\"target\":[\"https:\/\/selariarosario.com.br\/atacado\/produto\/espora-quarto-de-milha-inox-2\/\"]}]},{\"@type\":\"BreadcrumbList\",\"@id\":\"https:\/\/selariarosario.com.br\/atacado\/produto\/espora-quarto-de-milha-inox-2\/#breadcrumb\",\"itemListElement\":[{\"@type\":\"ListItem\",\"position\":1,\"name\":\"In\\u00edcio\",\"item\":\"https:\/\/selariarosario.com.br\/atacado\/\"},{\"@type\":\"ListItem\",\"position\":2,\"name\":\"Produtos\",\"item\":\"https:\/\/selariarosario.com.br\/atacado\/produtos\/\"},{\"@type\":\"ListItem\",\"position\":3,\"name\":\"Espora Quarto de Milha Inox\"}]}]}<\/script>\n<!-- \/ Yoast SEO plugin. -->","yoast_head_json":{"title":"Espora Quarto de Milha","description":"Espora Quarto de Milha \u00e9 um recurso artificial que contribui para que o cavaleiro conduza o cavalo com mais seguran\u00e7a e qualidade.","robots":{"index":"index","follow":"follow","max-snippet":"max-snippet:-1","max-image-preview":"max-image-preview:large","max-video-preview":"max-video-preview:-1"},"canonical":"https:\/\/selariarosario.com.br\/atacado\/produto\/espora-quarto-de-milha-inox-2\/","og_locale":"pt_BR","og_type":"article","og_title":"Espora Quarto de Milha","og_description":"Espora Quarto de Milha \u00e9 um recurso artificial que contribui para que o cavaleiro conduza o cavalo com mais seguran\u00e7a e qualidade.","og_url":"https:\/\/selariarosario.com.br\/atacado\/produto\/espora-quarto-de-milha-inox-2\/","og_site_name":"Selaria Rosario","article_modified_time":"2024-01-18T15:05:49+00:00","twitter_card":"summary_large_image","twitter_misc":{"Est. tempo de leitura":"2 minutos"},"schema":{"@context":"https:\/\/schema.org","@graph":[{"@type":"WebSite","@id":"https:\/\/selariarosario.com.br\/atacado\/#website","url":"https:\/\/selariarosario.com.br\/atacado\/","name":"Selaria Rosario","description":"","potentialAction":[{"@type":"SearchAction","target":{"@type":"EntryPoint","urlTemplate":"https:\/\/selariarosario.com.br\/atacado\/?s={search_term_string}"},"query-input":"required name=search_term_string"}],"inLanguage":"pt-BR"},{"@type":"ImageObject","@id":"https:\/\/selariarosario.com.br\/atacado\/produto\/espora-quarto-de-milha-inox-2\/#primaryimage","inLanguage":"pt-BR","url":"https:\/\/selariarosario.com.br\/atacado\/wp-content\/uploads\/2024\/01\/espora-4o-de-milha-inox-2.jpg","contentUrl":"https:\/\/selariarosario.com.br\/atacado\/wp-content\/uploads\/2024\/01\/espora-4o-de-milha-inox-2.jpg","width":1200,"height":1200},{"@type":"WebPage","@id":"https:\/\/selariarosario.com.br\/atacado\/produto\/espora-quarto-de-milha-inox-2\/#webpage","url":"https:\/\/selariarosario.com.br\/atacado\/produto\/espora-quarto-de-milha-inox-2\/","name":"Espora Quarto de Milha","isPartOf":{"@id":"https:\/\/selariarosario.com.br\/atacado\/#website"},"primaryImageOfPage":{"@id":"https:\/\/selariarosario.com.br\/atacado\/produto\/espora-quarto-de-milha-inox-2\/#primaryimage"},"datePublished":"2024-01-18T15:05:44+00:00","dateModified":"2024-01-18T15:05:49+00:00","description":"Espora Quarto de Milha \u00e9 um recurso artificial que contribui para que o cavaleiro conduza o cavalo com mais seguran\u00e7a e qualidade.","breadcrumb":{"@id":"https:\/\/selariarosario.com.br\/atacado\/produto\/espora-quarto-de-milha-inox-2\/#breadcrumb"},"inLanguage":"pt-BR","potentialAction":[{"@type":"ReadAction","target":["https:\/\/selariarosario.com.br\/atacado\/produto\/espora-quarto-de-milha-inox-2\/"]}]},{"@type":"BreadcrumbList","@id":"https:\/\/selariarosario.com.br\/atacado\/produto\/espora-quarto-de-milha-inox-2\/#breadcrumb","itemListElement":[{"@type":"ListItem","position":1,"name":"In\u00edcio","item":"https:\/\/selariarosario.com.br\/atacado\/"},{"@type":"ListItem","position":2,"name":"Produtos","item":"https:\/\/selariarosario.com.br\/atacado\/produtos\/"},{"@type":"ListItem","position":3,"name":"Espora Quarto de Milha Inox"}]}]}},"_links":{"self":[{"href":"https:\/\/selariarosario.com.br\/atacado\/wp-json\/wp\/v2\/product\/2035"}],"collection":[{"href":"https:\/\/selariarosario.com.br\/atacado\/wp-json\/wp\/v2\/product"}],"about":[{"href":"https:\/\/selariarosario.com.br\/atacado\/wp-json\/wp\/v2\/types\/product"}],"wp:featuredmedia":[{"embeddable":true,"href":"https:\/\/selariarosario.com.br\/atacado\/wp-json\/wp\/v2\/media\/1689"}],"wp:attachment":[{"href":"https:\/\/selariarosario.com.br\/atacado\/wp-json\/wp\/v2\/media?parent=2035"}],"wp:term":[{"taxonomy":"product_cat","embeddable":true,"href":"https:\/\/selariarosario.com.br\/atacado\/wp-json\/wp\/v2\/product_cat?post=2035"},{"taxonomy":"product_tag","embeddable":true,"href":"https:\/\/selariarosario.com.br\/atacado\/wp-json\/wp\/v2\/product_tag?post=2035"}],"curies":[{"name":"wp","href":"https:\/\/api.w.org\/{rel}","templated":true}]}}