{"id":2041,"date":"2024-01-18T12:05:51","date_gmt":"2024-01-18T15:05:51","guid":{"rendered":"https:\/\/selariarosario.com.br\/atacado\/?post_type=product&#038;p=2041"},"modified":"2024-01-18T12:05:55","modified_gmt":"2024-01-18T15:05:55","slug":"estribo-meia-lua-inox-2","status":"publish","type":"product","link":"https:\/\/selariarosario.com.br\/atacado\/produto\/estribo-meia-lua-inox-2\/","title":{"rendered":"Estribo meia lua Inox"},"content":{"rendered":"<p>Estribo meia lua, fabricado em a\u00e7o inox.<\/p>\n<p>Estribo Meia Lua para Sela, fabricado em a\u00e7o inox (n\u00e3o enferruja)\u00a0 de alt\u00edssima qualidade e resist\u00eancia. Formato arredondado, o que proporciona ideal conforto a seus p\u00e9s. Leve, pr\u00e1tico e de f\u00e1cil adapta\u00e7\u00e3o ao loro.<\/p>\n<p>O estribo\u00a0 \u00e9 uma estrutura de inox que se fixa nas laterais da sela de um cavalo. Sua principal utilidade \u00e9 fornecer suporte e estabilidade para o cavaleiro enquanto monta o cavalo.<\/p>\n<p>A presen\u00e7a do estribo ajuda o cavaleiro a equilibrar-se no cavalo. Ele permite que o cavaleiro mantenha melhor posicionado e evita que ele escorregue para os lados ou caia. Al\u00e9m disso, os estribos auxiliam na aplica\u00e7\u00e3o de t\u00e9cnicas de controle e dire\u00e7\u00e3o do cavalo, como o uso de r\u00e9deas e de outras ferramentas de comando.<\/p>\n<p>Outra fun\u00e7\u00e3o importante do estribo \u00e9 proporcionar um apoio correto\u00a0 para as pernas do cavaleiro. Isso \u00e9 especialmente \u00fatil em longos per\u00edodos de montaria, pois o estribo permite que o peso do cavaleiro se distribua de maneira equilibrada e reduz a fadiga nas pernas.<\/p>\n<p>Em resumo, os estribos s\u00e3o essenciais para garantir a seguran\u00e7a e o conforto do cavaleiro durante a montaria, permitindo que ele se mantenha firme e est\u00e1vel no cavalo. Eles s\u00e3o uma pe\u00e7a fundamental do conjunto de equipamentos de equita\u00e7\u00e3o.<\/p>\n","protected":false},"excerpt":{"rendered":"<p>Estribo meia lua, fabricado em a\u00e7o inox.<\/p>\n","protected":false},"featured_media":1697,"template":"","meta":[],"product_cat":[35,62,66],"product_tag":[],"yoast_head":"<!-- This site is optimized with the Yoast SEO plugin v16.7 - https:\/\/yoast.com\/wordpress\/plugins\/seo\/ -->\n<title>Estribo meia lua<\/title>\n<meta name=\"description\" content=\"Estribo meia lua \u00e9 essencial para garantir seguran\u00e7a. Sua principal utilidade \u00e9 fornecer suporte e estabilidade para o cavaleiro enquanto monta o cavalo.\" \/>\n<meta name=\"robots\" content=\"index, follow, max-snippet:-1, max-image-preview:large, max-video-preview:-1\" \/>\n<link rel=\"canonical\" href=\"https:\/\/selariarosario.com.br\/atacado\/produto\/estribo-meia-lua-inox-2\/\" \/>\n<meta property=\"og:locale\" content=\"pt_BR\" \/>\n<meta property=\"og:type\" content=\"article\" \/>\n<meta property=\"og:title\" content=\"Estribo meia lua\" \/>\n<meta property=\"og:description\" content=\"Estribo meia lua \u00e9 essencial para garantir seguran\u00e7a. Sua principal utilidade \u00e9 fornecer suporte e estabilidade para o cavaleiro enquanto monta o cavalo.\" \/>\n<meta property=\"og:url\" content=\"https:\/\/selariarosario.com.br\/atacado\/produto\/estribo-meia-lua-inox-2\/\" \/>\n<meta property=\"og:site_name\" content=\"Selaria Rosario\" \/>\n<meta property=\"article:modified_time\" content=\"2024-01-18T15:05:55+00:00\" \/>\n<meta name=\"twitter:card\" content=\"summary_large_image\" \/>\n<meta name=\"twitter:label1\" content=\"Est. tempo de leitura\" \/>\n\t<meta name=\"twitter:data1\" content=\"2 minutos\" \/>\n<script type=\"application\/ld+json\" class=\"yoast-schema-graph\">{\"@context\":\"https:\/\/schema.org\",\"@graph\":[{\"@type\":\"WebSite\",\"@id\":\"https:\/\/selariarosario.com.br\/atacado\/#website\",\"url\":\"https:\/\/selariarosario.com.br\/atacado\/\",\"name\":\"Selaria Rosario\",\"description\":\"\",\"potentialAction\":[{\"@type\":\"SearchAction\",\"target\":{\"@type\":\"EntryPoint\",\"urlTemplate\":\"https:\/\/selariarosario.com.br\/atacado\/?s={search_term_string}\"},\"query-input\":\"required name=search_term_string\"}],\"inLanguage\":\"pt-BR\"},{\"@type\":\"ImageObject\",\"@id\":\"https:\/\/selariarosario.com.br\/atacado\/produto\/estribo-meia-lua-inox-2\/#primaryimage\",\"inLanguage\":\"pt-BR\",\"url\":\"https:\/\/selariarosario.com.br\/atacado\/wp-content\/uploads\/2024\/01\/ESTRIBO-COMUM-INOX.jpg\",\"contentUrl\":\"https:\/\/selariarosario.com.br\/atacado\/wp-content\/uploads\/2024\/01\/ESTRIBO-COMUM-INOX.jpg\",\"width\":1200,\"height\":1200},{\"@type\":\"WebPage\",\"@id\":\"https:\/\/selariarosario.com.br\/atacado\/produto\/estribo-meia-lua-inox-2\/#webpage\",\"url\":\"https:\/\/selariarosario.com.br\/atacado\/produto\/estribo-meia-lua-inox-2\/\",\"name\":\"Estribo meia lua\",\"isPartOf\":{\"@id\":\"https:\/\/selariarosario.com.br\/atacado\/#website\"},\"primaryImageOfPage\":{\"@id\":\"https:\/\/selariarosario.com.br\/atacado\/produto\/estribo-meia-lua-inox-2\/#primaryimage\"},\"datePublished\":\"2024-01-18T15:05:51+00:00\",\"dateModified\":\"2024-01-18T15:05:55+00:00\",\"description\":\"Estribo meia lua \\u00e9 essencial para garantir seguran\\u00e7a. Sua principal utilidade \\u00e9 fornecer suporte e estabilidade para o cavaleiro enquanto monta o cavalo.\",\"breadcrumb\":{\"@id\":\"https:\/\/selariarosario.com.br\/atacado\/produto\/estribo-meia-lua-inox-2\/#breadcrumb\"},\"inLanguage\":\"pt-BR\",\"potentialAction\":[{\"@type\":\"ReadAction\",\"target\":[\"https:\/\/selariarosario.com.br\/atacado\/produto\/estribo-meia-lua-inox-2\/\"]}]},{\"@type\":\"BreadcrumbList\",\"@id\":\"https:\/\/selariarosario.com.br\/atacado\/produto\/estribo-meia-lua-inox-2\/#breadcrumb\",\"itemListElement\":[{\"@type\":\"ListItem\",\"position\":1,\"name\":\"In\\u00edcio\",\"item\":\"https:\/\/selariarosario.com.br\/atacado\/\"},{\"@type\":\"ListItem\",\"position\":2,\"name\":\"Produtos\",\"item\":\"https:\/\/selariarosario.com.br\/atacado\/produtos\/\"},{\"@type\":\"ListItem\",\"position\":3,\"name\":\"Estribo meia lua Inox\"}]}]}<\/script>\n<!-- \/ Yoast SEO plugin. -->","yoast_head_json":{"title":"Estribo meia lua","description":"Estribo meia lua \u00e9 essencial para garantir seguran\u00e7a. Sua principal utilidade \u00e9 fornecer suporte e estabilidade para o cavaleiro enquanto monta o cavalo.","robots":{"index":"index","follow":"follow","max-snippet":"max-snippet:-1","max-image-preview":"max-image-preview:large","max-video-preview":"max-video-preview:-1"},"canonical":"https:\/\/selariarosario.com.br\/atacado\/produto\/estribo-meia-lua-inox-2\/","og_locale":"pt_BR","og_type":"article","og_title":"Estribo meia lua","og_description":"Estribo meia lua \u00e9 essencial para garantir seguran\u00e7a. Sua principal utilidade \u00e9 fornecer suporte e estabilidade para o cavaleiro enquanto monta o cavalo.","og_url":"https:\/\/selariarosario.com.br\/atacado\/produto\/estribo-meia-lua-inox-2\/","og_site_name":"Selaria Rosario","article_modified_time":"2024-01-18T15:05:55+00:00","twitter_card":"summary_large_image","twitter_misc":{"Est. tempo de leitura":"2 minutos"},"schema":{"@context":"https:\/\/schema.org","@graph":[{"@type":"WebSite","@id":"https:\/\/selariarosario.com.br\/atacado\/#website","url":"https:\/\/selariarosario.com.br\/atacado\/","name":"Selaria Rosario","description":"","potentialAction":[{"@type":"SearchAction","target":{"@type":"EntryPoint","urlTemplate":"https:\/\/selariarosario.com.br\/atacado\/?s={search_term_string}"},"query-input":"required name=search_term_string"}],"inLanguage":"pt-BR"},{"@type":"ImageObject","@id":"https:\/\/selariarosario.com.br\/atacado\/produto\/estribo-meia-lua-inox-2\/#primaryimage","inLanguage":"pt-BR","url":"https:\/\/selariarosario.com.br\/atacado\/wp-content\/uploads\/2024\/01\/ESTRIBO-COMUM-INOX.jpg","contentUrl":"https:\/\/selariarosario.com.br\/atacado\/wp-content\/uploads\/2024\/01\/ESTRIBO-COMUM-INOX.jpg","width":1200,"height":1200},{"@type":"WebPage","@id":"https:\/\/selariarosario.com.br\/atacado\/produto\/estribo-meia-lua-inox-2\/#webpage","url":"https:\/\/selariarosario.com.br\/atacado\/produto\/estribo-meia-lua-inox-2\/","name":"Estribo meia lua","isPartOf":{"@id":"https:\/\/selariarosario.com.br\/atacado\/#website"},"primaryImageOfPage":{"@id":"https:\/\/selariarosario.com.br\/atacado\/produto\/estribo-meia-lua-inox-2\/#primaryimage"},"datePublished":"2024-01-18T15:05:51+00:00","dateModified":"2024-01-18T15:05:55+00:00","description":"Estribo meia lua \u00e9 essencial para garantir seguran\u00e7a. Sua principal utilidade \u00e9 fornecer suporte e estabilidade para o cavaleiro enquanto monta o cavalo.","breadcrumb":{"@id":"https:\/\/selariarosario.com.br\/atacado\/produto\/estribo-meia-lua-inox-2\/#breadcrumb"},"inLanguage":"pt-BR","potentialAction":[{"@type":"ReadAction","target":["https:\/\/selariarosario.com.br\/atacado\/produto\/estribo-meia-lua-inox-2\/"]}]},{"@type":"BreadcrumbList","@id":"https:\/\/selariarosario.com.br\/atacado\/produto\/estribo-meia-lua-inox-2\/#breadcrumb","itemListElement":[{"@type":"ListItem","position":1,"name":"In\u00edcio","item":"https:\/\/selariarosario.com.br\/atacado\/"},{"@type":"ListItem","position":2,"name":"Produtos","item":"https:\/\/selariarosario.com.br\/atacado\/produtos\/"},{"@type":"ListItem","position":3,"name":"Estribo meia lua Inox"}]}]}},"_links":{"self":[{"href":"https:\/\/selariarosario.com.br\/atacado\/wp-json\/wp\/v2\/product\/2041"}],"collection":[{"href":"https:\/\/selariarosario.com.br\/atacado\/wp-json\/wp\/v2\/product"}],"about":[{"href":"https:\/\/selariarosario.com.br\/atacado\/wp-json\/wp\/v2\/types\/product"}],"wp:featuredmedia":[{"embeddable":true,"href":"https:\/\/selariarosario.com.br\/atacado\/wp-json\/wp\/v2\/media\/1697"}],"wp:attachment":[{"href":"https:\/\/selariarosario.com.br\/atacado\/wp-json\/wp\/v2\/media?parent=2041"}],"wp:term":[{"taxonomy":"product_cat","embeddable":true,"href":"https:\/\/selariarosario.com.br\/atacado\/wp-json\/wp\/v2\/product_cat?post=2041"},{"taxonomy":"product_tag","embeddable":true,"href":"https:\/\/selariarosario.com.br\/atacado\/wp-json\/wp\/v2\/product_tag?post=2041"}],"curies":[{"name":"wp","href":"https:\/\/api.w.org\/{rel}","templated":true}]}}