{"id":2055,"date":"2024-01-18T12:05:53","date_gmt":"2024-01-18T15:05:53","guid":{"rendered":"https:\/\/selariarosario.com.br\/atacado\/?post_type=product&#038;p=2055"},"modified":"2024-01-18T12:05:57","modified_gmt":"2024-01-18T15:05:57","slug":"latego-p-sela-marrom-sr-2","status":"publish","type":"product","link":"https:\/\/selariarosario.com.br\/atacado\/produto\/latego-p-sela-marrom-sr-2\/","title":{"rendered":"Latego p sela marrom SR"},"content":{"rendered":"<p>latego para sela\u00a0 \u00e9 produzido em couro de b\u00fafalo\u00a0 com 22mm de largura por 1mt e meio de comprimento.<\/p>\n<p>O Latego e o Contralatego s\u00e3o acess\u00f3rios para usar na montaria de cavalos para a seguran\u00e7a do cavaleiro e o controle da montaria.<\/p>\n<ol>\n<li>\u00a0latego para sela: \u00c9 uma correia larga que passa por tr\u00e1s do quadril do cavalo e possui uma fivela de ajuste. Fixa-o na sela\u00a0 com objetivo impedir que a sela escorregue para frente durante o movimento do cavalo, para garantir a estabilidade e seguran\u00e7a do cavaleiro.<\/li>\n<li>Contralatego: \u00c9 uma outra correia\u00a0 QUE FIXA A BARRIGUEIRA NA SELA O contralatego tem a fun\u00e7\u00e3o de evitar que a sela escorregue para tr\u00e1s durante a montaria, mantendo-a bem posicionada e equilibrada sobre o dorso do cavalo.<\/li>\n<\/ol>\n<p>Ambos os acess\u00f3rios s\u00e3o essenciais na montaria, proporcionando estabilidade \u00e0 sela e evitando acidentes causados por movimentos bruscos do cavalo. \u00c9 importante utiliz\u00e1-los corretamente e ajust\u00e1-los adequadamente para garantir o conforto e seguran\u00e7a tanto do cavalo quanto do cavaleiro.<\/p>\n<p>O latego \u00e9 uma das partes do arreamento da sela de um cavalo e tem v\u00e1rias fun\u00e7\u00f5es importantes: Seguran\u00e7a, equil\u00edbrio, comunica\u00e7\u00e3o\u00a0 e est\u00e9tica.<\/p>\n<p>No entanto, \u00e9 importante ressaltar que o uso adequado do latego requer conhecimento e experi\u00eancia para evitar les\u00f5es ao cavalo e ao cavaleiro. Maus ajustes ou apertos excessivos podem causar desconforto e at\u00e9 danos \u00e0 coluna vertebral do cavalo. Portanto, \u00e9 essencial procurar orienta\u00e7\u00e3o de um profissional\u00a0 ao arrear a sela e ajustar o latego corretamente.<\/p>\n<p>Op\u00e7\u00f5es de cores conforme abaixo:<\/p>\n<p>preto, marrom, caf\u00e9, havana, vinho e natural<\/p>\n","protected":false},"excerpt":{"rendered":"<p>Produzido em couro de b\u00fafalo. L\u00e1tego com 22mm de largura por 1mt e meio de comprimento.<\/p>\n<p>Op\u00e7\u00f5es de cores:preto,marrom,caf\u00e9,havana,vinho e natural<\/p>\n","protected":false},"featured_media":1713,"template":"","meta":[],"product_cat":[35,62,67],"product_tag":[],"yoast_head":"<!-- This site is optimized with the Yoast SEO plugin v16.7 - https:\/\/yoast.com\/wordpress\/plugins\/seo\/ -->\n<title>latego para sela<\/title>\n<meta name=\"description\" content=\"latego para sela \u00e9 uma correia larga que passa por tr\u00e1s do quadril do cavalo e possui uma fivela de ajuste e tem o objetivo impedir que a sela escorregue.\" \/>\n<meta name=\"robots\" content=\"index, follow, max-snippet:-1, max-image-preview:large, max-video-preview:-1\" \/>\n<link rel=\"canonical\" href=\"https:\/\/selariarosario.com.br\/atacado\/produto\/latego-p-sela-marrom-sr-2\/\" \/>\n<meta property=\"og:locale\" content=\"pt_BR\" \/>\n<meta property=\"og:type\" content=\"article\" \/>\n<meta property=\"og:title\" content=\"latego para sela\" \/>\n<meta property=\"og:description\" content=\"latego para sela \u00e9 uma correia larga que passa por tr\u00e1s do quadril do cavalo e possui uma fivela de ajuste e tem o objetivo impedir que a sela escorregue.\" \/>\n<meta property=\"og:url\" content=\"https:\/\/selariarosario.com.br\/atacado\/produto\/latego-p-sela-marrom-sr-2\/\" \/>\n<meta property=\"og:site_name\" content=\"Selaria Rosario\" \/>\n<meta property=\"article:modified_time\" content=\"2024-01-18T15:05:57+00:00\" \/>\n<meta name=\"twitter:card\" content=\"summary_large_image\" \/>\n<meta name=\"twitter:label1\" content=\"Est. tempo de leitura\" \/>\n\t<meta name=\"twitter:data1\" content=\"2 minutos\" \/>\n<script type=\"application\/ld+json\" class=\"yoast-schema-graph\">{\"@context\":\"https:\/\/schema.org\",\"@graph\":[{\"@type\":\"WebSite\",\"@id\":\"https:\/\/selariarosario.com.br\/atacado\/#website\",\"url\":\"https:\/\/selariarosario.com.br\/atacado\/\",\"name\":\"Selaria Rosario\",\"description\":\"\",\"potentialAction\":[{\"@type\":\"SearchAction\",\"target\":{\"@type\":\"EntryPoint\",\"urlTemplate\":\"https:\/\/selariarosario.com.br\/atacado\/?s={search_term_string}\"},\"query-input\":\"required name=search_term_string\"}],\"inLanguage\":\"pt-BR\"},{\"@type\":\"ImageObject\",\"@id\":\"https:\/\/selariarosario.com.br\/atacado\/produto\/latego-p-sela-marrom-sr-2\/#primaryimage\",\"inLanguage\":\"pt-BR\",\"url\":\"https:\/\/selariarosario.com.br\/atacado\/wp-content\/uploads\/2024\/01\/LATEGO.jpg\",\"contentUrl\":\"https:\/\/selariarosario.com.br\/atacado\/wp-content\/uploads\/2024\/01\/LATEGO.jpg\",\"width\":1200,\"height\":1200},{\"@type\":\"WebPage\",\"@id\":\"https:\/\/selariarosario.com.br\/atacado\/produto\/latego-p-sela-marrom-sr-2\/#webpage\",\"url\":\"https:\/\/selariarosario.com.br\/atacado\/produto\/latego-p-sela-marrom-sr-2\/\",\"name\":\"latego para sela\",\"isPartOf\":{\"@id\":\"https:\/\/selariarosario.com.br\/atacado\/#website\"},\"primaryImageOfPage\":{\"@id\":\"https:\/\/selariarosario.com.br\/atacado\/produto\/latego-p-sela-marrom-sr-2\/#primaryimage\"},\"datePublished\":\"2024-01-18T15:05:53+00:00\",\"dateModified\":\"2024-01-18T15:05:57+00:00\",\"description\":\"latego para sela \\u00e9 uma correia larga que passa por tr\\u00e1s do quadril do cavalo e possui uma fivela de ajuste e tem o objetivo impedir que a sela escorregue.\",\"breadcrumb\":{\"@id\":\"https:\/\/selariarosario.com.br\/atacado\/produto\/latego-p-sela-marrom-sr-2\/#breadcrumb\"},\"inLanguage\":\"pt-BR\",\"potentialAction\":[{\"@type\":\"ReadAction\",\"target\":[\"https:\/\/selariarosario.com.br\/atacado\/produto\/latego-p-sela-marrom-sr-2\/\"]}]},{\"@type\":\"BreadcrumbList\",\"@id\":\"https:\/\/selariarosario.com.br\/atacado\/produto\/latego-p-sela-marrom-sr-2\/#breadcrumb\",\"itemListElement\":[{\"@type\":\"ListItem\",\"position\":1,\"name\":\"In\\u00edcio\",\"item\":\"https:\/\/selariarosario.com.br\/atacado\/\"},{\"@type\":\"ListItem\",\"position\":2,\"name\":\"Produtos\",\"item\":\"https:\/\/selariarosario.com.br\/atacado\/produtos\/\"},{\"@type\":\"ListItem\",\"position\":3,\"name\":\"Latego p sela marrom SR\"}]}]}<\/script>\n<!-- \/ Yoast SEO plugin. -->","yoast_head_json":{"title":"latego para sela","description":"latego para sela \u00e9 uma correia larga que passa por tr\u00e1s do quadril do cavalo e possui uma fivela de ajuste e tem o objetivo impedir que a sela escorregue.","robots":{"index":"index","follow":"follow","max-snippet":"max-snippet:-1","max-image-preview":"max-image-preview:large","max-video-preview":"max-video-preview:-1"},"canonical":"https:\/\/selariarosario.com.br\/atacado\/produto\/latego-p-sela-marrom-sr-2\/","og_locale":"pt_BR","og_type":"article","og_title":"latego para sela","og_description":"latego para sela \u00e9 uma correia larga que passa por tr\u00e1s do quadril do cavalo e possui uma fivela de ajuste e tem o objetivo impedir que a sela escorregue.","og_url":"https:\/\/selariarosario.com.br\/atacado\/produto\/latego-p-sela-marrom-sr-2\/","og_site_name":"Selaria Rosario","article_modified_time":"2024-01-18T15:05:57+00:00","twitter_card":"summary_large_image","twitter_misc":{"Est. tempo de leitura":"2 minutos"},"schema":{"@context":"https:\/\/schema.org","@graph":[{"@type":"WebSite","@id":"https:\/\/selariarosario.com.br\/atacado\/#website","url":"https:\/\/selariarosario.com.br\/atacado\/","name":"Selaria Rosario","description":"","potentialAction":[{"@type":"SearchAction","target":{"@type":"EntryPoint","urlTemplate":"https:\/\/selariarosario.com.br\/atacado\/?s={search_term_string}"},"query-input":"required name=search_term_string"}],"inLanguage":"pt-BR"},{"@type":"ImageObject","@id":"https:\/\/selariarosario.com.br\/atacado\/produto\/latego-p-sela-marrom-sr-2\/#primaryimage","inLanguage":"pt-BR","url":"https:\/\/selariarosario.com.br\/atacado\/wp-content\/uploads\/2024\/01\/LATEGO.jpg","contentUrl":"https:\/\/selariarosario.com.br\/atacado\/wp-content\/uploads\/2024\/01\/LATEGO.jpg","width":1200,"height":1200},{"@type":"WebPage","@id":"https:\/\/selariarosario.com.br\/atacado\/produto\/latego-p-sela-marrom-sr-2\/#webpage","url":"https:\/\/selariarosario.com.br\/atacado\/produto\/latego-p-sela-marrom-sr-2\/","name":"latego para sela","isPartOf":{"@id":"https:\/\/selariarosario.com.br\/atacado\/#website"},"primaryImageOfPage":{"@id":"https:\/\/selariarosario.com.br\/atacado\/produto\/latego-p-sela-marrom-sr-2\/#primaryimage"},"datePublished":"2024-01-18T15:05:53+00:00","dateModified":"2024-01-18T15:05:57+00:00","description":"latego para sela \u00e9 uma correia larga que passa por tr\u00e1s do quadril do cavalo e possui uma fivela de ajuste e tem o objetivo impedir que a sela escorregue.","breadcrumb":{"@id":"https:\/\/selariarosario.com.br\/atacado\/produto\/latego-p-sela-marrom-sr-2\/#breadcrumb"},"inLanguage":"pt-BR","potentialAction":[{"@type":"ReadAction","target":["https:\/\/selariarosario.com.br\/atacado\/produto\/latego-p-sela-marrom-sr-2\/"]}]},{"@type":"BreadcrumbList","@id":"https:\/\/selariarosario.com.br\/atacado\/produto\/latego-p-sela-marrom-sr-2\/#breadcrumb","itemListElement":[{"@type":"ListItem","position":1,"name":"In\u00edcio","item":"https:\/\/selariarosario.com.br\/atacado\/"},{"@type":"ListItem","position":2,"name":"Produtos","item":"https:\/\/selariarosario.com.br\/atacado\/produtos\/"},{"@type":"ListItem","position":3,"name":"Latego p sela marrom SR"}]}]}},"_links":{"self":[{"href":"https:\/\/selariarosario.com.br\/atacado\/wp-json\/wp\/v2\/product\/2055"}],"collection":[{"href":"https:\/\/selariarosario.com.br\/atacado\/wp-json\/wp\/v2\/product"}],"about":[{"href":"https:\/\/selariarosario.com.br\/atacado\/wp-json\/wp\/v2\/types\/product"}],"wp:featuredmedia":[{"embeddable":true,"href":"https:\/\/selariarosario.com.br\/atacado\/wp-json\/wp\/v2\/media\/1713"}],"wp:attachment":[{"href":"https:\/\/selariarosario.com.br\/atacado\/wp-json\/wp\/v2\/media?parent=2055"}],"wp:term":[{"taxonomy":"product_cat","embeddable":true,"href":"https:\/\/selariarosario.com.br\/atacado\/wp-json\/wp\/v2\/product_cat?post=2055"},{"taxonomy":"product_tag","embeddable":true,"href":"https:\/\/selariarosario.com.br\/atacado\/wp-json\/wp\/v2\/product_tag?post=2055"}],"curies":[{"name":"wp","href":"https:\/\/api.w.org\/{rel}","templated":true}]}}