{"id":2085,"date":"2024-01-18T12:06:06","date_gmt":"2024-01-18T15:06:06","guid":{"rendered":"https:\/\/selariarosario.com.br\/atacado\/?post_type=product&#038;p=2085"},"modified":"2024-01-18T12:06:11","modified_gmt":"2024-01-18T15:06:11","slug":"bridao-espanhol-inox-c-bocal-de-ferro-m-sr-2","status":"publish","type":"product","link":"https:\/\/selariarosario.com.br\/atacado\/produto\/bridao-espanhol-inox-c-bocal-de-ferro-m-sr-2\/","title":{"rendered":"Brid\u00e3o Espanhol Inox c\/bocal de ferro M-SR"},"content":{"rendered":"<p>Brid\u00e3o Espanhol BFERRO IM, argolas\u00a0 fabricadas em a\u00e7o inox de alt\u00edssima qualidade, livre de ferrugens. Bocal de ferro com uma articula\u00e7\u00e3o central. Argolas em a\u00e7o inox nas laterais, articuladas. Produto resistente, pr\u00e1tico e de f\u00e1cil fixa\u00e7\u00e3o no animal. Produto vers\u00e1til, podendo ser utilizado na maioria das ra\u00e7as.<\/p>\n<p>Os freios e brid\u00f5es s\u00e3o instrumentos que se coloca na boca dos animais <b>para control\u00e1-los atrav\u00e9s da dor e tamb\u00e9m para puni-los caso desobede\u00e7am ou fa\u00e7am algo que o competidor n\u00e3o quer<\/b>.Brid\u00e3o \u00e9 um\u00a0 acess\u00f3rio que <b>possibilita que r\u00e9dea e a cabe\u00e7ada fiquem presas a mesma argola.Por isso faz uma a\u00e7\u00e3o direta na comissura da boca do animal,pois assim que puxa a r\u00e9dea , o animal entende facilmente o comando<\/b>.<\/p>\n<div>\n<h3>A embocadura inicial \u00e9 o brid\u00e3o (Brid\u00e3o Espanhol BFERRO IM)<\/h3>\n<p class=\"text-justify\">No Brid\u00e3o\u00a0 de cavalo o modo de a\u00e7\u00e3o \u00e9 a press\u00e3o principal sobre as comissuras labiais. Desse modo esta a\u00e7\u00e3o gera uma rea\u00e7\u00e3o do cavalo, a eleva\u00e7\u00e3o da cabe\u00e7a, como forma de amenizar o inc\u00f4modo da press\u00e3o , uma regi\u00e3o de sensibilidade . Obviamente, quanto mais discretos forem os comandos de r\u00e9deas acionando o brid\u00e3o, menor ser\u00e1 a rea\u00e7\u00e3o de elevar a cabe\u00e7a.<\/p>\n<p class=\"text-justify\">Em ra\u00e7as brasileiras de cavalos de marcha o brid\u00e3o seu uso \u00e9 de forma errada, quanto ao tipo de r\u00e9dea , pois (o correto \u00e9 a r\u00e9dea direta, conhecida como r\u00e9dea de abertura). Por outro lado, no M\u00e9todo LSA de Adestramento ( M\u00e9todo LSA de Adestramento tem na sua ess\u00eancia o uso da n\u00e3o viol\u00eancia e a integra\u00e7\u00e3o plena entre treinador \/ cavalo.), o brid\u00e3o \u00e9 praticamente uma embocadura de transi\u00e7\u00e3o, como forma de preparar a boca do cavalo para a introdu\u00e7\u00e3o do freio. Dessa forma, de acordo com o grau de severidade da a\u00e7\u00e3o, o brid\u00e3o pode ser brando, moderado, severo.<\/p>\n<\/div>\n","protected":false},"excerpt":{"rendered":"<p>Brid\u00e3o espanhol, argolas e corrente fabricadas em a\u00e7o inox de alt\u00edssima qualidade, livre de ferrugens. Bocal de ferro com salivador e uma articula\u00e7\u00e3o central. Argolas em a\u00e7o inox nas laterais, articuladas. Produto resistente, pr\u00e1tico e de f\u00e1cil fixa\u00e7\u00e3o no animal. Produto vers\u00e1til, podendo ser utilizado na maioria das ra\u00e7as.<\/p>\n","protected":false},"featured_media":1758,"template":"","meta":[],"product_cat":[35,58,51],"product_tag":[],"yoast_head":"<!-- This site is optimized with the Yoast SEO plugin v16.7 - https:\/\/yoast.com\/wordpress\/plugins\/seo\/ -->\n<title>Brid\u00e3o Espanhol BFERRO IM<\/title>\n<meta name=\"description\" content=\"Brid\u00e3o Espanhol BFERRO IM\" \/>\n<meta name=\"robots\" content=\"index, follow, max-snippet:-1, max-image-preview:large, max-video-preview:-1\" \/>\n<link rel=\"canonical\" href=\"https:\/\/selariarosario.com.br\/atacado\/produto\/bridao-espanhol-inox-c-bocal-de-ferro-m-sr-2\/\" \/>\n<meta property=\"og:locale\" content=\"pt_BR\" \/>\n<meta property=\"og:type\" content=\"article\" \/>\n<meta property=\"og:title\" content=\"Brid\u00e3o Espanhol BFERRO IM\" \/>\n<meta property=\"og:description\" content=\"Brid\u00e3o Espanhol BFERRO IM\" \/>\n<meta property=\"og:url\" content=\"https:\/\/selariarosario.com.br\/atacado\/produto\/bridao-espanhol-inox-c-bocal-de-ferro-m-sr-2\/\" \/>\n<meta property=\"og:site_name\" content=\"Selaria Rosario\" \/>\n<meta property=\"article:modified_time\" content=\"2024-01-18T15:06:11+00:00\" \/>\n<meta name=\"twitter:card\" content=\"summary_large_image\" \/>\n<meta name=\"twitter:label1\" content=\"Est. tempo de leitura\" \/>\n\t<meta name=\"twitter:data1\" content=\"2 minutos\" \/>\n<script type=\"application\/ld+json\" class=\"yoast-schema-graph\">{\"@context\":\"https:\/\/schema.org\",\"@graph\":[{\"@type\":\"WebSite\",\"@id\":\"https:\/\/selariarosario.com.br\/atacado\/#website\",\"url\":\"https:\/\/selariarosario.com.br\/atacado\/\",\"name\":\"Selaria Rosario\",\"description\":\"\",\"potentialAction\":[{\"@type\":\"SearchAction\",\"target\":{\"@type\":\"EntryPoint\",\"urlTemplate\":\"https:\/\/selariarosario.com.br\/atacado\/?s={search_term_string}\"},\"query-input\":\"required name=search_term_string\"}],\"inLanguage\":\"pt-BR\"},{\"@type\":\"ImageObject\",\"@id\":\"https:\/\/selariarosario.com.br\/atacado\/produto\/bridao-espanhol-inox-c-bocal-de-ferro-m-sr-2\/#primaryimage\",\"inLanguage\":\"pt-BR\",\"url\":\"https:\/\/selariarosario.com.br\/atacado\/wp-content\/uploads\/2024\/01\/Bridao-Espanhol-Inox-Bocal-de-Ferro-MARLEX.jpg\",\"contentUrl\":\"https:\/\/selariarosario.com.br\/atacado\/wp-content\/uploads\/2024\/01\/Bridao-Espanhol-Inox-Bocal-de-Ferro-MARLEX.jpg\",\"width\":1200,\"height\":1200},{\"@type\":\"WebPage\",\"@id\":\"https:\/\/selariarosario.com.br\/atacado\/produto\/bridao-espanhol-inox-c-bocal-de-ferro-m-sr-2\/#webpage\",\"url\":\"https:\/\/selariarosario.com.br\/atacado\/produto\/bridao-espanhol-inox-c-bocal-de-ferro-m-sr-2\/\",\"name\":\"Brid\\u00e3o Espanhol BFERRO IM\",\"isPartOf\":{\"@id\":\"https:\/\/selariarosario.com.br\/atacado\/#website\"},\"primaryImageOfPage\":{\"@id\":\"https:\/\/selariarosario.com.br\/atacado\/produto\/bridao-espanhol-inox-c-bocal-de-ferro-m-sr-2\/#primaryimage\"},\"datePublished\":\"2024-01-18T15:06:06+00:00\",\"dateModified\":\"2024-01-18T15:06:11+00:00\",\"description\":\"Brid\\u00e3o Espanhol BFERRO IM\",\"breadcrumb\":{\"@id\":\"https:\/\/selariarosario.com.br\/atacado\/produto\/bridao-espanhol-inox-c-bocal-de-ferro-m-sr-2\/#breadcrumb\"},\"inLanguage\":\"pt-BR\",\"potentialAction\":[{\"@type\":\"ReadAction\",\"target\":[\"https:\/\/selariarosario.com.br\/atacado\/produto\/bridao-espanhol-inox-c-bocal-de-ferro-m-sr-2\/\"]}]},{\"@type\":\"BreadcrumbList\",\"@id\":\"https:\/\/selariarosario.com.br\/atacado\/produto\/bridao-espanhol-inox-c-bocal-de-ferro-m-sr-2\/#breadcrumb\",\"itemListElement\":[{\"@type\":\"ListItem\",\"position\":1,\"name\":\"In\\u00edcio\",\"item\":\"https:\/\/selariarosario.com.br\/atacado\/\"},{\"@type\":\"ListItem\",\"position\":2,\"name\":\"Produtos\",\"item\":\"https:\/\/selariarosario.com.br\/atacado\/produtos\/\"},{\"@type\":\"ListItem\",\"position\":3,\"name\":\"Brid\\u00e3o Espanhol Inox c\/bocal de ferro M-SR\"}]}]}<\/script>\n<!-- \/ Yoast SEO plugin. -->","yoast_head_json":{"title":"Brid\u00e3o Espanhol BFERRO IM","description":"Brid\u00e3o Espanhol BFERRO IM","robots":{"index":"index","follow":"follow","max-snippet":"max-snippet:-1","max-image-preview":"max-image-preview:large","max-video-preview":"max-video-preview:-1"},"canonical":"https:\/\/selariarosario.com.br\/atacado\/produto\/bridao-espanhol-inox-c-bocal-de-ferro-m-sr-2\/","og_locale":"pt_BR","og_type":"article","og_title":"Brid\u00e3o Espanhol BFERRO IM","og_description":"Brid\u00e3o Espanhol BFERRO IM","og_url":"https:\/\/selariarosario.com.br\/atacado\/produto\/bridao-espanhol-inox-c-bocal-de-ferro-m-sr-2\/","og_site_name":"Selaria Rosario","article_modified_time":"2024-01-18T15:06:11+00:00","twitter_card":"summary_large_image","twitter_misc":{"Est. tempo de leitura":"2 minutos"},"schema":{"@context":"https:\/\/schema.org","@graph":[{"@type":"WebSite","@id":"https:\/\/selariarosario.com.br\/atacado\/#website","url":"https:\/\/selariarosario.com.br\/atacado\/","name":"Selaria Rosario","description":"","potentialAction":[{"@type":"SearchAction","target":{"@type":"EntryPoint","urlTemplate":"https:\/\/selariarosario.com.br\/atacado\/?s={search_term_string}"},"query-input":"required name=search_term_string"}],"inLanguage":"pt-BR"},{"@type":"ImageObject","@id":"https:\/\/selariarosario.com.br\/atacado\/produto\/bridao-espanhol-inox-c-bocal-de-ferro-m-sr-2\/#primaryimage","inLanguage":"pt-BR","url":"https:\/\/selariarosario.com.br\/atacado\/wp-content\/uploads\/2024\/01\/Bridao-Espanhol-Inox-Bocal-de-Ferro-MARLEX.jpg","contentUrl":"https:\/\/selariarosario.com.br\/atacado\/wp-content\/uploads\/2024\/01\/Bridao-Espanhol-Inox-Bocal-de-Ferro-MARLEX.jpg","width":1200,"height":1200},{"@type":"WebPage","@id":"https:\/\/selariarosario.com.br\/atacado\/produto\/bridao-espanhol-inox-c-bocal-de-ferro-m-sr-2\/#webpage","url":"https:\/\/selariarosario.com.br\/atacado\/produto\/bridao-espanhol-inox-c-bocal-de-ferro-m-sr-2\/","name":"Brid\u00e3o Espanhol BFERRO IM","isPartOf":{"@id":"https:\/\/selariarosario.com.br\/atacado\/#website"},"primaryImageOfPage":{"@id":"https:\/\/selariarosario.com.br\/atacado\/produto\/bridao-espanhol-inox-c-bocal-de-ferro-m-sr-2\/#primaryimage"},"datePublished":"2024-01-18T15:06:06+00:00","dateModified":"2024-01-18T15:06:11+00:00","description":"Brid\u00e3o Espanhol BFERRO IM","breadcrumb":{"@id":"https:\/\/selariarosario.com.br\/atacado\/produto\/bridao-espanhol-inox-c-bocal-de-ferro-m-sr-2\/#breadcrumb"},"inLanguage":"pt-BR","potentialAction":[{"@type":"ReadAction","target":["https:\/\/selariarosario.com.br\/atacado\/produto\/bridao-espanhol-inox-c-bocal-de-ferro-m-sr-2\/"]}]},{"@type":"BreadcrumbList","@id":"https:\/\/selariarosario.com.br\/atacado\/produto\/bridao-espanhol-inox-c-bocal-de-ferro-m-sr-2\/#breadcrumb","itemListElement":[{"@type":"ListItem","position":1,"name":"In\u00edcio","item":"https:\/\/selariarosario.com.br\/atacado\/"},{"@type":"ListItem","position":2,"name":"Produtos","item":"https:\/\/selariarosario.com.br\/atacado\/produtos\/"},{"@type":"ListItem","position":3,"name":"Brid\u00e3o Espanhol Inox c\/bocal de ferro M-SR"}]}]}},"_links":{"self":[{"href":"https:\/\/selariarosario.com.br\/atacado\/wp-json\/wp\/v2\/product\/2085"}],"collection":[{"href":"https:\/\/selariarosario.com.br\/atacado\/wp-json\/wp\/v2\/product"}],"about":[{"href":"https:\/\/selariarosario.com.br\/atacado\/wp-json\/wp\/v2\/types\/product"}],"wp:featuredmedia":[{"embeddable":true,"href":"https:\/\/selariarosario.com.br\/atacado\/wp-json\/wp\/v2\/media\/1758"}],"wp:attachment":[{"href":"https:\/\/selariarosario.com.br\/atacado\/wp-json\/wp\/v2\/media?parent=2085"}],"wp:term":[{"taxonomy":"product_cat","embeddable":true,"href":"https:\/\/selariarosario.com.br\/atacado\/wp-json\/wp\/v2\/product_cat?post=2085"},{"taxonomy":"product_tag","embeddable":true,"href":"https:\/\/selariarosario.com.br\/atacado\/wp-json\/wp\/v2\/product_tag?post=2085"}],"curies":[{"name":"wp","href":"https:\/\/api.w.org\/{rel}","templated":true}]}}