{"id":2105,"date":"2024-01-18T12:06:16","date_gmt":"2024-01-18T15:06:16","guid":{"rendered":"https:\/\/selariarosario.com.br\/atacado\/?post_type=product&#038;p=2105"},"modified":"2024-01-18T12:06:20","modified_gmt":"2024-01-18T15:06:20","slug":"freio-agua-choca-pesado-ferro-polido-sr-2","status":"publish","type":"product","link":"https:\/\/selariarosario.com.br\/atacado\/produto\/freio-agua-choca-pesado-ferro-polido-sr-2\/","title":{"rendered":"Freio Agua Choca Pesado ferro polido SR"},"content":{"rendered":"<p>Freio \u00e1gua choca pesado, argolas, bocal e corrente fabricados em ferro polido de alt\u00edssima qualidade. Bocal alto em curva. Hastes de sustenta\u00e7\u00e3o de bocal, em ferro polido, articuladas. Possui uma corrente superior e uma inferior, para melhor fixa\u00e7\u00e3o do produto. Produto resistente, pr\u00e1tico e de f\u00e1cil fixa\u00e7\u00e3o no animal. Produto vers\u00e1til, podendo ser utilizado na maioria das ra\u00e7as.<\/p>\n<p>Os freios e brid\u00f5es s\u00e3o instrumentos colocados na boca dos animais\u00a0<b>para control\u00e1-los atrav\u00e9s da dor e tamb\u00e9m para puni-los caso desobede\u00e7am ou fa\u00e7am algo que o competidor n\u00e3o quer<\/b>.<\/p>\n<h3>O freio PESADO FERRO \u00e9 a embocadura profissional<\/h3>\n<p class=\"text-justify\">A princ\u00edpio, este freio \u00e9 o tipo de embocadura que realmente tem condi\u00e7\u00f5es de ajudar o treinador a explorar o m\u00e1ximo de potencial do cavalo funcional O freio exerce a\u00e7\u00e3o complexa, de efeitos m\u00faltiplos. O bocal pressiona as barras; a ponte , ou passador de l\u00edngua (curva do bocal) atua no palato; a\u00a0<a href=\"https:\/\/selariatexana.com.br\/categoria-produto\/acessorios\/barbelas-p-freios\/\" target=\"_blank\" rel=\"noopener noreferrer\">barbela<\/a>\u00a0atua no queixo. O segredo do uso correto do freio est\u00e1 no ajuste da\u00a0<a href=\"https:\/\/selariatexana.com.br\/categoria-produto\/acessorios\/barbelas-p-freios\/\" target=\"_blank\" rel=\"noopener noreferrer\">barbela que se ajusta <\/a>com a folga da largura do dedo indicador. Assim, quando se aciona as r\u00e9deas , o bocal encosta no palato e a barbela pressiona o queixo, travando o bocal. Neste caso, se a <a href=\"https:\/\/selariatexana.com.br\/categoria-produto\/acessorios\/barbelas-p-freios\/\" target=\"_blank\" rel=\"noopener noreferrer\">barbela<\/a>\u00a0estiver muito apertada, o bocal \u201crisca\u201d o palato, causando desconforto e at\u00e9 mesmo ferimento.<\/p>\n<p class=\"text-justify\">O terceiro efeito do freio, o principal, \u00e9 o chamado efeito alavanca. As r\u00e9deas puxam as hastes (pernas ou c\u00e2imbras), para travar o bocal no palato. Saber escolher um freio \u00e9 uma ci\u00eancia. O modo de a\u00e7\u00e3o de suas partes \u00e9 vari\u00e1vel. Por exemplo, o bocal pode ser brando e as hastes severas; o bocal pode ser severo, mas as hastes s\u00e3o brandas. Consequentemente, o modo de a\u00e7\u00e3o do freio \u00e9 mais complexo do que o brid\u00e3o, porque atua sobre tr\u00eas pontos de controle, enquanto o brid\u00e3o atua basicamente sobre um \u00fanico ponto de controle.<\/p>\n<p>O freio e\/ou brid\u00e3o s\u00e3o instrumentos met\u00e1licos, presos \u00e0s r\u00e9deas, que inseridos na boca dos animais de montaria ou de tra\u00e7\u00e3o,\u00a0<b>servem para os guiar<\/b>. As r\u00e9deas s\u00e3o cordas ou correias, cujas as extremidades ficam presas no freio, servindo ao cavaleiro para indicar a dire\u00e7\u00e3o que o cavalo deve seguir.<\/p>\n","protected":false},"excerpt":{"rendered":"<p>Freio \u00e1gua choca pesado, argolas, bocal e corrente fabricados em ferro polido de alt\u00edssima qualidade. Bocal alto em curva. Hastes de sustenta\u00e7\u00e3o de bocal, em ferro polido, articuladas. Possui uma corrente superior e uma inferior, para melhor fixa\u00e7\u00e3o do produto. Produto resistente, pr\u00e1tico e de f\u00e1cil fixa\u00e7\u00e3o no animal. Produto vers\u00e1til, podendo ser utilizado na maioria das ra\u00e7as.<\/p>\n","protected":false},"featured_media":1781,"template":"","meta":[],"product_cat":[35,51,57],"product_tag":[],"yoast_head":"<!-- This site is optimized with the Yoast SEO plugin v16.7 - https:\/\/yoast.com\/wordpress\/plugins\/seo\/ -->\n<title>Freio \u00e1gua choca pesado<\/title>\n<meta name=\"description\" content=\"Freio \u00e1gua choca pesado\" \/>\n<meta name=\"robots\" content=\"index, follow, max-snippet:-1, max-image-preview:large, max-video-preview:-1\" \/>\n<link rel=\"canonical\" href=\"https:\/\/selariarosario.com.br\/atacado\/produto\/freio-agua-choca-pesado-ferro-polido-sr-2\/\" \/>\n<meta property=\"og:locale\" content=\"pt_BR\" \/>\n<meta property=\"og:type\" content=\"article\" \/>\n<meta property=\"og:title\" content=\"Freio \u00e1gua choca pesado\" \/>\n<meta property=\"og:description\" content=\"Freio \u00e1gua choca pesado\" \/>\n<meta property=\"og:url\" content=\"https:\/\/selariarosario.com.br\/atacado\/produto\/freio-agua-choca-pesado-ferro-polido-sr-2\/\" \/>\n<meta property=\"og:site_name\" content=\"Selaria Rosario\" \/>\n<meta property=\"article:modified_time\" content=\"2024-01-18T15:06:20+00:00\" \/>\n<meta name=\"twitter:card\" content=\"summary_large_image\" \/>\n<meta name=\"twitter:label1\" content=\"Est. tempo de leitura\" \/>\n\t<meta name=\"twitter:data1\" content=\"2 minutos\" \/>\n<script type=\"application\/ld+json\" class=\"yoast-schema-graph\">{\"@context\":\"https:\/\/schema.org\",\"@graph\":[{\"@type\":\"WebSite\",\"@id\":\"https:\/\/selariarosario.com.br\/atacado\/#website\",\"url\":\"https:\/\/selariarosario.com.br\/atacado\/\",\"name\":\"Selaria Rosario\",\"description\":\"\",\"potentialAction\":[{\"@type\":\"SearchAction\",\"target\":{\"@type\":\"EntryPoint\",\"urlTemplate\":\"https:\/\/selariarosario.com.br\/atacado\/?s={search_term_string}\"},\"query-input\":\"required name=search_term_string\"}],\"inLanguage\":\"pt-BR\"},{\"@type\":\"ImageObject\",\"@id\":\"https:\/\/selariarosario.com.br\/atacado\/produto\/freio-agua-choca-pesado-ferro-polido-sr-2\/#primaryimage\",\"inLanguage\":\"pt-BR\",\"url\":\"https:\/\/selariarosario.com.br\/atacado\/wp-content\/uploads\/2024\/01\/freio-agua-choca-pesado-de-ferro.jpg\",\"contentUrl\":\"https:\/\/selariarosario.com.br\/atacado\/wp-content\/uploads\/2024\/01\/freio-agua-choca-pesado-de-ferro.jpg\",\"width\":1200,\"height\":1200},{\"@type\":\"WebPage\",\"@id\":\"https:\/\/selariarosario.com.br\/atacado\/produto\/freio-agua-choca-pesado-ferro-polido-sr-2\/#webpage\",\"url\":\"https:\/\/selariarosario.com.br\/atacado\/produto\/freio-agua-choca-pesado-ferro-polido-sr-2\/\",\"name\":\"Freio \\u00e1gua choca pesado\",\"isPartOf\":{\"@id\":\"https:\/\/selariarosario.com.br\/atacado\/#website\"},\"primaryImageOfPage\":{\"@id\":\"https:\/\/selariarosario.com.br\/atacado\/produto\/freio-agua-choca-pesado-ferro-polido-sr-2\/#primaryimage\"},\"datePublished\":\"2024-01-18T15:06:16+00:00\",\"dateModified\":\"2024-01-18T15:06:20+00:00\",\"description\":\"Freio \\u00e1gua choca pesado\",\"breadcrumb\":{\"@id\":\"https:\/\/selariarosario.com.br\/atacado\/produto\/freio-agua-choca-pesado-ferro-polido-sr-2\/#breadcrumb\"},\"inLanguage\":\"pt-BR\",\"potentialAction\":[{\"@type\":\"ReadAction\",\"target\":[\"https:\/\/selariarosario.com.br\/atacado\/produto\/freio-agua-choca-pesado-ferro-polido-sr-2\/\"]}]},{\"@type\":\"BreadcrumbList\",\"@id\":\"https:\/\/selariarosario.com.br\/atacado\/produto\/freio-agua-choca-pesado-ferro-polido-sr-2\/#breadcrumb\",\"itemListElement\":[{\"@type\":\"ListItem\",\"position\":1,\"name\":\"In\\u00edcio\",\"item\":\"https:\/\/selariarosario.com.br\/atacado\/\"},{\"@type\":\"ListItem\",\"position\":2,\"name\":\"Produtos\",\"item\":\"https:\/\/selariarosario.com.br\/atacado\/produtos\/\"},{\"@type\":\"ListItem\",\"position\":3,\"name\":\"Freio Agua Choca Pesado ferro polido SR\"}]}]}<\/script>\n<!-- \/ Yoast SEO plugin. -->","yoast_head_json":{"title":"Freio \u00e1gua choca pesado","description":"Freio \u00e1gua choca pesado","robots":{"index":"index","follow":"follow","max-snippet":"max-snippet:-1","max-image-preview":"max-image-preview:large","max-video-preview":"max-video-preview:-1"},"canonical":"https:\/\/selariarosario.com.br\/atacado\/produto\/freio-agua-choca-pesado-ferro-polido-sr-2\/","og_locale":"pt_BR","og_type":"article","og_title":"Freio \u00e1gua choca pesado","og_description":"Freio \u00e1gua choca pesado","og_url":"https:\/\/selariarosario.com.br\/atacado\/produto\/freio-agua-choca-pesado-ferro-polido-sr-2\/","og_site_name":"Selaria Rosario","article_modified_time":"2024-01-18T15:06:20+00:00","twitter_card":"summary_large_image","twitter_misc":{"Est. tempo de leitura":"2 minutos"},"schema":{"@context":"https:\/\/schema.org","@graph":[{"@type":"WebSite","@id":"https:\/\/selariarosario.com.br\/atacado\/#website","url":"https:\/\/selariarosario.com.br\/atacado\/","name":"Selaria Rosario","description":"","potentialAction":[{"@type":"SearchAction","target":{"@type":"EntryPoint","urlTemplate":"https:\/\/selariarosario.com.br\/atacado\/?s={search_term_string}"},"query-input":"required name=search_term_string"}],"inLanguage":"pt-BR"},{"@type":"ImageObject","@id":"https:\/\/selariarosario.com.br\/atacado\/produto\/freio-agua-choca-pesado-ferro-polido-sr-2\/#primaryimage","inLanguage":"pt-BR","url":"https:\/\/selariarosario.com.br\/atacado\/wp-content\/uploads\/2024\/01\/freio-agua-choca-pesado-de-ferro.jpg","contentUrl":"https:\/\/selariarosario.com.br\/atacado\/wp-content\/uploads\/2024\/01\/freio-agua-choca-pesado-de-ferro.jpg","width":1200,"height":1200},{"@type":"WebPage","@id":"https:\/\/selariarosario.com.br\/atacado\/produto\/freio-agua-choca-pesado-ferro-polido-sr-2\/#webpage","url":"https:\/\/selariarosario.com.br\/atacado\/produto\/freio-agua-choca-pesado-ferro-polido-sr-2\/","name":"Freio \u00e1gua choca pesado","isPartOf":{"@id":"https:\/\/selariarosario.com.br\/atacado\/#website"},"primaryImageOfPage":{"@id":"https:\/\/selariarosario.com.br\/atacado\/produto\/freio-agua-choca-pesado-ferro-polido-sr-2\/#primaryimage"},"datePublished":"2024-01-18T15:06:16+00:00","dateModified":"2024-01-18T15:06:20+00:00","description":"Freio \u00e1gua choca pesado","breadcrumb":{"@id":"https:\/\/selariarosario.com.br\/atacado\/produto\/freio-agua-choca-pesado-ferro-polido-sr-2\/#breadcrumb"},"inLanguage":"pt-BR","potentialAction":[{"@type":"ReadAction","target":["https:\/\/selariarosario.com.br\/atacado\/produto\/freio-agua-choca-pesado-ferro-polido-sr-2\/"]}]},{"@type":"BreadcrumbList","@id":"https:\/\/selariarosario.com.br\/atacado\/produto\/freio-agua-choca-pesado-ferro-polido-sr-2\/#breadcrumb","itemListElement":[{"@type":"ListItem","position":1,"name":"In\u00edcio","item":"https:\/\/selariarosario.com.br\/atacado\/"},{"@type":"ListItem","position":2,"name":"Produtos","item":"https:\/\/selariarosario.com.br\/atacado\/produtos\/"},{"@type":"ListItem","position":3,"name":"Freio Agua Choca Pesado ferro polido SR"}]}]}},"_links":{"self":[{"href":"https:\/\/selariarosario.com.br\/atacado\/wp-json\/wp\/v2\/product\/2105"}],"collection":[{"href":"https:\/\/selariarosario.com.br\/atacado\/wp-json\/wp\/v2\/product"}],"about":[{"href":"https:\/\/selariarosario.com.br\/atacado\/wp-json\/wp\/v2\/types\/product"}],"wp:featuredmedia":[{"embeddable":true,"href":"https:\/\/selariarosario.com.br\/atacado\/wp-json\/wp\/v2\/media\/1781"}],"wp:attachment":[{"href":"https:\/\/selariarosario.com.br\/atacado\/wp-json\/wp\/v2\/media?parent=2105"}],"wp:term":[{"taxonomy":"product_cat","embeddable":true,"href":"https:\/\/selariarosario.com.br\/atacado\/wp-json\/wp\/v2\/product_cat?post=2105"},{"taxonomy":"product_tag","embeddable":true,"href":"https:\/\/selariarosario.com.br\/atacado\/wp-json\/wp\/v2\/product_tag?post=2105"}],"curies":[{"name":"wp","href":"https:\/\/api.w.org\/{rel}","templated":true}]}}