{"id":2135,"date":"2024-01-18T12:06:26","date_gmt":"2024-01-18T15:06:26","guid":{"rendered":"https:\/\/selariarosario.com.br\/atacado\/?post_type=product&#038;p=2135"},"modified":"2024-01-18T12:06:30","modified_gmt":"2024-01-18T15:06:30","slug":"protetor-lateral-p-freio-vermelho-sr","status":"publish","type":"product","link":"https:\/\/selariarosario.com.br\/atacado\/produto\/protetor-lateral-p-freio-vermelho-sr\/","title":{"rendered":"Protetor lateral\u00a0 p\/freio vermelho SR"},"content":{"rendered":"<p>Protetor lateral\u00a0 de freios e brid\u00f5es, preto, fabricado em borracha especial. Utilizado nas laterais dos freios ou brid\u00f5es com a finalidade de proteger a boca do animal. Produto pr\u00e1tico, resistente e de f\u00e1cil fixa\u00e7\u00e3o, pode usar na maioria dos freios e brid\u00f5es.<\/p>\n<p>Fabricado em borracha na cor Vermelha e Preta e usado nas laterais do freio para evitar que as articula\u00e7\u00f5es fiquem em contato com a boca do Animal e a machuque.<\/p>\n<p>qual a utilidade do protetor lateral de borracha para freio e brid\u00e3o?<\/p>\n<p>O protetor lateral de borracha \u00e9 um acess\u00f3rio utilizado em freios e brid\u00f5es para proteger os lados da boca do cavalo durante a utiliza\u00e7\u00e3o desses equipamentos.<\/p>\n<p>Ele evita o contato direto do freio\/brid\u00e3o com a lateral da boca do cavalo, impedindo les\u00f5es, cortes ou machucados na regi\u00e3o. Al\u00e9m disso, o protetor de borracha tamb\u00e9m pode auxiliar na prote\u00e7\u00e3o dos dentes do cavalo, reduzindo o risco de desgaste ou quebra.<\/p>\n<p>Dessa forma, o protetor lateral de borracha proporciona mais conforto e seguran\u00e7a ao cavalo durante o uso do freio e brid\u00e3o, evitando poss\u00edveis danos f\u00edsicos e contribuindo para uma melhor rela\u00e7\u00e3o entre o cavaleiro e o animal.<\/p>\n<p>\u00c9 importante lembrar que a escolha de usar ou n\u00e3o os protetores laterais de borracha nos freios e brid\u00f5es \u00e9 uma decis\u00e3o pessoal do cavaleiro. Algumas pessoas podem preferir us\u00e1-los para garantir a seguran\u00e7a e conforto do cavalo, enquanto outras n\u00e3o consideram necess\u00e1rio. No entanto, \u00e9 sempre importante buscar o aconselhamento de um profissional especializado em equita\u00e7\u00e3o para orienta\u00e7\u00f5es espec\u00edficas sobre o uso do equipamento adequado.<\/p>\n<p>Op\u00e7\u00f5es de cores conforme abaixo:<\/p>\n<p>vermelho, azul, marrom<\/p>\n","protected":false},"excerpt":{"rendered":"<p>Protetor de freios e brid\u00f5es, preto, fabricado em borracha especial<\/p>\n","protected":false},"featured_media":1816,"template":"","meta":[],"product_cat":[35,51,61],"product_tag":[],"yoast_head":"<!-- This site is optimized with the Yoast SEO plugin v16.7 - https:\/\/yoast.com\/wordpress\/plugins\/seo\/ -->\n<title>PROTETOR LATERAL<\/title>\n<meta name=\"description\" content=\"\u00a0PROTETOR LATERAL\u00a0\u00e9 usado nas laterais do freio para evitar que as articula\u00e7\u00f5es fiquem em contato com a boca do Animal e a machuque.\" \/>\n<meta name=\"robots\" content=\"index, follow, max-snippet:-1, max-image-preview:large, max-video-preview:-1\" \/>\n<link rel=\"canonical\" href=\"https:\/\/selariarosario.com.br\/atacado\/produto\/protetor-lateral-p-freio-vermelho-sr\/\" \/>\n<meta property=\"og:locale\" content=\"pt_BR\" \/>\n<meta property=\"og:type\" content=\"article\" \/>\n<meta property=\"og:title\" content=\"PROTETOR LATERAL\" \/>\n<meta property=\"og:description\" content=\"\u00a0PROTETOR LATERAL\u00a0\u00e9 usado nas laterais do freio para evitar que as articula\u00e7\u00f5es fiquem em contato com a boca do Animal e a machuque.\" \/>\n<meta property=\"og:url\" content=\"https:\/\/selariarosario.com.br\/atacado\/produto\/protetor-lateral-p-freio-vermelho-sr\/\" \/>\n<meta property=\"og:site_name\" content=\"Selaria Rosario\" \/>\n<meta property=\"article:modified_time\" content=\"2024-01-18T15:06:30+00:00\" \/>\n<meta name=\"twitter:card\" content=\"summary_large_image\" \/>\n<meta name=\"twitter:label1\" content=\"Est. tempo de leitura\" \/>\n\t<meta name=\"twitter:data1\" content=\"2 minutos\" \/>\n<script type=\"application\/ld+json\" class=\"yoast-schema-graph\">{\"@context\":\"https:\/\/schema.org\",\"@graph\":[{\"@type\":\"WebSite\",\"@id\":\"https:\/\/selariarosario.com.br\/atacado\/#website\",\"url\":\"https:\/\/selariarosario.com.br\/atacado\/\",\"name\":\"Selaria Rosario\",\"description\":\"\",\"potentialAction\":[{\"@type\":\"SearchAction\",\"target\":{\"@type\":\"EntryPoint\",\"urlTemplate\":\"https:\/\/selariarosario.com.br\/atacado\/?s={search_term_string}\"},\"query-input\":\"required name=search_term_string\"}],\"inLanguage\":\"pt-BR\"},{\"@type\":\"ImageObject\",\"@id\":\"https:\/\/selariarosario.com.br\/atacado\/produto\/protetor-lateral-p-freio-vermelho-sr\/#primaryimage\",\"inLanguage\":\"pt-BR\",\"url\":\"https:\/\/selariarosario.com.br\/atacado\/wp-content\/uploads\/2024\/01\/PROTETOR-DE-BORRACHA.jpg\",\"contentUrl\":\"https:\/\/selariarosario.com.br\/atacado\/wp-content\/uploads\/2024\/01\/PROTETOR-DE-BORRACHA.jpg\",\"width\":1200,\"height\":1200},{\"@type\":\"WebPage\",\"@id\":\"https:\/\/selariarosario.com.br\/atacado\/produto\/protetor-lateral-p-freio-vermelho-sr\/#webpage\",\"url\":\"https:\/\/selariarosario.com.br\/atacado\/produto\/protetor-lateral-p-freio-vermelho-sr\/\",\"name\":\"PROTETOR LATERAL\",\"isPartOf\":{\"@id\":\"https:\/\/selariarosario.com.br\/atacado\/#website\"},\"primaryImageOfPage\":{\"@id\":\"https:\/\/selariarosario.com.br\/atacado\/produto\/protetor-lateral-p-freio-vermelho-sr\/#primaryimage\"},\"datePublished\":\"2024-01-18T15:06:26+00:00\",\"dateModified\":\"2024-01-18T15:06:30+00:00\",\"description\":\"\\u00a0PROTETOR LATERAL\\u00a0\\u00e9 usado nas laterais do freio para evitar que as articula\\u00e7\\u00f5es fiquem em contato com a boca do Animal e a machuque.\",\"breadcrumb\":{\"@id\":\"https:\/\/selariarosario.com.br\/atacado\/produto\/protetor-lateral-p-freio-vermelho-sr\/#breadcrumb\"},\"inLanguage\":\"pt-BR\",\"potentialAction\":[{\"@type\":\"ReadAction\",\"target\":[\"https:\/\/selariarosario.com.br\/atacado\/produto\/protetor-lateral-p-freio-vermelho-sr\/\"]}]},{\"@type\":\"BreadcrumbList\",\"@id\":\"https:\/\/selariarosario.com.br\/atacado\/produto\/protetor-lateral-p-freio-vermelho-sr\/#breadcrumb\",\"itemListElement\":[{\"@type\":\"ListItem\",\"position\":1,\"name\":\"In\\u00edcio\",\"item\":\"https:\/\/selariarosario.com.br\/atacado\/\"},{\"@type\":\"ListItem\",\"position\":2,\"name\":\"Produtos\",\"item\":\"https:\/\/selariarosario.com.br\/atacado\/produtos\/\"},{\"@type\":\"ListItem\",\"position\":3,\"name\":\"Protetor lateral\\u00a0 p\/freio vermelho SR\"}]}]}<\/script>\n<!-- \/ Yoast SEO plugin. -->","yoast_head_json":{"title":"PROTETOR LATERAL","description":"\u00a0PROTETOR LATERAL\u00a0\u00e9 usado nas laterais do freio para evitar que as articula\u00e7\u00f5es fiquem em contato com a boca do Animal e a machuque.","robots":{"index":"index","follow":"follow","max-snippet":"max-snippet:-1","max-image-preview":"max-image-preview:large","max-video-preview":"max-video-preview:-1"},"canonical":"https:\/\/selariarosario.com.br\/atacado\/produto\/protetor-lateral-p-freio-vermelho-sr\/","og_locale":"pt_BR","og_type":"article","og_title":"PROTETOR LATERAL","og_description":"\u00a0PROTETOR LATERAL\u00a0\u00e9 usado nas laterais do freio para evitar que as articula\u00e7\u00f5es fiquem em contato com a boca do Animal e a machuque.","og_url":"https:\/\/selariarosario.com.br\/atacado\/produto\/protetor-lateral-p-freio-vermelho-sr\/","og_site_name":"Selaria Rosario","article_modified_time":"2024-01-18T15:06:30+00:00","twitter_card":"summary_large_image","twitter_misc":{"Est. tempo de leitura":"2 minutos"},"schema":{"@context":"https:\/\/schema.org","@graph":[{"@type":"WebSite","@id":"https:\/\/selariarosario.com.br\/atacado\/#website","url":"https:\/\/selariarosario.com.br\/atacado\/","name":"Selaria Rosario","description":"","potentialAction":[{"@type":"SearchAction","target":{"@type":"EntryPoint","urlTemplate":"https:\/\/selariarosario.com.br\/atacado\/?s={search_term_string}"},"query-input":"required name=search_term_string"}],"inLanguage":"pt-BR"},{"@type":"ImageObject","@id":"https:\/\/selariarosario.com.br\/atacado\/produto\/protetor-lateral-p-freio-vermelho-sr\/#primaryimage","inLanguage":"pt-BR","url":"https:\/\/selariarosario.com.br\/atacado\/wp-content\/uploads\/2024\/01\/PROTETOR-DE-BORRACHA.jpg","contentUrl":"https:\/\/selariarosario.com.br\/atacado\/wp-content\/uploads\/2024\/01\/PROTETOR-DE-BORRACHA.jpg","width":1200,"height":1200},{"@type":"WebPage","@id":"https:\/\/selariarosario.com.br\/atacado\/produto\/protetor-lateral-p-freio-vermelho-sr\/#webpage","url":"https:\/\/selariarosario.com.br\/atacado\/produto\/protetor-lateral-p-freio-vermelho-sr\/","name":"PROTETOR LATERAL","isPartOf":{"@id":"https:\/\/selariarosario.com.br\/atacado\/#website"},"primaryImageOfPage":{"@id":"https:\/\/selariarosario.com.br\/atacado\/produto\/protetor-lateral-p-freio-vermelho-sr\/#primaryimage"},"datePublished":"2024-01-18T15:06:26+00:00","dateModified":"2024-01-18T15:06:30+00:00","description":"\u00a0PROTETOR LATERAL\u00a0\u00e9 usado nas laterais do freio para evitar que as articula\u00e7\u00f5es fiquem em contato com a boca do Animal e a machuque.","breadcrumb":{"@id":"https:\/\/selariarosario.com.br\/atacado\/produto\/protetor-lateral-p-freio-vermelho-sr\/#breadcrumb"},"inLanguage":"pt-BR","potentialAction":[{"@type":"ReadAction","target":["https:\/\/selariarosario.com.br\/atacado\/produto\/protetor-lateral-p-freio-vermelho-sr\/"]}]},{"@type":"BreadcrumbList","@id":"https:\/\/selariarosario.com.br\/atacado\/produto\/protetor-lateral-p-freio-vermelho-sr\/#breadcrumb","itemListElement":[{"@type":"ListItem","position":1,"name":"In\u00edcio","item":"https:\/\/selariarosario.com.br\/atacado\/"},{"@type":"ListItem","position":2,"name":"Produtos","item":"https:\/\/selariarosario.com.br\/atacado\/produtos\/"},{"@type":"ListItem","position":3,"name":"Protetor lateral\u00a0 p\/freio vermelho SR"}]}]}},"_links":{"self":[{"href":"https:\/\/selariarosario.com.br\/atacado\/wp-json\/wp\/v2\/product\/2135"}],"collection":[{"href":"https:\/\/selariarosario.com.br\/atacado\/wp-json\/wp\/v2\/product"}],"about":[{"href":"https:\/\/selariarosario.com.br\/atacado\/wp-json\/wp\/v2\/types\/product"}],"wp:featuredmedia":[{"embeddable":true,"href":"https:\/\/selariarosario.com.br\/atacado\/wp-json\/wp\/v2\/media\/1816"}],"wp:attachment":[{"href":"https:\/\/selariarosario.com.br\/atacado\/wp-json\/wp\/v2\/media?parent=2135"}],"wp:term":[{"taxonomy":"product_cat","embeddable":true,"href":"https:\/\/selariarosario.com.br\/atacado\/wp-json\/wp\/v2\/product_cat?post=2135"},{"taxonomy":"product_tag","embeddable":true,"href":"https:\/\/selariarosario.com.br\/atacado\/wp-json\/wp\/v2\/product_tag?post=2135"}],"curies":[{"name":"wp","href":"https:\/\/api.w.org\/{rel}","templated":true}]}}