{"id":2136,"date":"2024-01-18T12:06:26","date_gmt":"2024-01-18T15:06:26","guid":{"rendered":"https:\/\/selariarosario.com.br\/atacado\/?post_type=product&#038;p=2136"},"modified":"2024-01-18T12:06:31","modified_gmt":"2024-01-18T15:06:31","slug":"protetor-de-barbela-sr-2","status":"publish","type":"product","link":"https:\/\/selariarosario.com.br\/atacado\/produto\/protetor-de-barbela-sr-2\/","title":{"rendered":"Protetor de Barbela SR"},"content":{"rendered":"<p>PROTETOR DE BARBELA<\/p>\n<p>A barbela(produto em borracha) de alta resist\u00eancia, tamb\u00e9m conhecida como freio de barbela. \u00c9 um acess\u00f3rio que se usa em conjunto com o freio tradicional para controlar o movimento da boca do cavalo durante a montaria. Ela tem uma tira que passa sob o queixo do animal e se conecta ao freio,\u00a0 que forma uma alavanca de controle adicional.<\/p>\n<p>A barbela tem como fun\u00e7\u00e3o principal auxiliar o cavaleiro a ter um controle mais eficiente sobre o movimento da cabe\u00e7a do cavalo, pois Ela evita que o animal abra demais a boca, puxe a r\u00e9dea para fora ou abra as narinas. Al\u00e9m disso, a barbela pode proporcionar uma maior seguran\u00e7a ao cavaleiro, uma vez que impede que o cavalo possa arremessar a cabe\u00e7a bruscamente para cima, o que pode prejudicar a estabilidade e o equil\u00edbrio do cavaleiro.<\/p>\n<p>No entanto, \u00e9 importante ressaltar que o uso do PROTETOR DE BARBELA\u00a0 deve ser\u00a0 de forma consciente e respons\u00e1vel, respeitando sempre a anatomia e o bem-estar do cavalo. O equipamento deve ajustar corretamente, para evitar qualquer tipo de desconforto ou dor para o animal. \u00c9 recomendado o acompanhamento de um profissional capacitado, como um instrutor de equita\u00e7\u00e3o ou um veterin\u00e1rio, para garantir o uso adequado da barbela.<\/p>\n<div class=\"wDYxhc\" lang=\"pt-BR\" data-md=\"61\">\n<div class=\"LGOjhe\" role=\"heading\" data-attrid=\"wa:\/description\" aria-level=\"3\" data-hveid=\"CBQQAA\">Op\u00e7\u00f5es de cores: preto e vermelho<\/div>\n<\/div>\n","protected":false},"excerpt":{"rendered":"<p>Protetor de barbela fabricado em borracha Latex. Sua coloca\u00e7\u00e3o evita les\u00f5es provocada pela barbela, al\u00e9m disso facilita a adapta\u00e7\u00e3o do cavalo ao freio pois distribui a press\u00e3o colocada pela r\u00e9dea por igual. Produto de f\u00e1cil manuseio.<\/p>\n","protected":false},"featured_media":1817,"template":"","meta":[],"product_cat":[35,51,61],"product_tag":[],"yoast_head":"<!-- This site is optimized with the Yoast SEO plugin v16.7 - https:\/\/yoast.com\/wordpress\/plugins\/seo\/ -->\n<title>PROTETOR DE BARBELA<\/title>\n<meta name=\"description\" content=\"PROTETOR DE BARBELA evita les\u00f5es provocada pela barbela, al\u00e9m disso facilita a adapta\u00e7\u00e3o do cavalo ao freio pois distribui a press\u00e3o colocada pela r\u00e9dea.\" \/>\n<meta name=\"robots\" content=\"index, follow, max-snippet:-1, max-image-preview:large, max-video-preview:-1\" \/>\n<link rel=\"canonical\" href=\"https:\/\/selariarosario.com.br\/atacado\/produto\/protetor-de-barbela-sr-2\/\" \/>\n<meta property=\"og:locale\" content=\"pt_BR\" \/>\n<meta property=\"og:type\" content=\"article\" \/>\n<meta property=\"og:title\" content=\"PROTETOR DE BARBELA\" \/>\n<meta property=\"og:description\" content=\"PROTETOR DE BARBELA evita les\u00f5es provocada pela barbela, al\u00e9m disso facilita a adapta\u00e7\u00e3o do cavalo ao freio pois distribui a press\u00e3o colocada pela r\u00e9dea.\" \/>\n<meta property=\"og:url\" content=\"https:\/\/selariarosario.com.br\/atacado\/produto\/protetor-de-barbela-sr-2\/\" \/>\n<meta property=\"og:site_name\" content=\"Selaria Rosario\" \/>\n<meta property=\"article:modified_time\" content=\"2024-01-18T15:06:31+00:00\" \/>\n<meta name=\"twitter:card\" content=\"summary_large_image\" \/>\n<meta name=\"twitter:label1\" content=\"Est. tempo de leitura\" \/>\n\t<meta name=\"twitter:data1\" content=\"2 minutos\" \/>\n<script type=\"application\/ld+json\" class=\"yoast-schema-graph\">{\"@context\":\"https:\/\/schema.org\",\"@graph\":[{\"@type\":\"WebSite\",\"@id\":\"https:\/\/selariarosario.com.br\/atacado\/#website\",\"url\":\"https:\/\/selariarosario.com.br\/atacado\/\",\"name\":\"Selaria Rosario\",\"description\":\"\",\"potentialAction\":[{\"@type\":\"SearchAction\",\"target\":{\"@type\":\"EntryPoint\",\"urlTemplate\":\"https:\/\/selariarosario.com.br\/atacado\/?s={search_term_string}\"},\"query-input\":\"required name=search_term_string\"}],\"inLanguage\":\"pt-BR\"},{\"@type\":\"ImageObject\",\"@id\":\"https:\/\/selariarosario.com.br\/atacado\/produto\/protetor-de-barbela-sr-2\/#primaryimage\",\"inLanguage\":\"pt-BR\",\"url\":\"https:\/\/selariarosario.com.br\/atacado\/wp-content\/uploads\/2024\/01\/PROTETOR-DE-BARBELA.jpg\",\"contentUrl\":\"https:\/\/selariarosario.com.br\/atacado\/wp-content\/uploads\/2024\/01\/PROTETOR-DE-BARBELA.jpg\",\"width\":1200,\"height\":1200},{\"@type\":\"WebPage\",\"@id\":\"https:\/\/selariarosario.com.br\/atacado\/produto\/protetor-de-barbela-sr-2\/#webpage\",\"url\":\"https:\/\/selariarosario.com.br\/atacado\/produto\/protetor-de-barbela-sr-2\/\",\"name\":\"PROTETOR DE BARBELA\",\"isPartOf\":{\"@id\":\"https:\/\/selariarosario.com.br\/atacado\/#website\"},\"primaryImageOfPage\":{\"@id\":\"https:\/\/selariarosario.com.br\/atacado\/produto\/protetor-de-barbela-sr-2\/#primaryimage\"},\"datePublished\":\"2024-01-18T15:06:26+00:00\",\"dateModified\":\"2024-01-18T15:06:31+00:00\",\"description\":\"PROTETOR DE BARBELA evita les\\u00f5es provocada pela barbela, al\\u00e9m disso facilita a adapta\\u00e7\\u00e3o do cavalo ao freio pois distribui a press\\u00e3o colocada pela r\\u00e9dea.\",\"breadcrumb\":{\"@id\":\"https:\/\/selariarosario.com.br\/atacado\/produto\/protetor-de-barbela-sr-2\/#breadcrumb\"},\"inLanguage\":\"pt-BR\",\"potentialAction\":[{\"@type\":\"ReadAction\",\"target\":[\"https:\/\/selariarosario.com.br\/atacado\/produto\/protetor-de-barbela-sr-2\/\"]}]},{\"@type\":\"BreadcrumbList\",\"@id\":\"https:\/\/selariarosario.com.br\/atacado\/produto\/protetor-de-barbela-sr-2\/#breadcrumb\",\"itemListElement\":[{\"@type\":\"ListItem\",\"position\":1,\"name\":\"In\\u00edcio\",\"item\":\"https:\/\/selariarosario.com.br\/atacado\/\"},{\"@type\":\"ListItem\",\"position\":2,\"name\":\"Produtos\",\"item\":\"https:\/\/selariarosario.com.br\/atacado\/produtos\/\"},{\"@type\":\"ListItem\",\"position\":3,\"name\":\"Protetor de Barbela SR\"}]}]}<\/script>\n<!-- \/ Yoast SEO plugin. -->","yoast_head_json":{"title":"PROTETOR DE BARBELA","description":"PROTETOR DE BARBELA evita les\u00f5es provocada pela barbela, al\u00e9m disso facilita a adapta\u00e7\u00e3o do cavalo ao freio pois distribui a press\u00e3o colocada pela r\u00e9dea.","robots":{"index":"index","follow":"follow","max-snippet":"max-snippet:-1","max-image-preview":"max-image-preview:large","max-video-preview":"max-video-preview:-1"},"canonical":"https:\/\/selariarosario.com.br\/atacado\/produto\/protetor-de-barbela-sr-2\/","og_locale":"pt_BR","og_type":"article","og_title":"PROTETOR DE BARBELA","og_description":"PROTETOR DE BARBELA evita les\u00f5es provocada pela barbela, al\u00e9m disso facilita a adapta\u00e7\u00e3o do cavalo ao freio pois distribui a press\u00e3o colocada pela r\u00e9dea.","og_url":"https:\/\/selariarosario.com.br\/atacado\/produto\/protetor-de-barbela-sr-2\/","og_site_name":"Selaria Rosario","article_modified_time":"2024-01-18T15:06:31+00:00","twitter_card":"summary_large_image","twitter_misc":{"Est. tempo de leitura":"2 minutos"},"schema":{"@context":"https:\/\/schema.org","@graph":[{"@type":"WebSite","@id":"https:\/\/selariarosario.com.br\/atacado\/#website","url":"https:\/\/selariarosario.com.br\/atacado\/","name":"Selaria Rosario","description":"","potentialAction":[{"@type":"SearchAction","target":{"@type":"EntryPoint","urlTemplate":"https:\/\/selariarosario.com.br\/atacado\/?s={search_term_string}"},"query-input":"required name=search_term_string"}],"inLanguage":"pt-BR"},{"@type":"ImageObject","@id":"https:\/\/selariarosario.com.br\/atacado\/produto\/protetor-de-barbela-sr-2\/#primaryimage","inLanguage":"pt-BR","url":"https:\/\/selariarosario.com.br\/atacado\/wp-content\/uploads\/2024\/01\/PROTETOR-DE-BARBELA.jpg","contentUrl":"https:\/\/selariarosario.com.br\/atacado\/wp-content\/uploads\/2024\/01\/PROTETOR-DE-BARBELA.jpg","width":1200,"height":1200},{"@type":"WebPage","@id":"https:\/\/selariarosario.com.br\/atacado\/produto\/protetor-de-barbela-sr-2\/#webpage","url":"https:\/\/selariarosario.com.br\/atacado\/produto\/protetor-de-barbela-sr-2\/","name":"PROTETOR DE BARBELA","isPartOf":{"@id":"https:\/\/selariarosario.com.br\/atacado\/#website"},"primaryImageOfPage":{"@id":"https:\/\/selariarosario.com.br\/atacado\/produto\/protetor-de-barbela-sr-2\/#primaryimage"},"datePublished":"2024-01-18T15:06:26+00:00","dateModified":"2024-01-18T15:06:31+00:00","description":"PROTETOR DE BARBELA evita les\u00f5es provocada pela barbela, al\u00e9m disso facilita a adapta\u00e7\u00e3o do cavalo ao freio pois distribui a press\u00e3o colocada pela r\u00e9dea.","breadcrumb":{"@id":"https:\/\/selariarosario.com.br\/atacado\/produto\/protetor-de-barbela-sr-2\/#breadcrumb"},"inLanguage":"pt-BR","potentialAction":[{"@type":"ReadAction","target":["https:\/\/selariarosario.com.br\/atacado\/produto\/protetor-de-barbela-sr-2\/"]}]},{"@type":"BreadcrumbList","@id":"https:\/\/selariarosario.com.br\/atacado\/produto\/protetor-de-barbela-sr-2\/#breadcrumb","itemListElement":[{"@type":"ListItem","position":1,"name":"In\u00edcio","item":"https:\/\/selariarosario.com.br\/atacado\/"},{"@type":"ListItem","position":2,"name":"Produtos","item":"https:\/\/selariarosario.com.br\/atacado\/produtos\/"},{"@type":"ListItem","position":3,"name":"Protetor de Barbela SR"}]}]}},"_links":{"self":[{"href":"https:\/\/selariarosario.com.br\/atacado\/wp-json\/wp\/v2\/product\/2136"}],"collection":[{"href":"https:\/\/selariarosario.com.br\/atacado\/wp-json\/wp\/v2\/product"}],"about":[{"href":"https:\/\/selariarosario.com.br\/atacado\/wp-json\/wp\/v2\/types\/product"}],"wp:featuredmedia":[{"embeddable":true,"href":"https:\/\/selariarosario.com.br\/atacado\/wp-json\/wp\/v2\/media\/1817"}],"wp:attachment":[{"href":"https:\/\/selariarosario.com.br\/atacado\/wp-json\/wp\/v2\/media?parent=2136"}],"wp:term":[{"taxonomy":"product_cat","embeddable":true,"href":"https:\/\/selariarosario.com.br\/atacado\/wp-json\/wp\/v2\/product_cat?post=2136"},{"taxonomy":"product_tag","embeddable":true,"href":"https:\/\/selariarosario.com.br\/atacado\/wp-json\/wp\/v2\/product_tag?post=2136"}],"curies":[{"name":"wp","href":"https:\/\/api.w.org\/{rel}","templated":true}]}}