{"id":2145,"date":"2024-01-18T12:06:27","date_gmt":"2024-01-18T15:06:27","guid":{"rendered":"https:\/\/selariarosario.com.br\/atacado\/?post_type=product&#038;p=2145"},"modified":"2024-01-18T12:06:32","modified_gmt":"2024-01-18T15:06:32","slug":"alforje-e-porta-bebida-de-couro-sr","status":"publish","type":"product","link":"https:\/\/selariarosario.com.br\/atacado\/produto\/alforje-e-porta-bebida-de-couro-sr\/","title":{"rendered":"Alforje e porta bebida de couro SR"},"content":{"rendered":"<p>Alforje porta bebida de couro SR\u00a0 \u00e9 um objeto que est\u00e1 presente na sociedade h\u00e1 s\u00e9culos,\u00a0 para carregar objetos e suprimentos durante as viagens. Por isso sua hist\u00f3ria e evolu\u00e7\u00e3o s\u00e3o fascinantes, pois mostra a import\u00e2ncia e utilidade que esse\u00a0 acess\u00f3rio teve e tem ao longo do tempo. A alforje e porta bebida de couro\u00a0 feita\u00a0 em couro Leg\u00edtimo tratado , com bolsos nas laterais, pr\u00f3prio para alimentos, bebidas, ferramentas entre outros. Al\u00e9m de seu Fechamento em fivelas de metal. Correias em couro\u00a0 em suas extremidades, o que facilita na adapta\u00e7\u00e3o\u00a0 em qualquer sela ou arreio. Esse acess\u00f3rio oferece ao cavaleiro\/amazona \u00f3timos momentos na companhia do seu animal.<\/p>\n<h2>\u00a0Uma breve hist\u00f3ria e evolu\u00e7\u00e3o do alforje Porta Bebida de couro<\/h2>\n<p>O alforje tem suas origens remotas, remontando ao tempo dos primeiros povos n\u00f4mades. Essas comunidades utilizavam bolsas rudimentares para carregar alimentos e outros objetos durante suas migra\u00e7\u00f5es. Com o passar do tempo, o alforje foi se aprimorando, ganhando formatos mais estruturados e sendo confeccionado com materiais mais resistentes, como o couro.<\/p>\n<p>Durante a Idade M\u00e9dia, o alforje se tornou uma pe\u00e7a fundamental para os viajantes e cavaleiros. Com a necessidade de transportar armaduras, mantimentos e outros itens essenciais, os alforjes eram utilizados tanto em viagens curtas quanto em jornadas mais longas, como as peregrina\u00e7\u00f5es religiosas. Nessa \u00e9poca, eles eram presos \u00e0 sela dos cavalos\u00a0 por isso facilmente acessados pelos cavaleiros.<\/p>\n<h2>A import\u00e2ncia do alforje e sua utilidade<\/h2>\n<p>O alforje desempenhou um papel crucial na hist\u00f3ria da humanidade, devido ser um dos primeiros objetos a facilitar o transporte de suprimentos e objetos pessoais. Durante s\u00e9culos, os comerciantes, cavaleiros, peregrinos e viajantes de todas as classes o utilizaram. Por isso sua utilidade ao longo dos tempos foi inquestion\u00e1vel, pois al\u00e9m\u00a0 de carregar alimentos, bebidas e utens\u00edlios, o alforje tamb\u00e9m serviu para transportar documentos importantes, armas e at\u00e9 mesmo valores monet\u00e1rios. Sem ele as viagens seriam mais dif\u00edceis e menos seguras, uma que n\u00e3o haveria uma forma pr\u00e1tica de levar consigo os objetos necess\u00e1rios para a sobreviv\u00eancia.<\/p>\n<p>&nbsp;<\/p>\n<p>Enfim o alforje teve uma hist\u00f3ria rica e evolutiva ao longo dos s\u00e9culos, desempenhando um papel fundamental no transporte de suprimentos e objetos pessoais durante as viagens . Embora tenha perdido espa\u00e7o para outros meios de bagagem com o avan\u00e7o da tecnologia, seu legado e import\u00e2ncia hist\u00f3rica permanecem ineg\u00e1veis. O alforje \u00e9 uma verdadeira prova da adaptabilidade humana e de como a busca por solu\u00e7\u00f5es pr\u00e1ticas moldou a sociedade ao longo dos s\u00e9culos.<\/p>\n<p>&nbsp;<\/p>\n","protected":false},"excerpt":{"rendered":"<p>Alforge e porta bebida em couro de b\u00fafalo SR .\u00a0 Fabricado em Couro Leg\u00edtimo tratado com bolsos nas laterais, pr\u00f3prio para alimentos, bebidas, ferramentas entre outros. Fechamento em fivelas de metal. Correias em couro\u00a0 em suas extremidades, o que facilita na adapta\u00e7\u00e3o em qualquer em qualquer sela ou arreio. Esse acess\u00f3rio oferece ao cavaleiro\/amazona \u00f3timos momentos na companhia de seu animal.<\/p>\n<p>&nbsp;<\/p>\n<p>liso ou rebaixado<\/p>\n","protected":false},"featured_media":1828,"template":"","meta":[],"product_cat":[35,62,63],"product_tag":[],"yoast_head":"<!-- This site is optimized with the Yoast SEO plugin v16.7 - https:\/\/yoast.com\/wordpress\/plugins\/seo\/ -->\n<title>Alforje porta bebida de couro<\/title>\n<meta name=\"description\" content=\"Alforje porta bebida de couro \u00e9 um acess\u00f3rio bastante \u00fatil para os cavaleiros levarem seus pertences e aquela bebida preferida.\" \/>\n<meta name=\"robots\" content=\"index, follow, max-snippet:-1, max-image-preview:large, max-video-preview:-1\" \/>\n<link rel=\"canonical\" href=\"https:\/\/selariarosario.com.br\/atacado\/produto\/alforje-e-porta-bebida-de-couro-sr\/\" \/>\n<meta property=\"og:locale\" content=\"pt_BR\" \/>\n<meta property=\"og:type\" content=\"article\" \/>\n<meta property=\"og:title\" content=\"Alforje porta bebida de couro\" \/>\n<meta property=\"og:description\" content=\"Alforje porta bebida de couro \u00e9 um acess\u00f3rio bastante \u00fatil para os cavaleiros levarem seus pertences e aquela bebida preferida.\" \/>\n<meta property=\"og:url\" content=\"https:\/\/selariarosario.com.br\/atacado\/produto\/alforje-e-porta-bebida-de-couro-sr\/\" \/>\n<meta property=\"og:site_name\" content=\"Selaria Rosario\" \/>\n<meta property=\"article:modified_time\" content=\"2024-01-18T15:06:32+00:00\" \/>\n<meta name=\"twitter:card\" content=\"summary_large_image\" \/>\n<meta name=\"twitter:label1\" content=\"Est. tempo de leitura\" \/>\n\t<meta name=\"twitter:data1\" content=\"3 minutos\" \/>\n<script type=\"application\/ld+json\" class=\"yoast-schema-graph\">{\"@context\":\"https:\/\/schema.org\",\"@graph\":[{\"@type\":\"WebSite\",\"@id\":\"https:\/\/selariarosario.com.br\/atacado\/#website\",\"url\":\"https:\/\/selariarosario.com.br\/atacado\/\",\"name\":\"Selaria Rosario\",\"description\":\"\",\"potentialAction\":[{\"@type\":\"SearchAction\",\"target\":{\"@type\":\"EntryPoint\",\"urlTemplate\":\"https:\/\/selariarosario.com.br\/atacado\/?s={search_term_string}\"},\"query-input\":\"required name=search_term_string\"}],\"inLanguage\":\"pt-BR\"},{\"@type\":\"ImageObject\",\"@id\":\"https:\/\/selariarosario.com.br\/atacado\/produto\/alforje-e-porta-bebida-de-couro-sr\/#primaryimage\",\"inLanguage\":\"pt-BR\",\"url\":\"https:\/\/selariarosario.com.br\/atacado\/wp-content\/uploads\/2024\/01\/ALFORJE-E-PORTA-WHISKY-EM-BUFALO.jpg\",\"contentUrl\":\"https:\/\/selariarosario.com.br\/atacado\/wp-content\/uploads\/2024\/01\/ALFORJE-E-PORTA-WHISKY-EM-BUFALO.jpg\",\"width\":1200,\"height\":1200},{\"@type\":\"WebPage\",\"@id\":\"https:\/\/selariarosario.com.br\/atacado\/produto\/alforje-e-porta-bebida-de-couro-sr\/#webpage\",\"url\":\"https:\/\/selariarosario.com.br\/atacado\/produto\/alforje-e-porta-bebida-de-couro-sr\/\",\"name\":\"Alforje porta bebida de couro\",\"isPartOf\":{\"@id\":\"https:\/\/selariarosario.com.br\/atacado\/#website\"},\"primaryImageOfPage\":{\"@id\":\"https:\/\/selariarosario.com.br\/atacado\/produto\/alforje-e-porta-bebida-de-couro-sr\/#primaryimage\"},\"datePublished\":\"2024-01-18T15:06:27+00:00\",\"dateModified\":\"2024-01-18T15:06:32+00:00\",\"description\":\"Alforje porta bebida de couro \\u00e9 um acess\\u00f3rio bastante \\u00fatil para os cavaleiros levarem seus pertences e aquela bebida preferida.\",\"breadcrumb\":{\"@id\":\"https:\/\/selariarosario.com.br\/atacado\/produto\/alforje-e-porta-bebida-de-couro-sr\/#breadcrumb\"},\"inLanguage\":\"pt-BR\",\"potentialAction\":[{\"@type\":\"ReadAction\",\"target\":[\"https:\/\/selariarosario.com.br\/atacado\/produto\/alforje-e-porta-bebida-de-couro-sr\/\"]}]},{\"@type\":\"BreadcrumbList\",\"@id\":\"https:\/\/selariarosario.com.br\/atacado\/produto\/alforje-e-porta-bebida-de-couro-sr\/#breadcrumb\",\"itemListElement\":[{\"@type\":\"ListItem\",\"position\":1,\"name\":\"In\\u00edcio\",\"item\":\"https:\/\/selariarosario.com.br\/atacado\/\"},{\"@type\":\"ListItem\",\"position\":2,\"name\":\"Produtos\",\"item\":\"https:\/\/selariarosario.com.br\/atacado\/produtos\/\"},{\"@type\":\"ListItem\",\"position\":3,\"name\":\"Alforje e porta bebida de couro SR\"}]}]}<\/script>\n<!-- \/ Yoast SEO plugin. -->","yoast_head_json":{"title":"Alforje porta bebida de couro","description":"Alforje porta bebida de couro \u00e9 um acess\u00f3rio bastante \u00fatil para os cavaleiros levarem seus pertences e aquela bebida preferida.","robots":{"index":"index","follow":"follow","max-snippet":"max-snippet:-1","max-image-preview":"max-image-preview:large","max-video-preview":"max-video-preview:-1"},"canonical":"https:\/\/selariarosario.com.br\/atacado\/produto\/alforje-e-porta-bebida-de-couro-sr\/","og_locale":"pt_BR","og_type":"article","og_title":"Alforje porta bebida de couro","og_description":"Alforje porta bebida de couro \u00e9 um acess\u00f3rio bastante \u00fatil para os cavaleiros levarem seus pertences e aquela bebida preferida.","og_url":"https:\/\/selariarosario.com.br\/atacado\/produto\/alforje-e-porta-bebida-de-couro-sr\/","og_site_name":"Selaria Rosario","article_modified_time":"2024-01-18T15:06:32+00:00","twitter_card":"summary_large_image","twitter_misc":{"Est. tempo de leitura":"3 minutos"},"schema":{"@context":"https:\/\/schema.org","@graph":[{"@type":"WebSite","@id":"https:\/\/selariarosario.com.br\/atacado\/#website","url":"https:\/\/selariarosario.com.br\/atacado\/","name":"Selaria Rosario","description":"","potentialAction":[{"@type":"SearchAction","target":{"@type":"EntryPoint","urlTemplate":"https:\/\/selariarosario.com.br\/atacado\/?s={search_term_string}"},"query-input":"required name=search_term_string"}],"inLanguage":"pt-BR"},{"@type":"ImageObject","@id":"https:\/\/selariarosario.com.br\/atacado\/produto\/alforje-e-porta-bebida-de-couro-sr\/#primaryimage","inLanguage":"pt-BR","url":"https:\/\/selariarosario.com.br\/atacado\/wp-content\/uploads\/2024\/01\/ALFORJE-E-PORTA-WHISKY-EM-BUFALO.jpg","contentUrl":"https:\/\/selariarosario.com.br\/atacado\/wp-content\/uploads\/2024\/01\/ALFORJE-E-PORTA-WHISKY-EM-BUFALO.jpg","width":1200,"height":1200},{"@type":"WebPage","@id":"https:\/\/selariarosario.com.br\/atacado\/produto\/alforje-e-porta-bebida-de-couro-sr\/#webpage","url":"https:\/\/selariarosario.com.br\/atacado\/produto\/alforje-e-porta-bebida-de-couro-sr\/","name":"Alforje porta bebida de couro","isPartOf":{"@id":"https:\/\/selariarosario.com.br\/atacado\/#website"},"primaryImageOfPage":{"@id":"https:\/\/selariarosario.com.br\/atacado\/produto\/alforje-e-porta-bebida-de-couro-sr\/#primaryimage"},"datePublished":"2024-01-18T15:06:27+00:00","dateModified":"2024-01-18T15:06:32+00:00","description":"Alforje porta bebida de couro \u00e9 um acess\u00f3rio bastante \u00fatil para os cavaleiros levarem seus pertences e aquela bebida preferida.","breadcrumb":{"@id":"https:\/\/selariarosario.com.br\/atacado\/produto\/alforje-e-porta-bebida-de-couro-sr\/#breadcrumb"},"inLanguage":"pt-BR","potentialAction":[{"@type":"ReadAction","target":["https:\/\/selariarosario.com.br\/atacado\/produto\/alforje-e-porta-bebida-de-couro-sr\/"]}]},{"@type":"BreadcrumbList","@id":"https:\/\/selariarosario.com.br\/atacado\/produto\/alforje-e-porta-bebida-de-couro-sr\/#breadcrumb","itemListElement":[{"@type":"ListItem","position":1,"name":"In\u00edcio","item":"https:\/\/selariarosario.com.br\/atacado\/"},{"@type":"ListItem","position":2,"name":"Produtos","item":"https:\/\/selariarosario.com.br\/atacado\/produtos\/"},{"@type":"ListItem","position":3,"name":"Alforje e porta bebida de couro SR"}]}]}},"_links":{"self":[{"href":"https:\/\/selariarosario.com.br\/atacado\/wp-json\/wp\/v2\/product\/2145"}],"collection":[{"href":"https:\/\/selariarosario.com.br\/atacado\/wp-json\/wp\/v2\/product"}],"about":[{"href":"https:\/\/selariarosario.com.br\/atacado\/wp-json\/wp\/v2\/types\/product"}],"wp:featuredmedia":[{"embeddable":true,"href":"https:\/\/selariarosario.com.br\/atacado\/wp-json\/wp\/v2\/media\/1828"}],"wp:attachment":[{"href":"https:\/\/selariarosario.com.br\/atacado\/wp-json\/wp\/v2\/media?parent=2145"}],"wp:term":[{"taxonomy":"product_cat","embeddable":true,"href":"https:\/\/selariarosario.com.br\/atacado\/wp-json\/wp\/v2\/product_cat?post=2145"},{"taxonomy":"product_tag","embeddable":true,"href":"https:\/\/selariarosario.com.br\/atacado\/wp-json\/wp\/v2\/product_tag?post=2145"}],"curies":[{"name":"wp","href":"https:\/\/api.w.org\/{rel}","templated":true}]}}