{"id":2154,"date":"2024-01-18T12:06:28","date_gmt":"2024-01-18T15:06:28","guid":{"rendered":"https:\/\/selariarosario.com.br\/atacado\/?post_type=product&#038;p=2154"},"modified":"2024-01-18T12:06:34","modified_gmt":"2024-01-18T15:06:34","slug":"sela-top-20-cabeca-lisa-sr","status":"publish","type":"product","link":"https:\/\/selariarosario.com.br\/atacado\/produto\/sela-top-20-cabeca-lisa-sr\/","title":{"rendered":"Sela Top 20 cabe\u00e7a lisa SR"},"content":{"rendered":"<p>SELA TOP20 CABE\u00c7A \u00e9 a escolha ideal para os amantes de equinos que buscam tanto versatilidade, conforto e sobretudo qualidade.Por essa raz\u00e3o a SELA TOP20 CABE\u00c7A \u00e9 Constru\u00edda sobre uma resistente arma\u00e7\u00e3o de fibra ep\u00f3xi, sendo uma companheira confi\u00e1vel tanto no dia a dia de trabalho como em longas viagens e tamb\u00e9m uma variedade de modalidades de esportes equestres.<br \/>\nEssa sela possui um c\u00f4modo diferenciado,pois tem uma a inclina\u00e7\u00e3o perfeita que segue as regras exigidas pelas atividades nas quais atua.Por isso ela \u00e9 fabricado em COURO LEG\u00cdTIMO DE B\u00daFALO, selecionado e tratado. Com ferragens em a\u00e7o inox e os suadores em feltro de l\u00e3.Al\u00e9m do assento alcochoado e super macio com interior em espuma de alta densidade D60, 3cm e 10cm de espessura,o que torna sua montaria mais perfeita e prazerosa.Enfim \u00e9 um  produto fabricado sobre os mais r\u00edgidos padr\u00f5es de qualidade e seguran\u00e7a. <\/p>\n<p>  Composi\u00e7\u00e3o da SELA TOP20 CABE\u00c7A:<\/p>\n<p> &#8211; Arma\u00e7\u00e3o em fibra de vidro  16 polegadas solida e r\u00edgida, muito leve;<br \/>\n &#8211; Couro de b\u00fafalo leg\u00edtimo, tratado e oleado. Pintado artesanalmente com tinta industrial, logo, encerado (N\u00c3O SOLTA TINTA), e tamb\u00e9m<br \/>\n &#8211; Assento em couro abufalado (nobuck) acolchoado com espuma D60. Inclinado garantindo melhor postura e posicionamento do cavaleiro\/amazona durante as atividades;<br \/>\n &#8211; Cabe\u00e7a mineira estrat\u00e9gica que garante melhor posicionamento do cavaleiro\/amazona durante as atividades;<br \/>\n &#8211; Ferragens em a\u00e7o inox (n\u00e3o quebra, n\u00e3o enferruja, nem perde a tonalidade);<br \/>\n &#8211; Costuras artesanais e industriais;<br \/>\n &#8211; Suadores em feltro de l\u00e3<br \/>\n &#8211; Arreamento em couro de b\u00fafalo, forrado com fita de seguran\u00e7a e as ferragens em a\u00e7o inox;<br \/>\n &#8211; Argolas dianteiras para fixa\u00e7\u00e3o de peitoral e tamb\u00e9m nas extremidades traseiras.<\/p>\n<p>    Cores dispon\u00edveis conforme abaixo:<br \/>\n    preto, marrom, caf\u00e9, havana, natural, vinho e outras<br \/>\n    Peso aproximado: 10kg;<br \/>\n    Fabricante: Selaria Ros\u00e1rio;<br \/>\n    Garantia: 2 anos;<\/p>\n","protected":false},"excerpt":{"rendered":"<p>Sela TOP 20, 17 polegadas, confeccionada sobre arma\u00e7\u00e3o de fibra ep\u00f3xi. Revestida em leg\u00edtimo couro de b\u00fafalo . Assento em nobuck acolchoado com espuma de alta densidade. Suadouros de feltro branco,ferragens em inox. Esta sela pode ser usada na maioria das ra\u00e7as.<\/p>\n<p>Op\u00e7\u00f5es de cores:preta,marrom claro,caf\u00e9,havana<\/p>\n","protected":false},"featured_media":1843,"template":"","meta":[],"product_cat":[26,17,86],"product_tag":[],"yoast_head":"<!-- This site is optimized with the Yoast SEO plugin v16.7 - https:\/\/yoast.com\/wordpress\/plugins\/seo\/ -->\n<title>SELA TOP20 CABE\u00c7A<\/title>\n<meta name=\"description\" content=\"SELA TOP20 CABE\u00c7A \u00e9 a escolha ideal para os amantes de equinos que buscam tanto versatilidade, conforto e sobretudo qualidade.\" \/>\n<meta name=\"robots\" content=\"index, follow, max-snippet:-1, max-image-preview:large, max-video-preview:-1\" \/>\n<link rel=\"canonical\" href=\"https:\/\/selariarosario.com.br\/atacado\/produto\/sela-top-20-cabeca-lisa-sr\/\" \/>\n<meta property=\"og:locale\" content=\"pt_BR\" \/>\n<meta property=\"og:type\" content=\"article\" \/>\n<meta property=\"og:title\" content=\"SELA TOP20 CABE\u00c7A\" \/>\n<meta property=\"og:description\" content=\"SELA TOP20 CABE\u00c7A \u00e9 a escolha ideal para os amantes de equinos que buscam tanto versatilidade, conforto e sobretudo qualidade.\" \/>\n<meta property=\"og:url\" content=\"https:\/\/selariarosario.com.br\/atacado\/produto\/sela-top-20-cabeca-lisa-sr\/\" \/>\n<meta property=\"og:site_name\" content=\"Selaria Rosario\" \/>\n<meta property=\"article:modified_time\" content=\"2024-01-18T15:06:34+00:00\" \/>\n<meta name=\"twitter:card\" content=\"summary_large_image\" \/>\n<meta name=\"twitter:label1\" content=\"Est. tempo de leitura\" \/>\n\t<meta name=\"twitter:data1\" content=\"2 minutos\" \/>\n<script type=\"application\/ld+json\" class=\"yoast-schema-graph\">{\"@context\":\"https:\/\/schema.org\",\"@graph\":[{\"@type\":\"WebSite\",\"@id\":\"https:\/\/selariarosario.com.br\/atacado\/#website\",\"url\":\"https:\/\/selariarosario.com.br\/atacado\/\",\"name\":\"Selaria Rosario\",\"description\":\"\",\"potentialAction\":[{\"@type\":\"SearchAction\",\"target\":{\"@type\":\"EntryPoint\",\"urlTemplate\":\"https:\/\/selariarosario.com.br\/atacado\/?s={search_term_string}\"},\"query-input\":\"required name=search_term_string\"}],\"inLanguage\":\"pt-BR\"},{\"@type\":\"ImageObject\",\"@id\":\"https:\/\/selariarosario.com.br\/atacado\/produto\/sela-top-20-cabeca-lisa-sr\/#primaryimage\",\"inLanguage\":\"pt-BR\",\"url\":\"https:\/\/selariarosario.com.br\/atacado\/wp-content\/uploads\/2024\/01\/SELA-TOP-20-CABECA-QUADRADA.jpg\",\"contentUrl\":\"https:\/\/selariarosario.com.br\/atacado\/wp-content\/uploads\/2024\/01\/SELA-TOP-20-CABECA-QUADRADA.jpg\",\"width\":1200,\"height\":1200},{\"@type\":\"WebPage\",\"@id\":\"https:\/\/selariarosario.com.br\/atacado\/produto\/sela-top-20-cabeca-lisa-sr\/#webpage\",\"url\":\"https:\/\/selariarosario.com.br\/atacado\/produto\/sela-top-20-cabeca-lisa-sr\/\",\"name\":\"SELA TOP20 CABE\\u00c7A\",\"isPartOf\":{\"@id\":\"https:\/\/selariarosario.com.br\/atacado\/#website\"},\"primaryImageOfPage\":{\"@id\":\"https:\/\/selariarosario.com.br\/atacado\/produto\/sela-top-20-cabeca-lisa-sr\/#primaryimage\"},\"datePublished\":\"2024-01-18T15:06:28+00:00\",\"dateModified\":\"2024-01-18T15:06:34+00:00\",\"description\":\"SELA TOP20 CABE\\u00c7A \\u00e9 a escolha ideal para os amantes de equinos que buscam tanto versatilidade, conforto e sobretudo qualidade.\",\"breadcrumb\":{\"@id\":\"https:\/\/selariarosario.com.br\/atacado\/produto\/sela-top-20-cabeca-lisa-sr\/#breadcrumb\"},\"inLanguage\":\"pt-BR\",\"potentialAction\":[{\"@type\":\"ReadAction\",\"target\":[\"https:\/\/selariarosario.com.br\/atacado\/produto\/sela-top-20-cabeca-lisa-sr\/\"]}]},{\"@type\":\"BreadcrumbList\",\"@id\":\"https:\/\/selariarosario.com.br\/atacado\/produto\/sela-top-20-cabeca-lisa-sr\/#breadcrumb\",\"itemListElement\":[{\"@type\":\"ListItem\",\"position\":1,\"name\":\"In\\u00edcio\",\"item\":\"https:\/\/selariarosario.com.br\/atacado\/\"},{\"@type\":\"ListItem\",\"position\":2,\"name\":\"Produtos\",\"item\":\"https:\/\/selariarosario.com.br\/atacado\/produtos\/\"},{\"@type\":\"ListItem\",\"position\":3,\"name\":\"Sela Top 20 cabe\\u00e7a lisa SR\"}]}]}<\/script>\n<!-- \/ Yoast SEO plugin. -->","yoast_head_json":{"title":"SELA TOP20 CABE\u00c7A","description":"SELA TOP20 CABE\u00c7A \u00e9 a escolha ideal para os amantes de equinos que buscam tanto versatilidade, conforto e sobretudo qualidade.","robots":{"index":"index","follow":"follow","max-snippet":"max-snippet:-1","max-image-preview":"max-image-preview:large","max-video-preview":"max-video-preview:-1"},"canonical":"https:\/\/selariarosario.com.br\/atacado\/produto\/sela-top-20-cabeca-lisa-sr\/","og_locale":"pt_BR","og_type":"article","og_title":"SELA TOP20 CABE\u00c7A","og_description":"SELA TOP20 CABE\u00c7A \u00e9 a escolha ideal para os amantes de equinos que buscam tanto versatilidade, conforto e sobretudo qualidade.","og_url":"https:\/\/selariarosario.com.br\/atacado\/produto\/sela-top-20-cabeca-lisa-sr\/","og_site_name":"Selaria Rosario","article_modified_time":"2024-01-18T15:06:34+00:00","twitter_card":"summary_large_image","twitter_misc":{"Est. tempo de leitura":"2 minutos"},"schema":{"@context":"https:\/\/schema.org","@graph":[{"@type":"WebSite","@id":"https:\/\/selariarosario.com.br\/atacado\/#website","url":"https:\/\/selariarosario.com.br\/atacado\/","name":"Selaria Rosario","description":"","potentialAction":[{"@type":"SearchAction","target":{"@type":"EntryPoint","urlTemplate":"https:\/\/selariarosario.com.br\/atacado\/?s={search_term_string}"},"query-input":"required name=search_term_string"}],"inLanguage":"pt-BR"},{"@type":"ImageObject","@id":"https:\/\/selariarosario.com.br\/atacado\/produto\/sela-top-20-cabeca-lisa-sr\/#primaryimage","inLanguage":"pt-BR","url":"https:\/\/selariarosario.com.br\/atacado\/wp-content\/uploads\/2024\/01\/SELA-TOP-20-CABECA-QUADRADA.jpg","contentUrl":"https:\/\/selariarosario.com.br\/atacado\/wp-content\/uploads\/2024\/01\/SELA-TOP-20-CABECA-QUADRADA.jpg","width":1200,"height":1200},{"@type":"WebPage","@id":"https:\/\/selariarosario.com.br\/atacado\/produto\/sela-top-20-cabeca-lisa-sr\/#webpage","url":"https:\/\/selariarosario.com.br\/atacado\/produto\/sela-top-20-cabeca-lisa-sr\/","name":"SELA TOP20 CABE\u00c7A","isPartOf":{"@id":"https:\/\/selariarosario.com.br\/atacado\/#website"},"primaryImageOfPage":{"@id":"https:\/\/selariarosario.com.br\/atacado\/produto\/sela-top-20-cabeca-lisa-sr\/#primaryimage"},"datePublished":"2024-01-18T15:06:28+00:00","dateModified":"2024-01-18T15:06:34+00:00","description":"SELA TOP20 CABE\u00c7A \u00e9 a escolha ideal para os amantes de equinos que buscam tanto versatilidade, conforto e sobretudo qualidade.","breadcrumb":{"@id":"https:\/\/selariarosario.com.br\/atacado\/produto\/sela-top-20-cabeca-lisa-sr\/#breadcrumb"},"inLanguage":"pt-BR","potentialAction":[{"@type":"ReadAction","target":["https:\/\/selariarosario.com.br\/atacado\/produto\/sela-top-20-cabeca-lisa-sr\/"]}]},{"@type":"BreadcrumbList","@id":"https:\/\/selariarosario.com.br\/atacado\/produto\/sela-top-20-cabeca-lisa-sr\/#breadcrumb","itemListElement":[{"@type":"ListItem","position":1,"name":"In\u00edcio","item":"https:\/\/selariarosario.com.br\/atacado\/"},{"@type":"ListItem","position":2,"name":"Produtos","item":"https:\/\/selariarosario.com.br\/atacado\/produtos\/"},{"@type":"ListItem","position":3,"name":"Sela Top 20 cabe\u00e7a lisa SR"}]}]}},"_links":{"self":[{"href":"https:\/\/selariarosario.com.br\/atacado\/wp-json\/wp\/v2\/product\/2154"}],"collection":[{"href":"https:\/\/selariarosario.com.br\/atacado\/wp-json\/wp\/v2\/product"}],"about":[{"href":"https:\/\/selariarosario.com.br\/atacado\/wp-json\/wp\/v2\/types\/product"}],"wp:featuredmedia":[{"embeddable":true,"href":"https:\/\/selariarosario.com.br\/atacado\/wp-json\/wp\/v2\/media\/1843"}],"wp:attachment":[{"href":"https:\/\/selariarosario.com.br\/atacado\/wp-json\/wp\/v2\/media?parent=2154"}],"wp:term":[{"taxonomy":"product_cat","embeddable":true,"href":"https:\/\/selariarosario.com.br\/atacado\/wp-json\/wp\/v2\/product_cat?post=2154"},{"taxonomy":"product_tag","embeddable":true,"href":"https:\/\/selariarosario.com.br\/atacado\/wp-json\/wp\/v2\/product_tag?post=2154"}],"curies":[{"name":"wp","href":"https:\/\/api.w.org\/{rel}","templated":true}]}}