{"id":2159,"date":"2024-01-18T12:06:29","date_gmt":"2024-01-18T15:06:29","guid":{"rendered":"https:\/\/selariarosario.com.br\/atacado\/?post_type=product&#038;p=2159"},"modified":"2024-01-18T12:06:39","modified_gmt":"2024-01-18T15:06:39","slug":"sela-americana-havana-sr-2","status":"publish","type":"product","link":"https:\/\/selariarosario.com.br\/atacado\/produto\/sela-americana-havana-sr-2\/","title":{"rendered":"Sela Americana havana SR"},"content":{"rendered":"<p>Sela Americana comum havana, com assento alcochoado, completa, fabricada em leg\u00edtimo couro de b\u00fafalo, selecionado e tratado, proporcionando maior resist\u00eancia e prolongando a vida \u00fatil do produto. Detalhes em entalhes feitos a m\u00e3o na cor preto. Composta de argolas,meias argolas e fivelas em alum\u00ednio, livre de ferrugens. Arma\u00e7\u00e3o em fibra de vidro epox. Assento confeccionado em espuma de alta densidade (D60), alcochoado, revestido em couro vaqueta e suadores em feltro de l\u00e3.<\/p>\n<p>Produto fabricado sobre os mais r\u00edgidos padr\u00f5es de qualidade, com fino acabamento. Produto vers\u00e1til, podendo ser usado na maioria das ra\u00e7as.<\/p>\n<p>Fabricada em leg\u00edtimo couro de b\u00fafalo natural, selecionado e tratado, a Sela Americana com abas oferece uma resist\u00eancia excepcional, garantindo uma vida \u00fatil prolongada mesmo nas condi\u00e7\u00f5es mais exigentes.<\/p>\n<p>A arma\u00e7\u00e3o da sela \u00e9 feita em fibra de vidro epox 16 polegadas, proporcionando assim resist\u00eancia e estabilidade. Confeccionamos o assento em espuma de alta densidade (D60), bordamos e revestimos em couro vaqueta marrom para oferecer o m\u00e1ximo de conforto ao cavaleiro. Al\u00e9m disso, os suadores em feltro de l\u00e3 com 12mm de espessura garantem a absor\u00e7\u00e3o do suor e o bem-estar do cavalo.<br \/>\nSela Americana com abas comum  :Sua Sela Americana verdadeira<br \/>\nNossa equipe fabrica cada unidade da Sela Americana com abas seguindo sobretudo rigorosos padr\u00f5es de qualidade e aplicando um fino acabamento. Sua versatilidade permite o uso em uma ampla variedade de ra\u00e7as, tornando-a uma escolha confi\u00e1vel para qualquer cavaleiro. Se voc\u00ea busca uma sela de alta qualidade, com um visual impressionante e funcionalidade excepcional, a Sela Americana comum \u00e9 a op\u00e7\u00e3o perfeita.<br \/>\nTAMANHO: 16 POLEGADAS<br \/>\nOp\u00e7\u00e3o de cores conforme abaixo:<br \/>\nPreto, natural, havana, caf\u00e9 ,marrom claro, marrom escuro , branca, rosa<br \/>\nPeso: 12 KGS<br \/>\nMarca: ILS<\/p>\n","protected":false},"excerpt":{"rendered":"<p>Sela Americana comum Ros\u00e1rio , com assento alcochoado, completa, fabricada em leg\u00edtimo couro de b\u00fafalo, selecionado e tratado, proporcionando maior resist\u00eancia e prolongando a vida \u00fatil do produto. LISA. Composta de argolas,meias argolas e fivelas em alum\u00ednio, livre de ferrugens. Arma\u00e7\u00e3o em fibra de vidro epox. Assento confeccionado em espuma de alta densidade (D60), alcochoado, revestido em couro vaqueta e suadores em feltro de l\u00e3.<\/p>\n<p>Produto fabricado sobre os mais r\u00edgidos padr\u00f5es de qualidade, com fino acabamento. Produto vers\u00e1til, podendo ser usado na maioria das ra\u00e7as.<\/p>\n","protected":false},"featured_media":2165,"template":"","meta":[],"product_cat":[26,28,17],"product_tag":[],"yoast_head":"<!-- This site is optimized with the Yoast SEO plugin v16.7 - https:\/\/yoast.com\/wordpress\/plugins\/seo\/ -->\n<title>Sela Americana comum havana<\/title>\n<meta name=\"description\" content=\"Sela Americana comum havana \u00e9 um modelo excelente para voc\u00ea que busca uma sela de alta qualidade, com um visual impressionante.\" \/>\n<meta name=\"robots\" content=\"index, follow, max-snippet:-1, max-image-preview:large, max-video-preview:-1\" \/>\n<link rel=\"canonical\" href=\"https:\/\/selariarosario.com.br\/atacado\/produto\/sela-americana-havana-sr-2\/\" \/>\n<meta property=\"og:locale\" content=\"pt_BR\" \/>\n<meta property=\"og:type\" content=\"article\" \/>\n<meta property=\"og:title\" content=\"Sela Americana comum havana\" \/>\n<meta property=\"og:description\" content=\"Sela Americana comum havana \u00e9 um modelo excelente para voc\u00ea que busca uma sela de alta qualidade, com um visual impressionante.\" \/>\n<meta property=\"og:url\" content=\"https:\/\/selariarosario.com.br\/atacado\/produto\/sela-americana-havana-sr-2\/\" \/>\n<meta property=\"og:site_name\" content=\"Selaria Rosario\" \/>\n<meta property=\"article:modified_time\" content=\"2024-01-18T15:06:39+00:00\" \/>\n<meta name=\"twitter:card\" content=\"summary_large_image\" \/>\n<meta name=\"twitter:label1\" content=\"Est. tempo de leitura\" \/>\n\t<meta name=\"twitter:data1\" content=\"2 minutos\" \/>\n<script type=\"application\/ld+json\" class=\"yoast-schema-graph\">{\"@context\":\"https:\/\/schema.org\",\"@graph\":[{\"@type\":\"WebSite\",\"@id\":\"https:\/\/selariarosario.com.br\/atacado\/#website\",\"url\":\"https:\/\/selariarosario.com.br\/atacado\/\",\"name\":\"Selaria Rosario\",\"description\":\"\",\"potentialAction\":[{\"@type\":\"SearchAction\",\"target\":{\"@type\":\"EntryPoint\",\"urlTemplate\":\"https:\/\/selariarosario.com.br\/atacado\/?s={search_term_string}\"},\"query-input\":\"required name=search_term_string\"}],\"inLanguage\":\"pt-BR\"},{\"@type\":\"ImageObject\",\"@id\":\"https:\/\/selariarosario.com.br\/atacado\/produto\/sela-americana-havana-sr-2\/#primaryimage\",\"inLanguage\":\"pt-BR\",\"url\":\"https:\/\/selariarosario.com.br\/atacado\/wp-content\/uploads\/2024\/01\/IMG_1351.jpg\",\"contentUrl\":\"https:\/\/selariarosario.com.br\/atacado\/wp-content\/uploads\/2024\/01\/IMG_1351.jpg\",\"width\":1200,\"height\":1200},{\"@type\":\"WebPage\",\"@id\":\"https:\/\/selariarosario.com.br\/atacado\/produto\/sela-americana-havana-sr-2\/#webpage\",\"url\":\"https:\/\/selariarosario.com.br\/atacado\/produto\/sela-americana-havana-sr-2\/\",\"name\":\"Sela Americana comum havana\",\"isPartOf\":{\"@id\":\"https:\/\/selariarosario.com.br\/atacado\/#website\"},\"primaryImageOfPage\":{\"@id\":\"https:\/\/selariarosario.com.br\/atacado\/produto\/sela-americana-havana-sr-2\/#primaryimage\"},\"datePublished\":\"2024-01-18T15:06:29+00:00\",\"dateModified\":\"2024-01-18T15:06:39+00:00\",\"description\":\"Sela Americana comum havana \\u00e9 um modelo excelente para voc\\u00ea que busca uma sela de alta qualidade, com um visual impressionante.\",\"breadcrumb\":{\"@id\":\"https:\/\/selariarosario.com.br\/atacado\/produto\/sela-americana-havana-sr-2\/#breadcrumb\"},\"inLanguage\":\"pt-BR\",\"potentialAction\":[{\"@type\":\"ReadAction\",\"target\":[\"https:\/\/selariarosario.com.br\/atacado\/produto\/sela-americana-havana-sr-2\/\"]}]},{\"@type\":\"BreadcrumbList\",\"@id\":\"https:\/\/selariarosario.com.br\/atacado\/produto\/sela-americana-havana-sr-2\/#breadcrumb\",\"itemListElement\":[{\"@type\":\"ListItem\",\"position\":1,\"name\":\"In\\u00edcio\",\"item\":\"https:\/\/selariarosario.com.br\/atacado\/\"},{\"@type\":\"ListItem\",\"position\":2,\"name\":\"Produtos\",\"item\":\"https:\/\/selariarosario.com.br\/atacado\/produtos\/\"},{\"@type\":\"ListItem\",\"position\":3,\"name\":\"Sela Americana havana SR\"}]}]}<\/script>\n<!-- \/ Yoast SEO plugin. -->","yoast_head_json":{"title":"Sela Americana comum havana","description":"Sela Americana comum havana \u00e9 um modelo excelente para voc\u00ea que busca uma sela de alta qualidade, com um visual impressionante.","robots":{"index":"index","follow":"follow","max-snippet":"max-snippet:-1","max-image-preview":"max-image-preview:large","max-video-preview":"max-video-preview:-1"},"canonical":"https:\/\/selariarosario.com.br\/atacado\/produto\/sela-americana-havana-sr-2\/","og_locale":"pt_BR","og_type":"article","og_title":"Sela Americana comum havana","og_description":"Sela Americana comum havana \u00e9 um modelo excelente para voc\u00ea que busca uma sela de alta qualidade, com um visual impressionante.","og_url":"https:\/\/selariarosario.com.br\/atacado\/produto\/sela-americana-havana-sr-2\/","og_site_name":"Selaria Rosario","article_modified_time":"2024-01-18T15:06:39+00:00","twitter_card":"summary_large_image","twitter_misc":{"Est. tempo de leitura":"2 minutos"},"schema":{"@context":"https:\/\/schema.org","@graph":[{"@type":"WebSite","@id":"https:\/\/selariarosario.com.br\/atacado\/#website","url":"https:\/\/selariarosario.com.br\/atacado\/","name":"Selaria Rosario","description":"","potentialAction":[{"@type":"SearchAction","target":{"@type":"EntryPoint","urlTemplate":"https:\/\/selariarosario.com.br\/atacado\/?s={search_term_string}"},"query-input":"required name=search_term_string"}],"inLanguage":"pt-BR"},{"@type":"ImageObject","@id":"https:\/\/selariarosario.com.br\/atacado\/produto\/sela-americana-havana-sr-2\/#primaryimage","inLanguage":"pt-BR","url":"https:\/\/selariarosario.com.br\/atacado\/wp-content\/uploads\/2024\/01\/IMG_1351.jpg","contentUrl":"https:\/\/selariarosario.com.br\/atacado\/wp-content\/uploads\/2024\/01\/IMG_1351.jpg","width":1200,"height":1200},{"@type":"WebPage","@id":"https:\/\/selariarosario.com.br\/atacado\/produto\/sela-americana-havana-sr-2\/#webpage","url":"https:\/\/selariarosario.com.br\/atacado\/produto\/sela-americana-havana-sr-2\/","name":"Sela Americana comum havana","isPartOf":{"@id":"https:\/\/selariarosario.com.br\/atacado\/#website"},"primaryImageOfPage":{"@id":"https:\/\/selariarosario.com.br\/atacado\/produto\/sela-americana-havana-sr-2\/#primaryimage"},"datePublished":"2024-01-18T15:06:29+00:00","dateModified":"2024-01-18T15:06:39+00:00","description":"Sela Americana comum havana \u00e9 um modelo excelente para voc\u00ea que busca uma sela de alta qualidade, com um visual impressionante.","breadcrumb":{"@id":"https:\/\/selariarosario.com.br\/atacado\/produto\/sela-americana-havana-sr-2\/#breadcrumb"},"inLanguage":"pt-BR","potentialAction":[{"@type":"ReadAction","target":["https:\/\/selariarosario.com.br\/atacado\/produto\/sela-americana-havana-sr-2\/"]}]},{"@type":"BreadcrumbList","@id":"https:\/\/selariarosario.com.br\/atacado\/produto\/sela-americana-havana-sr-2\/#breadcrumb","itemListElement":[{"@type":"ListItem","position":1,"name":"In\u00edcio","item":"https:\/\/selariarosario.com.br\/atacado\/"},{"@type":"ListItem","position":2,"name":"Produtos","item":"https:\/\/selariarosario.com.br\/atacado\/produtos\/"},{"@type":"ListItem","position":3,"name":"Sela Americana havana SR"}]}]}},"_links":{"self":[{"href":"https:\/\/selariarosario.com.br\/atacado\/wp-json\/wp\/v2\/product\/2159"}],"collection":[{"href":"https:\/\/selariarosario.com.br\/atacado\/wp-json\/wp\/v2\/product"}],"about":[{"href":"https:\/\/selariarosario.com.br\/atacado\/wp-json\/wp\/v2\/types\/product"}],"wp:featuredmedia":[{"embeddable":true,"href":"https:\/\/selariarosario.com.br\/atacado\/wp-json\/wp\/v2\/media\/2165"}],"wp:attachment":[{"href":"https:\/\/selariarosario.com.br\/atacado\/wp-json\/wp\/v2\/media?parent=2159"}],"wp:term":[{"taxonomy":"product_cat","embeddable":true,"href":"https:\/\/selariarosario.com.br\/atacado\/wp-json\/wp\/v2\/product_cat?post=2159"},{"taxonomy":"product_tag","embeddable":true,"href":"https:\/\/selariarosario.com.br\/atacado\/wp-json\/wp\/v2\/product_tag?post=2159"}],"curies":[{"name":"wp","href":"https:\/\/api.w.org\/{rel}","templated":true}]}}