{"id":2190,"date":"2024-01-18T12:06:44","date_gmt":"2024-01-18T15:06:44","guid":{"rendered":"https:\/\/selariarosario.com.br\/atacado\/?post_type=product&#038;p=2190"},"modified":"2024-01-18T12:07:51","modified_gmt":"2024-01-18T15:07:51","slug":"arreio-completo-de-charrete-rosario","status":"publish","type":"product","link":"https:\/\/selariarosario.com.br\/atacado\/produto\/arreio-completo-de-charrete-rosario\/","title":{"rendered":"Arreio completo de charrete Ros\u00e1rio"},"content":{"rendered":"<p>Arreio completo de charrete Ros\u00e1rio \u00e9 bastante vers\u00e1til tanto para o trabalho quanto\u00a0 passeio. A charrete \u00e9 o meio de transporte mais antigo do mundo e persiste na era do autom\u00f3vel.<\/p>\n<div>\n<div class=\"dnXCYb\" tabindex=\"0\" role=\"button\" aria-controls=\"_pwSKZJOUKubf1sQP_7yU2A8_36\" aria-expanded=\"true\" data-hveid=\"CDkQAQ\">\n<div class=\"JlqpRe\">\n<p>Produzido em arma\u00e7\u00e3o de ferro inervada com couro cru\u00a0 e com leg\u00edtimo couro de b\u00fafalo natural. As ferragens s\u00e3o em metal amarelo ou branco.<\/p>\n<h3>A hist\u00f3ria da charrete<\/h3>\n<p>A charrete \u00e9 meio de transporte que utiliza tanto a a\u00e7\u00e3o humana como animal, a fim de carregar mercadorias ou outros\u00a0 tipos de cargas. Sua cria\u00e7\u00e3o se deu em meados dos anos 4.000 a.C. na regi\u00e3o da Finl\u00e2ndia \u2013 norte da Europa \u2013 e tamb\u00e9m em regi\u00f5es do Oriente neste mesmo per\u00edodo.<\/p>\n<p>O nome charrete\u00a0 se liga ao termo carruagem, e est\u00e1 diretamente\u00a0 ao transporte de pessoas. Enquanto o termo carro\u00e7a \u00e9\u00a0 para transportar as cargas no meio rural.<\/p>\n<p>A grande evolu\u00e7\u00e3o no ramo do transporte aconteceu pela inven\u00e7\u00e3o da roda nos anos 3000 a.C; que, por conseguinte, foi capaz de estruturar as charretes. Deste modo, o\u00a0<a href=\"https:\/\/agro20.com.br\/a-granel\/\">transporte de cargas rurais<\/a> facilitou bastante e se tornou mais r\u00e1pido. Al\u00e9m disso, fortaleceu o mercado econ\u00f4mico, em raz\u00e3o da alta na produtividade em raz\u00e3o de contar com maneiras de transportar mercadorias de forma \u00e1gil.<\/p>\n<p>Uma curiosidade sobre o meio de locomo\u00e7\u00e3o \u00e9 que algumas charretes eram utilizadas como \u201ccarros de combate\u201d. Nas regi\u00f5es da Mesopot\u00e2mia, Babil\u00f4nia e S\u00edria,\u00a0 desenvolveram charretes voltadas tanto para o campo pac\u00edfico (a\u00e7\u00f5es di\u00e1rias), como para o b\u00e9lico (guerras). Deste modo, as rodas das carro\u00e7as eram feitas de aros para que fossem mais velozes e dur\u00e1veis.<\/p>\n<\/div>\n<\/div>\n<\/div>\n<p>Itens Inclusos:<\/p>\n<p>um Selote,<br \/>\numa recuadeira com rabicho;<br \/>\n1 Peitoral;<br \/>\n1 Par de tirante;<br \/>\nTapa-olho;<br \/>\numa Cilha;<br \/>\n1 pr de lorinho;<br \/>\numa r\u00e9dea com biqueira.<\/p>\n<p>Peso: 15 kgs<\/p>\n","protected":false},"excerpt":{"rendered":"<p>A<\/p>\n<p>Arreio completo de charrete Ros\u00e1rio \u00e9 bastante vers\u00e1til tanto para o trabalho quanto\u00a0 passeio. A charrete \u00e9 o meio de transporte mais antigo do mundo e persiste na era do autom\u00f3vel<\/p>\n<div>\n<div class=\"dnXCYb\" tabindex=\"0\" role=\"button\" aria-controls=\"_pwSKZJOUKubf1sQP_7yU2A8_36\" aria-expanded=\"true\" data-hveid=\"CDkQAQ\">\n<div class=\"JlqpRe\">\n<p>Produzido em arma\u00e7\u00e3o de ferro inervada com couro cru\u00a0 e com leg\u00edtimo couro de b\u00fafalo natural. As ferragens s\u00e3o em metal amarelo ou branco.<\/p>\n<\/div>\n<\/div>\n<\/div>\n<p>Itens Inclusos:<\/p>\n<p>um Selote,<br \/>\numa recuadeira com rabicho;<br \/>\n1 Peitoral;<br \/>\n1 Par de tirante;<br \/>\nTapa-olho;<br \/>\numa Cilha;<br \/>\n1 pr de lorinho;<br \/>\numa r\u00e9dea com biqueira.<\/p>\n<p>Peso: 15 kgs<\/p>\n","protected":false},"featured_media":2279,"template":"","meta":[],"product_cat":[35,52,51],"product_tag":[],"yoast_head":"<!-- This site is optimized with the Yoast SEO plugin v16.7 - https:\/\/yoast.com\/wordpress\/plugins\/seo\/ -->\n<title>Arreio completo de charrete Ros\u00e1rio-<\/title>\n<meta name=\"description\" content=\"Arreio completo de charrete Ros\u00e1rio \u00e9 bastante vers\u00e1til tanto para o trabalho quanto nos momentos de lazer. Oferece conforto para seu cavalo\" \/>\n<meta name=\"robots\" content=\"index, follow, max-snippet:-1, max-image-preview:large, max-video-preview:-1\" \/>\n<link rel=\"canonical\" href=\"https:\/\/selariarosario.com.br\/atacado\/produto\/arreio-completo-de-charrete-rosario\/\" \/>\n<meta property=\"og:locale\" content=\"pt_BR\" \/>\n<meta property=\"og:type\" content=\"article\" \/>\n<meta property=\"og:title\" content=\"Arreio completo de charrete Ros\u00e1rio-\" \/>\n<meta property=\"og:description\" content=\"Arreio completo de charrete Ros\u00e1rio \u00e9 bastante vers\u00e1til tanto para o trabalho quanto nos momentos de lazer. Oferece conforto para seu cavalo\" \/>\n<meta property=\"og:url\" content=\"https:\/\/selariarosario.com.br\/atacado\/produto\/arreio-completo-de-charrete-rosario\/\" \/>\n<meta property=\"og:site_name\" content=\"Selaria Rosario\" \/>\n<meta property=\"article:modified_time\" content=\"2024-01-18T15:07:51+00:00\" \/>\n<meta name=\"twitter:card\" content=\"summary_large_image\" \/>\n<meta name=\"twitter:label1\" content=\"Est. tempo de leitura\" \/>\n\t<meta name=\"twitter:data1\" content=\"2 minutos\" \/>\n<script type=\"application\/ld+json\" class=\"yoast-schema-graph\">{\"@context\":\"https:\/\/schema.org\",\"@graph\":[{\"@type\":\"WebSite\",\"@id\":\"https:\/\/selariarosario.com.br\/atacado\/#website\",\"url\":\"https:\/\/selariarosario.com.br\/atacado\/\",\"name\":\"Selaria Rosario\",\"description\":\"\",\"potentialAction\":[{\"@type\":\"SearchAction\",\"target\":{\"@type\":\"EntryPoint\",\"urlTemplate\":\"https:\/\/selariarosario.com.br\/atacado\/?s={search_term_string}\"},\"query-input\":\"required name=search_term_string\"}],\"inLanguage\":\"pt-BR\"},{\"@type\":\"ImageObject\",\"@id\":\"https:\/\/selariarosario.com.br\/atacado\/produto\/arreio-completo-de-charrete-rosario\/#primaryimage\",\"inLanguage\":\"pt-BR\",\"url\":\"https:\/\/selariarosario.com.br\/atacado\/wp-content\/uploads\/2024\/01\/ARREIO_P_CHARRETE_COMPLETO.jpg\",\"contentUrl\":\"https:\/\/selariarosario.com.br\/atacado\/wp-content\/uploads\/2024\/01\/ARREIO_P_CHARRETE_COMPLETO.jpg\",\"width\":1200,\"height\":1200},{\"@type\":\"WebPage\",\"@id\":\"https:\/\/selariarosario.com.br\/atacado\/produto\/arreio-completo-de-charrete-rosario\/#webpage\",\"url\":\"https:\/\/selariarosario.com.br\/atacado\/produto\/arreio-completo-de-charrete-rosario\/\",\"name\":\"Arreio completo de charrete Ros\\u00e1rio-\",\"isPartOf\":{\"@id\":\"https:\/\/selariarosario.com.br\/atacado\/#website\"},\"primaryImageOfPage\":{\"@id\":\"https:\/\/selariarosario.com.br\/atacado\/produto\/arreio-completo-de-charrete-rosario\/#primaryimage\"},\"datePublished\":\"2024-01-18T15:06:44+00:00\",\"dateModified\":\"2024-01-18T15:07:51+00:00\",\"description\":\"Arreio completo de charrete Ros\\u00e1rio \\u00e9 bastante vers\\u00e1til tanto para o trabalho quanto nos momentos de lazer. Oferece conforto para seu cavalo\",\"breadcrumb\":{\"@id\":\"https:\/\/selariarosario.com.br\/atacado\/produto\/arreio-completo-de-charrete-rosario\/#breadcrumb\"},\"inLanguage\":\"pt-BR\",\"potentialAction\":[{\"@type\":\"ReadAction\",\"target\":[\"https:\/\/selariarosario.com.br\/atacado\/produto\/arreio-completo-de-charrete-rosario\/\"]}]},{\"@type\":\"BreadcrumbList\",\"@id\":\"https:\/\/selariarosario.com.br\/atacado\/produto\/arreio-completo-de-charrete-rosario\/#breadcrumb\",\"itemListElement\":[{\"@type\":\"ListItem\",\"position\":1,\"name\":\"In\\u00edcio\",\"item\":\"https:\/\/selariarosario.com.br\/atacado\/\"},{\"@type\":\"ListItem\",\"position\":2,\"name\":\"Produtos\",\"item\":\"https:\/\/selariarosario.com.br\/atacado\/produtos\/\"},{\"@type\":\"ListItem\",\"position\":3,\"name\":\"Arreio completo de charrete Ros\\u00e1rio\"}]}]}<\/script>\n<!-- \/ Yoast SEO plugin. -->","yoast_head_json":{"title":"Arreio completo de charrete Ros\u00e1rio-","description":"Arreio completo de charrete Ros\u00e1rio \u00e9 bastante vers\u00e1til tanto para o trabalho quanto nos momentos de lazer. Oferece conforto para seu cavalo","robots":{"index":"index","follow":"follow","max-snippet":"max-snippet:-1","max-image-preview":"max-image-preview:large","max-video-preview":"max-video-preview:-1"},"canonical":"https:\/\/selariarosario.com.br\/atacado\/produto\/arreio-completo-de-charrete-rosario\/","og_locale":"pt_BR","og_type":"article","og_title":"Arreio completo de charrete Ros\u00e1rio-","og_description":"Arreio completo de charrete Ros\u00e1rio \u00e9 bastante vers\u00e1til tanto para o trabalho quanto nos momentos de lazer. Oferece conforto para seu cavalo","og_url":"https:\/\/selariarosario.com.br\/atacado\/produto\/arreio-completo-de-charrete-rosario\/","og_site_name":"Selaria Rosario","article_modified_time":"2024-01-18T15:07:51+00:00","twitter_card":"summary_large_image","twitter_misc":{"Est. tempo de leitura":"2 minutos"},"schema":{"@context":"https:\/\/schema.org","@graph":[{"@type":"WebSite","@id":"https:\/\/selariarosario.com.br\/atacado\/#website","url":"https:\/\/selariarosario.com.br\/atacado\/","name":"Selaria Rosario","description":"","potentialAction":[{"@type":"SearchAction","target":{"@type":"EntryPoint","urlTemplate":"https:\/\/selariarosario.com.br\/atacado\/?s={search_term_string}"},"query-input":"required name=search_term_string"}],"inLanguage":"pt-BR"},{"@type":"ImageObject","@id":"https:\/\/selariarosario.com.br\/atacado\/produto\/arreio-completo-de-charrete-rosario\/#primaryimage","inLanguage":"pt-BR","url":"https:\/\/selariarosario.com.br\/atacado\/wp-content\/uploads\/2024\/01\/ARREIO_P_CHARRETE_COMPLETO.jpg","contentUrl":"https:\/\/selariarosario.com.br\/atacado\/wp-content\/uploads\/2024\/01\/ARREIO_P_CHARRETE_COMPLETO.jpg","width":1200,"height":1200},{"@type":"WebPage","@id":"https:\/\/selariarosario.com.br\/atacado\/produto\/arreio-completo-de-charrete-rosario\/#webpage","url":"https:\/\/selariarosario.com.br\/atacado\/produto\/arreio-completo-de-charrete-rosario\/","name":"Arreio completo de charrete Ros\u00e1rio-","isPartOf":{"@id":"https:\/\/selariarosario.com.br\/atacado\/#website"},"primaryImageOfPage":{"@id":"https:\/\/selariarosario.com.br\/atacado\/produto\/arreio-completo-de-charrete-rosario\/#primaryimage"},"datePublished":"2024-01-18T15:06:44+00:00","dateModified":"2024-01-18T15:07:51+00:00","description":"Arreio completo de charrete Ros\u00e1rio \u00e9 bastante vers\u00e1til tanto para o trabalho quanto nos momentos de lazer. Oferece conforto para seu cavalo","breadcrumb":{"@id":"https:\/\/selariarosario.com.br\/atacado\/produto\/arreio-completo-de-charrete-rosario\/#breadcrumb"},"inLanguage":"pt-BR","potentialAction":[{"@type":"ReadAction","target":["https:\/\/selariarosario.com.br\/atacado\/produto\/arreio-completo-de-charrete-rosario\/"]}]},{"@type":"BreadcrumbList","@id":"https:\/\/selariarosario.com.br\/atacado\/produto\/arreio-completo-de-charrete-rosario\/#breadcrumb","itemListElement":[{"@type":"ListItem","position":1,"name":"In\u00edcio","item":"https:\/\/selariarosario.com.br\/atacado\/"},{"@type":"ListItem","position":2,"name":"Produtos","item":"https:\/\/selariarosario.com.br\/atacado\/produtos\/"},{"@type":"ListItem","position":3,"name":"Arreio completo de charrete Ros\u00e1rio"}]}]}},"_links":{"self":[{"href":"https:\/\/selariarosario.com.br\/atacado\/wp-json\/wp\/v2\/product\/2190"}],"collection":[{"href":"https:\/\/selariarosario.com.br\/atacado\/wp-json\/wp\/v2\/product"}],"about":[{"href":"https:\/\/selariarosario.com.br\/atacado\/wp-json\/wp\/v2\/types\/product"}],"wp:featuredmedia":[{"embeddable":true,"href":"https:\/\/selariarosario.com.br\/atacado\/wp-json\/wp\/v2\/media\/2279"}],"wp:attachment":[{"href":"https:\/\/selariarosario.com.br\/atacado\/wp-json\/wp\/v2\/media?parent=2190"}],"wp:term":[{"taxonomy":"product_cat","embeddable":true,"href":"https:\/\/selariarosario.com.br\/atacado\/wp-json\/wp\/v2\/product_cat?post=2190"},{"taxonomy":"product_tag","embeddable":true,"href":"https:\/\/selariarosario.com.br\/atacado\/wp-json\/wp\/v2\/product_tag?post=2190"}],"curies":[{"name":"wp","href":"https:\/\/api.w.org\/{rel}","templated":true}]}}