{"id":2222,"date":"2024-01-18T12:07:08","date_gmt":"2024-01-18T15:07:08","guid":{"rendered":"https:\/\/selariarosario.com.br\/atacado\/?post_type=product&#038;p=2222"},"modified":"2024-01-18T12:08:07","modified_gmt":"2024-01-18T15:08:07","slug":"sela-top-10-de-arco-trancado-aluminio-sr","status":"publish","type":"product","link":"https:\/\/selariarosario.com.br\/atacado\/produto\/sela-top-10-de-arco-trancado-aluminio-sr\/","title":{"rendered":"Sela Top 10 de arco tran\u00e7ado aluminio SR"},"content":{"rendered":"<p>SELA TOP10 MARROM ALUMINIO \u00e9 a escolha ideal para os amantes de equinos que buscam versatilidade, conforto e sobretudo qualidade. Por essa raz\u00e3o a sela Top10 \u00e9 constru\u00edda sobre uma resistente arma\u00e7\u00e3o de fibra\u00a0 que traz leveza para seu animal ,bem como revestido em couro leg\u00edtimo de b\u00fafalo pintado em marrom e rebaixado que garante uma maior durabilidade . O\u00a0 assento da mesma \u00e9 em NOBUCK\u00a0 alcochoado e com espuma de alta densidade que o torna bem resistente e macio ; assim como tamb\u00e9m, os suadores s\u00e3o em feltro que evita pisaduras no animal. As\u00a0 ferragens s\u00e3o em alum\u00ednio. Enfim a SELA TOP10 ALUMINIO \u00e9 bastante vers\u00e1til tanto para\u00a0 passeios, cavalgadas e ou trabalho.<\/p>\n<p>PODE USAR EM QUALQUER RA\u00c7A, possui regulagens em seu arreamento.<\/p>\n<p>Composi\u00e7\u00e3o da sela Top 10 alum\u00ednio arco tran\u00e7ado:<\/p>\n<p>&#8211; Arma\u00e7\u00e3o em fibra de vidro 16 polegadas solida e r\u00edgida, muito leve;<br \/>\n&#8211; Couro de b\u00fafalo leg\u00edtimo, tratado e oleado, logo pintado artesanalmente com tinta industrial, logo, encerado (N\u00c3O SOLTA TINTA), e tamb\u00e9m<br \/>\n&#8211; Assento em couro\u00a0 (nobuck) acolchoado com espuma D60. Inclinado garantindo melhor postura e posicionamento do cavaleiro\/amazona durante as atividades;<br \/>\n&#8211; Ferragens em alum\u00ednio<br \/>\n&#8211; Costuras artesanais e industriais;<br \/>\n&#8211; Suadores em feltro de l\u00e3<br \/>\n&#8211; Arreamento em couro de b\u00fafalo, forrado com fita de seguran\u00e7a e as ferragens em alum\u00ednio;<br \/>\n&#8211; Argolas dianteiras para fixa\u00e7\u00e3o de peitoral e tamb\u00e9m nas extremidades traseiras.<\/p>\n<p>Itens que acompanham a SELA TOP10 MARROM ALUMINIO conforme:<br \/>\n&#8211; 1 Par de Paralamas em couro leg\u00edtimo<br \/>\n&#8211; um\u00a0 Par de Loro em couro leg\u00edtimo<br \/>\n&#8211; Estribos de alum\u00ednio revestido de couro leg\u00edtimo<br \/>\n&#8211; 1 Par de L\u00e1tegos (apertadeiras)\u00a0 e um de Contra l\u00e1tegos em couro leg\u00edtimo<br \/>\n&#8211; barrigueira e cilha de l\u00e3 ou polipropileno<\/p>\n<p>Cores dispon\u00edveis conforme abaixo:<br \/>\npreta, marrom, caf\u00e9, havana, natural, vinho e outras<br \/>\nPeso aproximado: 10kg;<br \/>\nFabricante: Selaria Ros\u00e1rio;<br \/>\nGarantia: 2 anos;<\/p>\n","protected":false},"excerpt":{"rendered":"<p><strong>A Sela-top-10-arco-trancado-SR<\/strong> \u00e9 produzida em arma\u00e7\u00e3o de fibra\u00a0 que traz leveza para seu animal ,bem como revestido em couro leg\u00edtimo de b\u00fafalo pintado em marrom e rebaixado que garante uma maior durabilidade . O\u00a0 assento da mesma \u00e9 em NOBUCK\u00a0 alcochoado e com espuma de alta densidade que o torna bem resistente\u00a0 e\u00a0 macio ;assim como tamb\u00e9m, os suadores s\u00e3o em feltro que evita pisaduras no animal. As\u00a0 ferragens s\u00e3o em alum\u00ednio. Enfim \u00e9 bastante vers\u00e1til tanto para\u00a0 passeios, cavalgadas e ou trabalho.<\/p>\n<p><strong>PODE USAR EM QUALQUER RA\u00c7A<\/strong>, possui regulagens em seu arreamento.<\/p>\n<p>Op\u00e7\u00f5es de cores: preta ,natural, rosa, caf\u00e9, vinho, havana<\/p>\n<p>Op\u00e7\u00f5es de ferragens: inox<\/p>\n<p>Itens que acompanham a sela<\/p>\n<p>&#8211; 1 Par de Paralamas em couro leg\u00edtimo<br \/>\n&#8211; um\u00a0 Par de Loro em couro leg\u00edtimo<br \/>\n&#8211; Estribos de alum\u00ednio revestido de couro leg\u00edtimo<br \/>\n&#8211; 1 Par de L\u00e1tegos (apertadeiras)\u00a0 e um de Contra l\u00e1tegos em couro leg\u00edtimo<br \/>\n&#8211; barrigueira e cilha de l\u00e3 ou polipropileno<br \/>\nPeso aproximado : 10 Kgs<\/p>\n<h2><\/h2>\n<p>&nbsp;<\/p>\n","protected":false},"featured_media":2297,"template":"","meta":[],"product_cat":[26,17,29],"product_tag":[],"yoast_head":"<!-- This site is optimized with the Yoast SEO plugin v16.7 - https:\/\/yoast.com\/wordpress\/plugins\/seo\/ -->\n<title>SELA TOP10 MARROM ALUMINIO<\/title>\n<meta name=\"description\" content=\"SELA TOP10 MARROM ALUMINIO \u00e9 a escolha ideal para os amantes de equinos que buscam tanto versatilidade, conforto e sobretudo qualidade\" \/>\n<meta name=\"robots\" content=\"index, follow, max-snippet:-1, max-image-preview:large, max-video-preview:-1\" \/>\n<link rel=\"canonical\" href=\"https:\/\/selariarosario.com.br\/atacado\/produto\/sela-top-10-de-arco-trancado-aluminio-sr\/\" \/>\n<meta property=\"og:locale\" content=\"pt_BR\" \/>\n<meta property=\"og:type\" content=\"article\" \/>\n<meta property=\"og:title\" content=\"SELA TOP10 MARROM ALUMINIO\" \/>\n<meta property=\"og:description\" content=\"SELA TOP10 MARROM ALUMINIO \u00e9 a escolha ideal para os amantes de equinos que buscam tanto versatilidade, conforto e sobretudo qualidade\" \/>\n<meta property=\"og:url\" content=\"https:\/\/selariarosario.com.br\/atacado\/produto\/sela-top-10-de-arco-trancado-aluminio-sr\/\" \/>\n<meta property=\"og:site_name\" content=\"Selaria Rosario\" \/>\n<meta property=\"article:modified_time\" content=\"2024-01-18T15:08:07+00:00\" \/>\n<meta name=\"twitter:card\" content=\"summary_large_image\" \/>\n<meta name=\"twitter:label1\" content=\"Est. tempo de leitura\" \/>\n\t<meta name=\"twitter:data1\" content=\"2 minutos\" \/>\n<script type=\"application\/ld+json\" class=\"yoast-schema-graph\">{\"@context\":\"https:\/\/schema.org\",\"@graph\":[{\"@type\":\"WebSite\",\"@id\":\"https:\/\/selariarosario.com.br\/atacado\/#website\",\"url\":\"https:\/\/selariarosario.com.br\/atacado\/\",\"name\":\"Selaria Rosario\",\"description\":\"\",\"potentialAction\":[{\"@type\":\"SearchAction\",\"target\":{\"@type\":\"EntryPoint\",\"urlTemplate\":\"https:\/\/selariarosario.com.br\/atacado\/?s={search_term_string}\"},\"query-input\":\"required name=search_term_string\"}],\"inLanguage\":\"pt-BR\"},{\"@type\":\"ImageObject\",\"@id\":\"https:\/\/selariarosario.com.br\/atacado\/produto\/sela-top-10-de-arco-trancado-aluminio-sr\/#primaryimage\",\"inLanguage\":\"pt-BR\",\"url\":\"https:\/\/selariarosario.com.br\/atacado\/wp-content\/uploads\/2024\/01\/sela-top-10-arco-trancado-5.jpg\",\"contentUrl\":\"https:\/\/selariarosario.com.br\/atacado\/wp-content\/uploads\/2024\/01\/sela-top-10-arco-trancado-5.jpg\",\"width\":1200,\"height\":1200},{\"@type\":\"WebPage\",\"@id\":\"https:\/\/selariarosario.com.br\/atacado\/produto\/sela-top-10-de-arco-trancado-aluminio-sr\/#webpage\",\"url\":\"https:\/\/selariarosario.com.br\/atacado\/produto\/sela-top-10-de-arco-trancado-aluminio-sr\/\",\"name\":\"SELA TOP10 MARROM ALUMINIO\",\"isPartOf\":{\"@id\":\"https:\/\/selariarosario.com.br\/atacado\/#website\"},\"primaryImageOfPage\":{\"@id\":\"https:\/\/selariarosario.com.br\/atacado\/produto\/sela-top-10-de-arco-trancado-aluminio-sr\/#primaryimage\"},\"datePublished\":\"2024-01-18T15:07:08+00:00\",\"dateModified\":\"2024-01-18T15:08:07+00:00\",\"description\":\"SELA TOP10 MARROM ALUMINIO \\u00e9 a escolha ideal para os amantes de equinos que buscam tanto versatilidade, conforto e sobretudo qualidade\",\"breadcrumb\":{\"@id\":\"https:\/\/selariarosario.com.br\/atacado\/produto\/sela-top-10-de-arco-trancado-aluminio-sr\/#breadcrumb\"},\"inLanguage\":\"pt-BR\",\"potentialAction\":[{\"@type\":\"ReadAction\",\"target\":[\"https:\/\/selariarosario.com.br\/atacado\/produto\/sela-top-10-de-arco-trancado-aluminio-sr\/\"]}]},{\"@type\":\"BreadcrumbList\",\"@id\":\"https:\/\/selariarosario.com.br\/atacado\/produto\/sela-top-10-de-arco-trancado-aluminio-sr\/#breadcrumb\",\"itemListElement\":[{\"@type\":\"ListItem\",\"position\":1,\"name\":\"In\\u00edcio\",\"item\":\"https:\/\/selariarosario.com.br\/atacado\/\"},{\"@type\":\"ListItem\",\"position\":2,\"name\":\"Produtos\",\"item\":\"https:\/\/selariarosario.com.br\/atacado\/produtos\/\"},{\"@type\":\"ListItem\",\"position\":3,\"name\":\"Sela Top 10 de arco tran\\u00e7ado aluminio SR\"}]}]}<\/script>\n<!-- \/ Yoast SEO plugin. -->","yoast_head_json":{"title":"SELA TOP10 MARROM ALUMINIO","description":"SELA TOP10 MARROM ALUMINIO \u00e9 a escolha ideal para os amantes de equinos que buscam tanto versatilidade, conforto e sobretudo qualidade","robots":{"index":"index","follow":"follow","max-snippet":"max-snippet:-1","max-image-preview":"max-image-preview:large","max-video-preview":"max-video-preview:-1"},"canonical":"https:\/\/selariarosario.com.br\/atacado\/produto\/sela-top-10-de-arco-trancado-aluminio-sr\/","og_locale":"pt_BR","og_type":"article","og_title":"SELA TOP10 MARROM ALUMINIO","og_description":"SELA TOP10 MARROM ALUMINIO \u00e9 a escolha ideal para os amantes de equinos que buscam tanto versatilidade, conforto e sobretudo qualidade","og_url":"https:\/\/selariarosario.com.br\/atacado\/produto\/sela-top-10-de-arco-trancado-aluminio-sr\/","og_site_name":"Selaria Rosario","article_modified_time":"2024-01-18T15:08:07+00:00","twitter_card":"summary_large_image","twitter_misc":{"Est. tempo de leitura":"2 minutos"},"schema":{"@context":"https:\/\/schema.org","@graph":[{"@type":"WebSite","@id":"https:\/\/selariarosario.com.br\/atacado\/#website","url":"https:\/\/selariarosario.com.br\/atacado\/","name":"Selaria Rosario","description":"","potentialAction":[{"@type":"SearchAction","target":{"@type":"EntryPoint","urlTemplate":"https:\/\/selariarosario.com.br\/atacado\/?s={search_term_string}"},"query-input":"required name=search_term_string"}],"inLanguage":"pt-BR"},{"@type":"ImageObject","@id":"https:\/\/selariarosario.com.br\/atacado\/produto\/sela-top-10-de-arco-trancado-aluminio-sr\/#primaryimage","inLanguage":"pt-BR","url":"https:\/\/selariarosario.com.br\/atacado\/wp-content\/uploads\/2024\/01\/sela-top-10-arco-trancado-5.jpg","contentUrl":"https:\/\/selariarosario.com.br\/atacado\/wp-content\/uploads\/2024\/01\/sela-top-10-arco-trancado-5.jpg","width":1200,"height":1200},{"@type":"WebPage","@id":"https:\/\/selariarosario.com.br\/atacado\/produto\/sela-top-10-de-arco-trancado-aluminio-sr\/#webpage","url":"https:\/\/selariarosario.com.br\/atacado\/produto\/sela-top-10-de-arco-trancado-aluminio-sr\/","name":"SELA TOP10 MARROM ALUMINIO","isPartOf":{"@id":"https:\/\/selariarosario.com.br\/atacado\/#website"},"primaryImageOfPage":{"@id":"https:\/\/selariarosario.com.br\/atacado\/produto\/sela-top-10-de-arco-trancado-aluminio-sr\/#primaryimage"},"datePublished":"2024-01-18T15:07:08+00:00","dateModified":"2024-01-18T15:08:07+00:00","description":"SELA TOP10 MARROM ALUMINIO \u00e9 a escolha ideal para os amantes de equinos que buscam tanto versatilidade, conforto e sobretudo qualidade","breadcrumb":{"@id":"https:\/\/selariarosario.com.br\/atacado\/produto\/sela-top-10-de-arco-trancado-aluminio-sr\/#breadcrumb"},"inLanguage":"pt-BR","potentialAction":[{"@type":"ReadAction","target":["https:\/\/selariarosario.com.br\/atacado\/produto\/sela-top-10-de-arco-trancado-aluminio-sr\/"]}]},{"@type":"BreadcrumbList","@id":"https:\/\/selariarosario.com.br\/atacado\/produto\/sela-top-10-de-arco-trancado-aluminio-sr\/#breadcrumb","itemListElement":[{"@type":"ListItem","position":1,"name":"In\u00edcio","item":"https:\/\/selariarosario.com.br\/atacado\/"},{"@type":"ListItem","position":2,"name":"Produtos","item":"https:\/\/selariarosario.com.br\/atacado\/produtos\/"},{"@type":"ListItem","position":3,"name":"Sela Top 10 de arco tran\u00e7ado aluminio SR"}]}]}},"_links":{"self":[{"href":"https:\/\/selariarosario.com.br\/atacado\/wp-json\/wp\/v2\/product\/2222"}],"collection":[{"href":"https:\/\/selariarosario.com.br\/atacado\/wp-json\/wp\/v2\/product"}],"about":[{"href":"https:\/\/selariarosario.com.br\/atacado\/wp-json\/wp\/v2\/types\/product"}],"wp:featuredmedia":[{"embeddable":true,"href":"https:\/\/selariarosario.com.br\/atacado\/wp-json\/wp\/v2\/media\/2297"}],"wp:attachment":[{"href":"https:\/\/selariarosario.com.br\/atacado\/wp-json\/wp\/v2\/media?parent=2222"}],"wp:term":[{"taxonomy":"product_cat","embeddable":true,"href":"https:\/\/selariarosario.com.br\/atacado\/wp-json\/wp\/v2\/product_cat?post=2222"},{"taxonomy":"product_tag","embeddable":true,"href":"https:\/\/selariarosario.com.br\/atacado\/wp-json\/wp\/v2\/product_tag?post=2222"}],"curies":[{"name":"wp","href":"https:\/\/api.w.org\/{rel}","templated":true}]}}